{"id":6293,"date":"2016-07-28T17:45:02","date_gmt":"2016-07-28T17:45:02","guid":{"rendered":"https:\/\/www.lymphoma.ca\/le-lymphome\/la-llc\/le-diagnostic\/staging\/staging-cll\/"},"modified":"2020-04-27T22:07:13","modified_gmt":"2020-04-27T22:07:13","slug":"stade-de-la-llc","status":"publish","type":"page","link":"https:\/\/www.lymphoma.ca\/fr\/le-lymphome\/la-llc\/le-diagnostic\/la-stadification\/stade-de-la-llc\/","title":{"rendered":"stade de la LLC"},"content":{"rendered":"<h2>Classification de Rai<\/h2>\n<p>La plupart des m\u00e9decins en Am\u00e9rique du Nord utilisent ce qu\u2019on appelle la \u00ab classification de Rai \u00bb pour \u00e9tablir le stade de la LLC, soit dans sa version classique ou modifi\u00e9e. Il existe un autre syst\u00e8me de classification par stade utilis\u00e9 en Europe, la \u00ab classification de Binet \u00bb. Ces deux syst\u00e8mes servent \u00e0 classer la LLC et \u00e0 attribuer des cat\u00e9gories de risques selon certains facteurs, tels que :<\/p>\n<ul>\n<li>y le nombre de lymphocytes trouv\u00e9s dans le sang;<\/li>\n<li>y l\u2019augmentation du volume des ganglions lymphatiques, du foie et de<br \/>\nla rate;<\/li>\n<li>y le nombre de plaquettes trouv\u00e9es dans le sang;<\/li>\n<li>y le nombre de globules rouges trouv\u00e9s dans le sang.<\/li>\n<\/ul>\n<p><img loading=\"lazy\" decoding=\"async\" class=\"wp-image-6978 size-large\" src=\"https:\/\/www.lymphoma.ca\/wp-content\/uploads\/2020\/04\/Rai-Staging-FR-525x1024.png\" alt=\"classification de Rai \" width=\"525\" height=\"1024\" srcset=\"https:\/\/www.lymphoma.ca\/wp-content\/uploads\/2020\/04\/Rai-Staging-FR-525x1024.png 525w, https:\/\/www.lymphoma.ca\/wp-content\/uploads\/2020\/04\/Rai-Staging-FR-154x300.png 154w, https:\/\/www.lymphoma.ca\/wp-content\/uploads\/2020\/04\/Rai-Staging-FR-768x1499.png 768w, https:\/\/www.lymphoma.ca\/wp-content\/uploads\/2020\/04\/Rai-Staging-FR-787x1536.png 787w, https:\/\/www.lymphoma.ca\/wp-content\/uploads\/2020\/04\/Rai-Staging-FR-1049x2048.png 1049w\" sizes=\"auto, (max-width: 525px) 100vw, 525px\" \/><\/p>\n<p><strong>* Le nombre de lymphocytes est consid\u00e9r\u00e9 comme \u00e9lev\u00e9 lorsqu\u2019on est en pr\u00e9sence de plus de 15 000 lymphocytes par millim\u00e8tre cube (&gt; 15 000\/mm3).<\/strong><\/p>\n<p><em>\u00a0<\/em><\/p>\n","protected":false},"excerpt":{"rendered":"<p>Classification de Rai La plupart des m\u00e9decins en Am\u00e9rique du Nord utilisent ce qu\u2019on appelle la \u00ab classification de Rai \u00bb pour \u00e9tablir le stade de la LLC, soit dans&#8230;<\/p>\n","protected":false},"author":1,"featured_media":0,"parent":6289,"menu_order":0,"comment_status":"closed","ping_status":"closed","template":"page-sidebar.php","meta":{"_acf_changed":false,"footnotes":""},"categories":[],"tags":[],"class_list":["post-6293","page","type-page","status-publish"],"acf":[],"yoast_head":"<!-- This site is optimized with the Yoast SEO plugin v26.7 - https:\/\/yoast.com\/wordpress\/plugins\/seo\/ -->\n<title>stade de la LLC - Lymphoma Canada<\/title>\n<meta name=\"robots\" content=\"index, follow, max-snippet:-1, max-image-preview:large, max-video-preview:-1\" \/>\n<link rel=\"canonical\" href=\"https:\/\/www.lymphoma.ca\/fr\/le-lymphome\/la-llc\/le-diagnostic\/la-stadification\/stade-de-la-llc\/\" \/>\n<meta property=\"og:locale\" content=\"fr_FR\" \/>\n<meta property=\"og:type\" content=\"article\" \/>\n<meta property=\"og:title\" content=\"stade de la LLC - Lymphoma Canada\" \/>\n<meta property=\"og:description\" content=\"Classification de Rai La plupart des m\u00e9decins en Am\u00e9rique du Nord utilisent ce qu\u2019on appelle la \u00ab classification de Rai \u00bb pour \u00e9tablir le stade de la LLC, soit dans...\" \/>\n<meta property=\"og:url\" content=\"https:\/\/www.lymphoma.ca\/fr\/le-lymphome\/la-llc\/le-diagnostic\/la-stadification\/stade-de-la-llc\/\" \/>\n<meta property=\"og:site_name\" content=\"Lymphoma Canada\" \/>\n<meta property=\"article:publisher\" content=\"https:\/\/www.facebook.com\/LymphomaCanada\" \/>\n<meta property=\"article:modified_time\" content=\"2020-04-27T22:07:13+00:00\" \/>\n<meta property=\"og:image\" content=\"https:\/\/www.lymphoma.ca\/wp-content\/uploads\/2020\/04\/Rai-Staging-FR.png\" \/>\n\t<meta property=\"og:image:width\" content=\"4159\" \/>\n\t<meta property=\"og:image:height\" content=\"8118\" \/>\n\t<meta property=\"og:image:type\" content=\"image\/png\" \/>\n<meta name=\"twitter:card\" content=\"summary_large_image\" \/>\n<meta name=\"twitter:site\" content=\"@lymphomacanada\" \/>\n<meta name=\"twitter:label1\" content=\"Dur\u00e9e de lecture estim\u00e9e\" \/>\n\t<meta name=\"twitter:data1\" content=\"1 minute\" \/>\n<script type=\"application\/ld+json\" class=\"yoast-schema-graph\">{\"@context\":\"https:\/\/schema.org\",\"@graph\":[{\"@type\":\"WebPage\",\"@id\":\"https:\/\/www.lymphoma.ca\/fr\/le-lymphome\/la-llc\/le-diagnostic\/la-stadification\/stade-de-la-llc\/\",\"url\":\"https:\/\/www.lymphoma.ca\/fr\/le-lymphome\/la-llc\/le-diagnostic\/la-stadification\/stade-de-la-llc\/\",\"name\":\"stade de la LLC - Lymphoma Canada\",\"isPartOf\":{\"@id\":\"https:\/\/www.lymphoma.ca\/fr\/#website\"},\"primaryImageOfPage\":{\"@id\":\"https:\/\/www.lymphoma.ca\/fr\/le-lymphome\/la-llc\/le-diagnostic\/la-stadification\/stade-de-la-llc\/#primaryimage\"},\"image\":{\"@id\":\"https:\/\/www.lymphoma.ca\/fr\/le-lymphome\/la-llc\/le-diagnostic\/la-stadification\/stade-de-la-llc\/#primaryimage\"},\"thumbnailUrl\":\"https:\/\/www.lymphoma.ca\/wp-content\/uploads\/2020\/04\/Rai-Staging-FR-525x1024.png\",\"datePublished\":\"2016-07-28T17:45:02+00:00\",\"dateModified\":\"2020-04-27T22:07:13+00:00\",\"breadcrumb\":{\"@id\":\"https:\/\/www.lymphoma.ca\/fr\/le-lymphome\/la-llc\/le-diagnostic\/la-stadification\/stade-de-la-llc\/#breadcrumb\"},\"inLanguage\":\"fr-FR\",\"potentialAction\":[{\"@type\":\"ReadAction\",\"target\":[\"https:\/\/www.lymphoma.ca\/fr\/le-lymphome\/la-llc\/le-diagnostic\/la-stadification\/stade-de-la-llc\/\"]}]},{\"@type\":\"ImageObject\",\"inLanguage\":\"fr-FR\",\"@id\":\"https:\/\/www.lymphoma.ca\/fr\/le-lymphome\/la-llc\/le-diagnostic\/la-stadification\/stade-de-la-llc\/#primaryimage\",\"url\":\"https:\/\/www.lymphoma.ca\/wp-content\/uploads\/2020\/04\/Rai-Staging-FR-525x1024.png\",\"contentUrl\":\"https:\/\/www.lymphoma.ca\/wp-content\/uploads\/2020\/04\/Rai-Staging-FR-525x1024.png\"},{\"@type\":\"BreadcrumbList\",\"@id\":\"https:\/\/www.lymphoma.ca\/fr\/le-lymphome\/la-llc\/le-diagnostic\/la-stadification\/stade-de-la-llc\/#breadcrumb\",\"itemListElement\":[{\"@type\":\"ListItem\",\"position\":1,\"name\":\"Home\",\"item\":\"https:\/\/www.lymphoma.ca\/fr\/\"},{\"@type\":\"ListItem\",\"position\":2,\"name\":\"Lymphome\",\"item\":\"https:\/\/www.lymphoma.ca\/fr\/le-lymphome\/\"},{\"@type\":\"ListItem\",\"position\":3,\"name\":\"LLC et du LPL\",\"item\":\"https:\/\/www.lymphoma.ca\/fr\/le-lymphome\/la-llc\/\"},{\"@type\":\"ListItem\",\"position\":4,\"name\":\"Le Diagnostic\",\"item\":\"https:\/\/www.lymphoma.ca\/fr\/le-lymphome\/la-llc\/le-diagnostic\/\"},{\"@type\":\"ListItem\",\"position\":5,\"name\":\"La stadification\",\"item\":\"https:\/\/www.lymphoma.ca\/fr\/le-lymphome\/la-llc\/le-diagnostic\/la-stadification\/\"},{\"@type\":\"ListItem\",\"position\":6,\"name\":\"stade de la LLC\"}]},{\"@type\":\"WebSite\",\"@id\":\"https:\/\/www.lymphoma.ca\/fr\/#website\",\"url\":\"https:\/\/www.lymphoma.ca\/fr\/\",\"name\":\"Lymphoma Canada\",\"description\":\"Information. Help. Hope.\",\"publisher\":{\"@id\":\"https:\/\/www.lymphoma.ca\/fr\/#organization\"},\"potentialAction\":[{\"@type\":\"SearchAction\",\"target\":{\"@type\":\"EntryPoint\",\"urlTemplate\":\"https:\/\/www.lymphoma.ca\/fr\/?s={search_term_string}\"},\"query-input\":{\"@type\":\"PropertyValueSpecification\",\"valueRequired\":true,\"valueName\":\"search_term_string\"}}],\"inLanguage\":\"fr-FR\"},{\"@type\":\"Organization\",\"@id\":\"https:\/\/www.lymphoma.ca\/fr\/#organization\",\"name\":\"Lymphoma Canada\",\"url\":\"https:\/\/www.lymphoma.ca\/fr\/\",\"logo\":{\"@type\":\"ImageObject\",\"inLanguage\":\"fr-FR\",\"@id\":\"https:\/\/www.lymphoma.ca\/fr\/#\/schema\/logo\/image\/\",\"url\":\"https:\/\/www.lymphoma.ca\/wp-content\/uploads\/2023\/05\/logo-lymphoma.jpg\",\"contentUrl\":\"https:\/\/www.lymphoma.ca\/wp-content\/uploads\/2023\/05\/logo-lymphoma.jpg\",\"width\":343,\"height\":343,\"caption\":\"Lymphoma Canada\"},\"image\":{\"@id\":\"https:\/\/www.lymphoma.ca\/fr\/#\/schema\/logo\/image\/\"},\"sameAs\":[\"https:\/\/www.facebook.com\/LymphomaCanada\",\"https:\/\/x.com\/lymphomacanada\",\"https:\/\/www.linkedin.com\/company\/lymphoma-canada\/\",\"http:\/\/instagram.com\/lymphomacanada\",\"http:\/\/www.youtube.com\/user\/LymphomaTV\"]}]}<\/script>\n<!-- \/ Yoast SEO plugin. -->","yoast_head_json":{"title":"stade de la LLC - Lymphoma Canada","robots":{"index":"index","follow":"follow","max-snippet":"max-snippet:-1","max-image-preview":"max-image-preview:large","max-video-preview":"max-video-preview:-1"},"canonical":"https:\/\/www.lymphoma.ca\/fr\/le-lymphome\/la-llc\/le-diagnostic\/la-stadification\/stade-de-la-llc\/","og_locale":"fr_FR","og_type":"article","og_title":"stade de la LLC - Lymphoma Canada","og_description":"Classification de Rai La plupart des m\u00e9decins en Am\u00e9rique du Nord utilisent ce qu\u2019on appelle la \u00ab classification de Rai \u00bb pour \u00e9tablir le stade de la LLC, soit dans...","og_url":"https:\/\/www.lymphoma.ca\/fr\/le-lymphome\/la-llc\/le-diagnostic\/la-stadification\/stade-de-la-llc\/","og_site_name":"Lymphoma Canada","article_publisher":"https:\/\/www.facebook.com\/LymphomaCanada","article_modified_time":"2020-04-27T22:07:13+00:00","og_image":[{"width":4159,"height":8118,"url":"https:\/\/www.lymphoma.ca\/wp-content\/uploads\/2020\/04\/Rai-Staging-FR.png","type":"image\/png"}],"twitter_card":"summary_large_image","twitter_site":"@lymphomacanada","twitter_misc":{"Dur\u00e9e de lecture estim\u00e9e":"1 minute"},"schema":{"@context":"https:\/\/schema.org","@graph":[{"@type":"WebPage","@id":"https:\/\/www.lymphoma.ca\/fr\/le-lymphome\/la-llc\/le-diagnostic\/la-stadification\/stade-de-la-llc\/","url":"https:\/\/www.lymphoma.ca\/fr\/le-lymphome\/la-llc\/le-diagnostic\/la-stadification\/stade-de-la-llc\/","name":"stade de la LLC - Lymphoma Canada","isPartOf":{"@id":"https:\/\/www.lymphoma.ca\/fr\/#website"},"primaryImageOfPage":{"@id":"https:\/\/www.lymphoma.ca\/fr\/le-lymphome\/la-llc\/le-diagnostic\/la-stadification\/stade-de-la-llc\/#primaryimage"},"image":{"@id":"https:\/\/www.lymphoma.ca\/fr\/le-lymphome\/la-llc\/le-diagnostic\/la-stadification\/stade-de-la-llc\/#primaryimage"},"thumbnailUrl":"https:\/\/www.lymphoma.ca\/wp-content\/uploads\/2020\/04\/Rai-Staging-FR-525x1024.png","datePublished":"2016-07-28T17:45:02+00:00","dateModified":"2020-04-27T22:07:13+00:00","breadcrumb":{"@id":"https:\/\/www.lymphoma.ca\/fr\/le-lymphome\/la-llc\/le-diagnostic\/la-stadification\/stade-de-la-llc\/#breadcrumb"},"inLanguage":"fr-FR","potentialAction":[{"@type":"ReadAction","target":["https:\/\/www.lymphoma.ca\/fr\/le-lymphome\/la-llc\/le-diagnostic\/la-stadification\/stade-de-la-llc\/"]}]},{"@type":"ImageObject","inLanguage":"fr-FR","@id":"https:\/\/www.lymphoma.ca\/fr\/le-lymphome\/la-llc\/le-diagnostic\/la-stadification\/stade-de-la-llc\/#primaryimage","url":"https:\/\/www.lymphoma.ca\/wp-content\/uploads\/2020\/04\/Rai-Staging-FR-525x1024.png","contentUrl":"https:\/\/www.lymphoma.ca\/wp-content\/uploads\/2020\/04\/Rai-Staging-FR-525x1024.png"},{"@type":"BreadcrumbList","@id":"https:\/\/www.lymphoma.ca\/fr\/le-lymphome\/la-llc\/le-diagnostic\/la-stadification\/stade-de-la-llc\/#breadcrumb","itemListElement":[{"@type":"ListItem","position":1,"name":"Home","item":"https:\/\/www.lymphoma.ca\/fr\/"},{"@type":"ListItem","position":2,"name":"Lymphome","item":"https:\/\/www.lymphoma.ca\/fr\/le-lymphome\/"},{"@type":"ListItem","position":3,"name":"LLC et du LPL","item":"https:\/\/www.lymphoma.ca\/fr\/le-lymphome\/la-llc\/"},{"@type":"ListItem","position":4,"name":"Le Diagnostic","item":"https:\/\/www.lymphoma.ca\/fr\/le-lymphome\/la-llc\/le-diagnostic\/"},{"@type":"ListItem","position":5,"name":"La stadification","item":"https:\/\/www.lymphoma.ca\/fr\/le-lymphome\/la-llc\/le-diagnostic\/la-stadification\/"},{"@type":"ListItem","position":6,"name":"stade de la LLC"}]},{"@type":"WebSite","@id":"https:\/\/www.lymphoma.ca\/fr\/#website","url":"https:\/\/www.lymphoma.ca\/fr\/","name":"Lymphoma Canada","description":"Information. Help. Hope.","publisher":{"@id":"https:\/\/www.lymphoma.ca\/fr\/#organization"},"potentialAction":[{"@type":"SearchAction","target":{"@type":"EntryPoint","urlTemplate":"https:\/\/www.lymphoma.ca\/fr\/?s={search_term_string}"},"query-input":{"@type":"PropertyValueSpecification","valueRequired":true,"valueName":"search_term_string"}}],"inLanguage":"fr-FR"},{"@type":"Organization","@id":"https:\/\/www.lymphoma.ca\/fr\/#organization","name":"Lymphoma Canada","url":"https:\/\/www.lymphoma.ca\/fr\/","logo":{"@type":"ImageObject","inLanguage":"fr-FR","@id":"https:\/\/www.lymphoma.ca\/fr\/#\/schema\/logo\/image\/","url":"https:\/\/www.lymphoma.ca\/wp-content\/uploads\/2023\/05\/logo-lymphoma.jpg","contentUrl":"https:\/\/www.lymphoma.ca\/wp-content\/uploads\/2023\/05\/logo-lymphoma.jpg","width":343,"height":343,"caption":"Lymphoma Canada"},"image":{"@id":"https:\/\/www.lymphoma.ca\/fr\/#\/schema\/logo\/image\/"},"sameAs":["https:\/\/www.facebook.com\/LymphomaCanada","https:\/\/x.com\/lymphomacanada","https:\/\/www.linkedin.com\/company\/lymphoma-canada\/","http:\/\/instagram.com\/lymphomacanada","http:\/\/www.youtube.com\/user\/LymphomaTV"]}]}},"_links":{"self":[{"href":"https:\/\/www.lymphoma.ca\/fr\/wp-json\/wp\/v2\/pages\/6293","targetHints":{"allow":["GET"]}}],"collection":[{"href":"https:\/\/www.lymphoma.ca\/fr\/wp-json\/wp\/v2\/pages"}],"about":[{"href":"https:\/\/www.lymphoma.ca\/fr\/wp-json\/wp\/v2\/types\/page"}],"author":[{"embeddable":true,"href":"https:\/\/www.lymphoma.ca\/fr\/wp-json\/wp\/v2\/users\/1"}],"replies":[{"embeddable":true,"href":"https:\/\/www.lymphoma.ca\/fr\/wp-json\/wp\/v2\/comments?post=6293"}],"version-history":[{"count":7,"href":"https:\/\/www.lymphoma.ca\/fr\/wp-json\/wp\/v2\/pages\/6293\/revisions"}],"predecessor-version":[{"id":6989,"href":"https:\/\/www.lymphoma.ca\/fr\/wp-json\/wp\/v2\/pages\/6293\/revisions\/6989"}],"up":[{"embeddable":true,"href":"https:\/\/www.lymphoma.ca\/fr\/wp-json\/wp\/v2\/pages\/6289"}],"wp:attachment":[{"href":"https:\/\/www.lymphoma.ca\/fr\/wp-json\/wp\/v2\/media?parent=6293"}],"wp:term":[{"taxonomy":"category","embeddable":true,"href":"https:\/\/www.lymphoma.ca\/fr\/wp-json\/wp\/v2\/categories?post=6293"},{"taxonomy":"post_tag","embeddable":true,"href":"https:\/\/www.lymphoma.ca\/fr\/wp-json\/wp\/v2\/tags?post=6293"}],"curies":[{"name":"wp","href":"https:\/\/api.w.org\/{rel}","templated":true}]}}