{"id":6297,"date":"2017-06-28T19:11:32","date_gmt":"2017-06-28T19:11:32","guid":{"rendered":"https:\/\/www.lymphoma.ca\/le-lymphome\/la-llc\/les-traitements\/overview-of-cll-treatment-options\/"},"modified":"2020-04-27T23:20:12","modified_gmt":"2020-04-27T23:20:12","slug":"comment-traitera-t-on-ma-llc","status":"publish","type":"page","link":"https:\/\/www.lymphoma.ca\/fr\/le-lymphome\/la-llc\/les-traitements\/comment-traitera-t-on-ma-llc\/","title":{"rendered":"Comment traitera-t-on ma LLC?"},"content":{"rendered":"<p>Le tableau \u00e0 la page suivante fournit un aper\u00e7u des options de traitement et des r\u00e9sultats potentiels li\u00e9s \u00e0 la LLC. La s\u00e9quence de traitements contre la LLC est importante car, dans certains cas, votre premier traitement pourrait influer sur le prochain (le cas \u00e9ch\u00e9ant).<\/p>\n<p>Parlez \u00e0 votre m\u00e9decin des prochaines \u00e9tapes de votre th\u00e9rapie. Vous souhaitez savoir quels pourraient \u00eatre vos futurs traitements et en discuter avec votre m\u00e9decin, et ce, au tout d\u00e9but de votre cheminement th\u00e9rapeutique.<\/p>\n<p><img loading=\"lazy\" decoding=\"async\" class=\"wp-image-6997 size-full\" src=\"https:\/\/www.lymphoma.ca\/wp-content\/uploads\/2020\/04\/Treatment-Option-Chart-FR.png\" alt=\"How Will my CLL be Treated\" width=\"455\" height=\"528\" srcset=\"https:\/\/www.lymphoma.ca\/wp-content\/uploads\/2020\/04\/Treatment-Option-Chart-FR.png 455w, https:\/\/www.lymphoma.ca\/wp-content\/uploads\/2020\/04\/Treatment-Option-Chart-FR-259x300.png 259w\" sizes=\"auto, (max-width: 455px) 100vw, 455px\" \/><\/p>\n<p>&nbsp;<\/p>\n","protected":false},"excerpt":{"rendered":"<p>Le tableau \u00e0 la page suivante fournit un aper\u00e7u des options de traitement et des r\u00e9sultats potentiels li\u00e9s \u00e0 la LLC. La s\u00e9quence de traitements contre la LLC est importante&#8230;<\/p>\n","protected":false},"author":1,"featured_media":0,"parent":919,"menu_order":7,"comment_status":"closed","ping_status":"closed","template":"page-sidebar.php","meta":{"_acf_changed":false,"footnotes":""},"categories":[],"tags":[],"class_list":["post-6297","page","type-page","status-publish"],"acf":[],"yoast_head":"<!-- This site is optimized with the Yoast SEO plugin v26.7 - https:\/\/yoast.com\/wordpress\/plugins\/seo\/ -->\n<title>Comment traitera-t-on ma LLC? - Lymphoma Canada<\/title>\n<meta name=\"robots\" content=\"index, follow, max-snippet:-1, max-image-preview:large, max-video-preview:-1\" \/>\n<link rel=\"canonical\" href=\"https:\/\/www.lymphoma.ca\/fr\/le-lymphome\/la-llc\/les-traitements\/comment-traitera-t-on-ma-llc\/\" \/>\n<meta property=\"og:locale\" content=\"fr_FR\" \/>\n<meta property=\"og:type\" content=\"article\" \/>\n<meta property=\"og:title\" content=\"Comment traitera-t-on ma LLC? - Lymphoma Canada\" \/>\n<meta property=\"og:description\" content=\"Le tableau \u00e0 la page suivante fournit un aper\u00e7u des options de traitement et des r\u00e9sultats potentiels li\u00e9s \u00e0 la LLC. La s\u00e9quence de traitements contre la LLC est importante...\" \/>\n<meta property=\"og:url\" content=\"https:\/\/www.lymphoma.ca\/fr\/le-lymphome\/la-llc\/les-traitements\/comment-traitera-t-on-ma-llc\/\" \/>\n<meta property=\"og:site_name\" content=\"Lymphoma Canada\" \/>\n<meta property=\"article:publisher\" content=\"https:\/\/www.facebook.com\/LymphomaCanada\" \/>\n<meta property=\"article:modified_time\" content=\"2020-04-27T23:20:12+00:00\" \/>\n<meta property=\"og:image\" content=\"https:\/\/www.lymphoma.ca\/wp-content\/uploads\/2020\/04\/Treatment-Option-Chart-FR.png\" \/>\n\t<meta property=\"og:image:width\" content=\"455\" \/>\n\t<meta property=\"og:image:height\" content=\"528\" \/>\n\t<meta property=\"og:image:type\" content=\"image\/png\" \/>\n<meta name=\"twitter:card\" content=\"summary_large_image\" \/>\n<meta name=\"twitter:site\" content=\"@lymphomacanada\" \/>\n<script type=\"application\/ld+json\" class=\"yoast-schema-graph\">{\"@context\":\"https:\/\/schema.org\",\"@graph\":[{\"@type\":\"WebPage\",\"@id\":\"https:\/\/www.lymphoma.ca\/fr\/le-lymphome\/la-llc\/les-traitements\/comment-traitera-t-on-ma-llc\/\",\"url\":\"https:\/\/www.lymphoma.ca\/fr\/le-lymphome\/la-llc\/les-traitements\/comment-traitera-t-on-ma-llc\/\",\"name\":\"Comment traitera-t-on ma LLC? - Lymphoma Canada\",\"isPartOf\":{\"@id\":\"https:\/\/www.lymphoma.ca\/fr\/#website\"},\"primaryImageOfPage\":{\"@id\":\"https:\/\/www.lymphoma.ca\/fr\/le-lymphome\/la-llc\/les-traitements\/comment-traitera-t-on-ma-llc\/#primaryimage\"},\"image\":{\"@id\":\"https:\/\/www.lymphoma.ca\/fr\/le-lymphome\/la-llc\/les-traitements\/comment-traitera-t-on-ma-llc\/#primaryimage\"},\"thumbnailUrl\":\"https:\/\/www.lymphoma.ca\/wp-content\/uploads\/2020\/04\/Treatment-Option-Chart-FR.png\",\"datePublished\":\"2017-06-28T19:11:32+00:00\",\"dateModified\":\"2020-04-27T23:20:12+00:00\",\"breadcrumb\":{\"@id\":\"https:\/\/www.lymphoma.ca\/fr\/le-lymphome\/la-llc\/les-traitements\/comment-traitera-t-on-ma-llc\/#breadcrumb\"},\"inLanguage\":\"fr-FR\",\"potentialAction\":[{\"@type\":\"ReadAction\",\"target\":[\"https:\/\/www.lymphoma.ca\/fr\/le-lymphome\/la-llc\/les-traitements\/comment-traitera-t-on-ma-llc\/\"]}]},{\"@type\":\"ImageObject\",\"inLanguage\":\"fr-FR\",\"@id\":\"https:\/\/www.lymphoma.ca\/fr\/le-lymphome\/la-llc\/les-traitements\/comment-traitera-t-on-ma-llc\/#primaryimage\",\"url\":\"https:\/\/www.lymphoma.ca\/wp-content\/uploads\/2020\/04\/Treatment-Option-Chart-FR.png\",\"contentUrl\":\"https:\/\/www.lymphoma.ca\/wp-content\/uploads\/2020\/04\/Treatment-Option-Chart-FR.png\"},{\"@type\":\"BreadcrumbList\",\"@id\":\"https:\/\/www.lymphoma.ca\/fr\/le-lymphome\/la-llc\/les-traitements\/comment-traitera-t-on-ma-llc\/#breadcrumb\",\"itemListElement\":[{\"@type\":\"ListItem\",\"position\":1,\"name\":\"Home\",\"item\":\"https:\/\/www.lymphoma.ca\/fr\/\"},{\"@type\":\"ListItem\",\"position\":2,\"name\":\"Lymphome\",\"item\":\"https:\/\/www.lymphoma.ca\/fr\/le-lymphome\/\"},{\"@type\":\"ListItem\",\"position\":3,\"name\":\"LLC et du LPL\",\"item\":\"https:\/\/www.lymphoma.ca\/fr\/le-lymphome\/la-llc\/\"},{\"@type\":\"ListItem\",\"position\":4,\"name\":\"Les Traitements\",\"item\":\"https:\/\/www.lymphoma.ca\/fr\/le-lymphome\/la-llc\/les-traitements\/\"},{\"@type\":\"ListItem\",\"position\":5,\"name\":\"Comment traitera-t-on ma LLC?\"}]},{\"@type\":\"WebSite\",\"@id\":\"https:\/\/www.lymphoma.ca\/fr\/#website\",\"url\":\"https:\/\/www.lymphoma.ca\/fr\/\",\"name\":\"Lymphoma Canada\",\"description\":\"Information. Help. Hope.\",\"publisher\":{\"@id\":\"https:\/\/www.lymphoma.ca\/fr\/#organization\"},\"potentialAction\":[{\"@type\":\"SearchAction\",\"target\":{\"@type\":\"EntryPoint\",\"urlTemplate\":\"https:\/\/www.lymphoma.ca\/fr\/?s={search_term_string}\"},\"query-input\":{\"@type\":\"PropertyValueSpecification\",\"valueRequired\":true,\"valueName\":\"search_term_string\"}}],\"inLanguage\":\"fr-FR\"},{\"@type\":\"Organization\",\"@id\":\"https:\/\/www.lymphoma.ca\/fr\/#organization\",\"name\":\"Lymphoma Canada\",\"url\":\"https:\/\/www.lymphoma.ca\/fr\/\",\"logo\":{\"@type\":\"ImageObject\",\"inLanguage\":\"fr-FR\",\"@id\":\"https:\/\/www.lymphoma.ca\/fr\/#\/schema\/logo\/image\/\",\"url\":\"https:\/\/www.lymphoma.ca\/wp-content\/uploads\/2023\/05\/logo-lymphoma.jpg\",\"contentUrl\":\"https:\/\/www.lymphoma.ca\/wp-content\/uploads\/2023\/05\/logo-lymphoma.jpg\",\"width\":343,\"height\":343,\"caption\":\"Lymphoma Canada\"},\"image\":{\"@id\":\"https:\/\/www.lymphoma.ca\/fr\/#\/schema\/logo\/image\/\"},\"sameAs\":[\"https:\/\/www.facebook.com\/LymphomaCanada\",\"https:\/\/x.com\/lymphomacanada\",\"https:\/\/www.linkedin.com\/company\/lymphoma-canada\/\",\"http:\/\/instagram.com\/lymphomacanada\",\"http:\/\/www.youtube.com\/user\/LymphomaTV\"]}]}<\/script>\n<!-- \/ Yoast SEO plugin. -->","yoast_head_json":{"title":"Comment traitera-t-on ma LLC? - Lymphoma Canada","robots":{"index":"index","follow":"follow","max-snippet":"max-snippet:-1","max-image-preview":"max-image-preview:large","max-video-preview":"max-video-preview:-1"},"canonical":"https:\/\/www.lymphoma.ca\/fr\/le-lymphome\/la-llc\/les-traitements\/comment-traitera-t-on-ma-llc\/","og_locale":"fr_FR","og_type":"article","og_title":"Comment traitera-t-on ma LLC? - Lymphoma Canada","og_description":"Le tableau \u00e0 la page suivante fournit un aper\u00e7u des options de traitement et des r\u00e9sultats potentiels li\u00e9s \u00e0 la LLC. La s\u00e9quence de traitements contre la LLC est importante...","og_url":"https:\/\/www.lymphoma.ca\/fr\/le-lymphome\/la-llc\/les-traitements\/comment-traitera-t-on-ma-llc\/","og_site_name":"Lymphoma Canada","article_publisher":"https:\/\/www.facebook.com\/LymphomaCanada","article_modified_time":"2020-04-27T23:20:12+00:00","og_image":[{"width":455,"height":528,"url":"https:\/\/www.lymphoma.ca\/wp-content\/uploads\/2020\/04\/Treatment-Option-Chart-FR.png","type":"image\/png"}],"twitter_card":"summary_large_image","twitter_site":"@lymphomacanada","schema":{"@context":"https:\/\/schema.org","@graph":[{"@type":"WebPage","@id":"https:\/\/www.lymphoma.ca\/fr\/le-lymphome\/la-llc\/les-traitements\/comment-traitera-t-on-ma-llc\/","url":"https:\/\/www.lymphoma.ca\/fr\/le-lymphome\/la-llc\/les-traitements\/comment-traitera-t-on-ma-llc\/","name":"Comment traitera-t-on ma LLC? - Lymphoma Canada","isPartOf":{"@id":"https:\/\/www.lymphoma.ca\/fr\/#website"},"primaryImageOfPage":{"@id":"https:\/\/www.lymphoma.ca\/fr\/le-lymphome\/la-llc\/les-traitements\/comment-traitera-t-on-ma-llc\/#primaryimage"},"image":{"@id":"https:\/\/www.lymphoma.ca\/fr\/le-lymphome\/la-llc\/les-traitements\/comment-traitera-t-on-ma-llc\/#primaryimage"},"thumbnailUrl":"https:\/\/www.lymphoma.ca\/wp-content\/uploads\/2020\/04\/Treatment-Option-Chart-FR.png","datePublished":"2017-06-28T19:11:32+00:00","dateModified":"2020-04-27T23:20:12+00:00","breadcrumb":{"@id":"https:\/\/www.lymphoma.ca\/fr\/le-lymphome\/la-llc\/les-traitements\/comment-traitera-t-on-ma-llc\/#breadcrumb"},"inLanguage":"fr-FR","potentialAction":[{"@type":"ReadAction","target":["https:\/\/www.lymphoma.ca\/fr\/le-lymphome\/la-llc\/les-traitements\/comment-traitera-t-on-ma-llc\/"]}]},{"@type":"ImageObject","inLanguage":"fr-FR","@id":"https:\/\/www.lymphoma.ca\/fr\/le-lymphome\/la-llc\/les-traitements\/comment-traitera-t-on-ma-llc\/#primaryimage","url":"https:\/\/www.lymphoma.ca\/wp-content\/uploads\/2020\/04\/Treatment-Option-Chart-FR.png","contentUrl":"https:\/\/www.lymphoma.ca\/wp-content\/uploads\/2020\/04\/Treatment-Option-Chart-FR.png"},{"@type":"BreadcrumbList","@id":"https:\/\/www.lymphoma.ca\/fr\/le-lymphome\/la-llc\/les-traitements\/comment-traitera-t-on-ma-llc\/#breadcrumb","itemListElement":[{"@type":"ListItem","position":1,"name":"Home","item":"https:\/\/www.lymphoma.ca\/fr\/"},{"@type":"ListItem","position":2,"name":"Lymphome","item":"https:\/\/www.lymphoma.ca\/fr\/le-lymphome\/"},{"@type":"ListItem","position":3,"name":"LLC et du LPL","item":"https:\/\/www.lymphoma.ca\/fr\/le-lymphome\/la-llc\/"},{"@type":"ListItem","position":4,"name":"Les Traitements","item":"https:\/\/www.lymphoma.ca\/fr\/le-lymphome\/la-llc\/les-traitements\/"},{"@type":"ListItem","position":5,"name":"Comment traitera-t-on ma LLC?"}]},{"@type":"WebSite","@id":"https:\/\/www.lymphoma.ca\/fr\/#website","url":"https:\/\/www.lymphoma.ca\/fr\/","name":"Lymphoma Canada","description":"Information. Help. Hope.","publisher":{"@id":"https:\/\/www.lymphoma.ca\/fr\/#organization"},"potentialAction":[{"@type":"SearchAction","target":{"@type":"EntryPoint","urlTemplate":"https:\/\/www.lymphoma.ca\/fr\/?s={search_term_string}"},"query-input":{"@type":"PropertyValueSpecification","valueRequired":true,"valueName":"search_term_string"}}],"inLanguage":"fr-FR"},{"@type":"Organization","@id":"https:\/\/www.lymphoma.ca\/fr\/#organization","name":"Lymphoma Canada","url":"https:\/\/www.lymphoma.ca\/fr\/","logo":{"@type":"ImageObject","inLanguage":"fr-FR","@id":"https:\/\/www.lymphoma.ca\/fr\/#\/schema\/logo\/image\/","url":"https:\/\/www.lymphoma.ca\/wp-content\/uploads\/2023\/05\/logo-lymphoma.jpg","contentUrl":"https:\/\/www.lymphoma.ca\/wp-content\/uploads\/2023\/05\/logo-lymphoma.jpg","width":343,"height":343,"caption":"Lymphoma Canada"},"image":{"@id":"https:\/\/www.lymphoma.ca\/fr\/#\/schema\/logo\/image\/"},"sameAs":["https:\/\/www.facebook.com\/LymphomaCanada","https:\/\/x.com\/lymphomacanada","https:\/\/www.linkedin.com\/company\/lymphoma-canada\/","http:\/\/instagram.com\/lymphomacanada","http:\/\/www.youtube.com\/user\/LymphomaTV"]}]}},"_links":{"self":[{"href":"https:\/\/www.lymphoma.ca\/fr\/wp-json\/wp\/v2\/pages\/6297","targetHints":{"allow":["GET"]}}],"collection":[{"href":"https:\/\/www.lymphoma.ca\/fr\/wp-json\/wp\/v2\/pages"}],"about":[{"href":"https:\/\/www.lymphoma.ca\/fr\/wp-json\/wp\/v2\/types\/page"}],"author":[{"embeddable":true,"href":"https:\/\/www.lymphoma.ca\/fr\/wp-json\/wp\/v2\/users\/1"}],"replies":[{"embeddable":true,"href":"https:\/\/www.lymphoma.ca\/fr\/wp-json\/wp\/v2\/comments?post=6297"}],"version-history":[{"count":3,"href":"https:\/\/www.lymphoma.ca\/fr\/wp-json\/wp\/v2\/pages\/6297\/revisions"}],"predecessor-version":[{"id":6999,"href":"https:\/\/www.lymphoma.ca\/fr\/wp-json\/wp\/v2\/pages\/6297\/revisions\/6999"}],"up":[{"embeddable":true,"href":"https:\/\/www.lymphoma.ca\/fr\/wp-json\/wp\/v2\/pages\/919"}],"wp:attachment":[{"href":"https:\/\/www.lymphoma.ca\/fr\/wp-json\/wp\/v2\/media?parent=6297"}],"wp:term":[{"taxonomy":"category","embeddable":true,"href":"https:\/\/www.lymphoma.ca\/fr\/wp-json\/wp\/v2\/categories?post=6297"},{"taxonomy":"post_tag","embeddable":true,"href":"https:\/\/www.lymphoma.ca\/fr\/wp-json\/wp\/v2\/tags?post=6297"}],"curies":[{"name":"wp","href":"https:\/\/api.w.org\/{rel}","templated":true}]}}