{"id":6301,"date":"2017-06-14T19:51:37","date_gmt":"2017-06-14T19:51:37","guid":{"rendered":"https:\/\/www.lymphoma.ca\/le-lymphome\/la-llc\/les-traitements\/chemotherapy\/chemotherapy-side-effects\/"},"modified":"2020-04-28T21:38:46","modified_gmt":"2020-04-28T21:38:46","slug":"effets-secondaires-chimiotherapie","status":"publish","type":"page","link":"https:\/\/www.lymphoma.ca\/fr\/le-lymphome\/la-llc\/les-traitements\/la-chimiotherapie\/effets-secondaires-chimiotherapie\/","title":{"rendered":"Les effets secondaires courants de la chimioth\u00e9rapie"},"content":{"rendered":"<p>La chimioth\u00e9rapie cause souvent des effets secondaires, mais la gravit\u00e9 des sympt\u00f4mes varie d\u2019une personne \u00e0 l\u2019autre et d\u00e9pend du type de m\u00e9dicament. Les m\u00e9dicaments pour pr\u00e9venir les effets secondaires peuvent \u00eatre administr\u00e9s avant, pendant ou apr\u00e8s les traitements de chimioth\u00e9rapie. Il existe plusieurs effets secondaires potentiels de la chimioth\u00e9rapie :<\/p>\n<p><strong>Diminution de la production de cellules sanguines :<\/strong> Les cellules sanguines, y compris les globules rouges, les globules blancs et les plaquettes, sont constamment produites dans la moelle osseuse. Comme ces cellules ne cessent de se diviser, elles sont aussi la cible de la chimioth\u00e9rapie. Le nombre de toutes les cellules sanguines peut donc \u00eatre r\u00e9duit, un ph\u00e9nom\u00e8ne appel\u00e9 \u00ab my\u00e9losuppression \u00bb.<\/p>\n<p><strong>Il est important d\u2019\u00eatre attentif aux signes de my\u00e9losuppression.<\/strong> Si vous remarquez <a href=\"https:\/\/www.lymphoma.ca\/fr\/le-lymphome\/la-llc\/les-traitements\/la-chimiotherapie\/effets-secondaires-chimiotherapie\/myelosuppression\/\">l\u2019un des sympt\u00f4mes<\/a> \u00e9num\u00e9r\u00e9s dans le tableau ci-dessous, communiquez imm\u00e9diatement avec votre m\u00e9decin.<\/p>\n<p><strong>Diarrh\u00e9es<\/strong><\/p>\n<p><strong>Naus\u00e9es et vomissements<\/strong><\/p>\n<p><strong>Fatigue :<\/strong> Une intense fatigue peut \u00eatre un sympt\u00f4me d\u2019an\u00e9mie, et votre m\u00e9decin devrait en \u00eatre avis\u00e9.<\/p>\n<p><strong>Cerveau chimio :<\/strong> Certains traitements peuvent nuire \u00e0 vos capacit\u00e9s cognitives et conduire \u00e0 ce qu\u2019on appelle le \u00ab cerveau chimio \u00bb, le \u00ab brouillard de la chimio \u00bb ou les \u00ab troubles cognitifs li\u00e9s au cancer \u00bb. Vous aurez peut-\u00eatre de la difficult\u00e9 \u00e0 vous concentrer ou \u00e0 pr\u00eater attention, \u00e0 vous souvenir de nouvelles choses, \u00e0 vous rappeler un vieux souvenir ou \u00e0 trouver les mots justes. Pour la plupart des patients, ces sympt\u00f4mes s\u2019amenuiseront au cours des mois qui suivront la fin des traitements. Si vous continuez \u00e0 \u00e9prouver ces sympt\u00f4mes, parlez-en \u00e0 votre m\u00e9decin.<\/p>\n<p><strong>Changements relatifs au go\u00fbt :<\/strong> La chimioth\u00e9rapie peut souvent alt\u00e9rer le go\u00fbt des aliments qui vous sont familiers. Ils peuvent avoir un go\u00fbt diff\u00e9rent (la dysgueusie) ou vous sembler moins savoureux que d\u2019habitude (hypogueusie). Les modifications du go\u00fbt sont habituellement temporaires et disparaissent une fois les traitements de chimioth\u00e9rapie termin\u00e9s.<\/p>\n<p><strong>Perte d\u2019app\u00e9tit<\/strong><\/p>\n<p><strong>Probl\u00e8mes d\u2019ordre sexuel :<\/strong> Chez les femmes, la chimioth\u00e9rapie peut causer des dommages temporaires ou permanents aux ovaires, conduisant \u00e0 des modifications hormonales ou m\u00e9nopausiques. Elles peuvent souffrir de bouff\u00e9es de chaleur, d\u2019atrophie ou de s\u00e9cheresse vaginale. Demandez \u00e0 votre m\u00e9decin quelles sont vos options de traitement. Quant aux hommes, la chimioth\u00e9rapie peut r\u00e9duire les taux de testost\u00e9rone et\/ou endommager le flux sanguin vers le p\u00e9nis, provoquant ainsi certains probl\u00e8mes sexuels, dont l\u2019incapacit\u00e9 de maintenir une \u00e9rection ferme (aussi connu sous le nom de dysfonction \u00e9rectile), des douleurs au p\u00e9nis ou de la difficult\u00e9 \u00e0 atteindre l\u2019orgasme. Bien des hommes trouvent difficile de parler de leurs probl\u00e8mes sexuels. Toutefois, votre m\u00e9decin ou un sp\u00e9cialiste en sant\u00e9 sexuelle peut vous aider \u00e0 surmonter ces probl\u00e8mes. Il importe \u00e9galement que votre partenaire ait des relations sexuelles prot\u00e9g\u00e9es et que cette personne utilise un condom durant les traitements pour \u00e9viter qu\u2019un produit utilis\u00e9 en chimioth\u00e9rapie ne lui soit transmis.<\/p>\n","protected":false},"excerpt":{"rendered":"<p>La chimioth\u00e9rapie cause souvent des effets secondaires, mais la gravit\u00e9 des sympt\u00f4mes varie d\u2019une personne \u00e0 l\u2019autre et d\u00e9pend du type de m\u00e9dicament. Les m\u00e9dicaments pour pr\u00e9venir les effets secondaires&#8230;<\/p>\n","protected":false},"author":1,"featured_media":0,"parent":6299,"menu_order":0,"comment_status":"closed","ping_status":"closed","template":"page-sidebar.php","meta":{"_acf_changed":false,"footnotes":""},"categories":[],"tags":[],"class_list":["post-6301","page","type-page","status-publish"],"acf":[],"yoast_head":"<!-- This site is optimized with the Yoast SEO plugin v26.7 - https:\/\/yoast.com\/wordpress\/plugins\/seo\/ -->\n<title>Les effets secondaires courants de la chimioth\u00e9rapie - Lymphoma Canada<\/title>\n<meta name=\"robots\" content=\"index, follow, max-snippet:-1, max-image-preview:large, max-video-preview:-1\" \/>\n<link rel=\"canonical\" href=\"https:\/\/www.lymphoma.ca\/lymphoma\/cll-sll\/treatment\/chemotherapy\/chemotherapy-side-effects\/\" \/>\n<meta property=\"og:locale\" content=\"fr_FR\" \/>\n<meta property=\"og:type\" content=\"article\" \/>\n<meta property=\"og:title\" content=\"Les effets secondaires courants de la chimioth\u00e9rapie - Lymphoma Canada\" \/>\n<meta property=\"og:description\" content=\"La chimioth\u00e9rapie cause souvent des effets secondaires, mais la gravit\u00e9 des sympt\u00f4mes varie d\u2019une personne \u00e0 l\u2019autre et d\u00e9pend du type de m\u00e9dicament. Les m\u00e9dicaments pour pr\u00e9venir les effets secondaires...\" \/>\n<meta property=\"og:url\" content=\"https:\/\/www.lymphoma.ca\/lymphoma\/cll-sll\/treatment\/chemotherapy\/chemotherapy-side-effects\/\" \/>\n<meta property=\"og:site_name\" content=\"Lymphoma Canada\" \/>\n<meta property=\"article:publisher\" content=\"https:\/\/www.facebook.com\/LymphomaCanada\" \/>\n<meta property=\"article:modified_time\" content=\"2020-04-28T21:38:46+00:00\" \/>\n<meta name=\"twitter:card\" content=\"summary_large_image\" \/>\n<meta name=\"twitter:site\" content=\"@lymphomacanada\" \/>\n<meta name=\"twitter:label1\" content=\"Dur\u00e9e de lecture estim\u00e9e\" \/>\n\t<meta name=\"twitter:data1\" content=\"3 minutes\" \/>\n<script type=\"application\/ld+json\" class=\"yoast-schema-graph\">{\"@context\":\"https:\/\/schema.org\",\"@graph\":[{\"@type\":\"WebPage\",\"@id\":\"https:\/\/www.lymphoma.ca\/lymphoma\/cll-sll\/treatment\/chemotherapy\/chemotherapy-side-effects\/\",\"url\":\"https:\/\/www.lymphoma.ca\/lymphoma\/cll-sll\/treatment\/chemotherapy\/chemotherapy-side-effects\/\",\"name\":\"Les effets secondaires courants de la chimioth\u00e9rapie - Lymphoma Canada\",\"isPartOf\":{\"@id\":\"https:\/\/www.lymphoma.ca\/fr\/#website\"},\"datePublished\":\"2017-06-14T19:51:37+00:00\",\"dateModified\":\"2020-04-28T21:38:46+00:00\",\"breadcrumb\":{\"@id\":\"https:\/\/www.lymphoma.ca\/lymphoma\/cll-sll\/treatment\/chemotherapy\/chemotherapy-side-effects\/#breadcrumb\"},\"inLanguage\":\"fr-FR\",\"potentialAction\":[{\"@type\":\"ReadAction\",\"target\":[\"https:\/\/www.lymphoma.ca\/lymphoma\/cll-sll\/treatment\/chemotherapy\/chemotherapy-side-effects\/\"]}]},{\"@type\":\"BreadcrumbList\",\"@id\":\"https:\/\/www.lymphoma.ca\/lymphoma\/cll-sll\/treatment\/chemotherapy\/chemotherapy-side-effects\/#breadcrumb\",\"itemListElement\":[{\"@type\":\"ListItem\",\"position\":1,\"name\":\"Home\",\"item\":\"https:\/\/www.lymphoma.ca\/fr\/\"},{\"@type\":\"ListItem\",\"position\":2,\"name\":\"Lymphome\",\"item\":\"https:\/\/www.lymphoma.ca\/fr\/le-lymphome\/\"},{\"@type\":\"ListItem\",\"position\":3,\"name\":\"LLC et du LPL\",\"item\":\"https:\/\/www.lymphoma.ca\/fr\/le-lymphome\/la-llc\/\"},{\"@type\":\"ListItem\",\"position\":4,\"name\":\"Les Traitements\",\"item\":\"https:\/\/www.lymphoma.ca\/fr\/le-lymphome\/la-llc\/les-traitements\/\"},{\"@type\":\"ListItem\",\"position\":5,\"name\":\"La chimioth\u00e9rapie\",\"item\":\"https:\/\/www.lymphoma.ca\/fr\/le-lymphome\/la-llc\/les-traitements\/la-chimiotherapie\/\"},{\"@type\":\"ListItem\",\"position\":6,\"name\":\"Les effets secondaires courants de la chimioth\u00e9rapie\"}]},{\"@type\":\"WebSite\",\"@id\":\"https:\/\/www.lymphoma.ca\/fr\/#website\",\"url\":\"https:\/\/www.lymphoma.ca\/fr\/\",\"name\":\"Lymphoma Canada\",\"description\":\"Information. Help. Hope.\",\"publisher\":{\"@id\":\"https:\/\/www.lymphoma.ca\/fr\/#organization\"},\"potentialAction\":[{\"@type\":\"SearchAction\",\"target\":{\"@type\":\"EntryPoint\",\"urlTemplate\":\"https:\/\/www.lymphoma.ca\/fr\/?s={search_term_string}\"},\"query-input\":{\"@type\":\"PropertyValueSpecification\",\"valueRequired\":true,\"valueName\":\"search_term_string\"}}],\"inLanguage\":\"fr-FR\"},{\"@type\":\"Organization\",\"@id\":\"https:\/\/www.lymphoma.ca\/fr\/#organization\",\"name\":\"Lymphoma Canada\",\"url\":\"https:\/\/www.lymphoma.ca\/fr\/\",\"logo\":{\"@type\":\"ImageObject\",\"inLanguage\":\"fr-FR\",\"@id\":\"https:\/\/www.lymphoma.ca\/fr\/#\/schema\/logo\/image\/\",\"url\":\"https:\/\/www.lymphoma.ca\/wp-content\/uploads\/2023\/05\/logo-lymphoma.jpg\",\"contentUrl\":\"https:\/\/www.lymphoma.ca\/wp-content\/uploads\/2023\/05\/logo-lymphoma.jpg\",\"width\":343,\"height\":343,\"caption\":\"Lymphoma Canada\"},\"image\":{\"@id\":\"https:\/\/www.lymphoma.ca\/fr\/#\/schema\/logo\/image\/\"},\"sameAs\":[\"https:\/\/www.facebook.com\/LymphomaCanada\",\"https:\/\/x.com\/lymphomacanada\",\"https:\/\/www.linkedin.com\/company\/lymphoma-canada\/\",\"http:\/\/instagram.com\/lymphomacanada\",\"http:\/\/www.youtube.com\/user\/LymphomaTV\"]}]}<\/script>\n<!-- \/ Yoast SEO plugin. -->","yoast_head_json":{"title":"Les effets secondaires courants de la chimioth\u00e9rapie - Lymphoma Canada","robots":{"index":"index","follow":"follow","max-snippet":"max-snippet:-1","max-image-preview":"max-image-preview:large","max-video-preview":"max-video-preview:-1"},"canonical":"https:\/\/www.lymphoma.ca\/lymphoma\/cll-sll\/treatment\/chemotherapy\/chemotherapy-side-effects\/","og_locale":"fr_FR","og_type":"article","og_title":"Les effets secondaires courants de la chimioth\u00e9rapie - Lymphoma Canada","og_description":"La chimioth\u00e9rapie cause souvent des effets secondaires, mais la gravit\u00e9 des sympt\u00f4mes varie d\u2019une personne \u00e0 l\u2019autre et d\u00e9pend du type de m\u00e9dicament. Les m\u00e9dicaments pour pr\u00e9venir les effets secondaires...","og_url":"https:\/\/www.lymphoma.ca\/lymphoma\/cll-sll\/treatment\/chemotherapy\/chemotherapy-side-effects\/","og_site_name":"Lymphoma Canada","article_publisher":"https:\/\/www.facebook.com\/LymphomaCanada","article_modified_time":"2020-04-28T21:38:46+00:00","twitter_card":"summary_large_image","twitter_site":"@lymphomacanada","twitter_misc":{"Dur\u00e9e de lecture estim\u00e9e":"3 minutes"},"schema":{"@context":"https:\/\/schema.org","@graph":[{"@type":"WebPage","@id":"https:\/\/www.lymphoma.ca\/lymphoma\/cll-sll\/treatment\/chemotherapy\/chemotherapy-side-effects\/","url":"https:\/\/www.lymphoma.ca\/lymphoma\/cll-sll\/treatment\/chemotherapy\/chemotherapy-side-effects\/","name":"Les effets secondaires courants de la chimioth\u00e9rapie - Lymphoma Canada","isPartOf":{"@id":"https:\/\/www.lymphoma.ca\/fr\/#website"},"datePublished":"2017-06-14T19:51:37+00:00","dateModified":"2020-04-28T21:38:46+00:00","breadcrumb":{"@id":"https:\/\/www.lymphoma.ca\/lymphoma\/cll-sll\/treatment\/chemotherapy\/chemotherapy-side-effects\/#breadcrumb"},"inLanguage":"fr-FR","potentialAction":[{"@type":"ReadAction","target":["https:\/\/www.lymphoma.ca\/lymphoma\/cll-sll\/treatment\/chemotherapy\/chemotherapy-side-effects\/"]}]},{"@type":"BreadcrumbList","@id":"https:\/\/www.lymphoma.ca\/lymphoma\/cll-sll\/treatment\/chemotherapy\/chemotherapy-side-effects\/#breadcrumb","itemListElement":[{"@type":"ListItem","position":1,"name":"Home","item":"https:\/\/www.lymphoma.ca\/fr\/"},{"@type":"ListItem","position":2,"name":"Lymphome","item":"https:\/\/www.lymphoma.ca\/fr\/le-lymphome\/"},{"@type":"ListItem","position":3,"name":"LLC et du LPL","item":"https:\/\/www.lymphoma.ca\/fr\/le-lymphome\/la-llc\/"},{"@type":"ListItem","position":4,"name":"Les Traitements","item":"https:\/\/www.lymphoma.ca\/fr\/le-lymphome\/la-llc\/les-traitements\/"},{"@type":"ListItem","position":5,"name":"La chimioth\u00e9rapie","item":"https:\/\/www.lymphoma.ca\/fr\/le-lymphome\/la-llc\/les-traitements\/la-chimiotherapie\/"},{"@type":"ListItem","position":6,"name":"Les effets secondaires courants de la chimioth\u00e9rapie"}]},{"@type":"WebSite","@id":"https:\/\/www.lymphoma.ca\/fr\/#website","url":"https:\/\/www.lymphoma.ca\/fr\/","name":"Lymphoma Canada","description":"Information. Help. Hope.","publisher":{"@id":"https:\/\/www.lymphoma.ca\/fr\/#organization"},"potentialAction":[{"@type":"SearchAction","target":{"@type":"EntryPoint","urlTemplate":"https:\/\/www.lymphoma.ca\/fr\/?s={search_term_string}"},"query-input":{"@type":"PropertyValueSpecification","valueRequired":true,"valueName":"search_term_string"}}],"inLanguage":"fr-FR"},{"@type":"Organization","@id":"https:\/\/www.lymphoma.ca\/fr\/#organization","name":"Lymphoma Canada","url":"https:\/\/www.lymphoma.ca\/fr\/","logo":{"@type":"ImageObject","inLanguage":"fr-FR","@id":"https:\/\/www.lymphoma.ca\/fr\/#\/schema\/logo\/image\/","url":"https:\/\/www.lymphoma.ca\/wp-content\/uploads\/2023\/05\/logo-lymphoma.jpg","contentUrl":"https:\/\/www.lymphoma.ca\/wp-content\/uploads\/2023\/05\/logo-lymphoma.jpg","width":343,"height":343,"caption":"Lymphoma Canada"},"image":{"@id":"https:\/\/www.lymphoma.ca\/fr\/#\/schema\/logo\/image\/"},"sameAs":["https:\/\/www.facebook.com\/LymphomaCanada","https:\/\/x.com\/lymphomacanada","https:\/\/www.linkedin.com\/company\/lymphoma-canada\/","http:\/\/instagram.com\/lymphomacanada","http:\/\/www.youtube.com\/user\/LymphomaTV"]}]}},"_links":{"self":[{"href":"https:\/\/www.lymphoma.ca\/fr\/wp-json\/wp\/v2\/pages\/6301","targetHints":{"allow":["GET"]}}],"collection":[{"href":"https:\/\/www.lymphoma.ca\/fr\/wp-json\/wp\/v2\/pages"}],"about":[{"href":"https:\/\/www.lymphoma.ca\/fr\/wp-json\/wp\/v2\/types\/page"}],"author":[{"embeddable":true,"href":"https:\/\/www.lymphoma.ca\/fr\/wp-json\/wp\/v2\/users\/1"}],"replies":[{"embeddable":true,"href":"https:\/\/www.lymphoma.ca\/fr\/wp-json\/wp\/v2\/comments?post=6301"}],"version-history":[{"count":5,"href":"https:\/\/www.lymphoma.ca\/fr\/wp-json\/wp\/v2\/pages\/6301\/revisions"}],"predecessor-version":[{"id":7052,"href":"https:\/\/www.lymphoma.ca\/fr\/wp-json\/wp\/v2\/pages\/6301\/revisions\/7052"}],"up":[{"embeddable":true,"href":"https:\/\/www.lymphoma.ca\/fr\/wp-json\/wp\/v2\/pages\/6299"}],"wp:attachment":[{"href":"https:\/\/www.lymphoma.ca\/fr\/wp-json\/wp\/v2\/media?parent=6301"}],"wp:term":[{"taxonomy":"category","embeddable":true,"href":"https:\/\/www.lymphoma.ca\/fr\/wp-json\/wp\/v2\/categories?post=6301"},{"taxonomy":"post_tag","embeddable":true,"href":"https:\/\/www.lymphoma.ca\/fr\/wp-json\/wp\/v2\/tags?post=6301"}],"curies":[{"name":"wp","href":"https:\/\/api.w.org\/{rel}","templated":true}]}}