{"id":6303,"date":"2017-07-25T19:38:34","date_gmt":"2017-07-25T19:38:34","guid":{"rendered":"https:\/\/www.lymphoma.ca\/le-lymphome\/la-llc\/les-traitements\/chemotherapy\/chemotherapy-side-effects\/myelosuppression\/"},"modified":"2020-04-28T23:51:48","modified_gmt":"2020-04-28T23:51:48","slug":"myelosuppression","status":"publish","type":"page","link":"https:\/\/www.lymphoma.ca\/fr\/le-lymphome\/la-llc\/les-traitements\/la-chimiotherapie\/effets-secondaires-chimiotherapie\/myelosuppression\/","title":{"rendered":"My\u00e9losuppression"},"content":{"rendered":"<p>Il est important d\u2019\u00eatre attentif aux signes de my\u00e9losuppression. Si vous remarquez l\u2019un des sympt\u00f4mes \u00e9num\u00e9r\u00e9s dans le tableau ci-dessous, communiquez imm\u00e9diatement avec votre m\u00e9decin.<\/p>\n<p><img loading=\"lazy\" decoding=\"async\" class=\"wp-image-7053 size-large\" src=\"https:\/\/www.lymphoma.ca\/wp-content\/uploads\/2020\/04\/Myelosuppression-Chart-_FR-575x1024.png\" alt=\"Mylosuppression\" width=\"575\" height=\"1024\" srcset=\"https:\/\/www.lymphoma.ca\/wp-content\/uploads\/2020\/04\/Myelosuppression-Chart-_FR-575x1024.png 575w, https:\/\/www.lymphoma.ca\/wp-content\/uploads\/2020\/04\/Myelosuppression-Chart-_FR-168x300.png 168w, https:\/\/www.lymphoma.ca\/wp-content\/uploads\/2020\/04\/Myelosuppression-Chart-_FR-768x1368.png 768w, https:\/\/www.lymphoma.ca\/wp-content\/uploads\/2020\/04\/Myelosuppression-Chart-_FR-862x1536.png 862w, https:\/\/www.lymphoma.ca\/wp-content\/uploads\/2020\/04\/Myelosuppression-Chart-_FR-1149x2048.png 1149w\" sizes=\"auto, (max-width: 575px) 100vw, 575px\" \/><\/p>\n","protected":false},"excerpt":{"rendered":"<p>Il est important d\u2019\u00eatre attentif aux signes de my\u00e9losuppression. Si vous remarquez l\u2019un des sympt\u00f4mes \u00e9num\u00e9r\u00e9s dans le tableau ci-dessous, communiquez imm\u00e9diatement avec votre m\u00e9decin.<\/p>\n","protected":false},"author":1,"featured_media":0,"parent":6301,"menu_order":0,"comment_status":"closed","ping_status":"closed","template":"page-sidebar.php","meta":{"_acf_changed":false,"footnotes":""},"categories":[],"tags":[],"class_list":["post-6303","page","type-page","status-publish"],"acf":[],"yoast_head":"<!-- This site is optimized with the Yoast SEO plugin v26.7 - https:\/\/yoast.com\/wordpress\/plugins\/seo\/ -->\n<title>My\u00e9losuppression - Lymphoma Canada<\/title>\n<meta name=\"robots\" content=\"index, follow, max-snippet:-1, max-image-preview:large, max-video-preview:-1\" \/>\n<link rel=\"canonical\" href=\"https:\/\/www.lymphoma.ca\/lymphoma\/cll-sll\/treatment\/chemotherapy\/chemotherapy-side-effects\/myelosuppression\/\" \/>\n<meta property=\"og:locale\" content=\"fr_FR\" \/>\n<meta property=\"og:type\" content=\"article\" \/>\n<meta property=\"og:title\" content=\"My\u00e9losuppression - Lymphoma Canada\" \/>\n<meta property=\"og:description\" content=\"Il est important d\u2019\u00eatre attentif aux signes de my\u00e9losuppression. Si vous remarquez l\u2019un des sympt\u00f4mes \u00e9num\u00e9r\u00e9s dans le tableau ci-dessous, communiquez imm\u00e9diatement avec votre m\u00e9decin.\" \/>\n<meta property=\"og:url\" content=\"https:\/\/www.lymphoma.ca\/lymphoma\/cll-sll\/treatment\/chemotherapy\/chemotherapy-side-effects\/myelosuppression\/\" \/>\n<meta property=\"og:site_name\" content=\"Lymphoma Canada\" \/>\n<meta property=\"article:publisher\" content=\"https:\/\/www.facebook.com\/LymphomaCanada\" \/>\n<meta property=\"article:modified_time\" content=\"2020-04-28T23:51:48+00:00\" \/>\n<meta property=\"og:image\" content=\"https:\/\/www.lymphoma.ca\/wp-content\/uploads\/2020\/04\/Myelosuppression-Chart-_FR-575x1024.png\" \/>\n<meta name=\"twitter:card\" content=\"summary_large_image\" \/>\n<meta name=\"twitter:site\" content=\"@lymphomacanada\" \/>\n<script type=\"application\/ld+json\" class=\"yoast-schema-graph\">{\"@context\":\"https:\/\/schema.org\",\"@graph\":[{\"@type\":\"WebPage\",\"@id\":\"https:\/\/www.lymphoma.ca\/lymphoma\/cll-sll\/treatment\/chemotherapy\/chemotherapy-side-effects\/myelosuppression\/\",\"url\":\"https:\/\/www.lymphoma.ca\/lymphoma\/cll-sll\/treatment\/chemotherapy\/chemotherapy-side-effects\/myelosuppression\/\",\"name\":\"My\u00e9losuppression - Lymphoma Canada\",\"isPartOf\":{\"@id\":\"https:\/\/www.lymphoma.ca\/fr\/#website\"},\"primaryImageOfPage\":{\"@id\":\"https:\/\/www.lymphoma.ca\/lymphoma\/cll-sll\/treatment\/chemotherapy\/chemotherapy-side-effects\/myelosuppression\/#primaryimage\"},\"image\":{\"@id\":\"https:\/\/www.lymphoma.ca\/lymphoma\/cll-sll\/treatment\/chemotherapy\/chemotherapy-side-effects\/myelosuppression\/#primaryimage\"},\"thumbnailUrl\":\"https:\/\/www.lymphoma.ca\/wp-content\/uploads\/2020\/04\/Myelosuppression-Chart-_FR-575x1024.png\",\"datePublished\":\"2017-07-25T19:38:34+00:00\",\"dateModified\":\"2020-04-28T23:51:48+00:00\",\"breadcrumb\":{\"@id\":\"https:\/\/www.lymphoma.ca\/lymphoma\/cll-sll\/treatment\/chemotherapy\/chemotherapy-side-effects\/myelosuppression\/#breadcrumb\"},\"inLanguage\":\"fr-FR\",\"potentialAction\":[{\"@type\":\"ReadAction\",\"target\":[\"https:\/\/www.lymphoma.ca\/lymphoma\/cll-sll\/treatment\/chemotherapy\/chemotherapy-side-effects\/myelosuppression\/\"]}]},{\"@type\":\"ImageObject\",\"inLanguage\":\"fr-FR\",\"@id\":\"https:\/\/www.lymphoma.ca\/lymphoma\/cll-sll\/treatment\/chemotherapy\/chemotherapy-side-effects\/myelosuppression\/#primaryimage\",\"url\":\"https:\/\/www.lymphoma.ca\/wp-content\/uploads\/2020\/04\/Myelosuppression-Chart-_FR-575x1024.png\",\"contentUrl\":\"https:\/\/www.lymphoma.ca\/wp-content\/uploads\/2020\/04\/Myelosuppression-Chart-_FR-575x1024.png\"},{\"@type\":\"BreadcrumbList\",\"@id\":\"https:\/\/www.lymphoma.ca\/lymphoma\/cll-sll\/treatment\/chemotherapy\/chemotherapy-side-effects\/myelosuppression\/#breadcrumb\",\"itemListElement\":[{\"@type\":\"ListItem\",\"position\":1,\"name\":\"Home\",\"item\":\"https:\/\/www.lymphoma.ca\/fr\/\"},{\"@type\":\"ListItem\",\"position\":2,\"name\":\"Lymphome\",\"item\":\"https:\/\/www.lymphoma.ca\/fr\/le-lymphome\/\"},{\"@type\":\"ListItem\",\"position\":3,\"name\":\"LLC et du LPL\",\"item\":\"https:\/\/www.lymphoma.ca\/fr\/le-lymphome\/la-llc\/\"},{\"@type\":\"ListItem\",\"position\":4,\"name\":\"Les Traitements\",\"item\":\"https:\/\/www.lymphoma.ca\/fr\/le-lymphome\/la-llc\/les-traitements\/\"},{\"@type\":\"ListItem\",\"position\":5,\"name\":\"La chimioth\u00e9rapie\",\"item\":\"https:\/\/www.lymphoma.ca\/fr\/le-lymphome\/la-llc\/les-traitements\/la-chimiotherapie\/\"},{\"@type\":\"ListItem\",\"position\":6,\"name\":\"Les effets secondaires courants de la chimioth\u00e9rapie\",\"item\":\"https:\/\/www.lymphoma.ca\/lymphoma\/cll-sll\/treatment\/chemotherapy\/chemotherapy-side-effects\/\"},{\"@type\":\"ListItem\",\"position\":7,\"name\":\"My\u00e9losuppression\"}]},{\"@type\":\"WebSite\",\"@id\":\"https:\/\/www.lymphoma.ca\/fr\/#website\",\"url\":\"https:\/\/www.lymphoma.ca\/fr\/\",\"name\":\"Lymphoma Canada\",\"description\":\"Information. Help. Hope.\",\"publisher\":{\"@id\":\"https:\/\/www.lymphoma.ca\/fr\/#organization\"},\"potentialAction\":[{\"@type\":\"SearchAction\",\"target\":{\"@type\":\"EntryPoint\",\"urlTemplate\":\"https:\/\/www.lymphoma.ca\/fr\/?s={search_term_string}\"},\"query-input\":{\"@type\":\"PropertyValueSpecification\",\"valueRequired\":true,\"valueName\":\"search_term_string\"}}],\"inLanguage\":\"fr-FR\"},{\"@type\":\"Organization\",\"@id\":\"https:\/\/www.lymphoma.ca\/fr\/#organization\",\"name\":\"Lymphoma Canada\",\"url\":\"https:\/\/www.lymphoma.ca\/fr\/\",\"logo\":{\"@type\":\"ImageObject\",\"inLanguage\":\"fr-FR\",\"@id\":\"https:\/\/www.lymphoma.ca\/fr\/#\/schema\/logo\/image\/\",\"url\":\"https:\/\/www.lymphoma.ca\/wp-content\/uploads\/2023\/05\/logo-lymphoma.jpg\",\"contentUrl\":\"https:\/\/www.lymphoma.ca\/wp-content\/uploads\/2023\/05\/logo-lymphoma.jpg\",\"width\":343,\"height\":343,\"caption\":\"Lymphoma Canada\"},\"image\":{\"@id\":\"https:\/\/www.lymphoma.ca\/fr\/#\/schema\/logo\/image\/\"},\"sameAs\":[\"https:\/\/www.facebook.com\/LymphomaCanada\",\"https:\/\/x.com\/lymphomacanada\",\"https:\/\/www.linkedin.com\/company\/lymphoma-canada\/\",\"http:\/\/instagram.com\/lymphomacanada\",\"http:\/\/www.youtube.com\/user\/LymphomaTV\"]}]}<\/script>\n<!-- \/ Yoast SEO plugin. -->","yoast_head_json":{"title":"My\u00e9losuppression - Lymphoma Canada","robots":{"index":"index","follow":"follow","max-snippet":"max-snippet:-1","max-image-preview":"max-image-preview:large","max-video-preview":"max-video-preview:-1"},"canonical":"https:\/\/www.lymphoma.ca\/lymphoma\/cll-sll\/treatment\/chemotherapy\/chemotherapy-side-effects\/myelosuppression\/","og_locale":"fr_FR","og_type":"article","og_title":"My\u00e9losuppression - Lymphoma Canada","og_description":"Il est important d\u2019\u00eatre attentif aux signes de my\u00e9losuppression. Si vous remarquez l\u2019un des sympt\u00f4mes \u00e9num\u00e9r\u00e9s dans le tableau ci-dessous, communiquez imm\u00e9diatement avec votre m\u00e9decin.","og_url":"https:\/\/www.lymphoma.ca\/lymphoma\/cll-sll\/treatment\/chemotherapy\/chemotherapy-side-effects\/myelosuppression\/","og_site_name":"Lymphoma Canada","article_publisher":"https:\/\/www.facebook.com\/LymphomaCanada","article_modified_time":"2020-04-28T23:51:48+00:00","og_image":[{"url":"https:\/\/www.lymphoma.ca\/wp-content\/uploads\/2020\/04\/Myelosuppression-Chart-_FR-575x1024.png","type":"","width":"","height":""}],"twitter_card":"summary_large_image","twitter_site":"@lymphomacanada","schema":{"@context":"https:\/\/schema.org","@graph":[{"@type":"WebPage","@id":"https:\/\/www.lymphoma.ca\/lymphoma\/cll-sll\/treatment\/chemotherapy\/chemotherapy-side-effects\/myelosuppression\/","url":"https:\/\/www.lymphoma.ca\/lymphoma\/cll-sll\/treatment\/chemotherapy\/chemotherapy-side-effects\/myelosuppression\/","name":"My\u00e9losuppression - Lymphoma Canada","isPartOf":{"@id":"https:\/\/www.lymphoma.ca\/fr\/#website"},"primaryImageOfPage":{"@id":"https:\/\/www.lymphoma.ca\/lymphoma\/cll-sll\/treatment\/chemotherapy\/chemotherapy-side-effects\/myelosuppression\/#primaryimage"},"image":{"@id":"https:\/\/www.lymphoma.ca\/lymphoma\/cll-sll\/treatment\/chemotherapy\/chemotherapy-side-effects\/myelosuppression\/#primaryimage"},"thumbnailUrl":"https:\/\/www.lymphoma.ca\/wp-content\/uploads\/2020\/04\/Myelosuppression-Chart-_FR-575x1024.png","datePublished":"2017-07-25T19:38:34+00:00","dateModified":"2020-04-28T23:51:48+00:00","breadcrumb":{"@id":"https:\/\/www.lymphoma.ca\/lymphoma\/cll-sll\/treatment\/chemotherapy\/chemotherapy-side-effects\/myelosuppression\/#breadcrumb"},"inLanguage":"fr-FR","potentialAction":[{"@type":"ReadAction","target":["https:\/\/www.lymphoma.ca\/lymphoma\/cll-sll\/treatment\/chemotherapy\/chemotherapy-side-effects\/myelosuppression\/"]}]},{"@type":"ImageObject","inLanguage":"fr-FR","@id":"https:\/\/www.lymphoma.ca\/lymphoma\/cll-sll\/treatment\/chemotherapy\/chemotherapy-side-effects\/myelosuppression\/#primaryimage","url":"https:\/\/www.lymphoma.ca\/wp-content\/uploads\/2020\/04\/Myelosuppression-Chart-_FR-575x1024.png","contentUrl":"https:\/\/www.lymphoma.ca\/wp-content\/uploads\/2020\/04\/Myelosuppression-Chart-_FR-575x1024.png"},{"@type":"BreadcrumbList","@id":"https:\/\/www.lymphoma.ca\/lymphoma\/cll-sll\/treatment\/chemotherapy\/chemotherapy-side-effects\/myelosuppression\/#breadcrumb","itemListElement":[{"@type":"ListItem","position":1,"name":"Home","item":"https:\/\/www.lymphoma.ca\/fr\/"},{"@type":"ListItem","position":2,"name":"Lymphome","item":"https:\/\/www.lymphoma.ca\/fr\/le-lymphome\/"},{"@type":"ListItem","position":3,"name":"LLC et du LPL","item":"https:\/\/www.lymphoma.ca\/fr\/le-lymphome\/la-llc\/"},{"@type":"ListItem","position":4,"name":"Les Traitements","item":"https:\/\/www.lymphoma.ca\/fr\/le-lymphome\/la-llc\/les-traitements\/"},{"@type":"ListItem","position":5,"name":"La chimioth\u00e9rapie","item":"https:\/\/www.lymphoma.ca\/fr\/le-lymphome\/la-llc\/les-traitements\/la-chimiotherapie\/"},{"@type":"ListItem","position":6,"name":"Les effets secondaires courants de la chimioth\u00e9rapie","item":"https:\/\/www.lymphoma.ca\/lymphoma\/cll-sll\/treatment\/chemotherapy\/chemotherapy-side-effects\/"},{"@type":"ListItem","position":7,"name":"My\u00e9losuppression"}]},{"@type":"WebSite","@id":"https:\/\/www.lymphoma.ca\/fr\/#website","url":"https:\/\/www.lymphoma.ca\/fr\/","name":"Lymphoma Canada","description":"Information. Help. Hope.","publisher":{"@id":"https:\/\/www.lymphoma.ca\/fr\/#organization"},"potentialAction":[{"@type":"SearchAction","target":{"@type":"EntryPoint","urlTemplate":"https:\/\/www.lymphoma.ca\/fr\/?s={search_term_string}"},"query-input":{"@type":"PropertyValueSpecification","valueRequired":true,"valueName":"search_term_string"}}],"inLanguage":"fr-FR"},{"@type":"Organization","@id":"https:\/\/www.lymphoma.ca\/fr\/#organization","name":"Lymphoma Canada","url":"https:\/\/www.lymphoma.ca\/fr\/","logo":{"@type":"ImageObject","inLanguage":"fr-FR","@id":"https:\/\/www.lymphoma.ca\/fr\/#\/schema\/logo\/image\/","url":"https:\/\/www.lymphoma.ca\/wp-content\/uploads\/2023\/05\/logo-lymphoma.jpg","contentUrl":"https:\/\/www.lymphoma.ca\/wp-content\/uploads\/2023\/05\/logo-lymphoma.jpg","width":343,"height":343,"caption":"Lymphoma Canada"},"image":{"@id":"https:\/\/www.lymphoma.ca\/fr\/#\/schema\/logo\/image\/"},"sameAs":["https:\/\/www.facebook.com\/LymphomaCanada","https:\/\/x.com\/lymphomacanada","https:\/\/www.linkedin.com\/company\/lymphoma-canada\/","http:\/\/instagram.com\/lymphomacanada","http:\/\/www.youtube.com\/user\/LymphomaTV"]}]}},"_links":{"self":[{"href":"https:\/\/www.lymphoma.ca\/fr\/wp-json\/wp\/v2\/pages\/6303","targetHints":{"allow":["GET"]}}],"collection":[{"href":"https:\/\/www.lymphoma.ca\/fr\/wp-json\/wp\/v2\/pages"}],"about":[{"href":"https:\/\/www.lymphoma.ca\/fr\/wp-json\/wp\/v2\/types\/page"}],"author":[{"embeddable":true,"href":"https:\/\/www.lymphoma.ca\/fr\/wp-json\/wp\/v2\/users\/1"}],"replies":[{"embeddable":true,"href":"https:\/\/www.lymphoma.ca\/fr\/wp-json\/wp\/v2\/comments?post=6303"}],"version-history":[{"count":5,"href":"https:\/\/www.lymphoma.ca\/fr\/wp-json\/wp\/v2\/pages\/6303\/revisions"}],"predecessor-version":[{"id":7056,"href":"https:\/\/www.lymphoma.ca\/fr\/wp-json\/wp\/v2\/pages\/6303\/revisions\/7056"}],"up":[{"embeddable":true,"href":"https:\/\/www.lymphoma.ca\/fr\/wp-json\/wp\/v2\/pages\/6301"}],"wp:attachment":[{"href":"https:\/\/www.lymphoma.ca\/fr\/wp-json\/wp\/v2\/media?parent=6303"}],"wp:term":[{"taxonomy":"category","embeddable":true,"href":"https:\/\/www.lymphoma.ca\/fr\/wp-json\/wp\/v2\/categories?post=6303"},{"taxonomy":"post_tag","embeddable":true,"href":"https:\/\/www.lymphoma.ca\/fr\/wp-json\/wp\/v2\/tags?post=6303"}],"curies":[{"name":"wp","href":"https:\/\/api.w.org\/{rel}","templated":true}]}}