{"id":6353,"date":"2020-02-05T17:31:52","date_gmt":"2020-02-05T17:31:52","guid":{"rendered":"https:\/\/www.lymphoma.ca\/ganglions-101\/think-you-know-about-your-nodes\/"},"modified":"2020-04-23T17:46:48","modified_gmt":"2020-04-23T17:46:48","slug":"a-propos-ganglions","status":"publish","type":"page","link":"https:\/\/www.lymphoma.ca\/fr\/ganglions-101\/a-propos-ganglions\/","title":{"rendered":"Vous croyez savoir de tes ganglions ?"},"content":{"rendered":"<p>En 2006, Lymphome Canada a lanc\u00e9 \u00ab\u00a0Ganglions 101\u00a0\u00bb dans le cadre d\u2019une campagne de sensibilisation pour la Journ\u00e9e mondiale de la sensibilisation au lymphome. En 2007, la campagne a remport\u00e9 un prix d\u2019excellence de la Soci\u00e9t\u00e9 canadienne des relations publiques (SCRP) et a \u00e9t\u00e9 lanc\u00e9e \u00e0 titre d\u2019initiative mondiale de la Coalition internationale contre les lymphomes. Aujourd\u2019hui, \u00ab\u00a0Ganglions 101\u00a0\u00bb se trouve dans plus de 30 pays \u00e0 travers le monde.<\/p>\n<p>La campagne \u00ab\u00a0Ganglions 101\u00a0\u00bb s\u2019est construite sur la perspicacit\u00e9 que les gens connaissent peu de choses sur leur syst\u00e8me lymphatique, et \u00e0 son tour, le lymphome. Dans une enqu\u00eate internationale men\u00e9e par la Coalition des lymphomes, pr\u00e8s des trois quarts (74%) des gens ne savaient pas que le lymphome \u00e9tait une sorte de cancer et moins de la moiti\u00e9 (49%) savaient quoi que ce soit au sujet du lymphome. Le lymphome a augment\u00e9 d\u2019environ 60% depuis les ann\u00e9es 1970 au Canada. De plus, il s\u2019agit du cinqui\u00e8me cancer le plus fr\u00e9quent et c\u2019est le cancer qui augmente le plus rapidement chez les jeunes adultes (15 \u00e0 39 ans) au Canada. Malgr\u00e9 cela, de nombreux Canadiens ne sont pas courant des informations sur le lymphome.<\/p>\n<p>Faites le quiz de \u00ab\u00a0Ganglions 101\u00a0\u00bb pour \u00e9valuer vos connaissances et en apprendre davantage sur vos ganglions lymphatiques, votre syst\u00e8me lymphatique et votre lymphome.<\/p>\n<p>Partagez votre histoire ou des faits sur les ganglions? Nous aimerions avoir de vos nouvelles!<\/p>\n<p>Communiquez avec Lymphome Canada \u00e0 <a href=\"mailto:info@lymphoma.ca\">info@lymphoma.ca<\/a> ou en appelant le 1-866-659-5556.<\/p>\n","protected":false},"excerpt":{"rendered":"<p>En 2006, Lymphome Canada a lanc\u00e9 \u00ab\u00a0Ganglions 101\u00a0\u00bb dans le cadre d\u2019une campagne de sensibilisation pour la Journ\u00e9e mondiale de la sensibilisation au lymphome. En 2007, la campagne a remport\u00e9&#8230;<\/p>\n","protected":false},"author":27,"featured_media":0,"parent":4232,"menu_order":0,"comment_status":"closed","ping_status":"closed","template":"","meta":{"_acf_changed":false,"footnotes":""},"categories":[],"tags":[],"class_list":["post-6353","page","type-page","status-publish"],"acf":[],"yoast_head":"<!-- This site is optimized with the Yoast SEO plugin v26.7 - https:\/\/yoast.com\/wordpress\/plugins\/seo\/ -->\n<title>Vous croyez savoir de tes ganglions ? - Lymphoma Canada<\/title>\n<meta name=\"robots\" content=\"index, follow, max-snippet:-1, max-image-preview:large, max-video-preview:-1\" \/>\n<link rel=\"canonical\" href=\"https:\/\/www.lymphoma.ca\/know-your-nodes\/think-you-know-about-your-nodes\/\" \/>\n<meta property=\"og:locale\" content=\"fr_FR\" \/>\n<meta property=\"og:type\" content=\"article\" \/>\n<meta property=\"og:title\" content=\"Vous croyez savoir de tes ganglions ? - Lymphoma Canada\" \/>\n<meta property=\"og:description\" content=\"En 2006, Lymphome Canada a lanc\u00e9 \u00ab\u00a0Ganglions 101\u00a0\u00bb dans le cadre d\u2019une campagne de sensibilisation pour la Journ\u00e9e mondiale de la sensibilisation au lymphome. En 2007, la campagne a remport\u00e9...\" \/>\n<meta property=\"og:url\" content=\"https:\/\/www.lymphoma.ca\/know-your-nodes\/think-you-know-about-your-nodes\/\" \/>\n<meta property=\"og:site_name\" content=\"Lymphoma Canada\" \/>\n<meta property=\"article:publisher\" content=\"https:\/\/www.facebook.com\/LymphomaCanada\" \/>\n<meta property=\"article:modified_time\" content=\"2020-04-23T17:46:48+00:00\" \/>\n<meta name=\"twitter:card\" content=\"summary_large_image\" \/>\n<meta name=\"twitter:site\" content=\"@lymphomacanada\" \/>\n<meta name=\"twitter:label1\" content=\"Dur\u00e9e de lecture estim\u00e9e\" \/>\n\t<meta name=\"twitter:data1\" content=\"1 minute\" \/>\n<script type=\"application\/ld+json\" class=\"yoast-schema-graph\">{\"@context\":\"https:\/\/schema.org\",\"@graph\":[{\"@type\":\"WebPage\",\"@id\":\"https:\/\/www.lymphoma.ca\/know-your-nodes\/think-you-know-about-your-nodes\/\",\"url\":\"https:\/\/www.lymphoma.ca\/know-your-nodes\/think-you-know-about-your-nodes\/\",\"name\":\"Vous croyez savoir de tes ganglions ? - Lymphoma Canada\",\"isPartOf\":{\"@id\":\"https:\/\/www.lymphoma.ca\/fr\/#website\"},\"datePublished\":\"2020-02-05T17:31:52+00:00\",\"dateModified\":\"2020-04-23T17:46:48+00:00\",\"breadcrumb\":{\"@id\":\"https:\/\/www.lymphoma.ca\/know-your-nodes\/think-you-know-about-your-nodes\/#breadcrumb\"},\"inLanguage\":\"fr-FR\",\"potentialAction\":[{\"@type\":\"ReadAction\",\"target\":[\"https:\/\/www.lymphoma.ca\/know-your-nodes\/think-you-know-about-your-nodes\/\"]}]},{\"@type\":\"BreadcrumbList\",\"@id\":\"https:\/\/www.lymphoma.ca\/know-your-nodes\/think-you-know-about-your-nodes\/#breadcrumb\",\"itemListElement\":[{\"@type\":\"ListItem\",\"position\":1,\"name\":\"Home\",\"item\":\"https:\/\/www.lymphoma.ca\/fr\/\"},{\"@type\":\"ListItem\",\"position\":2,\"name\":\"Ganglions 101\",\"item\":\"https:\/\/www.lymphoma.ca\/fr\/ganglions-101\/\"},{\"@type\":\"ListItem\",\"position\":3,\"name\":\"Vous croyez savoir de tes ganglions ?\"}]},{\"@type\":\"WebSite\",\"@id\":\"https:\/\/www.lymphoma.ca\/fr\/#website\",\"url\":\"https:\/\/www.lymphoma.ca\/fr\/\",\"name\":\"Lymphoma Canada\",\"description\":\"Information. Help. Hope.\",\"publisher\":{\"@id\":\"https:\/\/www.lymphoma.ca\/fr\/#organization\"},\"potentialAction\":[{\"@type\":\"SearchAction\",\"target\":{\"@type\":\"EntryPoint\",\"urlTemplate\":\"https:\/\/www.lymphoma.ca\/fr\/?s={search_term_string}\"},\"query-input\":{\"@type\":\"PropertyValueSpecification\",\"valueRequired\":true,\"valueName\":\"search_term_string\"}}],\"inLanguage\":\"fr-FR\"},{\"@type\":\"Organization\",\"@id\":\"https:\/\/www.lymphoma.ca\/fr\/#organization\",\"name\":\"Lymphoma Canada\",\"url\":\"https:\/\/www.lymphoma.ca\/fr\/\",\"logo\":{\"@type\":\"ImageObject\",\"inLanguage\":\"fr-FR\",\"@id\":\"https:\/\/www.lymphoma.ca\/fr\/#\/schema\/logo\/image\/\",\"url\":\"https:\/\/www.lymphoma.ca\/wp-content\/uploads\/2023\/05\/logo-lymphoma.jpg\",\"contentUrl\":\"https:\/\/www.lymphoma.ca\/wp-content\/uploads\/2023\/05\/logo-lymphoma.jpg\",\"width\":343,\"height\":343,\"caption\":\"Lymphoma Canada\"},\"image\":{\"@id\":\"https:\/\/www.lymphoma.ca\/fr\/#\/schema\/logo\/image\/\"},\"sameAs\":[\"https:\/\/www.facebook.com\/LymphomaCanada\",\"https:\/\/x.com\/lymphomacanada\",\"https:\/\/www.linkedin.com\/company\/lymphoma-canada\/\",\"http:\/\/instagram.com\/lymphomacanada\",\"http:\/\/www.youtube.com\/user\/LymphomaTV\"]}]}<\/script>\n<!-- \/ Yoast SEO plugin. -->","yoast_head_json":{"title":"Vous croyez savoir de tes ganglions ? - Lymphoma Canada","robots":{"index":"index","follow":"follow","max-snippet":"max-snippet:-1","max-image-preview":"max-image-preview:large","max-video-preview":"max-video-preview:-1"},"canonical":"https:\/\/www.lymphoma.ca\/know-your-nodes\/think-you-know-about-your-nodes\/","og_locale":"fr_FR","og_type":"article","og_title":"Vous croyez savoir de tes ganglions ? - Lymphoma Canada","og_description":"En 2006, Lymphome Canada a lanc\u00e9 \u00ab\u00a0Ganglions 101\u00a0\u00bb dans le cadre d\u2019une campagne de sensibilisation pour la Journ\u00e9e mondiale de la sensibilisation au lymphome. En 2007, la campagne a remport\u00e9...","og_url":"https:\/\/www.lymphoma.ca\/know-your-nodes\/think-you-know-about-your-nodes\/","og_site_name":"Lymphoma Canada","article_publisher":"https:\/\/www.facebook.com\/LymphomaCanada","article_modified_time":"2020-04-23T17:46:48+00:00","twitter_card":"summary_large_image","twitter_site":"@lymphomacanada","twitter_misc":{"Dur\u00e9e de lecture estim\u00e9e":"1 minute"},"schema":{"@context":"https:\/\/schema.org","@graph":[{"@type":"WebPage","@id":"https:\/\/www.lymphoma.ca\/know-your-nodes\/think-you-know-about-your-nodes\/","url":"https:\/\/www.lymphoma.ca\/know-your-nodes\/think-you-know-about-your-nodes\/","name":"Vous croyez savoir de tes ganglions ? - Lymphoma Canada","isPartOf":{"@id":"https:\/\/www.lymphoma.ca\/fr\/#website"},"datePublished":"2020-02-05T17:31:52+00:00","dateModified":"2020-04-23T17:46:48+00:00","breadcrumb":{"@id":"https:\/\/www.lymphoma.ca\/know-your-nodes\/think-you-know-about-your-nodes\/#breadcrumb"},"inLanguage":"fr-FR","potentialAction":[{"@type":"ReadAction","target":["https:\/\/www.lymphoma.ca\/know-your-nodes\/think-you-know-about-your-nodes\/"]}]},{"@type":"BreadcrumbList","@id":"https:\/\/www.lymphoma.ca\/know-your-nodes\/think-you-know-about-your-nodes\/#breadcrumb","itemListElement":[{"@type":"ListItem","position":1,"name":"Home","item":"https:\/\/www.lymphoma.ca\/fr\/"},{"@type":"ListItem","position":2,"name":"Ganglions 101","item":"https:\/\/www.lymphoma.ca\/fr\/ganglions-101\/"},{"@type":"ListItem","position":3,"name":"Vous croyez savoir de tes ganglions ?"}]},{"@type":"WebSite","@id":"https:\/\/www.lymphoma.ca\/fr\/#website","url":"https:\/\/www.lymphoma.ca\/fr\/","name":"Lymphoma Canada","description":"Information. Help. Hope.","publisher":{"@id":"https:\/\/www.lymphoma.ca\/fr\/#organization"},"potentialAction":[{"@type":"SearchAction","target":{"@type":"EntryPoint","urlTemplate":"https:\/\/www.lymphoma.ca\/fr\/?s={search_term_string}"},"query-input":{"@type":"PropertyValueSpecification","valueRequired":true,"valueName":"search_term_string"}}],"inLanguage":"fr-FR"},{"@type":"Organization","@id":"https:\/\/www.lymphoma.ca\/fr\/#organization","name":"Lymphoma Canada","url":"https:\/\/www.lymphoma.ca\/fr\/","logo":{"@type":"ImageObject","inLanguage":"fr-FR","@id":"https:\/\/www.lymphoma.ca\/fr\/#\/schema\/logo\/image\/","url":"https:\/\/www.lymphoma.ca\/wp-content\/uploads\/2023\/05\/logo-lymphoma.jpg","contentUrl":"https:\/\/www.lymphoma.ca\/wp-content\/uploads\/2023\/05\/logo-lymphoma.jpg","width":343,"height":343,"caption":"Lymphoma Canada"},"image":{"@id":"https:\/\/www.lymphoma.ca\/fr\/#\/schema\/logo\/image\/"},"sameAs":["https:\/\/www.facebook.com\/LymphomaCanada","https:\/\/x.com\/lymphomacanada","https:\/\/www.linkedin.com\/company\/lymphoma-canada\/","http:\/\/instagram.com\/lymphomacanada","http:\/\/www.youtube.com\/user\/LymphomaTV"]}]}},"_links":{"self":[{"href":"https:\/\/www.lymphoma.ca\/fr\/wp-json\/wp\/v2\/pages\/6353","targetHints":{"allow":["GET"]}}],"collection":[{"href":"https:\/\/www.lymphoma.ca\/fr\/wp-json\/wp\/v2\/pages"}],"about":[{"href":"https:\/\/www.lymphoma.ca\/fr\/wp-json\/wp\/v2\/types\/page"}],"author":[{"embeddable":true,"href":"https:\/\/www.lymphoma.ca\/fr\/wp-json\/wp\/v2\/users\/27"}],"replies":[{"embeddable":true,"href":"https:\/\/www.lymphoma.ca\/fr\/wp-json\/wp\/v2\/comments?post=6353"}],"version-history":[{"count":4,"href":"https:\/\/www.lymphoma.ca\/fr\/wp-json\/wp\/v2\/pages\/6353\/revisions"}],"predecessor-version":[{"id":6487,"href":"https:\/\/www.lymphoma.ca\/fr\/wp-json\/wp\/v2\/pages\/6353\/revisions\/6487"}],"up":[{"embeddable":true,"href":"https:\/\/www.lymphoma.ca\/fr\/wp-json\/wp\/v2\/pages\/4232"}],"wp:attachment":[{"href":"https:\/\/www.lymphoma.ca\/fr\/wp-json\/wp\/v2\/media?parent=6353"}],"wp:term":[{"taxonomy":"category","embeddable":true,"href":"https:\/\/www.lymphoma.ca\/fr\/wp-json\/wp\/v2\/categories?post=6353"},{"taxonomy":"post_tag","embeddable":true,"href":"https:\/\/www.lymphoma.ca\/fr\/wp-json\/wp\/v2\/tags?post=6353"}],"curies":[{"name":"wp","href":"https:\/\/api.w.org\/{rel}","templated":true}]}}