{"id":6355,"date":"2020-02-05T17:55:22","date_gmt":"2020-02-05T17:55:22","guid":{"rendered":"https:\/\/www.lymphoma.ca\/ganglions-101\/everything-you-need-to-know-about-your-nodes\/"},"modified":"2020-04-24T12:50:41","modified_gmt":"2020-04-24T12:50:41","slug":"ce-quil-faut-savoir-sur-les-ganglions-lymphatiques","status":"publish","type":"page","link":"https:\/\/www.lymphoma.ca\/fr\/ganglions-101\/ce-quil-faut-savoir-sur-les-ganglions-lymphatiques\/","title":{"rendered":"Ce qu&rsquo;il faut savoir sur les ganglions lymphatiques"},"content":{"rendered":"[vc_row type=\u00a0\u00bbin_container\u00a0\u00bb full_screen_row_position=\u00a0\u00bbmiddle\u00a0\u00bb column_margin=\u00a0\u00bbdefault\u00a0\u00bb scene_position=\u00a0\u00bbcenter\u00a0\u00bb text_color=\u00a0\u00bbdark\u00a0\u00bb text_align=\u00a0\u00bbleft\u00a0\u00bb overlay_strength=\u00a0\u00bb0.3&Prime; shape_divider_position=\u00a0\u00bbbottom\u00a0\u00bb bg_image_animation=\u00a0\u00bbnone\u00a0\u00bb][vc_column column_padding=\u00a0\u00bbno-extra-padding\u00a0\u00bb column_padding_position=\u00a0\u00bball\u00a0\u00bb background_color_opacity=\u00a0\u00bb1&Prime; background_hover_color_opacity=\u00a0\u00bb1&Prime; column_link_target=\u00a0\u00bb_self\u00a0\u00bb column_shadow=\u00a0\u00bbnone\u00a0\u00bb column_border_radius=\u00a0\u00bbnone\u00a0\u00bb width=\u00a0\u00bb1\/1&Prime; tablet_width_inherit=\u00a0\u00bbdefault\u00a0\u00bb tablet_text_alignment=\u00a0\u00bbdefault\u00a0\u00bb phone_text_alignment=\u00a0\u00bbdefault\u00a0\u00bb overlay_strength=\u00a0\u00bb0.3&Prime; column_border_width=\u00a0\u00bbnone\u00a0\u00bb column_border_style=\u00a0\u00bbsolid\u00a0\u00bb bg_image_animation=\u00a0\u00bbnone\u00a0\u00bb][vc_column_text]\n<ul>\n<li><strong>Des filtres exceptionnels<\/strong> &#8211; Les ganglions sont de petits organes en forme de haricot qui assurent la filtration du syst\u00e8me lymphatique. Ils nettoient la lymphe et les lymphocytes pour \u00e9liminer les bact\u00e9ries, les virus et les corps \u00e9trangers. Les ganglions lymphatiques sont \u00e9galement responsables de la fabrication et du stockage des cellules qui combattent l&rsquo;infection, les lymphocytes.<\/li>\n<li><strong>Une arme blanche<\/strong> &#8211; Un lymphocyte est un type de globule blanc qui aide \u00e0 lutter contre les virus et les bact\u00e9ries qui causent les infections.<\/li>\n<li><strong>Un r\u00e9seau d\u00e9velopp\u00e9 <\/strong>&#8211; De la t\u00eate aux pieds, le corps humain compte environ 100 ganglions lymphatiques! On les trouve partout, strat\u00e9giquement aux endroits les plus susceptibles de contenir des bact\u00e9ries.<\/li>\n<li><strong>Cache-cache <\/strong>&#8211; Les ganglions lymphatiques au niveau des aisselles, de l&rsquo;aine et du cou peuvent \u00eatre sentis au toucher. Il en existe toutefois de nombreux autres qu&rsquo;on ne peut pas sentir, par exemple au niveau de l&rsquo;abdomen, du bassin et de la poitrine.<\/li>\n<li><strong>Trouvez les paires<\/strong> &#8211; Les ganglions lymphatiques sont sym\u00e9triques. Lors d&rsquo;un examen physique de routine, le m\u00e9decin va toucher et comparer cinq paires de ganglions lymphatiques pour s&rsquo;assurer qu&rsquo;ils sont sains.<\/li>\n<li><strong>Action-r\u00e9action<\/strong> &#8211; Lorsqu&rsquo;ils luttent contre une infection, les ganglions augmentent de volume, ce qui les rend plus puissants. Ils peuvent devenir douloureux au toucher lorsque l&rsquo;organisme combat une infection (p. ex., une mononucl\u00e9ose ou une angine streptococcique).<\/li>\n<li><strong>Le vrai nom<\/strong> &#8211; Les ganglions lymphatiques, parfois appel\u00e9s \u00e0 tort \u00a0\u00bb glandes \u00a0\u00bb ou \u00a0\u00bb glandes lymphatiques \u00ab\u00a0, ne s\u00e9cr\u00e8tent rien et ne sont donc pas des glandes.<\/li>\n<li><strong>L&rsquo;arbre de la vie<\/strong> &#8211; Le syst\u00e8me lymphatique ressemble \u00e0 un arbre, avec de nombreuses branches ramifi\u00e9es appel\u00e9es \u00a0\u00bb vaisseaux lymphatiques \u00ab\u00a0, qui forment un r\u00e9seau de canaux dont le r\u00f4le est de transporter un liquide incolore, la lymphe. Le syst\u00e8me lymphatique ressemble beaucoup au syst\u00e8me sanguin, qui fait circuler le sang dans le corps.<\/li>\n<li><strong>Syst\u00e8me de d\u00e9fense<\/strong> &#8211; Le syst\u00e8me lymphatique est un r\u00e9seau de tissus, de vaisseaux et d&rsquo;organes et fait partie int\u00e9grante du syst\u00e8me immunitaire, qui joue un r\u00f4le important dans la d\u00e9fense de l&rsquo;organisme contre les infections.<\/li>\n<li><strong>Ouvrez grand<\/strong> &#8211; Les amygdales sont peut-\u00eatre les organes lympho\u00efdes les plus connues du syst\u00e8me lymphatique. Celles-ci aident \u00e0 pr\u00e9venir les infections, en travaillant de pair avec le syst\u00e8me immunitaire.<\/li>\n<\/ul>\n[\/vc_column_text][\/vc_column][\/vc_row][vc_row type=\u00a0\u00bbin_container\u00a0\u00bb full_screen_row_position=\u00a0\u00bbmiddle\u00a0\u00bb column_margin=\u00a0\u00bbdefault\u00a0\u00bb scene_position=\u00a0\u00bbcenter\u00a0\u00bb text_color=\u00a0\u00bbdark\u00a0\u00bb text_align=\u00a0\u00bbleft\u00a0\u00bb overlay_strength=\u00a0\u00bb0.3&Prime; shape_divider_position=\u00a0\u00bbbottom\u00a0\u00bb bg_image_animation=\u00a0\u00bbnone\u00a0\u00bb][vc_column column_padding=\u00a0\u00bbno-extra-padding\u00a0\u00bb column_padding_position=\u00a0\u00bball\u00a0\u00bb background_color_opacity=\u00a0\u00bb1&Prime; background_hover_color_opacity=\u00a0\u00bb1&Prime; column_link_target=\u00a0\u00bb_self\u00a0\u00bb column_shadow=\u00a0\u00bbnone\u00a0\u00bb column_border_radius=\u00a0\u00bbnone\u00a0\u00bb width=\u00a0\u00bb1\/1&Prime; tablet_width_inherit=\u00a0\u00bbdefault\u00a0\u00bb tablet_text_alignment=\u00a0\u00bbdefault\u00a0\u00bb phone_text_alignment=\u00a0\u00bbdefault\u00a0\u00bb overlay_strength=\u00a0\u00bb0.3&Prime; column_border_width=\u00a0\u00bbnone\u00a0\u00bb column_border_style=\u00a0\u00bbsolid\u00a0\u00bb bg_image_animation=\u00a0\u00bbnone\u00a0\u00bb][vc_column_text]\n<h2>Tout sur le lymphome<\/h2>\n<ul>\n<li>Le lymphome est le cancer des cellules sanguines le plus fr\u00e9quent et le troisi\u00e8me cancer en importance chez l\u2019enfant. Bien que cette maladie soit de plus en plus r\u00e9pandue, de nombreuses personnes ne savent pas ce qu\u2019est un lymphome et ignorent qu\u2019il s\u2019agit d\u2019une forme de cancer potentiellement mortelle.<\/li>\n<li>Il y a plus de 35 formes de lymphome. Les deux plus courantes sont la maladie de Hodgkin, d\u00e9couverte par Thomas Hodgkin en 1832, et le lymphome non hodgkinien qui comprend 30 formes distinctes. Les diff\u00e9rentes formes de lymphome prennent naissance dans diff\u00e9rents types de lymphocytes.<\/li>\n<li>Les signes et les sympt\u00f4mes d\u2019un lymphome peuvent souvent \u00eatre confondus avec ceux de maladies moins graves, comme la grippe. En connaissant mieux vos ganglions lymphatiques, les sympt\u00f4mes peuvent \u00eatre d\u00e9tect\u00e9s t\u00f4t, ce qui permet un diagnostic et un traitement rapide et augmente les chances de survie globale. Pour des renseignements suppl\u00e9mentaires, cliquez sur \u00ab Signes et sympt\u00f4mes \u00bb.<\/li>\n<li>Pr\u00e8s de 7 400 Canadiens recevront un diagnostic de lymphome cette ann\u00e9e, ce qui en fait le cinqui\u00e8me cancer en importance au Canada, touchant un nombre alarmant d\u2019enfants, d\u2019hommes et de femmes.<\/li>\n<li>Un million de personnes vivent aujourd&rsquo;hui avec un lymphome \u00e0 travers le monde. En fait, il s\u2019agit du cancer dont l\u2019incidence a le plus augment\u00e9 et la cause exacte de cette hausse est inconnue.<\/li>\n<li>Pour obtenir de plus amples renseignements sur le lymphome, visitez le site de La Fondation Lymphome Canada au\u00a0<a href=\"http:\/\/www.lymphoma.ca\/\">wp.lymphoma.ca<\/a>.<\/li>\n<\/ul>\n[\/vc_column_text][\/vc_column][\/vc_row]\n","protected":false},"excerpt":{"rendered":"<p>[vc_row type=\u00a0\u00bbin_container\u00a0\u00bb full_screen_row_position=\u00a0\u00bbmiddle\u00a0\u00bb column_margin=\u00a0\u00bbdefault\u00a0\u00bb scene_position=\u00a0\u00bbcenter\u00a0\u00bb text_color=\u00a0\u00bbdark\u00a0\u00bb text_align=\u00a0\u00bbleft\u00a0\u00bb overlay_strength=\u00a0\u00bb0.3&Prime; shape_divider_position=\u00a0\u00bbbottom\u00a0\u00bb bg_image_animation=\u00a0\u00bbnone\u00a0\u00bb][vc_column column_padding=\u00a0\u00bbno-extra-padding\u00a0\u00bb column_padding_position=\u00a0\u00bball\u00a0\u00bb background_color_opacity=\u00a0\u00bb1&Prime; background_hover_color_opacity=\u00a0\u00bb1&Prime; column_link_target=\u00a0\u00bb_self\u00a0\u00bb column_shadow=\u00a0\u00bbnone\u00a0\u00bb column_border_radius=\u00a0\u00bbnone\u00a0\u00bb width=\u00a0\u00bb1\/1&Prime; tablet_width_inherit=\u00a0\u00bbdefault\u00a0\u00bb tablet_text_alignment=\u00a0\u00bbdefault\u00a0\u00bb phone_text_alignment=\u00a0\u00bbdefault\u00a0\u00bb overlay_strength=\u00a0\u00bb0.3&Prime; column_border_width=\u00a0\u00bbnone\u00a0\u00bb column_border_style=\u00a0\u00bbsolid\u00a0\u00bb bg_image_animation=\u00a0\u00bbnone\u00a0\u00bb][vc_column_text] Des filtres exceptionnels &#8211; Les&#8230;<\/p>\n","protected":false},"author":27,"featured_media":0,"parent":4232,"menu_order":3,"comment_status":"closed","ping_status":"closed","template":"","meta":{"_acf_changed":false,"footnotes":""},"categories":[],"tags":[],"class_list":["post-6355","page","type-page","status-publish"],"acf":[],"yoast_head":"<!-- This site is optimized with the Yoast SEO plugin v26.7 - https:\/\/yoast.com\/wordpress\/plugins\/seo\/ -->\n<title>Ce qu&#039;il faut savoir sur les ganglions lymphatiques - Lymphoma Canada<\/title>\n<meta name=\"robots\" content=\"index, follow, max-snippet:-1, max-image-preview:large, max-video-preview:-1\" \/>\n<link rel=\"canonical\" href=\"https:\/\/www.lymphoma.ca\/fr\/ganglions-101\/ce-quil-faut-savoir-sur-les-ganglions-lymphatiques\/\" \/>\n<meta property=\"og:locale\" content=\"fr_FR\" \/>\n<meta property=\"og:type\" content=\"article\" \/>\n<meta property=\"og:title\" content=\"Ce qu&#039;il faut savoir sur les ganglions lymphatiques - Lymphoma Canada\" \/>\n<meta property=\"og:description\" content=\"[vc_row type=\u00a0\u00bbin_container\u00a0\u00bb full_screen_row_position=\u00a0\u00bbmiddle\u00a0\u00bb column_margin=\u00a0\u00bbdefault\u00a0\u00bb scene_position=\u00a0\u00bbcenter\u00a0\u00bb text_color=\u00a0\u00bbdark\u00a0\u00bb text_align=\u00a0\u00bbleft\u00a0\u00bb overlay_strength=\u00a0\u00bb0.3&Prime; shape_divider_position=\u00a0\u00bbbottom\u00a0\u00bb bg_image_animation=\u00a0\u00bbnone\u00a0\u00bb][vc_column column_padding=\u00a0\u00bbno-extra-padding\u00a0\u00bb column_padding_position=\u00a0\u00bball\u00a0\u00bb background_color_opacity=\u00a0\u00bb1&Prime; background_hover_color_opacity=\u00a0\u00bb1&Prime; column_link_target=\u00a0\u00bb_self\u00a0\u00bb column_shadow=\u00a0\u00bbnone\u00a0\u00bb column_border_radius=\u00a0\u00bbnone\u00a0\u00bb width=\u00a0\u00bb1\/1&Prime; tablet_width_inherit=\u00a0\u00bbdefault\u00a0\u00bb tablet_text_alignment=\u00a0\u00bbdefault\u00a0\u00bb phone_text_alignment=\u00a0\u00bbdefault\u00a0\u00bb overlay_strength=\u00a0\u00bb0.3&Prime; column_border_width=\u00a0\u00bbnone\u00a0\u00bb column_border_style=\u00a0\u00bbsolid\u00a0\u00bb bg_image_animation=\u00a0\u00bbnone\u00a0\u00bb][vc_column_text] Des filtres exceptionnels &#8211; Les...\" \/>\n<meta property=\"og:url\" content=\"https:\/\/www.lymphoma.ca\/fr\/ganglions-101\/ce-quil-faut-savoir-sur-les-ganglions-lymphatiques\/\" \/>\n<meta property=\"og:site_name\" content=\"Lymphoma Canada\" \/>\n<meta property=\"article:publisher\" content=\"https:\/\/www.facebook.com\/LymphomaCanada\" \/>\n<meta property=\"article:modified_time\" content=\"2020-04-24T12:50:41+00:00\" \/>\n<meta name=\"twitter:card\" content=\"summary_large_image\" \/>\n<meta name=\"twitter:site\" content=\"@lymphomacanada\" \/>\n<meta name=\"twitter:label1\" content=\"Dur\u00e9e de lecture estim\u00e9e\" \/>\n\t<meta name=\"twitter:data1\" content=\"4 minutes\" \/>\n<script type=\"application\/ld+json\" class=\"yoast-schema-graph\">{\"@context\":\"https:\/\/schema.org\",\"@graph\":[{\"@type\":\"WebPage\",\"@id\":\"https:\/\/www.lymphoma.ca\/fr\/ganglions-101\/ce-quil-faut-savoir-sur-les-ganglions-lymphatiques\/\",\"url\":\"https:\/\/www.lymphoma.ca\/fr\/ganglions-101\/ce-quil-faut-savoir-sur-les-ganglions-lymphatiques\/\",\"name\":\"Ce qu'il faut savoir sur les ganglions lymphatiques - Lymphoma Canada\",\"isPartOf\":{\"@id\":\"https:\/\/www.lymphoma.ca\/fr\/#website\"},\"datePublished\":\"2020-02-05T17:55:22+00:00\",\"dateModified\":\"2020-04-24T12:50:41+00:00\",\"breadcrumb\":{\"@id\":\"https:\/\/www.lymphoma.ca\/fr\/ganglions-101\/ce-quil-faut-savoir-sur-les-ganglions-lymphatiques\/#breadcrumb\"},\"inLanguage\":\"fr-FR\",\"potentialAction\":[{\"@type\":\"ReadAction\",\"target\":[\"https:\/\/www.lymphoma.ca\/fr\/ganglions-101\/ce-quil-faut-savoir-sur-les-ganglions-lymphatiques\/\"]}]},{\"@type\":\"BreadcrumbList\",\"@id\":\"https:\/\/www.lymphoma.ca\/fr\/ganglions-101\/ce-quil-faut-savoir-sur-les-ganglions-lymphatiques\/#breadcrumb\",\"itemListElement\":[{\"@type\":\"ListItem\",\"position\":1,\"name\":\"Home\",\"item\":\"https:\/\/www.lymphoma.ca\/fr\/\"},{\"@type\":\"ListItem\",\"position\":2,\"name\":\"Ganglions 101\",\"item\":\"https:\/\/www.lymphoma.ca\/fr\/ganglions-101\/\"},{\"@type\":\"ListItem\",\"position\":3,\"name\":\"Ce qu&#8217;il faut savoir sur les ganglions lymphatiques\"}]},{\"@type\":\"WebSite\",\"@id\":\"https:\/\/www.lymphoma.ca\/fr\/#website\",\"url\":\"https:\/\/www.lymphoma.ca\/fr\/\",\"name\":\"Lymphoma Canada\",\"description\":\"Information. Help. Hope.\",\"publisher\":{\"@id\":\"https:\/\/www.lymphoma.ca\/fr\/#organization\"},\"potentialAction\":[{\"@type\":\"SearchAction\",\"target\":{\"@type\":\"EntryPoint\",\"urlTemplate\":\"https:\/\/www.lymphoma.ca\/fr\/?s={search_term_string}\"},\"query-input\":{\"@type\":\"PropertyValueSpecification\",\"valueRequired\":true,\"valueName\":\"search_term_string\"}}],\"inLanguage\":\"fr-FR\"},{\"@type\":\"Organization\",\"@id\":\"https:\/\/www.lymphoma.ca\/fr\/#organization\",\"name\":\"Lymphoma Canada\",\"url\":\"https:\/\/www.lymphoma.ca\/fr\/\",\"logo\":{\"@type\":\"ImageObject\",\"inLanguage\":\"fr-FR\",\"@id\":\"https:\/\/www.lymphoma.ca\/fr\/#\/schema\/logo\/image\/\",\"url\":\"https:\/\/www.lymphoma.ca\/wp-content\/uploads\/2023\/05\/logo-lymphoma.jpg\",\"contentUrl\":\"https:\/\/www.lymphoma.ca\/wp-content\/uploads\/2023\/05\/logo-lymphoma.jpg\",\"width\":343,\"height\":343,\"caption\":\"Lymphoma Canada\"},\"image\":{\"@id\":\"https:\/\/www.lymphoma.ca\/fr\/#\/schema\/logo\/image\/\"},\"sameAs\":[\"https:\/\/www.facebook.com\/LymphomaCanada\",\"https:\/\/x.com\/lymphomacanada\",\"https:\/\/www.linkedin.com\/company\/lymphoma-canada\/\",\"http:\/\/instagram.com\/lymphomacanada\",\"http:\/\/www.youtube.com\/user\/LymphomaTV\"]}]}<\/script>\n<!-- \/ Yoast SEO plugin. -->","yoast_head_json":{"title":"Ce qu'il faut savoir sur les ganglions lymphatiques - Lymphoma Canada","robots":{"index":"index","follow":"follow","max-snippet":"max-snippet:-1","max-image-preview":"max-image-preview:large","max-video-preview":"max-video-preview:-1"},"canonical":"https:\/\/www.lymphoma.ca\/fr\/ganglions-101\/ce-quil-faut-savoir-sur-les-ganglions-lymphatiques\/","og_locale":"fr_FR","og_type":"article","og_title":"Ce qu'il faut savoir sur les ganglions lymphatiques - Lymphoma Canada","og_description":"[vc_row type=\u00a0\u00bbin_container\u00a0\u00bb full_screen_row_position=\u00a0\u00bbmiddle\u00a0\u00bb column_margin=\u00a0\u00bbdefault\u00a0\u00bb scene_position=\u00a0\u00bbcenter\u00a0\u00bb text_color=\u00a0\u00bbdark\u00a0\u00bb text_align=\u00a0\u00bbleft\u00a0\u00bb overlay_strength=\u00a0\u00bb0.3&Prime; shape_divider_position=\u00a0\u00bbbottom\u00a0\u00bb bg_image_animation=\u00a0\u00bbnone\u00a0\u00bb][vc_column column_padding=\u00a0\u00bbno-extra-padding\u00a0\u00bb column_padding_position=\u00a0\u00bball\u00a0\u00bb background_color_opacity=\u00a0\u00bb1&Prime; background_hover_color_opacity=\u00a0\u00bb1&Prime; column_link_target=\u00a0\u00bb_self\u00a0\u00bb column_shadow=\u00a0\u00bbnone\u00a0\u00bb column_border_radius=\u00a0\u00bbnone\u00a0\u00bb width=\u00a0\u00bb1\/1&Prime; tablet_width_inherit=\u00a0\u00bbdefault\u00a0\u00bb tablet_text_alignment=\u00a0\u00bbdefault\u00a0\u00bb phone_text_alignment=\u00a0\u00bbdefault\u00a0\u00bb overlay_strength=\u00a0\u00bb0.3&Prime; column_border_width=\u00a0\u00bbnone\u00a0\u00bb column_border_style=\u00a0\u00bbsolid\u00a0\u00bb bg_image_animation=\u00a0\u00bbnone\u00a0\u00bb][vc_column_text] Des filtres exceptionnels &#8211; Les...","og_url":"https:\/\/www.lymphoma.ca\/fr\/ganglions-101\/ce-quil-faut-savoir-sur-les-ganglions-lymphatiques\/","og_site_name":"Lymphoma Canada","article_publisher":"https:\/\/www.facebook.com\/LymphomaCanada","article_modified_time":"2020-04-24T12:50:41+00:00","twitter_card":"summary_large_image","twitter_site":"@lymphomacanada","twitter_misc":{"Dur\u00e9e de lecture estim\u00e9e":"4 minutes"},"schema":{"@context":"https:\/\/schema.org","@graph":[{"@type":"WebPage","@id":"https:\/\/www.lymphoma.ca\/fr\/ganglions-101\/ce-quil-faut-savoir-sur-les-ganglions-lymphatiques\/","url":"https:\/\/www.lymphoma.ca\/fr\/ganglions-101\/ce-quil-faut-savoir-sur-les-ganglions-lymphatiques\/","name":"Ce qu'il faut savoir sur les ganglions lymphatiques - Lymphoma Canada","isPartOf":{"@id":"https:\/\/www.lymphoma.ca\/fr\/#website"},"datePublished":"2020-02-05T17:55:22+00:00","dateModified":"2020-04-24T12:50:41+00:00","breadcrumb":{"@id":"https:\/\/www.lymphoma.ca\/fr\/ganglions-101\/ce-quil-faut-savoir-sur-les-ganglions-lymphatiques\/#breadcrumb"},"inLanguage":"fr-FR","potentialAction":[{"@type":"ReadAction","target":["https:\/\/www.lymphoma.ca\/fr\/ganglions-101\/ce-quil-faut-savoir-sur-les-ganglions-lymphatiques\/"]}]},{"@type":"BreadcrumbList","@id":"https:\/\/www.lymphoma.ca\/fr\/ganglions-101\/ce-quil-faut-savoir-sur-les-ganglions-lymphatiques\/#breadcrumb","itemListElement":[{"@type":"ListItem","position":1,"name":"Home","item":"https:\/\/www.lymphoma.ca\/fr\/"},{"@type":"ListItem","position":2,"name":"Ganglions 101","item":"https:\/\/www.lymphoma.ca\/fr\/ganglions-101\/"},{"@type":"ListItem","position":3,"name":"Ce qu&#8217;il faut savoir sur les ganglions lymphatiques"}]},{"@type":"WebSite","@id":"https:\/\/www.lymphoma.ca\/fr\/#website","url":"https:\/\/www.lymphoma.ca\/fr\/","name":"Lymphoma Canada","description":"Information. Help. Hope.","publisher":{"@id":"https:\/\/www.lymphoma.ca\/fr\/#organization"},"potentialAction":[{"@type":"SearchAction","target":{"@type":"EntryPoint","urlTemplate":"https:\/\/www.lymphoma.ca\/fr\/?s={search_term_string}"},"query-input":{"@type":"PropertyValueSpecification","valueRequired":true,"valueName":"search_term_string"}}],"inLanguage":"fr-FR"},{"@type":"Organization","@id":"https:\/\/www.lymphoma.ca\/fr\/#organization","name":"Lymphoma Canada","url":"https:\/\/www.lymphoma.ca\/fr\/","logo":{"@type":"ImageObject","inLanguage":"fr-FR","@id":"https:\/\/www.lymphoma.ca\/fr\/#\/schema\/logo\/image\/","url":"https:\/\/www.lymphoma.ca\/wp-content\/uploads\/2023\/05\/logo-lymphoma.jpg","contentUrl":"https:\/\/www.lymphoma.ca\/wp-content\/uploads\/2023\/05\/logo-lymphoma.jpg","width":343,"height":343,"caption":"Lymphoma Canada"},"image":{"@id":"https:\/\/www.lymphoma.ca\/fr\/#\/schema\/logo\/image\/"},"sameAs":["https:\/\/www.facebook.com\/LymphomaCanada","https:\/\/x.com\/lymphomacanada","https:\/\/www.linkedin.com\/company\/lymphoma-canada\/","http:\/\/instagram.com\/lymphomacanada","http:\/\/www.youtube.com\/user\/LymphomaTV"]}]}},"_links":{"self":[{"href":"https:\/\/www.lymphoma.ca\/fr\/wp-json\/wp\/v2\/pages\/6355","targetHints":{"allow":["GET"]}}],"collection":[{"href":"https:\/\/www.lymphoma.ca\/fr\/wp-json\/wp\/v2\/pages"}],"about":[{"href":"https:\/\/www.lymphoma.ca\/fr\/wp-json\/wp\/v2\/types\/page"}],"author":[{"embeddable":true,"href":"https:\/\/www.lymphoma.ca\/fr\/wp-json\/wp\/v2\/users\/27"}],"replies":[{"embeddable":true,"href":"https:\/\/www.lymphoma.ca\/fr\/wp-json\/wp\/v2\/comments?post=6355"}],"version-history":[{"count":5,"href":"https:\/\/www.lymphoma.ca\/fr\/wp-json\/wp\/v2\/pages\/6355\/revisions"}],"predecessor-version":[{"id":6513,"href":"https:\/\/www.lymphoma.ca\/fr\/wp-json\/wp\/v2\/pages\/6355\/revisions\/6513"}],"up":[{"embeddable":true,"href":"https:\/\/www.lymphoma.ca\/fr\/wp-json\/wp\/v2\/pages\/4232"}],"wp:attachment":[{"href":"https:\/\/www.lymphoma.ca\/fr\/wp-json\/wp\/v2\/media?parent=6355"}],"wp:term":[{"taxonomy":"category","embeddable":true,"href":"https:\/\/www.lymphoma.ca\/fr\/wp-json\/wp\/v2\/categories?post=6355"},{"taxonomy":"post_tag","embeddable":true,"href":"https:\/\/www.lymphoma.ca\/fr\/wp-json\/wp\/v2\/tags?post=6355"}],"curies":[{"name":"wp","href":"https:\/\/api.w.org\/{rel}","templated":true}]}}