{"id":649,"date":"2016-05-12T18:58:20","date_gmt":"2016-05-12T18:58:20","guid":{"rendered":"https:\/\/www.lymphoma.ca\/?page_id=649"},"modified":"2016-05-12T18:58:20","modified_gmt":"2016-05-12T18:58:20","slug":"a-propos-de-lymphome-canada","status":"publish","type":"page","link":"https:\/\/www.lymphoma.ca\/fr\/a-propos-de-lymphome-canada\/","title":{"rendered":"\u00c0 Propos De Lymphome Canada"},"content":{"rendered":"<h2>&nbsp;<\/h2>\n<p>Recevoir un diagnostic de lymphome est une exp\u00e9rience bouleversante. Il est donc tout \u00e0 fait normal d\u2019\u00eatre stup\u00e9fait \u00e0 l\u2019annonce du diagnostic, de se sentir anxieux quant \u00e0 l\u2019avenir et d\u00e9concert\u00e9 en ce qui concerne l\u2019information m\u00e9dicale et les d\u00e9cisions \u00e0 prendre. <a href=\"http:\/\/www.lymphoma.ca\/fr\">Lymphome Canada<\/a> s\u2019est engag\u00e9 \u00e0 faire en sorte que les patients et leurs proches disposent de l\u2019information et du soutien dont ils ont besoin tout au long de leur lutte contre la maladie. Plus les patients et leurs aidants seront renseign\u00e9s \u00e0 cet effet, plus ils seront confiants au moment de prendre des d\u00e9cisions sur leur mieux-\u00eatre et de passer \u00e0 l\u2019action.<\/p>\n<p>Le lymphome est une maladie qui touche la vie d\u2019un grand nombre de personnes \u2014 patients, familles, soignants, aidants naturels, professionnels de la sant\u00e9 et chercheurs. <a href=\"http:\/\/www.lymphoma.ca\/fr\">Lymphome Canada<\/a> unit toutes ces personnes et leur offre des moyens d\u2019action par le biais des activit\u00e9s \u00e9ducatives, des services de soutien et de la recherche. Ensemble, nous favorisons le d\u00e9pistage pr\u00e9coce, nous trouvons de nouveaux et de meilleurs traitements, nous aidons les patients \u00e0 en b\u00e9n\u00e9ficier, nous tentons d\u2019en apprendre davantage sur les multiples causes et trajectoires du lymphome tout en cherchant des moyens de gu\u00e9rir cette maladie.<\/p>\n<p><span>Lymphome Canada, le seul organisme national au pays \u00e0 se <span style=\"text-decoration: underline;\">consacrer enti\u00e8rement au lymphome<\/span>, fournit gratuitement aux patients, aux soignants et aux aidants naturels l\u2019information et le soutien dans les deux langues officielles.<\/span><\/p>\n<p><strong>Notre vision&nbsp;: vivre sans barri\u00e8res avec le lymphome.<\/strong><\/p>\n<p>Pour plus d\u2019informations sur cet organisme de bienfaisance enregistr\u00e9, visitez <a href=\"http:\/\/www.lymphoma.ca\/fr\">http:\/\/www.lymphoma.ca\/fr<\/a>&nbsp;ou composez le 514-426-6266.<\/p>\n<h4>\u00c0 Propos du Lymphome<\/h4>\n<ul>\n<li>Le lymphome est un cancer qui affecte les lymphocytes, un \u00e9l\u00e9ment essentiel du syst\u00e8me immunitaire, notre principal agent de d\u00e9fense contre la maladie.<\/li>\n<li>Le lymphome se classe au <strong>5<sup>e<\/sup> rang des cancers les plus courants<\/strong> au Canada. Toutes les <strong>45 minutes<\/strong>, une Canadienne ou un Canadien re\u00e7oit un diagnostic de lymphome.<\/li>\n<li>Le lymphome peut se manifester \u00e0 tout \u00e2ge. Il est la <strong>principale forme de cancer chez les adolescents et les jeunes adultes <\/strong>(de 15 \u00e0 29 ans) et la <strong>troisi\u00e8me forme de cancer la plus courante chez les enfants<\/strong>.<\/li>\n<li>Le lymphome frappe aveugl\u00e9ment. On en ignore la cause.<\/li>\n<\/ul>\n<p>&nbsp;Pour obtenir plus de d\u00e9tails sur les diff\u00e9rents lymphomes, visitez <a href=\"\/fr\/lymphome\">www.lymphoma.ca\/fr\/lymphome<\/a>.<\/p>\n<h4>&nbsp;\u00c0 quoi servent vos dons<\/h4>\n<p class=\"p1\">Les dons vers\u00e9s \u00e0 l\u2019\u00e9v\u00e9nement&nbsp;<strong><em>tous \u00e0 vos tapis<\/em>,&nbsp;<em>la r\u00e9volution du yoga et de la m\u00e9ditation&nbsp;<\/em><\/strong>aident directement les Canadiennes et les Canadiens atteints d\u2019un lymphome, leur famille et les professionnels de la sant\u00e9 sp\u00e9cialis\u00e9s dans le traitement de cette maladie. Gr\u00e2ce \u00e0 la g\u00e9n\u00e9rosit\u00e9 des commanditaires, des participants et des donateurs de&nbsp;<strong><em>tous \u00e0 vos tapis<\/em><\/strong>, <a href=\"http:\/\/www.lymphome.ca\">Lymphome Canada<\/a> peut mettre en \u0153uvre et soutenir les programmes suivants:<\/p>\n<ul class=\"ul1\">\n<li class=\"li1\"><em>Mentorat entre pairs&nbsp;<\/em>: Ce programme vise \u00e0 mettre en contact les patients et leurs aidants avec d\u2019autres personnes qui ont v\u00e9cu la m\u00eame exp\u00e9rience qu\u2019eux.<\/li>\n<li class=\"li3\"><em>Forums \u00e9ducatifs&nbsp;<\/em>: Ces tribunes renseignent les patients et leurs proches sur les plus r\u00e9centes donn\u00e9es sur le lymphome.<\/li>\n<li class=\"li4\"><em>Lignes directrices nationales sur le traitement du lymphome<\/em>: Ces directives, \u00e9labor\u00e9es par des experts canadiens en mati\u00e8re de lymphome, sont destin\u00e9es aux patients et aux m\u00e9decins;&nbsp; elles ont \u00e9t\u00e9 financ\u00e9es et pilot\u00e9es par Lymphome Canada.<\/li>\n<\/ul>\n<p class=\"p1\">Plus vous donnez, plus nous pouvons redonner \u00e0 la collectivit\u00e9.&nbsp;<br \/>Nous esp\u00e9rons que vous participerez et que vous soutiendrez l\u2019\u00e9dition de cette ann\u00e9e!<\/p>\n<p class=\"p3\">Cliquez ici pour en apprendre davantage sur&nbsp;<a href=\"http:\/\/www.lymphoma.ca\/fr\">Lymphome Canada<\/a>.&nbsp;<\/p>\n","protected":false},"excerpt":{"rendered":"<p>&nbsp; Recevoir un diagnostic de lymphome est une exp\u00e9rience bouleversante. Il est donc tout \u00e0 fait normal d\u2019\u00eatre stup\u00e9fait \u00e0 l\u2019annonce du diagnostic, de se sentir anxieux quant \u00e0 l\u2019avenir&#8230;<\/p>\n","protected":false},"author":6,"featured_media":0,"parent":0,"menu_order":110,"comment_status":"closed","ping_status":"closed","template":"","meta":{"_acf_changed":false,"footnotes":""},"categories":[],"tags":[],"class_list":["post-649","page","type-page","status-publish"],"acf":[],"yoast_head":"<!-- This site is optimized with the Yoast SEO plugin v26.7 - https:\/\/yoast.com\/wordpress\/plugins\/seo\/ -->\n<title>\u00c0 Propos De Lymphome Canada - Lymphoma Canada<\/title>\n<meta name=\"robots\" content=\"index, follow, max-snippet:-1, max-image-preview:large, max-video-preview:-1\" \/>\n<link rel=\"canonical\" href=\"https:\/\/www.lymphoma.ca\/fr\/a-propos-de-lymphome-canada\/\" \/>\n<meta property=\"og:locale\" content=\"fr_FR\" \/>\n<meta property=\"og:type\" content=\"article\" \/>\n<meta property=\"og:title\" content=\"\u00c0 Propos De Lymphome Canada - Lymphoma Canada\" \/>\n<meta property=\"og:description\" content=\"&nbsp; Recevoir un diagnostic de lymphome est une exp\u00e9rience bouleversante. Il est donc tout \u00e0 fait normal d\u2019\u00eatre stup\u00e9fait \u00e0 l\u2019annonce du diagnostic, de se sentir anxieux quant \u00e0 l\u2019avenir...\" \/>\n<meta property=\"og:url\" content=\"https:\/\/www.lymphoma.ca\/fr\/a-propos-de-lymphome-canada\/\" \/>\n<meta property=\"og:site_name\" content=\"Lymphoma Canada\" \/>\n<meta property=\"article:publisher\" content=\"https:\/\/www.facebook.com\/LymphomaCanada\" \/>\n<meta name=\"twitter:card\" content=\"summary_large_image\" \/>\n<meta name=\"twitter:site\" content=\"@lymphomacanada\" \/>\n<meta name=\"twitter:label1\" content=\"Dur\u00e9e de lecture estim\u00e9e\" \/>\n\t<meta name=\"twitter:data1\" content=\"3 minutes\" \/>\n<script type=\"application\/ld+json\" class=\"yoast-schema-graph\">{\"@context\":\"https:\/\/schema.org\",\"@graph\":[{\"@type\":\"WebPage\",\"@id\":\"https:\/\/www.lymphoma.ca\/fr\/a-propos-de-lymphome-canada\/\",\"url\":\"https:\/\/www.lymphoma.ca\/fr\/a-propos-de-lymphome-canada\/\",\"name\":\"\u00c0 Propos De Lymphome Canada - Lymphoma Canada\",\"isPartOf\":{\"@id\":\"https:\/\/www.lymphoma.ca\/fr\/#website\"},\"datePublished\":\"2016-05-12T18:58:20+00:00\",\"breadcrumb\":{\"@id\":\"https:\/\/www.lymphoma.ca\/fr\/a-propos-de-lymphome-canada\/#breadcrumb\"},\"inLanguage\":\"fr-FR\",\"potentialAction\":[{\"@type\":\"ReadAction\",\"target\":[\"https:\/\/www.lymphoma.ca\/fr\/a-propos-de-lymphome-canada\/\"]}]},{\"@type\":\"BreadcrumbList\",\"@id\":\"https:\/\/www.lymphoma.ca\/fr\/a-propos-de-lymphome-canada\/#breadcrumb\",\"itemListElement\":[{\"@type\":\"ListItem\",\"position\":1,\"name\":\"Home\",\"item\":\"https:\/\/www.lymphoma.ca\/fr\/\"},{\"@type\":\"ListItem\",\"position\":2,\"name\":\"\u00c0 Propos De Lymphome Canada\"}]},{\"@type\":\"WebSite\",\"@id\":\"https:\/\/www.lymphoma.ca\/fr\/#website\",\"url\":\"https:\/\/www.lymphoma.ca\/fr\/\",\"name\":\"Lymphoma Canada\",\"description\":\"Information. Help. Hope.\",\"publisher\":{\"@id\":\"https:\/\/www.lymphoma.ca\/fr\/#organization\"},\"potentialAction\":[{\"@type\":\"SearchAction\",\"target\":{\"@type\":\"EntryPoint\",\"urlTemplate\":\"https:\/\/www.lymphoma.ca\/fr\/?s={search_term_string}\"},\"query-input\":{\"@type\":\"PropertyValueSpecification\",\"valueRequired\":true,\"valueName\":\"search_term_string\"}}],\"inLanguage\":\"fr-FR\"},{\"@type\":\"Organization\",\"@id\":\"https:\/\/www.lymphoma.ca\/fr\/#organization\",\"name\":\"Lymphoma Canada\",\"url\":\"https:\/\/www.lymphoma.ca\/fr\/\",\"logo\":{\"@type\":\"ImageObject\",\"inLanguage\":\"fr-FR\",\"@id\":\"https:\/\/www.lymphoma.ca\/fr\/#\/schema\/logo\/image\/\",\"url\":\"https:\/\/www.lymphoma.ca\/wp-content\/uploads\/2023\/05\/logo-lymphoma.jpg\",\"contentUrl\":\"https:\/\/www.lymphoma.ca\/wp-content\/uploads\/2023\/05\/logo-lymphoma.jpg\",\"width\":343,\"height\":343,\"caption\":\"Lymphoma Canada\"},\"image\":{\"@id\":\"https:\/\/www.lymphoma.ca\/fr\/#\/schema\/logo\/image\/\"},\"sameAs\":[\"https:\/\/www.facebook.com\/LymphomaCanada\",\"https:\/\/x.com\/lymphomacanada\",\"https:\/\/www.linkedin.com\/company\/lymphoma-canada\/\",\"http:\/\/instagram.com\/lymphomacanada\",\"http:\/\/www.youtube.com\/user\/LymphomaTV\"]}]}<\/script>\n<!-- \/ Yoast SEO plugin. -->","yoast_head_json":{"title":"\u00c0 Propos De Lymphome Canada - Lymphoma Canada","robots":{"index":"index","follow":"follow","max-snippet":"max-snippet:-1","max-image-preview":"max-image-preview:large","max-video-preview":"max-video-preview:-1"},"canonical":"https:\/\/www.lymphoma.ca\/fr\/a-propos-de-lymphome-canada\/","og_locale":"fr_FR","og_type":"article","og_title":"\u00c0 Propos De Lymphome Canada - Lymphoma Canada","og_description":"&nbsp; Recevoir un diagnostic de lymphome est une exp\u00e9rience bouleversante. Il est donc tout \u00e0 fait normal d\u2019\u00eatre stup\u00e9fait \u00e0 l\u2019annonce du diagnostic, de se sentir anxieux quant \u00e0 l\u2019avenir...","og_url":"https:\/\/www.lymphoma.ca\/fr\/a-propos-de-lymphome-canada\/","og_site_name":"Lymphoma Canada","article_publisher":"https:\/\/www.facebook.com\/LymphomaCanada","twitter_card":"summary_large_image","twitter_site":"@lymphomacanada","twitter_misc":{"Dur\u00e9e de lecture estim\u00e9e":"3 minutes"},"schema":{"@context":"https:\/\/schema.org","@graph":[{"@type":"WebPage","@id":"https:\/\/www.lymphoma.ca\/fr\/a-propos-de-lymphome-canada\/","url":"https:\/\/www.lymphoma.ca\/fr\/a-propos-de-lymphome-canada\/","name":"\u00c0 Propos De Lymphome Canada - Lymphoma Canada","isPartOf":{"@id":"https:\/\/www.lymphoma.ca\/fr\/#website"},"datePublished":"2016-05-12T18:58:20+00:00","breadcrumb":{"@id":"https:\/\/www.lymphoma.ca\/fr\/a-propos-de-lymphome-canada\/#breadcrumb"},"inLanguage":"fr-FR","potentialAction":[{"@type":"ReadAction","target":["https:\/\/www.lymphoma.ca\/fr\/a-propos-de-lymphome-canada\/"]}]},{"@type":"BreadcrumbList","@id":"https:\/\/www.lymphoma.ca\/fr\/a-propos-de-lymphome-canada\/#breadcrumb","itemListElement":[{"@type":"ListItem","position":1,"name":"Home","item":"https:\/\/www.lymphoma.ca\/fr\/"},{"@type":"ListItem","position":2,"name":"\u00c0 Propos De Lymphome Canada"}]},{"@type":"WebSite","@id":"https:\/\/www.lymphoma.ca\/fr\/#website","url":"https:\/\/www.lymphoma.ca\/fr\/","name":"Lymphoma Canada","description":"Information. Help. Hope.","publisher":{"@id":"https:\/\/www.lymphoma.ca\/fr\/#organization"},"potentialAction":[{"@type":"SearchAction","target":{"@type":"EntryPoint","urlTemplate":"https:\/\/www.lymphoma.ca\/fr\/?s={search_term_string}"},"query-input":{"@type":"PropertyValueSpecification","valueRequired":true,"valueName":"search_term_string"}}],"inLanguage":"fr-FR"},{"@type":"Organization","@id":"https:\/\/www.lymphoma.ca\/fr\/#organization","name":"Lymphoma Canada","url":"https:\/\/www.lymphoma.ca\/fr\/","logo":{"@type":"ImageObject","inLanguage":"fr-FR","@id":"https:\/\/www.lymphoma.ca\/fr\/#\/schema\/logo\/image\/","url":"https:\/\/www.lymphoma.ca\/wp-content\/uploads\/2023\/05\/logo-lymphoma.jpg","contentUrl":"https:\/\/www.lymphoma.ca\/wp-content\/uploads\/2023\/05\/logo-lymphoma.jpg","width":343,"height":343,"caption":"Lymphoma Canada"},"image":{"@id":"https:\/\/www.lymphoma.ca\/fr\/#\/schema\/logo\/image\/"},"sameAs":["https:\/\/www.facebook.com\/LymphomaCanada","https:\/\/x.com\/lymphomacanada","https:\/\/www.linkedin.com\/company\/lymphoma-canada\/","http:\/\/instagram.com\/lymphomacanada","http:\/\/www.youtube.com\/user\/LymphomaTV"]}]}},"_links":{"self":[{"href":"https:\/\/www.lymphoma.ca\/fr\/wp-json\/wp\/v2\/pages\/649","targetHints":{"allow":["GET"]}}],"collection":[{"href":"https:\/\/www.lymphoma.ca\/fr\/wp-json\/wp\/v2\/pages"}],"about":[{"href":"https:\/\/www.lymphoma.ca\/fr\/wp-json\/wp\/v2\/types\/page"}],"author":[{"embeddable":true,"href":"https:\/\/www.lymphoma.ca\/fr\/wp-json\/wp\/v2\/users\/6"}],"replies":[{"embeddable":true,"href":"https:\/\/www.lymphoma.ca\/fr\/wp-json\/wp\/v2\/comments?post=649"}],"version-history":[{"count":0,"href":"https:\/\/www.lymphoma.ca\/fr\/wp-json\/wp\/v2\/pages\/649\/revisions"}],"wp:attachment":[{"href":"https:\/\/www.lymphoma.ca\/fr\/wp-json\/wp\/v2\/media?parent=649"}],"wp:term":[{"taxonomy":"category","embeddable":true,"href":"https:\/\/www.lymphoma.ca\/fr\/wp-json\/wp\/v2\/categories?post=649"},{"taxonomy":"post_tag","embeddable":true,"href":"https:\/\/www.lymphoma.ca\/fr\/wp-json\/wp\/v2\/tags?post=649"}],"curies":[{"name":"wp","href":"https:\/\/api.w.org\/{rel}","templated":true}]}}