{"id":653,"date":"2016-05-12T19:56:30","date_gmt":"2016-05-12T19:56:30","guid":{"rendered":"https:\/\/www.lymphoma.ca\/?page_id=653"},"modified":"2020-01-07T17:23:05","modified_gmt":"2020-01-07T17:23:05","slug":"batir-votre-reseau-de-donateurs-et-y-faire-appel","status":"publish","type":"page","link":"https:\/\/www.lymphoma.ca\/fr\/tous-a-vos-tapis-montreal\/collectes-de-fonds\/batir-votre-reseau-de-donateurs-et-y-faire-appel\/","title":{"rendered":"B\u00e2tir Votre R\u00e9seau de Donateurs et Y Faire Appel"},"content":{"rendered":"<p>Pr\u00eat \u00e0 solliciter de l\u2019aide pour autrui? Vous connaissez plus de gens que vous ne le croyez. L\u2019atteinte de votre objectif de collecte de fonds n\u00e9cessitera l\u2019appui des autres. Le temps est venu d\u2019en appeler \u00e0 votre cercle d\u2019amis et de connaissances. La liste exhaustive pr\u00e9sent\u00e9e ci-dessous vous aidera dans votre d\u00e9marche. Gardez en t\u00eate que la plupart des gens voudront soutenir vos efforts de collecte de fonds pour la cause du lymphome.<\/p>\n<p>Cette liste de donateurs potentiels est facile \u00e0 g\u00e9rer. Utilisez-la comme outil de suivi de vos demandes de dons. N\u2019h\u00e9sitez pas \u00e0 enrichir la liste.&nbsp;<\/p>\n<p>Communiquez d\u2019abord avec les gens par une vari\u00e9t\u00e9 de moyens&nbsp;: courriels, Twitter, Facebook, LinkedIn et le t\u00e9l\u00e9phone. Ne vous d\u00e9couragez pas s\u2019ils ne r\u00e9pondent pas imm\u00e9diatement; vous devrez peut-\u00eatre les relancer plus d\u2019une fois. Demeurez l\u2019esprit ouvert. Vous seriez surpris de constater qui a \u00e9t\u00e9 touch\u00e9 par un lymphome ou par d\u2019autres formes de cancer. Nombreux sont ceux et celles qui l\u2019ont \u00e9t\u00e9 et plusieurs seront pr\u00eats \u00e0 donner en retour. Il est possible que vous deviez formuler la demande jusqu\u2019\u00e0 trois&nbsp;fois avant de recevoir une r\u00e9ponse. Les gens n\u2019envoient un don que rarement apr\u00e8s une seule demande; ils sont occup\u00e9s et ils oublient. Des rappels amicaux sont utiles et souvent appr\u00e9ci\u00e9s.<\/p>\n<p>&nbsp;<\/p>\n<p><strong>B\u00e2tir votre r\u00e9seau de donateurs et y faire appel <\/strong><br \/><strong>C<\/strong><strong>ochez les connaissances d\u00e8s l\u2019envoi d\u2019une demande<\/strong><\/p>\n<table width=\"469\" border=\"0\" cellspacing=\"0\" cellpadding=\"0\">\n<tbody>\n<tr>\n<td valign=\"bottom\" width=\"162\">\n<p><strong>R\u00e9seau<\/strong><\/p>\n<\/td>\n<td valign=\"bottom\" width=\"135\">\n<p><strong>Nom<\/strong><\/p>\n<\/td>\n<td valign=\"bottom\" width=\"171\">\n<p><strong>Date d\u2019envoi de la demande<\/strong><\/p>\n<\/td>\n<\/tr>\n<tr>\n<td width=\"162\">&nbsp;<\/td>\n<td valign=\"bottom\" width=\"135\">\n<p>&nbsp;<\/p>\n<\/td>\n<td valign=\"bottom\" width=\"171\">\n<p>&nbsp;<\/p>\n<\/td>\n<\/tr>\n<tr>\n<td width=\"162\">\n<p>Agence de publicit\u00e9<\/p>\n<\/td>\n<td valign=\"bottom\" width=\"135\">\n<p>&nbsp;<\/p>\n<\/td>\n<td valign=\"bottom\" width=\"171\">\n<p>&nbsp;<\/p>\n<\/td>\n<\/tr>\n<tr>\n<td width=\"162\">\n<p>Agent ou agente d\u2019assurance<\/p>\n<\/td>\n<td valign=\"bottom\" width=\"135\">\n<p>&nbsp;<\/p>\n<\/td>\n<td valign=\"bottom\" width=\"171\">\n<p>&nbsp;<\/p>\n<\/td>\n<\/tr>\n<tr>\n<td width=\"162\">\n<p>Aide-comptable<\/p>\n<\/td>\n<td valign=\"bottom\" width=\"135\">\n<p>&nbsp;<\/p>\n<\/td>\n<td valign=\"bottom\" width=\"171\">\n<p>&nbsp;<\/p>\n<\/td>\n<\/tr>\n<tr>\n<td width=\"162\">\n<p>Anciens d\u2019une universit\u00e9<\/p>\n<\/td>\n<td valign=\"bottom\" width=\"135\">\n<p>&nbsp;<\/p>\n<\/td>\n<td valign=\"bottom\" width=\"171\">\n<p>&nbsp;<\/p>\n<\/td>\n<\/tr>\n<tr>\n<td width=\"162\">\n<p>Architecte<\/p>\n<\/td>\n<td valign=\"bottom\" width=\"135\">\n<p>&nbsp;<\/p>\n<\/td>\n<td valign=\"bottom\" width=\"171\">\n<p>&nbsp;<\/p>\n<\/td>\n<\/tr>\n<tr>\n<td width=\"162\">\n<p>Association des anciens \u00e9tudiants<\/p>\n<\/td>\n<td valign=\"bottom\" width=\"135\">\n<p>&nbsp;<\/p>\n<\/td>\n<td valign=\"bottom\" width=\"171\">\n<p>&nbsp;<\/p>\n<\/td>\n<\/tr>\n<tr>\n<td width=\"162\">\n<p>Associations professionnelles<\/p>\n<\/td>\n<td valign=\"bottom\" width=\"135\">\n<p>&nbsp;<\/p>\n<\/td>\n<td valign=\"bottom\" width=\"171\">\n<p>&nbsp;<\/p>\n<\/td>\n<\/tr>\n<tr>\n<td width=\"162\">\n<p>Avocat<\/p>\n<\/td>\n<td valign=\"bottom\" width=\"135\">\n<p>&nbsp;<\/p>\n<\/td>\n<td valign=\"bottom\" width=\"171\">\n<p>&nbsp;<\/p>\n<\/td>\n<\/tr>\n<tr>\n<td width=\"162\">\n<p>Barman ou barmaid<\/p>\n<\/td>\n<td valign=\"bottom\" width=\"135\">\n<p>&nbsp;<\/p>\n<\/td>\n<td valign=\"bottom\" width=\"171\">\n<p>&nbsp;<\/p>\n<\/td>\n<\/tr>\n<tr>\n<td width=\"162\">\n<p>Caf\u00e9 du coin et commer\u00e7ants du quartier<\/p>\n<\/td>\n<td valign=\"bottom\" width=\"135\">\n<p>&nbsp;<\/p>\n<\/td>\n<td valign=\"bottom\" width=\"171\">\n<p>&nbsp;<\/p>\n<\/td>\n<\/tr>\n<tr>\n<td width=\"162\">\n<p>Chiropraticien ou chiropraticienne<\/p>\n<\/td>\n<td valign=\"bottom\" width=\"135\">\n<p>&nbsp;<\/p>\n<\/td>\n<td valign=\"bottom\" width=\"171\">\n<p>&nbsp;<\/p>\n<\/td>\n<\/tr>\n<tr>\n<td width=\"162\">\n<p>Clients<\/p>\n<\/td>\n<td valign=\"bottom\" width=\"135\">\n<p>&nbsp;<\/p>\n<\/td>\n<td valign=\"bottom\" width=\"171\">\n<p>&nbsp;<\/p>\n<\/td>\n<\/tr>\n<tr>\n<td width=\"162\">\n<p>Coiffeur ou coiffeuse \/coloriste<\/p>\n<\/td>\n<td valign=\"bottom\" width=\"135\">\n<p>&nbsp;<\/p>\n<\/td>\n<td valign=\"bottom\" width=\"171\">\n<p>&nbsp;<\/p>\n<\/td>\n<\/tr>\n<tr>\n<td width=\"162\">\n<p>Coll\u00e8gues<\/p>\n<\/td>\n<td valign=\"bottom\" width=\"135\">\n<p>&nbsp;<\/p>\n<\/td>\n<td valign=\"bottom\" width=\"171\">\n<p>&nbsp;<\/p>\n<\/td>\n<\/tr>\n<tr>\n<td width=\"162\">\n<p>Comptable<\/p>\n<\/td>\n<td valign=\"bottom\" width=\"135\">\n<p>&nbsp;<\/p>\n<\/td>\n<td valign=\"bottom\" width=\"171\">\n<p>&nbsp;<\/p>\n<\/td>\n<\/tr>\n<tr>\n<td width=\"162\">\n<p>Concepteur de site web<\/p>\n<\/td>\n<td valign=\"bottom\" width=\"135\">\n<p>&nbsp;<\/p>\n<\/td>\n<td valign=\"bottom\" width=\"171\">\n<p>&nbsp;<\/p>\n<\/td>\n<\/tr>\n<tr>\n<td width=\"162\">\n<p>Concessionnaire automobile<\/p>\n<\/td>\n<td valign=\"bottom\" width=\"135\">\n<p>&nbsp;<\/p>\n<\/td>\n<td valign=\"bottom\" width=\"171\">\n<p>&nbsp;<\/p>\n<\/td>\n<\/tr>\n<tr>\n<td width=\"162\">\n<p>Conseiller financier ou conseill\u00e8re financi\u00e8re<\/p>\n<\/td>\n<td valign=\"bottom\" width=\"135\">\n<p>&nbsp;<\/p>\n<\/td>\n<td valign=\"bottom\" width=\"171\">\n<p>&nbsp;<\/p>\n<\/td>\n<\/tr>\n<tr>\n<td width=\"162\">\n<p>Courtier ou courti\u00e8re en pr\u00eat hypoth\u00e9caire<\/p>\n<\/td>\n<td valign=\"bottom\" width=\"135\">\n<p>&nbsp;<\/p>\n<\/td>\n<td valign=\"bottom\" width=\"171\">\n<p>&nbsp;<\/p>\n<\/td>\n<\/tr>\n<tr>\n<td width=\"162\">\n<p>Courtier ou courti\u00e8re en immobilier<\/p>\n<\/td>\n<td valign=\"bottom\" width=\"135\">\n<p>&nbsp;<\/p>\n<\/td>\n<td valign=\"bottom\" width=\"171\">\n<p>&nbsp;<\/p>\n<\/td>\n<\/tr>\n<tr>\n<td width=\"162\">\n<p>D\u00e9corateur ou d\u00e9coratrice<\/p>\n<\/td>\n<td valign=\"bottom\" width=\"135\">\n<p>&nbsp;<\/p>\n<\/td>\n<td valign=\"bottom\" width=\"171\">\n<p>&nbsp;<\/p>\n<\/td>\n<\/tr>\n<tr>\n<td width=\"162\">\n<p>Dentiste<\/p>\n<\/td>\n<td valign=\"bottom\" width=\"135\">\n<p>&nbsp;<\/p>\n<\/td>\n<td valign=\"bottom\" width=\"171\">\n<p>&nbsp;<\/p>\n<\/td>\n<\/tr>\n<tr>\n<td width=\"162\">\n<p>Directeur ou directrice de banque<\/p>\n<\/td>\n<td valign=\"bottom\" width=\"135\">\n<p>&nbsp;<\/p>\n<\/td>\n<td valign=\"bottom\" width=\"171\">\n<p>&nbsp;<\/p>\n<\/td>\n<\/tr>\n<tr>\n<td width=\"162\">\n<p>Employeur<\/p>\n<\/td>\n<td valign=\"bottom\" width=\"135\">\n<p>&nbsp;<\/p>\n<\/td>\n<td valign=\"bottom\" width=\"171\">\n<p>&nbsp;<\/p>\n<\/td>\n<\/tr>\n<tr>\n<td width=\"162\">\n<p>\u00c9quipes sportives<\/p>\n<\/td>\n<td valign=\"bottom\" width=\"135\">\n<p>&nbsp;<\/p>\n<\/td>\n<td valign=\"bottom\" width=\"171\">\n<p>&nbsp;<\/p>\n<\/td>\n<\/tr>\n<tr>\n<td width=\"162\">\n<p>Fleuriste<\/p>\n<\/td>\n<td valign=\"bottom\" width=\"135\">\n<p>&nbsp;<\/p>\n<\/td>\n<td valign=\"bottom\" width=\"171\">\n<p>&nbsp;<\/p>\n<\/td>\n<\/tr>\n<tr>\n<td width=\"162\">\n<p>Fournisseurs de services<\/p>\n<\/td>\n<td valign=\"bottom\" width=\"135\">\n<p>&nbsp;<\/p>\n<\/td>\n<td valign=\"bottom\" width=\"171\">\n<p>&nbsp;<\/p>\n<\/td>\n<\/tr>\n<tr>\n<td width=\"162\">\n<p>Fournisseurs et vendeurs<\/p>\n<\/td>\n<td valign=\"bottom\" width=\"135\">\n<p>&nbsp;<\/p>\n<\/td>\n<td valign=\"bottom\" width=\"171\">\n<p>&nbsp;<\/p>\n<\/td>\n<\/tr>\n<tr>\n<td width=\"162\">\n<p>Garderie<\/p>\n<\/td>\n<td valign=\"bottom\" width=\"135\">\n<p>&nbsp;<\/p>\n<\/td>\n<td valign=\"bottom\" width=\"171\">\n<p>&nbsp;<\/p>\n<\/td>\n<\/tr>\n<tr>\n<td width=\"162\">\n<p>Groupe de b\u00e9n\u00e9voles<\/p>\n<\/td>\n<td valign=\"bottom\" width=\"135\">\n<p>&nbsp;<\/p>\n<\/td>\n<td valign=\"bottom\" width=\"171\">\n<p>&nbsp;<\/p>\n<\/td>\n<\/tr>\n<tr>\n<td width=\"162\">\n<p>Groupe de course<\/p>\n<\/td>\n<td valign=\"bottom\" width=\"135\">\n<p>&nbsp;<\/p>\n<\/td>\n<td valign=\"bottom\" width=\"171\">\n<p>&nbsp;<\/p>\n<\/td>\n<\/tr>\n<tr>\n<td width=\"162\">\n<p>Groupe de cyclorandonneurs<\/p>\n<\/td>\n<td valign=\"bottom\" width=\"135\">\n<p>&nbsp;<\/p>\n<\/td>\n<td valign=\"bottom\" width=\"171\">\n<p>&nbsp;<\/p>\n<\/td>\n<\/tr>\n<tr>\n<td width=\"162\">\n<p>Imprimeur<\/p>\n<\/td>\n<td valign=\"bottom\" width=\"135\">\n<p>&nbsp;<\/p>\n<\/td>\n<td valign=\"bottom\" width=\"171\">\n<p>&nbsp;<\/p>\n<\/td>\n<\/tr>\n<tr>\n<td width=\"162\">\n<p>Liste de cartes de No\u00ebl<\/p>\n<\/td>\n<td valign=\"bottom\" width=\"135\">\n<p>&nbsp;<\/p>\n<\/td>\n<td valign=\"bottom\" width=\"171\">\n<p>&nbsp;<\/p>\n<\/td>\n<\/tr>\n<tr>\n<td width=\"162\">\n<p>Liste de dons \u2013 personnes que vous avez soutenues pr\u00e9c\u00e9demment<\/p>\n<\/td>\n<td valign=\"bottom\" width=\"135\">&nbsp;<\/td>\n<td valign=\"bottom\" width=\"171\">\n<p>&nbsp;<\/p>\n<\/td>\n<\/tr>\n<tr>\n<td width=\"162\">\n<p>Manucure\/esth\u00e9ticienne<\/p>\n<\/td>\n<td valign=\"bottom\" width=\"135\">\n<p>&nbsp;<\/p>\n<\/td>\n<td valign=\"bottom\" width=\"171\">\n<p>&nbsp;<\/p>\n<\/td>\n<\/tr>\n<tr>\n<td width=\"162\">\n<p>Massoth\u00e9rapeute<\/p>\n<\/td>\n<td valign=\"bottom\" width=\"135\">\n<p>&nbsp;<\/p>\n<\/td>\n<td valign=\"bottom\" width=\"171\">\n<p>&nbsp;<\/p>\n<\/td>\n<\/tr>\n<tr>\n<td width=\"162\">\n<p>M\u00e9canicien ou m\u00e9canicienne<\/p>\n<\/td>\n<td valign=\"bottom\" width=\"135\">\n<p>&nbsp;<\/p>\n<\/td>\n<td valign=\"bottom\" width=\"171\">\n<p>&nbsp;<\/p>\n<\/td>\n<\/tr>\n<tr>\n<td width=\"162\">\n<p>M\u00e9decin<\/p>\n<\/td>\n<td valign=\"bottom\" width=\"135\">\n<p>&nbsp;<\/p>\n<\/td>\n<td valign=\"bottom\" width=\"171\">\n<p>&nbsp;<\/p>\n<\/td>\n<\/tr>\n<tr>\n<td width=\"162\">\n<p>Membres d\u2019un centre d\u2019entra\u00eenement<\/p>\n<\/td>\n<td valign=\"bottom\" width=\"135\">\n<p>&nbsp;<\/p>\n<\/td>\n<td valign=\"bottom\" width=\"171\">\n<p>&nbsp;<\/p>\n<\/td>\n<\/tr>\n<tr>\n<td width=\"162\">\n<p>Membres d\u2019un club de lecture<\/p>\n<\/td>\n<td valign=\"bottom\" width=\"135\">\n<p>&nbsp;<\/p>\n<\/td>\n<td valign=\"bottom\" width=\"171\">\n<p>&nbsp;<\/p>\n<\/td>\n<\/tr>\n<tr>\n<td width=\"162\">\n<p>Membres d\u2019une synagogue<\/p>\n<\/td>\n<td valign=\"bottom\" width=\"135\">\n<p>&nbsp;<\/p>\n<\/td>\n<td valign=\"bottom\" width=\"171\">\n<p>&nbsp;<\/p>\n<\/td>\n<\/tr>\n<tr>\n<td width=\"162\">\n<p>Membres de culte<\/p>\n<\/td>\n<td valign=\"bottom\" width=\"135\">\n<p>&nbsp;<\/p>\n<\/td>\n<td valign=\"bottom\" width=\"171\">\n<p>&nbsp;<\/p>\n<\/td>\n<\/tr>\n<tr>\n<td width=\"162\">\n<p>Nutritionniste<\/p>\n<\/td>\n<td valign=\"bottom\" width=\"135\">\n<p>&nbsp;<\/p>\n<\/td>\n<td valign=\"bottom\" width=\"171\">\n<p>&nbsp;<\/p>\n<\/td>\n<\/tr>\n<tr>\n<td width=\"162\">\n<p>Optom\u00e9triste<\/p>\n<\/td>\n<td valign=\"bottom\" width=\"135\">\n<p>&nbsp;<\/p>\n<\/td>\n<td valign=\"bottom\" width=\"171\">\n<p>&nbsp;<\/p>\n<\/td>\n<\/tr>\n<tr>\n<td width=\"162\">\n<p>Parents d\u2019amis<\/p>\n<\/td>\n<td valign=\"bottom\" width=\"135\">\n<p>&nbsp;<\/p>\n<\/td>\n<td valign=\"bottom\" width=\"171\">\n<p>&nbsp;<\/p>\n<\/td>\n<\/tr>\n<tr>\n<td width=\"162\">\n<p>Parents d\u2019amis des enfants<\/p>\n<\/td>\n<td valign=\"bottom\" width=\"135\">\n<p>&nbsp;<\/p>\n<\/td>\n<td valign=\"bottom\" width=\"171\">\n<p>&nbsp;<\/p>\n<\/td>\n<\/tr>\n<tr>\n<td width=\"162\">\n<p>Partenaires de golf<\/p>\n<\/td>\n<td valign=\"bottom\" width=\"135\">\n<p>&nbsp;<\/p>\n<\/td>\n<td valign=\"bottom\" width=\"171\">\n<p>&nbsp;<\/p>\n<\/td>\n<\/tr>\n<tr>\n<td width=\"162\">\n<p>Partenaires de tennis<\/p>\n<\/td>\n<td valign=\"bottom\" width=\"135\">\n<p>&nbsp;<\/p>\n<\/td>\n<td valign=\"bottom\" width=\"171\">\n<p>&nbsp;<\/p>\n<\/td>\n<\/tr>\n<tr>\n<td width=\"162\">\n<p>P\u00e9diatre<\/p>\n<\/td>\n<td valign=\"bottom\" width=\"135\">\n<p>&nbsp;<\/p>\n<\/td>\n<td valign=\"bottom\" width=\"171\">\n<p>&nbsp;<\/p>\n<\/td>\n<\/tr>\n<tr>\n<td width=\"162\">\n<p>Pharmacien<\/p>\n<\/td>\n<td valign=\"bottom\" width=\"135\">\n<p>&nbsp;<\/p>\n<\/td>\n<td valign=\"bottom\" width=\"171\">\n<p>&nbsp;<\/p>\n<\/td>\n<\/tr>\n<tr>\n<td width=\"162\">\n<p>Physioth\u00e9rapeute<\/p>\n<\/td>\n<td valign=\"bottom\" width=\"135\">\n<p>&nbsp;<\/p>\n<\/td>\n<td valign=\"bottom\" width=\"171\">\n<p>&nbsp;<\/p>\n<\/td>\n<\/tr>\n<tr>\n<td width=\"162\">\n<p>Proches<\/p>\n<\/td>\n<td valign=\"bottom\" width=\"135\">\n<p>&nbsp;<\/p>\n<\/td>\n<td valign=\"bottom\" width=\"171\">\n<p>&nbsp;<\/p>\n<\/td>\n<\/tr>\n<tr>\n<td width=\"162\">\n<p>Propri\u00e9taire<\/p>\n<\/td>\n<td valign=\"bottom\" width=\"135\">\n<p>&nbsp;<\/p>\n<\/td>\n<td valign=\"bottom\" width=\"171\">\n<p>&nbsp;<\/p>\n<\/td>\n<\/tr>\n<tr>\n<td width=\"162\">\n<p>Propri\u00e9taire et professeurs de studio de yoga<\/p>\n<\/td>\n<td valign=\"bottom\" width=\"135\">\n<p>&nbsp;<\/p>\n<\/td>\n<td valign=\"bottom\" width=\"171\">\n<p>&nbsp;<\/p>\n<\/td>\n<\/tr>\n<tr>\n<td width=\"162\">\n<p>Psychologue<\/p>\n<\/td>\n<td valign=\"bottom\" width=\"135\">\n<p>&nbsp;<\/p>\n<\/td>\n<td valign=\"bottom\" width=\"171\">\n<p>&nbsp;<\/p>\n<\/td>\n<\/tr>\n<tr>\n<td width=\"162\">\n<p>Recruteur ou recruteuse<\/p>\n<\/td>\n<td valign=\"bottom\" width=\"135\">\n<p>&nbsp;<\/p>\n<\/td>\n<td valign=\"bottom\" width=\"171\">\n<p>&nbsp;<\/p>\n<\/td>\n<\/tr>\n<tr>\n<td width=\"162\">\n<p>R\u00e9seau LinkedIn<\/p>\n<\/td>\n<td valign=\"bottom\" width=\"135\">\n<p>&nbsp;<\/p>\n<\/td>\n<td valign=\"bottom\" width=\"171\">\n<p>&nbsp;<\/p>\n<\/td>\n<\/tr>\n<tr>\n<td width=\"162\">\n<p>Restaurateurs<\/p>\n<\/td>\n<td valign=\"bottom\" width=\"135\">\n<p>&nbsp;<\/p>\n<\/td>\n<td valign=\"bottom\" width=\"171\">\n<p>&nbsp;<\/p>\n<\/td>\n<\/tr>\n<tr>\n<td width=\"162\">\n<p>V\u00e9t\u00e9rinaire<\/p>\n<\/td>\n<td valign=\"bottom\" width=\"135\">\n<p>&nbsp;<\/p>\n<\/td>\n<td valign=\"bottom\" width=\"171\">\n<p>&nbsp;<\/p>\n<\/td>\n<\/tr>\n<tr>\n<td width=\"162\">\n<p>Voisins et voisines<\/p>\n<\/td>\n<td valign=\"bottom\" width=\"135\">\n<p>&nbsp;<\/p>\n<\/td>\n<td valign=\"bottom\" width=\"171\">\n<p>&nbsp;<\/p>\n<\/td>\n<\/tr>\n<tr>\n<td valign=\"bottom\" width=\"162\">&nbsp;<\/td>\n<td valign=\"bottom\" width=\"135\">\n<p>&nbsp;<\/p>\n<\/td>\n<td valign=\"bottom\" width=\"171\">\n<p>&nbsp;<\/p>\n<\/td>\n<\/tr>\n<tr>\n<td valign=\"bottom\" width=\"162\">\n<p>&nbsp;Autres<\/p>\n<\/td>\n<td valign=\"bottom\" width=\"135\">\n<p>&nbsp;<\/p>\n<\/td>\n<td valign=\"bottom\" width=\"171\">\n<p>&nbsp;<\/p>\n<\/td>\n<\/tr>\n<tr>\n<td width=\"162\">\n<p>&nbsp;<\/p>\n<\/td>\n<td valign=\"bottom\" width=\"135\">\n<p>&nbsp;<\/p>\n<\/td>\n<td valign=\"bottom\" width=\"171\">\n<p>&nbsp;<\/p>\n<\/td>\n<\/tr>\n<\/tbody>\n<\/table>\n<p><strong>&nbsp;<\/strong><\/p>\n","protected":false},"excerpt":{"rendered":"<p>Pr\u00eat \u00e0 solliciter de l\u2019aide pour autrui? Vous connaissez plus de gens que vous ne le croyez. L\u2019atteinte de votre objectif de collecte de fonds n\u00e9cessitera l\u2019appui des autres. Le&#8230;<\/p>\n","protected":false},"author":6,"featured_media":0,"parent":654,"menu_order":1,"comment_status":"closed","ping_status":"closed","template":"","meta":{"_acf_changed":false,"footnotes":""},"categories":[],"tags":[],"class_list":["post-653","page","type-page","status-publish"],"acf":[],"yoast_head":"<!-- This site is optimized with the Yoast SEO plugin v26.7 - https:\/\/yoast.com\/wordpress\/plugins\/seo\/ -->\n<title>B\u00e2tir Votre R\u00e9seau de Donateurs et Y Faire Appel - Lymphoma Canada<\/title>\n<meta name=\"robots\" content=\"index, follow, max-snippet:-1, max-image-preview:large, max-video-preview:-1\" \/>\n<link rel=\"canonical\" href=\"https:\/\/www.lymphoma.ca\/fr\/tous-a-vos-tapis-montreal\/collectes-de-fonds\/batir-votre-reseau-de-donateurs-et-y-faire-appel\/\" \/>\n<meta property=\"og:locale\" content=\"fr_FR\" \/>\n<meta property=\"og:type\" content=\"article\" \/>\n<meta property=\"og:title\" content=\"B\u00e2tir Votre R\u00e9seau de Donateurs et Y Faire Appel - Lymphoma Canada\" \/>\n<meta property=\"og:description\" content=\"Pr\u00eat \u00e0 solliciter de l\u2019aide pour autrui? Vous connaissez plus de gens que vous ne le croyez. L\u2019atteinte de votre objectif de collecte de fonds n\u00e9cessitera l\u2019appui des autres. Le...\" \/>\n<meta property=\"og:url\" content=\"https:\/\/www.lymphoma.ca\/fr\/tous-a-vos-tapis-montreal\/collectes-de-fonds\/batir-votre-reseau-de-donateurs-et-y-faire-appel\/\" \/>\n<meta property=\"og:site_name\" content=\"Lymphoma Canada\" \/>\n<meta property=\"article:publisher\" content=\"https:\/\/www.facebook.com\/LymphomaCanada\" \/>\n<meta property=\"article:modified_time\" content=\"2020-01-07T17:23:05+00:00\" \/>\n<meta name=\"twitter:card\" content=\"summary_large_image\" \/>\n<meta name=\"twitter:site\" content=\"@lymphomacanada\" \/>\n<meta name=\"twitter:label1\" content=\"Dur\u00e9e de lecture estim\u00e9e\" \/>\n\t<meta name=\"twitter:data1\" content=\"3 minutes\" \/>\n<script type=\"application\/ld+json\" class=\"yoast-schema-graph\">{\"@context\":\"https:\/\/schema.org\",\"@graph\":[{\"@type\":\"WebPage\",\"@id\":\"https:\/\/www.lymphoma.ca\/fr\/tous-a-vos-tapis-montreal\/collectes-de-fonds\/batir-votre-reseau-de-donateurs-et-y-faire-appel\/\",\"url\":\"https:\/\/www.lymphoma.ca\/fr\/tous-a-vos-tapis-montreal\/collectes-de-fonds\/batir-votre-reseau-de-donateurs-et-y-faire-appel\/\",\"name\":\"B\u00e2tir Votre R\u00e9seau de Donateurs et Y Faire Appel - Lymphoma Canada\",\"isPartOf\":{\"@id\":\"https:\/\/www.lymphoma.ca\/fr\/#website\"},\"datePublished\":\"2016-05-12T19:56:30+00:00\",\"dateModified\":\"2020-01-07T17:23:05+00:00\",\"breadcrumb\":{\"@id\":\"https:\/\/www.lymphoma.ca\/fr\/tous-a-vos-tapis-montreal\/collectes-de-fonds\/batir-votre-reseau-de-donateurs-et-y-faire-appel\/#breadcrumb\"},\"inLanguage\":\"fr-FR\",\"potentialAction\":[{\"@type\":\"ReadAction\",\"target\":[\"https:\/\/www.lymphoma.ca\/fr\/tous-a-vos-tapis-montreal\/collectes-de-fonds\/batir-votre-reseau-de-donateurs-et-y-faire-appel\/\"]}]},{\"@type\":\"BreadcrumbList\",\"@id\":\"https:\/\/www.lymphoma.ca\/fr\/tous-a-vos-tapis-montreal\/collectes-de-fonds\/batir-votre-reseau-de-donateurs-et-y-faire-appel\/#breadcrumb\",\"itemListElement\":[{\"@type\":\"ListItem\",\"position\":1,\"name\":\"Home\",\"item\":\"https:\/\/www.lymphoma.ca\/fr\/\"},{\"@type\":\"ListItem\",\"position\":2,\"name\":\"tous \u00e0 vos tapis &#8211; Montreal\",\"item\":\"https:\/\/www.lymphoma.ca\/take-it-to-the-mat-montreal\/\"},{\"@type\":\"ListItem\",\"position\":3,\"name\":\"Collectes de fonds\",\"item\":\"https:\/\/www.lymphoma.ca\/fr\/tous-a-vos-tapis-montreal\/collectes-de-fonds\/\"},{\"@type\":\"ListItem\",\"position\":4,\"name\":\"B\u00e2tir Votre R\u00e9seau de Donateurs et Y Faire Appel\"}]},{\"@type\":\"WebSite\",\"@id\":\"https:\/\/www.lymphoma.ca\/fr\/#website\",\"url\":\"https:\/\/www.lymphoma.ca\/fr\/\",\"name\":\"Lymphoma Canada\",\"description\":\"Information. Help. Hope.\",\"publisher\":{\"@id\":\"https:\/\/www.lymphoma.ca\/fr\/#organization\"},\"potentialAction\":[{\"@type\":\"SearchAction\",\"target\":{\"@type\":\"EntryPoint\",\"urlTemplate\":\"https:\/\/www.lymphoma.ca\/fr\/?s={search_term_string}\"},\"query-input\":{\"@type\":\"PropertyValueSpecification\",\"valueRequired\":true,\"valueName\":\"search_term_string\"}}],\"inLanguage\":\"fr-FR\"},{\"@type\":\"Organization\",\"@id\":\"https:\/\/www.lymphoma.ca\/fr\/#organization\",\"name\":\"Lymphoma Canada\",\"url\":\"https:\/\/www.lymphoma.ca\/fr\/\",\"logo\":{\"@type\":\"ImageObject\",\"inLanguage\":\"fr-FR\",\"@id\":\"https:\/\/www.lymphoma.ca\/fr\/#\/schema\/logo\/image\/\",\"url\":\"https:\/\/www.lymphoma.ca\/wp-content\/uploads\/2023\/05\/logo-lymphoma.jpg\",\"contentUrl\":\"https:\/\/www.lymphoma.ca\/wp-content\/uploads\/2023\/05\/logo-lymphoma.jpg\",\"width\":343,\"height\":343,\"caption\":\"Lymphoma Canada\"},\"image\":{\"@id\":\"https:\/\/www.lymphoma.ca\/fr\/#\/schema\/logo\/image\/\"},\"sameAs\":[\"https:\/\/www.facebook.com\/LymphomaCanada\",\"https:\/\/x.com\/lymphomacanada\",\"https:\/\/www.linkedin.com\/company\/lymphoma-canada\/\",\"http:\/\/instagram.com\/lymphomacanada\",\"http:\/\/www.youtube.com\/user\/LymphomaTV\"]}]}<\/script>\n<!-- \/ Yoast SEO plugin. -->","yoast_head_json":{"title":"B\u00e2tir Votre R\u00e9seau de Donateurs et Y Faire Appel - Lymphoma Canada","robots":{"index":"index","follow":"follow","max-snippet":"max-snippet:-1","max-image-preview":"max-image-preview:large","max-video-preview":"max-video-preview:-1"},"canonical":"https:\/\/www.lymphoma.ca\/fr\/tous-a-vos-tapis-montreal\/collectes-de-fonds\/batir-votre-reseau-de-donateurs-et-y-faire-appel\/","og_locale":"fr_FR","og_type":"article","og_title":"B\u00e2tir Votre R\u00e9seau de Donateurs et Y Faire Appel - Lymphoma Canada","og_description":"Pr\u00eat \u00e0 solliciter de l\u2019aide pour autrui? Vous connaissez plus de gens que vous ne le croyez. L\u2019atteinte de votre objectif de collecte de fonds n\u00e9cessitera l\u2019appui des autres. Le...","og_url":"https:\/\/www.lymphoma.ca\/fr\/tous-a-vos-tapis-montreal\/collectes-de-fonds\/batir-votre-reseau-de-donateurs-et-y-faire-appel\/","og_site_name":"Lymphoma Canada","article_publisher":"https:\/\/www.facebook.com\/LymphomaCanada","article_modified_time":"2020-01-07T17:23:05+00:00","twitter_card":"summary_large_image","twitter_site":"@lymphomacanada","twitter_misc":{"Dur\u00e9e de lecture estim\u00e9e":"3 minutes"},"schema":{"@context":"https:\/\/schema.org","@graph":[{"@type":"WebPage","@id":"https:\/\/www.lymphoma.ca\/fr\/tous-a-vos-tapis-montreal\/collectes-de-fonds\/batir-votre-reseau-de-donateurs-et-y-faire-appel\/","url":"https:\/\/www.lymphoma.ca\/fr\/tous-a-vos-tapis-montreal\/collectes-de-fonds\/batir-votre-reseau-de-donateurs-et-y-faire-appel\/","name":"B\u00e2tir Votre R\u00e9seau de Donateurs et Y Faire Appel - Lymphoma Canada","isPartOf":{"@id":"https:\/\/www.lymphoma.ca\/fr\/#website"},"datePublished":"2016-05-12T19:56:30+00:00","dateModified":"2020-01-07T17:23:05+00:00","breadcrumb":{"@id":"https:\/\/www.lymphoma.ca\/fr\/tous-a-vos-tapis-montreal\/collectes-de-fonds\/batir-votre-reseau-de-donateurs-et-y-faire-appel\/#breadcrumb"},"inLanguage":"fr-FR","potentialAction":[{"@type":"ReadAction","target":["https:\/\/www.lymphoma.ca\/fr\/tous-a-vos-tapis-montreal\/collectes-de-fonds\/batir-votre-reseau-de-donateurs-et-y-faire-appel\/"]}]},{"@type":"BreadcrumbList","@id":"https:\/\/www.lymphoma.ca\/fr\/tous-a-vos-tapis-montreal\/collectes-de-fonds\/batir-votre-reseau-de-donateurs-et-y-faire-appel\/#breadcrumb","itemListElement":[{"@type":"ListItem","position":1,"name":"Home","item":"https:\/\/www.lymphoma.ca\/fr\/"},{"@type":"ListItem","position":2,"name":"tous \u00e0 vos tapis &#8211; Montreal","item":"https:\/\/www.lymphoma.ca\/take-it-to-the-mat-montreal\/"},{"@type":"ListItem","position":3,"name":"Collectes de fonds","item":"https:\/\/www.lymphoma.ca\/fr\/tous-a-vos-tapis-montreal\/collectes-de-fonds\/"},{"@type":"ListItem","position":4,"name":"B\u00e2tir Votre R\u00e9seau de Donateurs et Y Faire Appel"}]},{"@type":"WebSite","@id":"https:\/\/www.lymphoma.ca\/fr\/#website","url":"https:\/\/www.lymphoma.ca\/fr\/","name":"Lymphoma Canada","description":"Information. Help. Hope.","publisher":{"@id":"https:\/\/www.lymphoma.ca\/fr\/#organization"},"potentialAction":[{"@type":"SearchAction","target":{"@type":"EntryPoint","urlTemplate":"https:\/\/www.lymphoma.ca\/fr\/?s={search_term_string}"},"query-input":{"@type":"PropertyValueSpecification","valueRequired":true,"valueName":"search_term_string"}}],"inLanguage":"fr-FR"},{"@type":"Organization","@id":"https:\/\/www.lymphoma.ca\/fr\/#organization","name":"Lymphoma Canada","url":"https:\/\/www.lymphoma.ca\/fr\/","logo":{"@type":"ImageObject","inLanguage":"fr-FR","@id":"https:\/\/www.lymphoma.ca\/fr\/#\/schema\/logo\/image\/","url":"https:\/\/www.lymphoma.ca\/wp-content\/uploads\/2023\/05\/logo-lymphoma.jpg","contentUrl":"https:\/\/www.lymphoma.ca\/wp-content\/uploads\/2023\/05\/logo-lymphoma.jpg","width":343,"height":343,"caption":"Lymphoma Canada"},"image":{"@id":"https:\/\/www.lymphoma.ca\/fr\/#\/schema\/logo\/image\/"},"sameAs":["https:\/\/www.facebook.com\/LymphomaCanada","https:\/\/x.com\/lymphomacanada","https:\/\/www.linkedin.com\/company\/lymphoma-canada\/","http:\/\/instagram.com\/lymphomacanada","http:\/\/www.youtube.com\/user\/LymphomaTV"]}]}},"_links":{"self":[{"href":"https:\/\/www.lymphoma.ca\/fr\/wp-json\/wp\/v2\/pages\/653","targetHints":{"allow":["GET"]}}],"collection":[{"href":"https:\/\/www.lymphoma.ca\/fr\/wp-json\/wp\/v2\/pages"}],"about":[{"href":"https:\/\/www.lymphoma.ca\/fr\/wp-json\/wp\/v2\/types\/page"}],"author":[{"embeddable":true,"href":"https:\/\/www.lymphoma.ca\/fr\/wp-json\/wp\/v2\/users\/6"}],"replies":[{"embeddable":true,"href":"https:\/\/www.lymphoma.ca\/fr\/wp-json\/wp\/v2\/comments?post=653"}],"version-history":[{"count":1,"href":"https:\/\/www.lymphoma.ca\/fr\/wp-json\/wp\/v2\/pages\/653\/revisions"}],"predecessor-version":[{"id":3227,"href":"https:\/\/www.lymphoma.ca\/fr\/wp-json\/wp\/v2\/pages\/653\/revisions\/3227"}],"up":[{"embeddable":true,"href":"https:\/\/www.lymphoma.ca\/fr\/wp-json\/wp\/v2\/pages\/654"}],"wp:attachment":[{"href":"https:\/\/www.lymphoma.ca\/fr\/wp-json\/wp\/v2\/media?parent=653"}],"wp:term":[{"taxonomy":"category","embeddable":true,"href":"https:\/\/www.lymphoma.ca\/fr\/wp-json\/wp\/v2\/categories?post=653"},{"taxonomy":"post_tag","embeddable":true,"href":"https:\/\/www.lymphoma.ca\/fr\/wp-json\/wp\/v2\/tags?post=653"}],"curies":[{"name":"wp","href":"https:\/\/api.w.org\/{rel}","templated":true}]}}