{"id":654,"date":"2016-05-12T20:00:23","date_gmt":"2016-05-12T20:00:23","guid":{"rendered":"https:\/\/www.lymphoma.ca\/?page_id=654"},"modified":"2016-05-12T20:00:23","modified_gmt":"2016-05-12T20:00:23","slug":"collectes-de-fonds","status":"publish","type":"page","link":"https:\/\/www.lymphoma.ca\/fr\/tous-a-vos-tapis-montreal\/collectes-de-fonds\/","title":{"rendered":"Collectes de fonds"},"content":{"rendered":"<p><strong>Votre soutien est important; nous souhaitons vous aider \u00e0 atteindre votre objectif de collecte!<\/strong><\/p>\n<p>L\u2019objectif individuel minimal pour l\u2019\u00e9v\u00e9nement <strong><em>tous \u00e0 vos tapis<\/em><\/strong> n\u2019est que de 300$. Mais pourquoi s\u2019en tenir l\u00e0? Lorsque vous atteignez des paliers d\u00e9termin\u00e9s de collecte, vous recevez des r\u00e9compenses fabuleuses (hyperlink incentives). Vous pourrez poursuivre votre propre qu\u00eate du mieux-\u00eatre gr\u00e2ce \u00e0 l\u2019une de ces r\u00e9compenses.<\/p>\n<p>Le plaisir fait partie de la campagne de collecte de fonds. Solliciter des dons peut parfois sembler difficile. Gardez en t\u00eate la raison pour laquelle vous vous impliquez dans cet \u00e9v\u00e9nement.<\/p>\n<p>Les raisons qui motivent chaque personne \u00e0 s\u2019inscrire \u00e0 <strong><em>tous \u00e0 vos tapis<\/em><\/strong> sont bien personnelles: un membre de sa famille, un ami, un coll\u00e8gue a \u00e9t\u00e9 atteint d\u2019un lymphome, elle est elle-m\u00eame une survivante ou elle a \u00e9t\u00e9 touch\u00e9e par un cancer et souhaite donner en retour. Pour certains participants, le fait de prendre part \u00e0 une journ\u00e9e d\u00e9di\u00e9e au yoga et au mieux-\u00eatre, tout en ayant la chance de donner en retour, sera le moteur de leur campagne de collecte de fonds.<\/p>\n<h4>Plus vous \u00eates impliqu\u00e9 dans votre campagne, plus les donateurs se feront nombreux.<\/h4>\n<h3><strong>1. Personnalisez votre page<\/strong><\/h3>\n<ul>\n<li>Racontez votre histoire, qu\u2019est-ce qui vous a inspir\u00e9 \u00e0 vous inscrire?<\/li>\n<li>Parlez des valeurs qui vous tiennent \u00e0 c\u0153ur, et qui sont li\u00e9es \u00e0 un mode de vie sain, au bonheur et \u00e0 la gratification d\u2019apporter sa contribution.<\/li>\n<li>Ajoutez des photos ou des vid\u00e9os de vous (\u00e0 l\u2019aide de votre t\u00e9l\u00e9phone intelligent), ins\u00e9rez des faits amusants \u00e0 votre sujet.<\/li>\n<li>Les participants qui personnalisent leur page amassent des montants 20% plus \u00e9lev\u00e9s que ceux qui ne le font pas.<\/li>\n<li>Informez les donateurs potentiels qu\u2019ils recevront un re\u00e7u aux fins d\u2019imp\u00f4ts pour tout don de plus de 10$.<\/li>\n<li>Utilisez le logo pour que les gens se familiarisent avec l\u2019\u00e9v\u00e9nement.<\/li>\n<li>Utilisez la banni\u00e8re. Les gens aiment voir des images.<\/li>\n<li>Passez en revue <a href=\"http:\/\/www.lymphoma.ca\/fr\/collectes-de-fonds\/exemples-des-notes\">les exemples de notes<\/a> que nous avons cr\u00e9\u00e9s pour vous aider \u00e0 enrichir votre page. V\u00e9rifiez si l\u2019une d\u2019elles vous conviendrait.&nbsp;<\/li>\n<\/ul>\n<h3><strong>2.&nbsp;<\/strong><strong>Communiquez avec votre r\u00e9seau de contacts<\/strong><\/h3>\n<ul>\n<li><a href=\"http:\/\/www.lymphoma.ca\/fr\/soutien-la-collecte-de-fonds\/batir-votre-reseau-de-donateurs-et-y-faire-appel\">Utilisez la liste de donateurs potentiels<\/a>&nbsp;et envoyez par courriel une demande de don \u00e0 toutes vos connaissances. Vous seriez surpris de constater lesquelles ont \u00e9t\u00e9 touch\u00e9es par un lymphome ou un autre cancer.<\/li>\n<li>Effectuez un suivi personnalis\u00e9 aupr\u00e8s d\u2019autant de personnes que possible.<\/li>\n<li>Sollicitez leur soutien en leur demandant de faire suivre votre demande de dons \u00e0 leur famille et \u00e0 leurs amis.<\/li>\n<li>Certaines entreprises offrent d\u2019\u00e9galer le montant amass\u00e9 par leurs employ\u00e9s pour des \u0153uvres de bienfaisance. Demandez \u00e0 votre employeur si l\u2019entreprise pourrait faire un don corporatif.<\/li>\n<\/ul>\n<h3><strong>3.&nbsp;<\/strong><strong>Ajoutez des faits au sujet du lymphome<\/strong><\/h3>\n<ul>\n<li>Partagez les informations importantes concernant le lymphome lorsque vous sollicitez un don.<\/li>\n<li>Le lymphome est le 5<sup>e<\/sup>&nbsp;type de cancer le plus r\u00e9pandu au Canada, le plus r\u00e9pandu chez les adolescents et les jeunes adultes \u00e2g\u00e9s de 15 \u00e0 29&nbsp;ans et le 3<sup>e<\/sup>&nbsp;plus r\u00e9pandu chez les enfants.<\/li>\n<li>Une personne re\u00e7oit un nouveau diagnostic de lymphome toutes les 45&nbsp;minutes. Le lymphome frappe aveugl\u00e9ment.<\/li>\n<\/ul>\n<h3><strong>4. Restez en contact et pers\u00e9v\u00e9rez<\/strong><\/h3>\n<ul>\n<li>Tout le monde est occup\u00e9. Si vous n\u2019avez pas re\u00e7u de r\u00e9ponse d\u2019une personne aupr\u00e8s de laquelle vous avez sollicit\u00e9 un don, assurez-vous d\u2019effectuer un suivi et d\u2019envoyer un rappel. Certaines personnes ne versent leur don qu\u2019apr\u00e8s avoir re\u00e7u trois ou quatre&nbsp;courriels.<\/li>\n<li>Recourez aux m\u00e9thodes traditionnelles \u00e9prouv\u00e9es&nbsp;: prenez le t\u00e9l\u00e9phone pour parler directement avec vos donateurs.<\/li>\n<\/ul>\n<h3>&nbsp;<strong>5.&nbsp;<\/strong><a href=\"http:\/\/www.lymphoma.ca\/fr\/collectes-de-fonds\/utilisation-des-medias-sociaux\"><strong>Utilisez les m\u00e9dias sociaux \u00e0 votre avantage pour soulever l\u2019int\u00e9r\u00eat<\/strong><\/a><\/h3>\n<ul>\n<li>Parlez de votre projet, fournissez une liste actualis\u00e9e des \u00e9v\u00e9nements, t\u00e9l\u00e9versez des photos afin d\u2019encourager les autres \u00e0 vous soutenir.<\/li>\n<\/ul>\n<h5>Ajoutez un lien vers votre page d\u2019\u00e9quipe ou votre page individuelle sur Facebook, sur LinkedIn et cr\u00e9ez un compte Twitter pour l\u2019ensemble de l\u2019\u00e9quipe. Suggestions de mots-clics dans les deux langues&nbsp;: #takeittothemat, #d\u00e9rouletontapis, #tittm, #dttlc, #yoga, #wellness, #fundraise, #collectedefonds, #lymphome, #lymphoma, #community, #collectivit\u00e9, #giveback, #donnerenretour, #fun, #plaisir, #fitness, #miseneforme, #health, #sant\u00e9, #montr\u00e9al.<\/h5>\n<h3><strong>6.&nbsp;<\/strong><strong>Si pr\u00e8s du but, mais vous ne progressez plus?<\/strong><\/h3>\n<ul>\n<li>Six&nbsp;semaines avant l\u2019\u00e9v\u00e9nement et vous devez atteindre votre objectif, mais l\u2019afflux de dons a diminu\u00e9. Envoyez un publipostage \u00e9lectronique (eBlast) \u00e0 votre r\u00e9seau, demandant 31$ avant le 31 du mois, afin de vous rapprocher de votre but.<\/li>\n<li>Organisez une vente-d\u00e9barras.<\/li>\n<li>En toute simplicit\u00e9, organisez une vente de p\u00e2tisseries.<\/li>\n<li>Offrez d\u2019envoyer une photo de vous-m\u00eame en train de faire une chose amusante ou loufoque (mais bien s\u00fbr l\u00e9gale), d\u00e8s que quelqu\u2019un verse 50$.<\/li>\n<li>Soyez cr\u00e9atif! Demandez \u00e0 votre coiffeur, votre manucure ou aux propri\u00e9taires du caf\u00e9 du coin de verser une portion de leurs ventes \u00e0 votre campagne, possiblement le jour de votre anniversaire.<\/li>\n<li>Si vous n\u2019avez jusqu\u2019ici pas utilis\u00e9 les m\u00e9dias sociaux pour solliciter des dons, tentez le coup, qu\u2019avez-vous \u00e0 perdre?<\/li>\n<\/ul>\n<h3>&nbsp;<strong>7.&nbsp;<\/strong><strong>Plus on est de fous, plus on rit! Formez une \u00e9quipe<\/strong><\/h3>\n<p><strong>Ensemble, chacun en fait davantage!<\/strong><\/p>\n<p>On peut former diff\u00e9rents types d\u2019\u00e9quipes diverses&nbsp;: en famille, entre amis, ou une \u00e9quipe corporative. <strong>Consultez la page Formez une \u00e9quipe <\/strong><strong>(link to Formez une \u00e9quipe)<\/strong><\/p>\n<h3><strong>8.&nbsp;<\/strong><strong>Vous avez atteint votre objectif. Que faire maintenant?<\/strong><\/h3>\n<ul>\n<li>Augmentez votre objectif au prochain palier.<\/li>\n<li>Effectuez un suivi aupr\u00e8s des gens qui n\u2019ont pas encore vers\u00e9 leur don \u00e0 votre campagne.<\/li>\n<li>Versez un don vous aussi.<\/li>\n<li>Demandez \u00e0 des amis et des coll\u00e8gues de nouvelles id\u00e9es pour amasser des dons.<\/li>\n<li>Soyez cr\u00e9atif! Demandez \u00e0 votre coiffeur, votre manucure ou aux propri\u00e9taires du caf\u00e9 du coin de verser une portion de leurs ventes \u00e0 votre campagne, possiblement le jour de votre anniversaire.<\/li>\n<\/ul>\n<div>&nbsp;<\/div>\n<h3><strong>9.&nbsp;<\/strong><strong>L\u2019\u00e9tiquette d\u2019une collecte de fonds<\/strong><\/h3>\n<p>Envoyez un courriel de remerciement.<\/p>\n<ul>\n<li>Il est essentiel d\u2019envoyer un courriel de remerciement \u00e0 chacun de vos donateurs; envoyez un mot personnalis\u00e9 une fois le don re\u00e7u et fournissez des nouvelles du progr\u00e8s de la collecte de fonds.<\/li>\n<li>N\u2019attendez pas. Il est facile d\u2019oublier cette \u00e9tape \u00e0 mesure que le temps passe. Assurez-vous que vos donateurs savent \u00e0 quel point vous leur \u00eates reconnaissant.<\/li>\n<\/ul>\n<p>Pour de plus amples renseignements, veuillez nous \u00e9crire \u00e0 <a href=\"mailto:info@tousavostapis.ca\"><strong>info@tousavostapis.ca<\/strong><\/a><\/p>\n","protected":false},"excerpt":{"rendered":"<p>Votre soutien est important; nous souhaitons vous aider \u00e0 atteindre votre objectif de collecte! L\u2019objectif individuel minimal pour l\u2019\u00e9v\u00e9nement tous \u00e0 vos tapis n\u2019est que de 300$. Mais pourquoi s\u2019en&#8230;<\/p>\n","protected":false},"author":6,"featured_media":0,"parent":614,"menu_order":3,"comment_status":"closed","ping_status":"closed","template":"","meta":{"_acf_changed":false,"footnotes":""},"categories":[],"tags":[],"class_list":["post-654","page","type-page","status-publish"],"acf":[],"yoast_head":"<!-- This site is optimized with the Yoast SEO plugin v26.7 - https:\/\/yoast.com\/wordpress\/plugins\/seo\/ -->\n<title>Collectes de fonds - Lymphoma Canada<\/title>\n<meta name=\"robots\" content=\"index, follow, max-snippet:-1, max-image-preview:large, max-video-preview:-1\" \/>\n<link rel=\"canonical\" href=\"https:\/\/www.lymphoma.ca\/fr\/tous-a-vos-tapis-montreal\/collectes-de-fonds\/\" \/>\n<meta property=\"og:locale\" content=\"fr_FR\" \/>\n<meta property=\"og:type\" content=\"article\" \/>\n<meta property=\"og:title\" content=\"Collectes de fonds - Lymphoma Canada\" \/>\n<meta property=\"og:description\" content=\"Votre soutien est important; nous souhaitons vous aider \u00e0 atteindre votre objectif de collecte! L\u2019objectif individuel minimal pour l\u2019\u00e9v\u00e9nement tous \u00e0 vos tapis n\u2019est que de 300$. Mais pourquoi s\u2019en...\" \/>\n<meta property=\"og:url\" content=\"https:\/\/www.lymphoma.ca\/fr\/tous-a-vos-tapis-montreal\/collectes-de-fonds\/\" \/>\n<meta property=\"og:site_name\" content=\"Lymphoma Canada\" \/>\n<meta property=\"article:publisher\" content=\"https:\/\/www.facebook.com\/LymphomaCanada\" \/>\n<meta name=\"twitter:card\" content=\"summary_large_image\" \/>\n<meta name=\"twitter:site\" content=\"@lymphomacanada\" \/>\n<meta name=\"twitter:label1\" content=\"Dur\u00e9e de lecture estim\u00e9e\" \/>\n\t<meta name=\"twitter:data1\" content=\"5 minutes\" \/>\n<script type=\"application\/ld+json\" class=\"yoast-schema-graph\">{\"@context\":\"https:\/\/schema.org\",\"@graph\":[{\"@type\":\"WebPage\",\"@id\":\"https:\/\/www.lymphoma.ca\/fr\/tous-a-vos-tapis-montreal\/collectes-de-fonds\/\",\"url\":\"https:\/\/www.lymphoma.ca\/fr\/tous-a-vos-tapis-montreal\/collectes-de-fonds\/\",\"name\":\"Collectes de fonds - Lymphoma Canada\",\"isPartOf\":{\"@id\":\"https:\/\/www.lymphoma.ca\/fr\/#website\"},\"datePublished\":\"2016-05-12T20:00:23+00:00\",\"breadcrumb\":{\"@id\":\"https:\/\/www.lymphoma.ca\/fr\/tous-a-vos-tapis-montreal\/collectes-de-fonds\/#breadcrumb\"},\"inLanguage\":\"fr-FR\",\"potentialAction\":[{\"@type\":\"ReadAction\",\"target\":[\"https:\/\/www.lymphoma.ca\/fr\/tous-a-vos-tapis-montreal\/collectes-de-fonds\/\"]}]},{\"@type\":\"BreadcrumbList\",\"@id\":\"https:\/\/www.lymphoma.ca\/fr\/tous-a-vos-tapis-montreal\/collectes-de-fonds\/#breadcrumb\",\"itemListElement\":[{\"@type\":\"ListItem\",\"position\":1,\"name\":\"Home\",\"item\":\"https:\/\/www.lymphoma.ca\/fr\/\"},{\"@type\":\"ListItem\",\"position\":2,\"name\":\"tous \u00e0 vos tapis &#8211; Montreal\",\"item\":\"https:\/\/www.lymphoma.ca\/take-it-to-the-mat-montreal\/\"},{\"@type\":\"ListItem\",\"position\":3,\"name\":\"Collectes de fonds\"}]},{\"@type\":\"WebSite\",\"@id\":\"https:\/\/www.lymphoma.ca\/fr\/#website\",\"url\":\"https:\/\/www.lymphoma.ca\/fr\/\",\"name\":\"Lymphoma Canada\",\"description\":\"Information. Help. Hope.\",\"publisher\":{\"@id\":\"https:\/\/www.lymphoma.ca\/fr\/#organization\"},\"potentialAction\":[{\"@type\":\"SearchAction\",\"target\":{\"@type\":\"EntryPoint\",\"urlTemplate\":\"https:\/\/www.lymphoma.ca\/fr\/?s={search_term_string}\"},\"query-input\":{\"@type\":\"PropertyValueSpecification\",\"valueRequired\":true,\"valueName\":\"search_term_string\"}}],\"inLanguage\":\"fr-FR\"},{\"@type\":\"Organization\",\"@id\":\"https:\/\/www.lymphoma.ca\/fr\/#organization\",\"name\":\"Lymphoma Canada\",\"url\":\"https:\/\/www.lymphoma.ca\/fr\/\",\"logo\":{\"@type\":\"ImageObject\",\"inLanguage\":\"fr-FR\",\"@id\":\"https:\/\/www.lymphoma.ca\/fr\/#\/schema\/logo\/image\/\",\"url\":\"https:\/\/www.lymphoma.ca\/wp-content\/uploads\/2023\/05\/logo-lymphoma.jpg\",\"contentUrl\":\"https:\/\/www.lymphoma.ca\/wp-content\/uploads\/2023\/05\/logo-lymphoma.jpg\",\"width\":343,\"height\":343,\"caption\":\"Lymphoma Canada\"},\"image\":{\"@id\":\"https:\/\/www.lymphoma.ca\/fr\/#\/schema\/logo\/image\/\"},\"sameAs\":[\"https:\/\/www.facebook.com\/LymphomaCanada\",\"https:\/\/x.com\/lymphomacanada\",\"https:\/\/www.linkedin.com\/company\/lymphoma-canada\/\",\"http:\/\/instagram.com\/lymphomacanada\",\"http:\/\/www.youtube.com\/user\/LymphomaTV\"]}]}<\/script>\n<!-- \/ Yoast SEO plugin. -->","yoast_head_json":{"title":"Collectes de fonds - Lymphoma Canada","robots":{"index":"index","follow":"follow","max-snippet":"max-snippet:-1","max-image-preview":"max-image-preview:large","max-video-preview":"max-video-preview:-1"},"canonical":"https:\/\/www.lymphoma.ca\/fr\/tous-a-vos-tapis-montreal\/collectes-de-fonds\/","og_locale":"fr_FR","og_type":"article","og_title":"Collectes de fonds - Lymphoma Canada","og_description":"Votre soutien est important; nous souhaitons vous aider \u00e0 atteindre votre objectif de collecte! L\u2019objectif individuel minimal pour l\u2019\u00e9v\u00e9nement tous \u00e0 vos tapis n\u2019est que de 300$. Mais pourquoi s\u2019en...","og_url":"https:\/\/www.lymphoma.ca\/fr\/tous-a-vos-tapis-montreal\/collectes-de-fonds\/","og_site_name":"Lymphoma Canada","article_publisher":"https:\/\/www.facebook.com\/LymphomaCanada","twitter_card":"summary_large_image","twitter_site":"@lymphomacanada","twitter_misc":{"Dur\u00e9e de lecture estim\u00e9e":"5 minutes"},"schema":{"@context":"https:\/\/schema.org","@graph":[{"@type":"WebPage","@id":"https:\/\/www.lymphoma.ca\/fr\/tous-a-vos-tapis-montreal\/collectes-de-fonds\/","url":"https:\/\/www.lymphoma.ca\/fr\/tous-a-vos-tapis-montreal\/collectes-de-fonds\/","name":"Collectes de fonds - Lymphoma Canada","isPartOf":{"@id":"https:\/\/www.lymphoma.ca\/fr\/#website"},"datePublished":"2016-05-12T20:00:23+00:00","breadcrumb":{"@id":"https:\/\/www.lymphoma.ca\/fr\/tous-a-vos-tapis-montreal\/collectes-de-fonds\/#breadcrumb"},"inLanguage":"fr-FR","potentialAction":[{"@type":"ReadAction","target":["https:\/\/www.lymphoma.ca\/fr\/tous-a-vos-tapis-montreal\/collectes-de-fonds\/"]}]},{"@type":"BreadcrumbList","@id":"https:\/\/www.lymphoma.ca\/fr\/tous-a-vos-tapis-montreal\/collectes-de-fonds\/#breadcrumb","itemListElement":[{"@type":"ListItem","position":1,"name":"Home","item":"https:\/\/www.lymphoma.ca\/fr\/"},{"@type":"ListItem","position":2,"name":"tous \u00e0 vos tapis &#8211; Montreal","item":"https:\/\/www.lymphoma.ca\/take-it-to-the-mat-montreal\/"},{"@type":"ListItem","position":3,"name":"Collectes de fonds"}]},{"@type":"WebSite","@id":"https:\/\/www.lymphoma.ca\/fr\/#website","url":"https:\/\/www.lymphoma.ca\/fr\/","name":"Lymphoma Canada","description":"Information. Help. Hope.","publisher":{"@id":"https:\/\/www.lymphoma.ca\/fr\/#organization"},"potentialAction":[{"@type":"SearchAction","target":{"@type":"EntryPoint","urlTemplate":"https:\/\/www.lymphoma.ca\/fr\/?s={search_term_string}"},"query-input":{"@type":"PropertyValueSpecification","valueRequired":true,"valueName":"search_term_string"}}],"inLanguage":"fr-FR"},{"@type":"Organization","@id":"https:\/\/www.lymphoma.ca\/fr\/#organization","name":"Lymphoma Canada","url":"https:\/\/www.lymphoma.ca\/fr\/","logo":{"@type":"ImageObject","inLanguage":"fr-FR","@id":"https:\/\/www.lymphoma.ca\/fr\/#\/schema\/logo\/image\/","url":"https:\/\/www.lymphoma.ca\/wp-content\/uploads\/2023\/05\/logo-lymphoma.jpg","contentUrl":"https:\/\/www.lymphoma.ca\/wp-content\/uploads\/2023\/05\/logo-lymphoma.jpg","width":343,"height":343,"caption":"Lymphoma Canada"},"image":{"@id":"https:\/\/www.lymphoma.ca\/fr\/#\/schema\/logo\/image\/"},"sameAs":["https:\/\/www.facebook.com\/LymphomaCanada","https:\/\/x.com\/lymphomacanada","https:\/\/www.linkedin.com\/company\/lymphoma-canada\/","http:\/\/instagram.com\/lymphomacanada","http:\/\/www.youtube.com\/user\/LymphomaTV"]}]}},"_links":{"self":[{"href":"https:\/\/www.lymphoma.ca\/fr\/wp-json\/wp\/v2\/pages\/654","targetHints":{"allow":["GET"]}}],"collection":[{"href":"https:\/\/www.lymphoma.ca\/fr\/wp-json\/wp\/v2\/pages"}],"about":[{"href":"https:\/\/www.lymphoma.ca\/fr\/wp-json\/wp\/v2\/types\/page"}],"author":[{"embeddable":true,"href":"https:\/\/www.lymphoma.ca\/fr\/wp-json\/wp\/v2\/users\/6"}],"replies":[{"embeddable":true,"href":"https:\/\/www.lymphoma.ca\/fr\/wp-json\/wp\/v2\/comments?post=654"}],"version-history":[{"count":0,"href":"https:\/\/www.lymphoma.ca\/fr\/wp-json\/wp\/v2\/pages\/654\/revisions"}],"up":[{"embeddable":true,"href":"https:\/\/www.lymphoma.ca\/fr\/wp-json\/wp\/v2\/pages\/614"}],"wp:attachment":[{"href":"https:\/\/www.lymphoma.ca\/fr\/wp-json\/wp\/v2\/media?parent=654"}],"wp:term":[{"taxonomy":"category","embeddable":true,"href":"https:\/\/www.lymphoma.ca\/fr\/wp-json\/wp\/v2\/categories?post=654"},{"taxonomy":"post_tag","embeddable":true,"href":"https:\/\/www.lymphoma.ca\/fr\/wp-json\/wp\/v2\/tags?post=654"}],"curies":[{"name":"wp","href":"https:\/\/api.w.org\/{rel}","templated":true}]}}