{"id":655,"date":"2016-05-12T20:08:52","date_gmt":"2016-05-12T20:08:52","guid":{"rendered":"https:\/\/www.lymphoma.ca\/?page_id=655"},"modified":"2022-01-20T02:32:31","modified_gmt":"2022-01-20T02:32:31","slug":"inscrivez-vous","status":"publish","type":"page","link":"https:\/\/www.lymphoma.ca\/fr\/tous-a-vos-tapis-montreal\/inscrivez-vous\/","title":{"rendered":"Inscrivez-vous"},"content":{"rendered":"<p style=\"text-align: left;\" align=\"center\">LES INSCRIPTIONS POUR L&rsquo;\u00c9V\u00c9NEMENT 2016 SONT MAINTENANT FERM\u00c9<\/p>\n<p><strong><a class=\"btn\" title=\"Registration\" href=\"https:\/\/secure.e2rm.com\/registrant\/LoginRegister.aspx?eventid=196705&amp;action=register&amp;LangPref=fr-CA\" target=\"_blank\" rel=\"noopener noreferrer\">INSCRIPTION FERM\u00c9<\/a><\/strong><\/p>\n<h4>Que comprennent les <strong>frais d\u2019inscription de 50$<\/strong>?<\/h4>\n<ol>\n<li>Des repas sant\u00e9 durant la journ\u00e9e, comprenant: le d\u00e9jeuner, le d\u00eener, une collation et des boissons.<\/li>\n<li>Le choix entre une s\u00e9ance de yoga de 108\u00a0minutes <strong>ou<\/strong> un atelier de m\u00e9ditation de 108\u00a0minutes.<\/li>\n<li>Un tapis de yoga neuf de marque Gaiam deluxe pour utiliser lors de l\u2019\u00e9v\u00e9nement et \u00e0 rapporter chez soi.<\/li>\n<li>Des conf\u00e9renciers invit\u00e9s qui donneront des conseils pour am\u00e9liorer sa sant\u00e9.<\/li>\n<\/ol>\n<p><em>Cette journ\u00e9e sp\u00e9ciale vous donnera l\u2019occasion de d\u00e9crocher et de d\u00e9rouler votre tapis entre amis ou membres de votre famille <strong>ou<\/strong> de plonger dans l\u2019immobilit\u00e9 de la m\u00e9ditation. Riez. Renouez avec de saines habitudes. Laissez-vous inspirer.\u00a0<\/em><\/p>\n<h4>Inscription \u00e0 titre individuel<\/h4>\n<p><a class=\"btn\" title=\"Registration\" href=\"https:\/\/secure.e2rm.com\/registrant\/LoginRegister.aspx?eventid=196705&amp;action=register&amp;LangPref=fr-CA\" target=\"_blank\" rel=\"noopener noreferrer\"><strong>Inscrivez-vous<\/strong><\/a><\/p>\n<ul>\n<li>Choisissez l\u2019option Inscription \u00e0 titre individuel et suivez les instructions.<\/li>\n<li><strong><em>Avant de fixer votre objectif de collecte de fonds\u00a0<\/em><\/strong>: bien que chacun des participants doive amasser un montant de 300$ en dons pour prendre part \u00e0 l\u2019\u00e9v\u00e9nement, de nombreuses r\u00e9compenses sont offertes pour souligner les contributions exceptionnelles.<\/li>\n<li>Cr\u00e9ez<strong><em>&#8211;<\/em><\/strong>vous une page personnelle accrocheuse afin d\u2019encourager votre r\u00e9seau \u00e0 verser un don pour votre campagne.<\/li>\n<li>Racontez votre histoire personnelle, faites part de ce qui vous motive \u00e0 participer \u00e0 l\u2019\u00e9v\u00e9nement, ajoutez des photos et des vid\u00e9os.<\/li>\n<\/ul>\n<h4>Inscription comme membre d\u2019une \u00e9quipe<\/h4>\n<p>Plus on est de fous, plus on rit! Formez une \u00e9quipe, doublez le plaisir et les fonds amass\u00e9s! L\u2019\u00e9nergie nous fait toujours vibrer davantage lorsqu\u2019on la partage avec d\u2019autres. Formez une \u00e9quipe corporative ou rassembler famille et amis pour participer aux \u00e9v\u00e9nements de la journ\u00e9e. Trouvez un nom d\u2019\u00e9quipe et stimulez l\u2019esprit d\u2019\u00e9quipe.<\/p>\n<p>\u00c9tapes d\u2019inscription \u00e0 titre d\u2019\u00e9quipe:<\/p>\n<ul>\n<li>Trouvez un nom d\u2019\u00e9quipe.<\/li>\n<li>Le capitaine de l\u2019\u00e9quipe inscrit le nom de l\u2019\u00e9quipe.<\/li>\n<li>Chacun des membres de l\u2019\u00e9quipe doit s\u2019inscrire en se joignant \u00e0 l\u2019\u00e9quipe: vous trouverez l\u2019\u00e9quipe en tapant le nom de l\u2019\u00e9quipe ou du capitaine.<\/li>\n<li>Chacun des membres de l\u2019\u00e9quipe doit cr\u00e9er sa propre page personnelle et se fixer un objectif de collecte de fonds.<\/li>\n<li>L\u2019objectif total de l\u2019\u00e9quipe sera form\u00e9 du total des objectifs individuels des membres.<\/li>\n<li>Vous aurez le choix de vous inscrire \u00e0 titre individuel ou comme membre d\u2019une \u00e9quipe. Cliquez sur \u00c9quipe, et suivez les insctructions.<\/li>\n<\/ul>\n<div>\n<p>&nbsp;<\/p>\n<p>Consultez les conseils sur la mani\u00e8re de <a href=\"http:\/\/www.lymphoma.ca\/fr\/collectes-de-fonds\/formez-une-equipe-de-collecte-de-fonds\">Former une \u00e9quipe<\/a><\/p>\n<p><strong><em>Pour obtenir de l\u2019aide concernant l\u2019inscription, \u00e9crivez-nous \u00e0 <\/em><\/strong><a href=\"mailto:info@tousavostapis.ca\"><strong>info@tousavostapis.ca<\/strong><\/a><\/p>\n<\/div>\n","protected":false},"excerpt":{"rendered":"<p>LES INSCRIPTIONS POUR L&rsquo;\u00c9V\u00c9NEMENT 2016 SONT MAINTENANT FERM\u00c9 INSCRIPTION FERM\u00c9 Que comprennent les frais d\u2019inscription de 50$? Des repas sant\u00e9 durant la journ\u00e9e, comprenant: le d\u00e9jeuner, le d\u00eener, une collation&#8230;<\/p>\n","protected":false},"author":6,"featured_media":0,"parent":614,"menu_order":2,"comment_status":"closed","ping_status":"closed","template":"","meta":{"_acf_changed":false,"footnotes":""},"categories":[],"tags":[],"class_list":["post-655","page","type-page","status-publish"],"acf":[],"yoast_head":"<!-- This site is optimized with the Yoast SEO plugin v26.7 - https:\/\/yoast.com\/wordpress\/plugins\/seo\/ -->\n<title>Inscrivez-vous - Lymphoma Canada<\/title>\n<meta name=\"robots\" content=\"index, follow, max-snippet:-1, max-image-preview:large, max-video-preview:-1\" \/>\n<link rel=\"canonical\" href=\"https:\/\/www.lymphoma.ca\/fr\/tous-a-vos-tapis-montreal\/inscrivez-vous\/\" \/>\n<meta property=\"og:locale\" content=\"fr_FR\" \/>\n<meta property=\"og:type\" content=\"article\" \/>\n<meta property=\"og:title\" content=\"Inscrivez-vous - Lymphoma Canada\" \/>\n<meta property=\"og:description\" content=\"LES INSCRIPTIONS POUR L&rsquo;\u00c9V\u00c9NEMENT 2016 SONT MAINTENANT FERM\u00c9 INSCRIPTION FERM\u00c9 Que comprennent les frais d\u2019inscription de 50$? Des repas sant\u00e9 durant la journ\u00e9e, comprenant: le d\u00e9jeuner, le d\u00eener, une collation...\" \/>\n<meta property=\"og:url\" content=\"https:\/\/www.lymphoma.ca\/fr\/tous-a-vos-tapis-montreal\/inscrivez-vous\/\" \/>\n<meta property=\"og:site_name\" content=\"Lymphoma Canada\" \/>\n<meta property=\"article:publisher\" content=\"https:\/\/www.facebook.com\/LymphomaCanada\" \/>\n<meta property=\"article:modified_time\" content=\"2022-01-20T02:32:31+00:00\" \/>\n<meta name=\"twitter:card\" content=\"summary_large_image\" \/>\n<meta name=\"twitter:site\" content=\"@lymphomacanada\" \/>\n<meta name=\"twitter:label1\" content=\"Dur\u00e9e de lecture estim\u00e9e\" \/>\n\t<meta name=\"twitter:data1\" content=\"2 minutes\" \/>\n<script type=\"application\/ld+json\" class=\"yoast-schema-graph\">{\"@context\":\"https:\/\/schema.org\",\"@graph\":[{\"@type\":\"WebPage\",\"@id\":\"https:\/\/www.lymphoma.ca\/fr\/tous-a-vos-tapis-montreal\/inscrivez-vous\/\",\"url\":\"https:\/\/www.lymphoma.ca\/fr\/tous-a-vos-tapis-montreal\/inscrivez-vous\/\",\"name\":\"Inscrivez-vous - Lymphoma Canada\",\"isPartOf\":{\"@id\":\"https:\/\/www.lymphoma.ca\/fr\/#website\"},\"datePublished\":\"2016-05-12T20:08:52+00:00\",\"dateModified\":\"2022-01-20T02:32:31+00:00\",\"breadcrumb\":{\"@id\":\"https:\/\/www.lymphoma.ca\/fr\/tous-a-vos-tapis-montreal\/inscrivez-vous\/#breadcrumb\"},\"inLanguage\":\"fr-FR\",\"potentialAction\":[{\"@type\":\"ReadAction\",\"target\":[\"https:\/\/www.lymphoma.ca\/fr\/tous-a-vos-tapis-montreal\/inscrivez-vous\/\"]}]},{\"@type\":\"BreadcrumbList\",\"@id\":\"https:\/\/www.lymphoma.ca\/fr\/tous-a-vos-tapis-montreal\/inscrivez-vous\/#breadcrumb\",\"itemListElement\":[{\"@type\":\"ListItem\",\"position\":1,\"name\":\"Home\",\"item\":\"https:\/\/www.lymphoma.ca\/fr\/\"},{\"@type\":\"ListItem\",\"position\":2,\"name\":\"tous \u00e0 vos tapis &#8211; Montreal\",\"item\":\"https:\/\/www.lymphoma.ca\/take-it-to-the-mat-montreal\/\"},{\"@type\":\"ListItem\",\"position\":3,\"name\":\"Inscrivez-vous\"}]},{\"@type\":\"WebSite\",\"@id\":\"https:\/\/www.lymphoma.ca\/fr\/#website\",\"url\":\"https:\/\/www.lymphoma.ca\/fr\/\",\"name\":\"Lymphoma Canada\",\"description\":\"Information. Help. Hope.\",\"publisher\":{\"@id\":\"https:\/\/www.lymphoma.ca\/fr\/#organization\"},\"potentialAction\":[{\"@type\":\"SearchAction\",\"target\":{\"@type\":\"EntryPoint\",\"urlTemplate\":\"https:\/\/www.lymphoma.ca\/fr\/?s={search_term_string}\"},\"query-input\":{\"@type\":\"PropertyValueSpecification\",\"valueRequired\":true,\"valueName\":\"search_term_string\"}}],\"inLanguage\":\"fr-FR\"},{\"@type\":\"Organization\",\"@id\":\"https:\/\/www.lymphoma.ca\/fr\/#organization\",\"name\":\"Lymphoma Canada\",\"url\":\"https:\/\/www.lymphoma.ca\/fr\/\",\"logo\":{\"@type\":\"ImageObject\",\"inLanguage\":\"fr-FR\",\"@id\":\"https:\/\/www.lymphoma.ca\/fr\/#\/schema\/logo\/image\/\",\"url\":\"https:\/\/www.lymphoma.ca\/wp-content\/uploads\/2023\/05\/logo-lymphoma.jpg\",\"contentUrl\":\"https:\/\/www.lymphoma.ca\/wp-content\/uploads\/2023\/05\/logo-lymphoma.jpg\",\"width\":343,\"height\":343,\"caption\":\"Lymphoma Canada\"},\"image\":{\"@id\":\"https:\/\/www.lymphoma.ca\/fr\/#\/schema\/logo\/image\/\"},\"sameAs\":[\"https:\/\/www.facebook.com\/LymphomaCanada\",\"https:\/\/x.com\/lymphomacanada\",\"https:\/\/www.linkedin.com\/company\/lymphoma-canada\/\",\"http:\/\/instagram.com\/lymphomacanada\",\"http:\/\/www.youtube.com\/user\/LymphomaTV\"]}]}<\/script>\n<!-- \/ Yoast SEO plugin. -->","yoast_head_json":{"title":"Inscrivez-vous - Lymphoma Canada","robots":{"index":"index","follow":"follow","max-snippet":"max-snippet:-1","max-image-preview":"max-image-preview:large","max-video-preview":"max-video-preview:-1"},"canonical":"https:\/\/www.lymphoma.ca\/fr\/tous-a-vos-tapis-montreal\/inscrivez-vous\/","og_locale":"fr_FR","og_type":"article","og_title":"Inscrivez-vous - Lymphoma Canada","og_description":"LES INSCRIPTIONS POUR L&rsquo;\u00c9V\u00c9NEMENT 2016 SONT MAINTENANT FERM\u00c9 INSCRIPTION FERM\u00c9 Que comprennent les frais d\u2019inscription de 50$? Des repas sant\u00e9 durant la journ\u00e9e, comprenant: le d\u00e9jeuner, le d\u00eener, une collation...","og_url":"https:\/\/www.lymphoma.ca\/fr\/tous-a-vos-tapis-montreal\/inscrivez-vous\/","og_site_name":"Lymphoma Canada","article_publisher":"https:\/\/www.facebook.com\/LymphomaCanada","article_modified_time":"2022-01-20T02:32:31+00:00","twitter_card":"summary_large_image","twitter_site":"@lymphomacanada","twitter_misc":{"Dur\u00e9e de lecture estim\u00e9e":"2 minutes"},"schema":{"@context":"https:\/\/schema.org","@graph":[{"@type":"WebPage","@id":"https:\/\/www.lymphoma.ca\/fr\/tous-a-vos-tapis-montreal\/inscrivez-vous\/","url":"https:\/\/www.lymphoma.ca\/fr\/tous-a-vos-tapis-montreal\/inscrivez-vous\/","name":"Inscrivez-vous - Lymphoma Canada","isPartOf":{"@id":"https:\/\/www.lymphoma.ca\/fr\/#website"},"datePublished":"2016-05-12T20:08:52+00:00","dateModified":"2022-01-20T02:32:31+00:00","breadcrumb":{"@id":"https:\/\/www.lymphoma.ca\/fr\/tous-a-vos-tapis-montreal\/inscrivez-vous\/#breadcrumb"},"inLanguage":"fr-FR","potentialAction":[{"@type":"ReadAction","target":["https:\/\/www.lymphoma.ca\/fr\/tous-a-vos-tapis-montreal\/inscrivez-vous\/"]}]},{"@type":"BreadcrumbList","@id":"https:\/\/www.lymphoma.ca\/fr\/tous-a-vos-tapis-montreal\/inscrivez-vous\/#breadcrumb","itemListElement":[{"@type":"ListItem","position":1,"name":"Home","item":"https:\/\/www.lymphoma.ca\/fr\/"},{"@type":"ListItem","position":2,"name":"tous \u00e0 vos tapis &#8211; Montreal","item":"https:\/\/www.lymphoma.ca\/take-it-to-the-mat-montreal\/"},{"@type":"ListItem","position":3,"name":"Inscrivez-vous"}]},{"@type":"WebSite","@id":"https:\/\/www.lymphoma.ca\/fr\/#website","url":"https:\/\/www.lymphoma.ca\/fr\/","name":"Lymphoma Canada","description":"Information. Help. Hope.","publisher":{"@id":"https:\/\/www.lymphoma.ca\/fr\/#organization"},"potentialAction":[{"@type":"SearchAction","target":{"@type":"EntryPoint","urlTemplate":"https:\/\/www.lymphoma.ca\/fr\/?s={search_term_string}"},"query-input":{"@type":"PropertyValueSpecification","valueRequired":true,"valueName":"search_term_string"}}],"inLanguage":"fr-FR"},{"@type":"Organization","@id":"https:\/\/www.lymphoma.ca\/fr\/#organization","name":"Lymphoma Canada","url":"https:\/\/www.lymphoma.ca\/fr\/","logo":{"@type":"ImageObject","inLanguage":"fr-FR","@id":"https:\/\/www.lymphoma.ca\/fr\/#\/schema\/logo\/image\/","url":"https:\/\/www.lymphoma.ca\/wp-content\/uploads\/2023\/05\/logo-lymphoma.jpg","contentUrl":"https:\/\/www.lymphoma.ca\/wp-content\/uploads\/2023\/05\/logo-lymphoma.jpg","width":343,"height":343,"caption":"Lymphoma Canada"},"image":{"@id":"https:\/\/www.lymphoma.ca\/fr\/#\/schema\/logo\/image\/"},"sameAs":["https:\/\/www.facebook.com\/LymphomaCanada","https:\/\/x.com\/lymphomacanada","https:\/\/www.linkedin.com\/company\/lymphoma-canada\/","http:\/\/instagram.com\/lymphomacanada","http:\/\/www.youtube.com\/user\/LymphomaTV"]}]}},"_links":{"self":[{"href":"https:\/\/www.lymphoma.ca\/fr\/wp-json\/wp\/v2\/pages\/655","targetHints":{"allow":["GET"]}}],"collection":[{"href":"https:\/\/www.lymphoma.ca\/fr\/wp-json\/wp\/v2\/pages"}],"about":[{"href":"https:\/\/www.lymphoma.ca\/fr\/wp-json\/wp\/v2\/types\/page"}],"author":[{"embeddable":true,"href":"https:\/\/www.lymphoma.ca\/fr\/wp-json\/wp\/v2\/users\/6"}],"replies":[{"embeddable":true,"href":"https:\/\/www.lymphoma.ca\/fr\/wp-json\/wp\/v2\/comments?post=655"}],"version-history":[{"count":3,"href":"https:\/\/www.lymphoma.ca\/fr\/wp-json\/wp\/v2\/pages\/655\/revisions"}],"predecessor-version":[{"id":11571,"href":"https:\/\/www.lymphoma.ca\/fr\/wp-json\/wp\/v2\/pages\/655\/revisions\/11571"}],"up":[{"embeddable":true,"href":"https:\/\/www.lymphoma.ca\/fr\/wp-json\/wp\/v2\/pages\/614"}],"wp:attachment":[{"href":"https:\/\/www.lymphoma.ca\/fr\/wp-json\/wp\/v2\/media?parent=655"}],"wp:term":[{"taxonomy":"category","embeddable":true,"href":"https:\/\/www.lymphoma.ca\/fr\/wp-json\/wp\/v2\/categories?post=655"},{"taxonomy":"post_tag","embeddable":true,"href":"https:\/\/www.lymphoma.ca\/fr\/wp-json\/wp\/v2\/tags?post=655"}],"curies":[{"name":"wp","href":"https:\/\/api.w.org\/{rel}","templated":true}]}}