{"id":656,"date":"2016-05-12T20:20:37","date_gmt":"2016-05-12T20:20:37","guid":{"rendered":"https:\/\/www.lymphoma.ca\/?page_id=656"},"modified":"2022-01-20T02:34:45","modified_gmt":"2022-01-20T02:34:45","slug":"formez-une-equipe-de-collecte-de-fonds","status":"publish","type":"page","link":"https:\/\/www.lymphoma.ca\/fr\/tous-a-vos-tapis-montreal\/collectes-de-fonds\/formez-une-equipe-de-collecte-de-fonds\/","title":{"rendered":"Formez Une \u00c9quipe de Collecte de Fonds"},"content":{"rendered":"<h2>MAIN DANS LA MAIN POUR ALLER PLUS LOIN<\/h2>\n<p><img loading=\"lazy\" decoding=\"async\" class=\" size-full wp-image-588\" src=\"https:\/\/www.lymphoma.ca\/wp-content\/uploads\/2014\/08\/tittm_team.jpg\" alt=\"Create a team photo\" title=\"Team Photos\" width=\"724\" height=\"205\" style=\"color: #333333; font-family: 'Droid Sans', 'Helvetica Neue', Helvetica, Arial, sans-serif; font-size: 15px; line-height: 24px;\" srcset=\"https:\/\/www.lymphoma.ca\/wp-content\/uploads\/2014\/08\/tittm_team.jpg 1024w, https:\/\/www.lymphoma.ca\/wp-content\/uploads\/2014\/08\/tittm_team-300x85.jpg 300w, https:\/\/www.lymphoma.ca\/wp-content\/uploads\/2014\/08\/tittm_team-768x218.jpg 768w\" sizes=\"auto, (max-width: 724px) 100vw, 724px\" \/><\/p>\n<div style=\"text-align: center;\">\n<p style=\"display: inline-block; width: 260px; position: relative; background-color: #6f2c8a; margin-right: 15px;\"><a class=\"btn\" title=\"Formez une \u00e9quipe corporative\" href=\"http:\/\/www.lymphoma.ca\/fr\/collectes-de-fonds\/formez-une-equipe-de-collecte-de-fonds#corporateteam\">Formez une \u00e9quipe corporative<\/a><\/p>\n<p style=\"display: inline-block; width: 260px; position: relative; background-color: #6f2c8a; margin-right: 15px;\"><a class=\"btn\" title=\"Formez une \u00e9quipe personnelle\" href=\"http:\/\/www.lymphoma.ca\/fr\/collectes-de-fonds\/formez-une-equipe-de-collecte-de-fonds#personalteam\">Formez une \u00e9quipe personnelle<\/a><\/p>\n<p style=\"display: inline-block; width: 260px; position: relative; background-color: #6f2c8a; margin-right: 15px;\"><a class=\"btn\" title=\"Conseils pour la formation d'une \u00c9quipe dynamique\" href=\"http:\/\/www.lymphoma.ca\/fr\/collectes-de-fonds\/formez-une-equipe-de-collecte-de-fonds#dynamic\">Formez une \u00e9quipe dynamique<\/a><\/p>\n<p style=\"display: inline-block; width: 260px; position: relative; background-color: #6f2c8a; margin-right: 15px;\"><a class=\"btn\" title=\"Suggestions d'\u00e9v\u00e9nements\" href=\"http:\/\/www.lymphoma.ca\/fr\/collectes-de-fonds\/formez-une-equipe-de-collecte-de-fonds#ideas2\">Suggestions d&rsquo;\u00e9v\u00e9nements<\/a><\/p>\n<\/div>\n<h4><span><a name=\"corporateteam\"><\/a>Formez une \u00e9quipe corporative<\/span><\/h4>\n<ol>\n<li>Choisissez un capitaine d\u2019\u00e9quipe.<\/li>\n<li>Choisissez un ou plusieurs co-capitaines qui aideront \u00e0 assurer la communication et \u00e0 accomplir les t\u00e2ches de l\u2019\u00e9quipe, si n\u00e9cessaire.<\/li>\n<li>Trouvez un nom d\u2019\u00e9quipe ou un th\u00e8me qui favorise l\u2019esprit d\u2019\u00e9quipe.<\/li>\n<li>Visez haut et <a href=\"http:\/\/www.lymphoma.ca\/fr\/recompenses\">motivez l\u2019\u00e9quipe<\/a> par des courriels inspirants et des appels t\u00e9l\u00e9phoniques.<\/li>\n<li>Saisissez l\u2019occasion de partager avec autrui les b\u00e9n\u00e9fices li\u00e9s \u00e0 la sant\u00e9, au mieux-\u00eatre et \u00e0 la pratique du yoga.<\/li>\n<li>Partagez les r\u00e9ussites individuelles et collectives par le biais des m\u00e9dias sociaux et lors de rassemblements ou organisez des concours amusants qui favorisent l\u2019esprit de comp\u00e9tition. \u00c9tablissez des liens avec <em>tous \u00e0&nbsp;vos tapis<\/em> (<strong>TAVT)<\/strong> de Lymphome Canada sur <a href=\"https:\/\/www.instagram.com\/lymphomacanada\/\" target=\"_blank\" rel=\"noopener noreferrer\">Instagram<\/a> et sur <a href=\"https:\/\/www.facebook.com\/events\/558780610949234\/\" target=\"_blank\" rel=\"noopener noreferrer\">Facebook<\/a>. Identifiez les personnes pr\u00e9sentes et ajoutez des mots-clics pour accro\u00eetre la visibilit\u00e9 de l\u2019\u00e9quipe.&nbsp;<\/li>\n<li>Publiez des photos de l\u2019\u00e9quipe et des <a href=\"https:\/\/www.instagram.com\/lymphomacanada\/\" target=\"_blank\" rel=\"noopener noreferrer\">messages d\u2019encouragement<\/a>.<\/li>\n<\/ol>\n<p><span><br \/><\/span><\/p>\n<div class=\"alignright\">\n<blockquote>\n<p>Trouvez un nom accrocheur et formez votre \u00e9quipe. Motivez les membres \u00e0 participer, collectez des fonds et amusez-vous! Les statistiques d\u00e9montrent que chacun des membres d\u2019une une \u00e9quipe amasse environ 20 % plus d\u2019argent qu\u2019une personne seule.<\/p>\n<\/blockquote>\n<\/div>\n<h4 align=\"center\">D&rsquo;AVANTAGE de personnes, DE sensibilisation, de fonds et DE plaisir&nbsp;<\/h4>\n<h5>Avez-vous song\u00e9 \u00e0 vous impliquer avec vos fournisseurs, vos vendeurs ou vos clients?<\/h5>\n<ul>\n<li>Pourquoi ne pas sugg\u00e9rer que votre entreprise envoie un communiqu\u00e9 \u00e0 ses fournisseurs, ses vendeurs et ses clients afin de pr\u00e9senter l\u2019\u00e9v\u00e9nement et la mani\u00e8re d\u2019y participer?<\/li>\n<li>Formez votre \u00e9quipe avec des gens de diff\u00e9rents services, en demandant \u00e0 chacun de concentrer ses efforts sur ses connaissances et contacts.<\/li>\n<li>Demandez \u00e0 votre fournisseur et \u00e0 vos vendeurs s\u2019ils souhaitent se joindre \u00e0 votre \u00e9quipe ou cr\u00e9er la leur dans le cadre de l\u2019\u00e9v\u00e9nement.&nbsp;<\/li>\n<\/ul>\n<p><a name=\"personalteam\"><\/a><\/p>\n<h4>Comment former une \u00e9quipe personnelle?<\/h4>\n<ol>\n<li>Vous \u00eates capitaine de l\u2019\u00e9quipe.<\/li>\n<li>Choisissez un co-capitaine qui aidera \u00e0 assurer la communication et \u00e0 accomplir les t\u00e2ches de l\u2019\u00e9quipe, si n\u00e9cessaire.<\/li>\n<li>Affichez votre pr\u00e9sence sur les m\u00e9dias sociaux, en invitant famille et amis \u00e0 se joindre \u00e0 vous dans cette aventure passionnante.<\/li>\n<li>Trouvez un nom d\u2019\u00e9quipe ou un th\u00e8me qui favorise l\u2019esprit d\u2019\u00e9quipe.<\/li>\n<li>Visez haut et <a href=\"http:\/\/www.lymphoma.ca\/fr\/recompenses\">motivez l\u2019\u00e9quipe<\/a> par des courriels inspirants et des appels t\u00e9l\u00e9phoniques.<\/li>\n<li>Saisissez l\u2019occasion de partager avec autrui les b\u00e9n\u00e9fices li\u00e9s \u00e0 la sant\u00e9, au mieux-\u00eatre et \u00e0 la pratique du yoga.<\/li>\n<li>Partagez les r\u00e9ussites individuelles et collectives par le biais des m\u00e9dias sociaux et lors de rassemblements ou organisez des concours amusants qui favorisent l\u2019esprit de comp\u00e9tition. \u00c9tablissez des liens avec <strong>TAVT<\/strong> de Lymphome Canada sur <a href=\"https:\/\/www.instagram.com\/lymphomacanada\/\" target=\"_blank\" rel=\"noopener noreferrer\">Instagram<\/a> et <a href=\"https:\/\/www.facebook.com\/events\/558780610949234\/\" target=\"_blank\" rel=\"noopener noreferrer\">Facebook<\/a>. Identifiez les personnes pr\u00e9sentes et ajoutez des mots-clics pour accro\u00eetre la visibilit\u00e9 de l\u2019\u00e9quipe.<\/li>\n<li>Publiez des photos de l\u2019\u00e9quipe et des <a href=\"https:\/\/www.instagram.com\/lymphomacanada\/\" target=\"_blank\" rel=\"noopener noreferrer\">messages d\u2019encouragement<\/a>.<\/li>\n<\/ol>\n<p><a name=\"dynamic\"><\/a><\/p>\n<h4 style=\"text-align: left;\" align=\"center\">Conseils pour la formation d\u2019une \u00e9quipe dynamique<\/h4>\n<ul>\n<li>Cr\u00e9ez une page unique au nom de l\u2019\u00e9quipe et inscrivez-y les valeurs et les objectifs poursuivis par celle-ci. Ajoutez des photos et des citations inspirantes afin de motiver tant l\u2019\u00e9quipe que les donateurs.<\/li>\n<li>Dressez une liste de membres de votre famille, d\u2019amis, de coll\u00e8gues \u00e0 inviter \u00e0 se joindre \u00e0 votre \u00e9quipe. Faites-leur part des nombreux conseils et outils accessibles sur le site Web de l\u2019\u00e9v\u00e9nement <strong><em>tous \u00e0 vos tapis<\/em><\/strong>.<\/li>\n<li>R\u00e9digez un courriel persuasif afin de motiver les gens \u00e0 se joindre \u00e0 vous.<\/li>\n<li>Envoyez des notifications lorsqu\u2019un nouveau membre se joint \u00e0 l\u2019\u00e9quipe.<\/li>\n<li>Pour chaque membre, fixez un objectif de collecte et choisissez une r\u00e9compense dont tous pourront profiter ensemble, le cas \u00e9ch\u00e9ant. Visez un montant de 2 000$ par personne et planifiez une journ\u00e9e <a href=\"http:\/\/www.spastjames.com\/\" target=\"_blank\" rel=\"noopener noreferrer\"><strong>Spa St. James au&nbsp;Ritz-Carlton Montr\u00e9al<\/strong><\/a>. Si votre \u00e9quipe d\u00e9sire participer \u00e0 la retraite de yoga et de mieux-\u00eatre <em>tous \u00e0 vos tapis<\/em> au <strong><a href=\"http:\/\/www.spa-eastman.com\/fr\/eastman\/\" target=\"_blank\" rel=\"noopener noreferrer\">Spa Eastman<\/a><\/strong>, au printemps&nbsp;2017, chacun des membres devra amasser 3&nbsp;500$. Vos efforts seront r\u00e9compens\u00e9s de diff\u00e9rentes fa\u00e7ons, mais souvenez-vous, une seule r\u00e9compense par personne. Ce ne sont que deux exemples des r\u00e9compenses offertes.<\/li>\n<li>Une fois les objectifs individuels \u00e9tablis, fixez un objectif de collecte pour l\u2019ensemble de l\u2019\u00e9quipe et ajustez-le \u00e0 mesure que de nouveaux membres se joignent \u00e0 vous, ou lorsque des membres d\u00e9passent leur objectif individuel.<\/li>\n<li>Cr\u00e9ez un profil sur LinkedIn et sur Facebook, de m\u00eame qu\u2019une liste d\u2019envoi par courriel.<\/li>\n<li>Ajoutez le nom de votre \u00e9quipe et un lien vers la page de la collecte de fonds dans la signature de vos courriels.<\/li>\n<li>Demandez \u00e0 l\u2019entreprise pour laquelle vous travaillez d\u2019\u00e9galez votre montant total collect\u00e9.<\/li>\n<\/ul>\n<p><a name=\"ideas2\"><\/a><\/p>\n<h4><span><a id=\"ideas2\" name=\"ideas2\"><\/a>Suggestions d\u2019\u00e9v\u00e9nements et d\u2019activit\u00e9s de groupe<\/span><\/h4>\n<ul>\n<li>Cours de yoga au parc \u2013 demandez \u00e0 votre professeur pr\u00e9f\u00e9r\u00e9 de donner de son temps. Sollicitez un don de chaque participant (20$) \u00e0 votre collecte de fonds en ligne.<\/li>\n<li>Organisez un brunch ou un BBQ et demandez \u00e0 vos amis de verser un don \u00e0 TAVT plut\u00f4t que d\u2019apporter un cadeau d\u2019h\u00f4te.<\/li>\n<li>Utilisez vos talents et demandez que soient vers\u00e9 un don \u2013 par exemple, donnez un cours de cuisine ou organisez un concert.<\/li>\n<li>Vente de garage<\/li>\n<li>Demandez au restaurant ou au bar du coin d\u2019organiser un \u00e9v\u00e9nement <strong>tous \u00e0 vos tapis<\/strong>, invitez vos amis et coll\u00e8gues et divisez les frais entre les participants.<\/li>\n<li>Organisez un \u00e9v\u00e9nement dans votre lieu de travail: vente de lunchs ou de p\u00e2tisseries, cours de yoga \u00e0 l\u2019heure du midi, concours et comp\u00e9titions.<\/li>\n<\/ul>\n","protected":false},"excerpt":{"rendered":"<p>MAIN DANS LA MAIN POUR ALLER PLUS LOIN Formez une \u00e9quipe corporative Formez une \u00e9quipe personnelle Formez une \u00e9quipe dynamique Suggestions d&rsquo;\u00e9v\u00e9nements Formez une \u00e9quipe corporative Choisissez un capitaine d\u2019\u00e9quipe&#8230;.<\/p>\n","protected":false},"author":6,"featured_media":587,"parent":654,"menu_order":0,"comment_status":"closed","ping_status":"closed","template":"","meta":{"_acf_changed":false,"footnotes":""},"categories":[],"tags":[],"class_list":["post-656","page","type-page","status-publish","has-post-thumbnail"],"acf":[],"yoast_head":"<!-- This site is optimized with the Yoast SEO plugin v26.7 - https:\/\/yoast.com\/wordpress\/plugins\/seo\/ -->\n<title>Formez Une \u00c9quipe de Collecte de Fonds - Lymphoma Canada<\/title>\n<meta name=\"robots\" content=\"index, follow, max-snippet:-1, max-image-preview:large, max-video-preview:-1\" \/>\n<link rel=\"canonical\" href=\"https:\/\/www.lymphoma.ca\/fr\/tous-a-vos-tapis-montreal\/collectes-de-fonds\/formez-une-equipe-de-collecte-de-fonds\/\" \/>\n<meta property=\"og:locale\" content=\"fr_FR\" \/>\n<meta property=\"og:type\" content=\"article\" \/>\n<meta property=\"og:title\" content=\"Formez Une \u00c9quipe de Collecte de Fonds - Lymphoma Canada\" \/>\n<meta property=\"og:description\" content=\"MAIN DANS LA MAIN POUR ALLER PLUS LOIN Formez une \u00e9quipe corporative Formez une \u00e9quipe personnelle Formez une \u00e9quipe dynamique Suggestions d&rsquo;\u00e9v\u00e9nements Formez une \u00e9quipe corporative Choisissez un capitaine d\u2019\u00e9quipe....\" \/>\n<meta property=\"og:url\" content=\"https:\/\/www.lymphoma.ca\/fr\/tous-a-vos-tapis-montreal\/collectes-de-fonds\/formez-une-equipe-de-collecte-de-fonds\/\" \/>\n<meta property=\"og:site_name\" content=\"Lymphoma Canada\" \/>\n<meta property=\"article:publisher\" content=\"https:\/\/www.facebook.com\/LymphomaCanada\" \/>\n<meta property=\"article:modified_time\" content=\"2022-01-20T02:34:45+00:00\" \/>\n<meta property=\"og:image\" content=\"https:\/\/www.lymphoma.ca\/wp-content\/uploads\/2014\/08\/tittm_team.jpg\" \/>\n\t<meta property=\"og:image:width\" content=\"1024\" \/>\n\t<meta property=\"og:image:height\" content=\"290\" \/>\n\t<meta property=\"og:image:type\" content=\"image\/jpeg\" \/>\n<meta name=\"twitter:card\" content=\"summary_large_image\" \/>\n<meta name=\"twitter:site\" content=\"@lymphomacanada\" \/>\n<meta name=\"twitter:label1\" content=\"Dur\u00e9e de lecture estim\u00e9e\" \/>\n\t<meta name=\"twitter:data1\" content=\"5 minutes\" \/>\n<script type=\"application\/ld+json\" class=\"yoast-schema-graph\">{\"@context\":\"https:\/\/schema.org\",\"@graph\":[{\"@type\":\"WebPage\",\"@id\":\"https:\/\/www.lymphoma.ca\/fr\/tous-a-vos-tapis-montreal\/collectes-de-fonds\/formez-une-equipe-de-collecte-de-fonds\/\",\"url\":\"https:\/\/www.lymphoma.ca\/fr\/tous-a-vos-tapis-montreal\/collectes-de-fonds\/formez-une-equipe-de-collecte-de-fonds\/\",\"name\":\"Formez Une \u00c9quipe de Collecte de Fonds - Lymphoma Canada\",\"isPartOf\":{\"@id\":\"https:\/\/www.lymphoma.ca\/fr\/#website\"},\"primaryImageOfPage\":{\"@id\":\"https:\/\/www.lymphoma.ca\/fr\/tous-a-vos-tapis-montreal\/collectes-de-fonds\/formez-une-equipe-de-collecte-de-fonds\/#primaryimage\"},\"image\":{\"@id\":\"https:\/\/www.lymphoma.ca\/fr\/tous-a-vos-tapis-montreal\/collectes-de-fonds\/formez-une-equipe-de-collecte-de-fonds\/#primaryimage\"},\"thumbnailUrl\":\"https:\/\/www.lymphoma.ca\/wp-content\/uploads\/2014\/08\/tittm_team.jpg\",\"datePublished\":\"2016-05-12T20:20:37+00:00\",\"dateModified\":\"2022-01-20T02:34:45+00:00\",\"breadcrumb\":{\"@id\":\"https:\/\/www.lymphoma.ca\/fr\/tous-a-vos-tapis-montreal\/collectes-de-fonds\/formez-une-equipe-de-collecte-de-fonds\/#breadcrumb\"},\"inLanguage\":\"fr-FR\",\"potentialAction\":[{\"@type\":\"ReadAction\",\"target\":[\"https:\/\/www.lymphoma.ca\/fr\/tous-a-vos-tapis-montreal\/collectes-de-fonds\/formez-une-equipe-de-collecte-de-fonds\/\"]}]},{\"@type\":\"ImageObject\",\"inLanguage\":\"fr-FR\",\"@id\":\"https:\/\/www.lymphoma.ca\/fr\/tous-a-vos-tapis-montreal\/collectes-de-fonds\/formez-une-equipe-de-collecte-de-fonds\/#primaryimage\",\"url\":\"https:\/\/www.lymphoma.ca\/wp-content\/uploads\/2014\/08\/tittm_team.jpg\",\"contentUrl\":\"https:\/\/www.lymphoma.ca\/wp-content\/uploads\/2014\/08\/tittm_team.jpg\",\"width\":1024,\"height\":290,\"caption\":\"Team Photos\"},{\"@type\":\"BreadcrumbList\",\"@id\":\"https:\/\/www.lymphoma.ca\/fr\/tous-a-vos-tapis-montreal\/collectes-de-fonds\/formez-une-equipe-de-collecte-de-fonds\/#breadcrumb\",\"itemListElement\":[{\"@type\":\"ListItem\",\"position\":1,\"name\":\"Home\",\"item\":\"https:\/\/www.lymphoma.ca\/fr\/\"},{\"@type\":\"ListItem\",\"position\":2,\"name\":\"tous \u00e0 vos tapis &#8211; Montreal\",\"item\":\"https:\/\/www.lymphoma.ca\/take-it-to-the-mat-montreal\/\"},{\"@type\":\"ListItem\",\"position\":3,\"name\":\"Collectes de fonds\",\"item\":\"https:\/\/www.lymphoma.ca\/fr\/tous-a-vos-tapis-montreal\/collectes-de-fonds\/\"},{\"@type\":\"ListItem\",\"position\":4,\"name\":\"Formez Une \u00c9quipe de Collecte de Fonds\"}]},{\"@type\":\"WebSite\",\"@id\":\"https:\/\/www.lymphoma.ca\/fr\/#website\",\"url\":\"https:\/\/www.lymphoma.ca\/fr\/\",\"name\":\"Lymphoma Canada\",\"description\":\"Information. Help. Hope.\",\"publisher\":{\"@id\":\"https:\/\/www.lymphoma.ca\/fr\/#organization\"},\"potentialAction\":[{\"@type\":\"SearchAction\",\"target\":{\"@type\":\"EntryPoint\",\"urlTemplate\":\"https:\/\/www.lymphoma.ca\/fr\/?s={search_term_string}\"},\"query-input\":{\"@type\":\"PropertyValueSpecification\",\"valueRequired\":true,\"valueName\":\"search_term_string\"}}],\"inLanguage\":\"fr-FR\"},{\"@type\":\"Organization\",\"@id\":\"https:\/\/www.lymphoma.ca\/fr\/#organization\",\"name\":\"Lymphoma Canada\",\"url\":\"https:\/\/www.lymphoma.ca\/fr\/\",\"logo\":{\"@type\":\"ImageObject\",\"inLanguage\":\"fr-FR\",\"@id\":\"https:\/\/www.lymphoma.ca\/fr\/#\/schema\/logo\/image\/\",\"url\":\"https:\/\/www.lymphoma.ca\/wp-content\/uploads\/2023\/05\/logo-lymphoma.jpg\",\"contentUrl\":\"https:\/\/www.lymphoma.ca\/wp-content\/uploads\/2023\/05\/logo-lymphoma.jpg\",\"width\":343,\"height\":343,\"caption\":\"Lymphoma Canada\"},\"image\":{\"@id\":\"https:\/\/www.lymphoma.ca\/fr\/#\/schema\/logo\/image\/\"},\"sameAs\":[\"https:\/\/www.facebook.com\/LymphomaCanada\",\"https:\/\/x.com\/lymphomacanada\",\"https:\/\/www.linkedin.com\/company\/lymphoma-canada\/\",\"http:\/\/instagram.com\/lymphomacanada\",\"http:\/\/www.youtube.com\/user\/LymphomaTV\"]}]}<\/script>\n<!-- \/ Yoast SEO plugin. -->","yoast_head_json":{"title":"Formez Une \u00c9quipe de Collecte de Fonds - Lymphoma Canada","robots":{"index":"index","follow":"follow","max-snippet":"max-snippet:-1","max-image-preview":"max-image-preview:large","max-video-preview":"max-video-preview:-1"},"canonical":"https:\/\/www.lymphoma.ca\/fr\/tous-a-vos-tapis-montreal\/collectes-de-fonds\/formez-une-equipe-de-collecte-de-fonds\/","og_locale":"fr_FR","og_type":"article","og_title":"Formez Une \u00c9quipe de Collecte de Fonds - Lymphoma Canada","og_description":"MAIN DANS LA MAIN POUR ALLER PLUS LOIN Formez une \u00e9quipe corporative Formez une \u00e9quipe personnelle Formez une \u00e9quipe dynamique Suggestions d&rsquo;\u00e9v\u00e9nements Formez une \u00e9quipe corporative Choisissez un capitaine d\u2019\u00e9quipe....","og_url":"https:\/\/www.lymphoma.ca\/fr\/tous-a-vos-tapis-montreal\/collectes-de-fonds\/formez-une-equipe-de-collecte-de-fonds\/","og_site_name":"Lymphoma Canada","article_publisher":"https:\/\/www.facebook.com\/LymphomaCanada","article_modified_time":"2022-01-20T02:34:45+00:00","og_image":[{"width":1024,"height":290,"url":"https:\/\/www.lymphoma.ca\/wp-content\/uploads\/2014\/08\/tittm_team.jpg","type":"image\/jpeg"}],"twitter_card":"summary_large_image","twitter_site":"@lymphomacanada","twitter_misc":{"Dur\u00e9e de lecture estim\u00e9e":"5 minutes"},"schema":{"@context":"https:\/\/schema.org","@graph":[{"@type":"WebPage","@id":"https:\/\/www.lymphoma.ca\/fr\/tous-a-vos-tapis-montreal\/collectes-de-fonds\/formez-une-equipe-de-collecte-de-fonds\/","url":"https:\/\/www.lymphoma.ca\/fr\/tous-a-vos-tapis-montreal\/collectes-de-fonds\/formez-une-equipe-de-collecte-de-fonds\/","name":"Formez Une \u00c9quipe de Collecte de Fonds - Lymphoma Canada","isPartOf":{"@id":"https:\/\/www.lymphoma.ca\/fr\/#website"},"primaryImageOfPage":{"@id":"https:\/\/www.lymphoma.ca\/fr\/tous-a-vos-tapis-montreal\/collectes-de-fonds\/formez-une-equipe-de-collecte-de-fonds\/#primaryimage"},"image":{"@id":"https:\/\/www.lymphoma.ca\/fr\/tous-a-vos-tapis-montreal\/collectes-de-fonds\/formez-une-equipe-de-collecte-de-fonds\/#primaryimage"},"thumbnailUrl":"https:\/\/www.lymphoma.ca\/wp-content\/uploads\/2014\/08\/tittm_team.jpg","datePublished":"2016-05-12T20:20:37+00:00","dateModified":"2022-01-20T02:34:45+00:00","breadcrumb":{"@id":"https:\/\/www.lymphoma.ca\/fr\/tous-a-vos-tapis-montreal\/collectes-de-fonds\/formez-une-equipe-de-collecte-de-fonds\/#breadcrumb"},"inLanguage":"fr-FR","potentialAction":[{"@type":"ReadAction","target":["https:\/\/www.lymphoma.ca\/fr\/tous-a-vos-tapis-montreal\/collectes-de-fonds\/formez-une-equipe-de-collecte-de-fonds\/"]}]},{"@type":"ImageObject","inLanguage":"fr-FR","@id":"https:\/\/www.lymphoma.ca\/fr\/tous-a-vos-tapis-montreal\/collectes-de-fonds\/formez-une-equipe-de-collecte-de-fonds\/#primaryimage","url":"https:\/\/www.lymphoma.ca\/wp-content\/uploads\/2014\/08\/tittm_team.jpg","contentUrl":"https:\/\/www.lymphoma.ca\/wp-content\/uploads\/2014\/08\/tittm_team.jpg","width":1024,"height":290,"caption":"Team Photos"},{"@type":"BreadcrumbList","@id":"https:\/\/www.lymphoma.ca\/fr\/tous-a-vos-tapis-montreal\/collectes-de-fonds\/formez-une-equipe-de-collecte-de-fonds\/#breadcrumb","itemListElement":[{"@type":"ListItem","position":1,"name":"Home","item":"https:\/\/www.lymphoma.ca\/fr\/"},{"@type":"ListItem","position":2,"name":"tous \u00e0 vos tapis &#8211; Montreal","item":"https:\/\/www.lymphoma.ca\/take-it-to-the-mat-montreal\/"},{"@type":"ListItem","position":3,"name":"Collectes de fonds","item":"https:\/\/www.lymphoma.ca\/fr\/tous-a-vos-tapis-montreal\/collectes-de-fonds\/"},{"@type":"ListItem","position":4,"name":"Formez Une \u00c9quipe de Collecte de Fonds"}]},{"@type":"WebSite","@id":"https:\/\/www.lymphoma.ca\/fr\/#website","url":"https:\/\/www.lymphoma.ca\/fr\/","name":"Lymphoma Canada","description":"Information. Help. Hope.","publisher":{"@id":"https:\/\/www.lymphoma.ca\/fr\/#organization"},"potentialAction":[{"@type":"SearchAction","target":{"@type":"EntryPoint","urlTemplate":"https:\/\/www.lymphoma.ca\/fr\/?s={search_term_string}"},"query-input":{"@type":"PropertyValueSpecification","valueRequired":true,"valueName":"search_term_string"}}],"inLanguage":"fr-FR"},{"@type":"Organization","@id":"https:\/\/www.lymphoma.ca\/fr\/#organization","name":"Lymphoma Canada","url":"https:\/\/www.lymphoma.ca\/fr\/","logo":{"@type":"ImageObject","inLanguage":"fr-FR","@id":"https:\/\/www.lymphoma.ca\/fr\/#\/schema\/logo\/image\/","url":"https:\/\/www.lymphoma.ca\/wp-content\/uploads\/2023\/05\/logo-lymphoma.jpg","contentUrl":"https:\/\/www.lymphoma.ca\/wp-content\/uploads\/2023\/05\/logo-lymphoma.jpg","width":343,"height":343,"caption":"Lymphoma Canada"},"image":{"@id":"https:\/\/www.lymphoma.ca\/fr\/#\/schema\/logo\/image\/"},"sameAs":["https:\/\/www.facebook.com\/LymphomaCanada","https:\/\/x.com\/lymphomacanada","https:\/\/www.linkedin.com\/company\/lymphoma-canada\/","http:\/\/instagram.com\/lymphomacanada","http:\/\/www.youtube.com\/user\/LymphomaTV"]}]}},"_links":{"self":[{"href":"https:\/\/www.lymphoma.ca\/fr\/wp-json\/wp\/v2\/pages\/656","targetHints":{"allow":["GET"]}}],"collection":[{"href":"https:\/\/www.lymphoma.ca\/fr\/wp-json\/wp\/v2\/pages"}],"about":[{"href":"https:\/\/www.lymphoma.ca\/fr\/wp-json\/wp\/v2\/types\/page"}],"author":[{"embeddable":true,"href":"https:\/\/www.lymphoma.ca\/fr\/wp-json\/wp\/v2\/users\/6"}],"replies":[{"embeddable":true,"href":"https:\/\/www.lymphoma.ca\/fr\/wp-json\/wp\/v2\/comments?post=656"}],"version-history":[{"count":2,"href":"https:\/\/www.lymphoma.ca\/fr\/wp-json\/wp\/v2\/pages\/656\/revisions"}],"predecessor-version":[{"id":11572,"href":"https:\/\/www.lymphoma.ca\/fr\/wp-json\/wp\/v2\/pages\/656\/revisions\/11572"}],"up":[{"embeddable":true,"href":"https:\/\/www.lymphoma.ca\/fr\/wp-json\/wp\/v2\/pages\/654"}],"wp:featuredmedia":[{"embeddable":true,"href":"https:\/\/www.lymphoma.ca\/fr\/wp-json\/wp\/v2\/media\/587"}],"wp:attachment":[{"href":"https:\/\/www.lymphoma.ca\/fr\/wp-json\/wp\/v2\/media?parent=656"}],"wp:term":[{"taxonomy":"category","embeddable":true,"href":"https:\/\/www.lymphoma.ca\/fr\/wp-json\/wp\/v2\/categories?post=656"},{"taxonomy":"post_tag","embeddable":true,"href":"https:\/\/www.lymphoma.ca\/fr\/wp-json\/wp\/v2\/tags?post=656"}],"curies":[{"name":"wp","href":"https:\/\/api.w.org\/{rel}","templated":true}]}}