{"id":663,"date":"2016-05-12T20:54:54","date_gmt":"2016-05-12T20:54:54","guid":{"rendered":"https:\/\/www.lymphoma.ca\/?page_id=663"},"modified":"2020-01-07T17:23:05","modified_gmt":"2020-01-07T17:23:05","slug":"exemples-des-notes","status":"publish","type":"page","link":"https:\/\/www.lymphoma.ca\/fr\/tous-a-vos-tapis-montreal\/collectes-de-fonds\/exemples-des-notes\/","title":{"rendered":"Exemples des Notes"},"content":{"rendered":"<p>Il peut \u00eatre utile de r\u00e9diger une lettre destin\u00e9e aux personnes de votre r\u00e9seau. Dans cette lettre, expliquez-leur en quoi consiste l\u2019\u00e9v\u00e9nement et dites-leur pourquoi vous y participez. Vous trouverez ci-dessous des mod\u00e8les de lettres qui pourront vous aider \u00e0 r\u00e9diger la v\u00f4tre.<\/p>\n<h4>Une \u00e9quipe de yogis de <em>tous \u00e0 vos tapis<\/em> pour Lymphome Canada<\/h4>\n<p><a title=\"Z:\\ALL\\TITTM\\2016 TITTM\\Website revisions 2016\\Final Website content 2016\" href=\"https:\/\/www.lymphoma.ca\/wp-content\/uploads\/2016\/05\/fr_team.doc\" target=\"_blank\" rel=\"noopener noreferrer\"><img loading=\"lazy\" decoding=\"async\" class=\" size-full wp-image-577\" src=\"https:\/\/www.lymphoma.ca\/wp-content\/uploads\/2014\/06\/doc.png\" alt=\"A team of Yogis take it to the mat for Lymphoma Canada\" title=\"A team of Yogis take it to the mat for Lymphoma Canada\" width=\"100\" height=\"100\" \/><\/a><\/p>\n<h4>Appuyez ma s\u00e9ance de m\u00e9ditation au profit de Lymphome Canada&nbsp;<\/h4>\n<p><a title=\"Support my Meditation journey in support of Lymphoma Canada \" href=\"https:\/\/www.lymphoma.ca\/wp-content\/uploads\/2016\/05\/fr_mediate.doc\" target=\"_blank\" rel=\"noopener noreferrer\"><img loading=\"lazy\" decoding=\"async\" class=\" size-full wp-image-577\" src=\"https:\/\/www.lymphoma.ca\/wp-content\/uploads\/2014\/06\/doc.png\" alt=\"Word Doc Icon\" width=\"100\" height=\"100\" \/><\/a><\/p>\n<h4>Une ancienne \u00ab&nbsp;patate de divan&nbsp;\u00bb d\u00e9roule son tapis pour Lymphome Canada<\/h4>\n<p><a title=\"Former couch potato takes it to the mat for Lymphoma Canada\" href=\"https:\/\/www.lymphoma.ca\/wp-content\/uploads\/2016\/05\/fr_couch.doc\" target=\"_blank\" rel=\"noopener noreferrer\"><img loading=\"lazy\" decoding=\"async\" class=\" size-full wp-image-577\" src=\"https:\/\/www.lymphoma.ca\/wp-content\/uploads\/2014\/06\/doc.png\" alt=\"Word Doc Icon\" width=\"100\" height=\"100\" \/><\/a>&nbsp;<\/p>\n","protected":false},"excerpt":{"rendered":"<p>Il peut \u00eatre utile de r\u00e9diger une lettre destin\u00e9e aux personnes de votre r\u00e9seau. Dans cette lettre, expliquez-leur en quoi consiste l\u2019\u00e9v\u00e9nement et dites-leur pourquoi vous y participez. Vous trouverez&#8230;<\/p>\n","protected":false},"author":6,"featured_media":577,"parent":654,"menu_order":2,"comment_status":"closed","ping_status":"closed","template":"","meta":{"_acf_changed":false,"footnotes":""},"categories":[],"tags":[],"class_list":["post-663","page","type-page","status-publish","has-post-thumbnail"],"acf":[],"yoast_head":"<!-- This site is optimized with the Yoast SEO plugin v26.7 - https:\/\/yoast.com\/wordpress\/plugins\/seo\/ -->\n<title>Exemples des Notes - Lymphoma Canada<\/title>\n<meta name=\"robots\" content=\"index, follow, max-snippet:-1, max-image-preview:large, max-video-preview:-1\" \/>\n<link rel=\"canonical\" href=\"https:\/\/www.lymphoma.ca\/fr\/tous-a-vos-tapis-montreal\/collectes-de-fonds\/exemples-des-notes\/\" \/>\n<meta property=\"og:locale\" content=\"fr_FR\" \/>\n<meta property=\"og:type\" content=\"article\" \/>\n<meta property=\"og:title\" content=\"Exemples des Notes - Lymphoma Canada\" \/>\n<meta property=\"og:description\" content=\"Il peut \u00eatre utile de r\u00e9diger une lettre destin\u00e9e aux personnes de votre r\u00e9seau. Dans cette lettre, expliquez-leur en quoi consiste l\u2019\u00e9v\u00e9nement et dites-leur pourquoi vous y participez. Vous trouverez...\" \/>\n<meta property=\"og:url\" content=\"https:\/\/www.lymphoma.ca\/fr\/tous-a-vos-tapis-montreal\/collectes-de-fonds\/exemples-des-notes\/\" \/>\n<meta property=\"og:site_name\" content=\"Lymphoma Canada\" \/>\n<meta property=\"article:publisher\" content=\"https:\/\/www.facebook.com\/LymphomaCanada\" \/>\n<meta property=\"article:modified_time\" content=\"2020-01-07T17:23:05+00:00\" \/>\n<meta property=\"og:image\" content=\"https:\/\/www.lymphoma.ca\/wp-content\/uploads\/2014\/06\/doc.png\" \/>\n\t<meta property=\"og:image:width\" content=\"100\" \/>\n\t<meta property=\"og:image:height\" content=\"100\" \/>\n\t<meta property=\"og:image:type\" content=\"image\/png\" \/>\n<meta name=\"twitter:card\" content=\"summary_large_image\" \/>\n<meta name=\"twitter:site\" content=\"@lymphomacanada\" \/>\n<script type=\"application\/ld+json\" class=\"yoast-schema-graph\">{\"@context\":\"https:\/\/schema.org\",\"@graph\":[{\"@type\":\"WebPage\",\"@id\":\"https:\/\/www.lymphoma.ca\/fr\/tous-a-vos-tapis-montreal\/collectes-de-fonds\/exemples-des-notes\/\",\"url\":\"https:\/\/www.lymphoma.ca\/fr\/tous-a-vos-tapis-montreal\/collectes-de-fonds\/exemples-des-notes\/\",\"name\":\"Exemples des Notes - Lymphoma Canada\",\"isPartOf\":{\"@id\":\"https:\/\/www.lymphoma.ca\/fr\/#website\"},\"primaryImageOfPage\":{\"@id\":\"https:\/\/www.lymphoma.ca\/fr\/tous-a-vos-tapis-montreal\/collectes-de-fonds\/exemples-des-notes\/#primaryimage\"},\"image\":{\"@id\":\"https:\/\/www.lymphoma.ca\/fr\/tous-a-vos-tapis-montreal\/collectes-de-fonds\/exemples-des-notes\/#primaryimage\"},\"thumbnailUrl\":\"https:\/\/www.lymphoma.ca\/wp-content\/uploads\/2014\/06\/doc.png\",\"datePublished\":\"2016-05-12T20:54:54+00:00\",\"dateModified\":\"2020-01-07T17:23:05+00:00\",\"breadcrumb\":{\"@id\":\"https:\/\/www.lymphoma.ca\/fr\/tous-a-vos-tapis-montreal\/collectes-de-fonds\/exemples-des-notes\/#breadcrumb\"},\"inLanguage\":\"fr-FR\",\"potentialAction\":[{\"@type\":\"ReadAction\",\"target\":[\"https:\/\/www.lymphoma.ca\/fr\/tous-a-vos-tapis-montreal\/collectes-de-fonds\/exemples-des-notes\/\"]}]},{\"@type\":\"ImageObject\",\"inLanguage\":\"fr-FR\",\"@id\":\"https:\/\/www.lymphoma.ca\/fr\/tous-a-vos-tapis-montreal\/collectes-de-fonds\/exemples-des-notes\/#primaryimage\",\"url\":\"https:\/\/www.lymphoma.ca\/wp-content\/uploads\/2014\/06\/doc.png\",\"contentUrl\":\"https:\/\/www.lymphoma.ca\/wp-content\/uploads\/2014\/06\/doc.png\",\"width\":100,\"height\":100,\"caption\":\"A team of Yogis take it to the mat for Lymphoma Canada\"},{\"@type\":\"BreadcrumbList\",\"@id\":\"https:\/\/www.lymphoma.ca\/fr\/tous-a-vos-tapis-montreal\/collectes-de-fonds\/exemples-des-notes\/#breadcrumb\",\"itemListElement\":[{\"@type\":\"ListItem\",\"position\":1,\"name\":\"Home\",\"item\":\"https:\/\/www.lymphoma.ca\/fr\/\"},{\"@type\":\"ListItem\",\"position\":2,\"name\":\"tous \u00e0 vos tapis &#8211; Montreal\",\"item\":\"https:\/\/www.lymphoma.ca\/take-it-to-the-mat-montreal\/\"},{\"@type\":\"ListItem\",\"position\":3,\"name\":\"Collectes de fonds\",\"item\":\"https:\/\/www.lymphoma.ca\/fr\/tous-a-vos-tapis-montreal\/collectes-de-fonds\/\"},{\"@type\":\"ListItem\",\"position\":4,\"name\":\"Exemples des Notes\"}]},{\"@type\":\"WebSite\",\"@id\":\"https:\/\/www.lymphoma.ca\/fr\/#website\",\"url\":\"https:\/\/www.lymphoma.ca\/fr\/\",\"name\":\"Lymphoma Canada\",\"description\":\"Information. Help. Hope.\",\"publisher\":{\"@id\":\"https:\/\/www.lymphoma.ca\/fr\/#organization\"},\"potentialAction\":[{\"@type\":\"SearchAction\",\"target\":{\"@type\":\"EntryPoint\",\"urlTemplate\":\"https:\/\/www.lymphoma.ca\/fr\/?s={search_term_string}\"},\"query-input\":{\"@type\":\"PropertyValueSpecification\",\"valueRequired\":true,\"valueName\":\"search_term_string\"}}],\"inLanguage\":\"fr-FR\"},{\"@type\":\"Organization\",\"@id\":\"https:\/\/www.lymphoma.ca\/fr\/#organization\",\"name\":\"Lymphoma Canada\",\"url\":\"https:\/\/www.lymphoma.ca\/fr\/\",\"logo\":{\"@type\":\"ImageObject\",\"inLanguage\":\"fr-FR\",\"@id\":\"https:\/\/www.lymphoma.ca\/fr\/#\/schema\/logo\/image\/\",\"url\":\"https:\/\/www.lymphoma.ca\/wp-content\/uploads\/2023\/05\/logo-lymphoma.jpg\",\"contentUrl\":\"https:\/\/www.lymphoma.ca\/wp-content\/uploads\/2023\/05\/logo-lymphoma.jpg\",\"width\":343,\"height\":343,\"caption\":\"Lymphoma Canada\"},\"image\":{\"@id\":\"https:\/\/www.lymphoma.ca\/fr\/#\/schema\/logo\/image\/\"},\"sameAs\":[\"https:\/\/www.facebook.com\/LymphomaCanada\",\"https:\/\/x.com\/lymphomacanada\",\"https:\/\/www.linkedin.com\/company\/lymphoma-canada\/\",\"http:\/\/instagram.com\/lymphomacanada\",\"http:\/\/www.youtube.com\/user\/LymphomaTV\"]}]}<\/script>\n<!-- \/ Yoast SEO plugin. -->","yoast_head_json":{"title":"Exemples des Notes - Lymphoma Canada","robots":{"index":"index","follow":"follow","max-snippet":"max-snippet:-1","max-image-preview":"max-image-preview:large","max-video-preview":"max-video-preview:-1"},"canonical":"https:\/\/www.lymphoma.ca\/fr\/tous-a-vos-tapis-montreal\/collectes-de-fonds\/exemples-des-notes\/","og_locale":"fr_FR","og_type":"article","og_title":"Exemples des Notes - Lymphoma Canada","og_description":"Il peut \u00eatre utile de r\u00e9diger une lettre destin\u00e9e aux personnes de votre r\u00e9seau. Dans cette lettre, expliquez-leur en quoi consiste l\u2019\u00e9v\u00e9nement et dites-leur pourquoi vous y participez. Vous trouverez...","og_url":"https:\/\/www.lymphoma.ca\/fr\/tous-a-vos-tapis-montreal\/collectes-de-fonds\/exemples-des-notes\/","og_site_name":"Lymphoma Canada","article_publisher":"https:\/\/www.facebook.com\/LymphomaCanada","article_modified_time":"2020-01-07T17:23:05+00:00","og_image":[{"width":100,"height":100,"url":"https:\/\/www.lymphoma.ca\/wp-content\/uploads\/2014\/06\/doc.png","type":"image\/png"}],"twitter_card":"summary_large_image","twitter_site":"@lymphomacanada","schema":{"@context":"https:\/\/schema.org","@graph":[{"@type":"WebPage","@id":"https:\/\/www.lymphoma.ca\/fr\/tous-a-vos-tapis-montreal\/collectes-de-fonds\/exemples-des-notes\/","url":"https:\/\/www.lymphoma.ca\/fr\/tous-a-vos-tapis-montreal\/collectes-de-fonds\/exemples-des-notes\/","name":"Exemples des Notes - Lymphoma Canada","isPartOf":{"@id":"https:\/\/www.lymphoma.ca\/fr\/#website"},"primaryImageOfPage":{"@id":"https:\/\/www.lymphoma.ca\/fr\/tous-a-vos-tapis-montreal\/collectes-de-fonds\/exemples-des-notes\/#primaryimage"},"image":{"@id":"https:\/\/www.lymphoma.ca\/fr\/tous-a-vos-tapis-montreal\/collectes-de-fonds\/exemples-des-notes\/#primaryimage"},"thumbnailUrl":"https:\/\/www.lymphoma.ca\/wp-content\/uploads\/2014\/06\/doc.png","datePublished":"2016-05-12T20:54:54+00:00","dateModified":"2020-01-07T17:23:05+00:00","breadcrumb":{"@id":"https:\/\/www.lymphoma.ca\/fr\/tous-a-vos-tapis-montreal\/collectes-de-fonds\/exemples-des-notes\/#breadcrumb"},"inLanguage":"fr-FR","potentialAction":[{"@type":"ReadAction","target":["https:\/\/www.lymphoma.ca\/fr\/tous-a-vos-tapis-montreal\/collectes-de-fonds\/exemples-des-notes\/"]}]},{"@type":"ImageObject","inLanguage":"fr-FR","@id":"https:\/\/www.lymphoma.ca\/fr\/tous-a-vos-tapis-montreal\/collectes-de-fonds\/exemples-des-notes\/#primaryimage","url":"https:\/\/www.lymphoma.ca\/wp-content\/uploads\/2014\/06\/doc.png","contentUrl":"https:\/\/www.lymphoma.ca\/wp-content\/uploads\/2014\/06\/doc.png","width":100,"height":100,"caption":"A team of Yogis take it to the mat for Lymphoma Canada"},{"@type":"BreadcrumbList","@id":"https:\/\/www.lymphoma.ca\/fr\/tous-a-vos-tapis-montreal\/collectes-de-fonds\/exemples-des-notes\/#breadcrumb","itemListElement":[{"@type":"ListItem","position":1,"name":"Home","item":"https:\/\/www.lymphoma.ca\/fr\/"},{"@type":"ListItem","position":2,"name":"tous \u00e0 vos tapis &#8211; Montreal","item":"https:\/\/www.lymphoma.ca\/take-it-to-the-mat-montreal\/"},{"@type":"ListItem","position":3,"name":"Collectes de fonds","item":"https:\/\/www.lymphoma.ca\/fr\/tous-a-vos-tapis-montreal\/collectes-de-fonds\/"},{"@type":"ListItem","position":4,"name":"Exemples des Notes"}]},{"@type":"WebSite","@id":"https:\/\/www.lymphoma.ca\/fr\/#website","url":"https:\/\/www.lymphoma.ca\/fr\/","name":"Lymphoma Canada","description":"Information. Help. Hope.","publisher":{"@id":"https:\/\/www.lymphoma.ca\/fr\/#organization"},"potentialAction":[{"@type":"SearchAction","target":{"@type":"EntryPoint","urlTemplate":"https:\/\/www.lymphoma.ca\/fr\/?s={search_term_string}"},"query-input":{"@type":"PropertyValueSpecification","valueRequired":true,"valueName":"search_term_string"}}],"inLanguage":"fr-FR"},{"@type":"Organization","@id":"https:\/\/www.lymphoma.ca\/fr\/#organization","name":"Lymphoma Canada","url":"https:\/\/www.lymphoma.ca\/fr\/","logo":{"@type":"ImageObject","inLanguage":"fr-FR","@id":"https:\/\/www.lymphoma.ca\/fr\/#\/schema\/logo\/image\/","url":"https:\/\/www.lymphoma.ca\/wp-content\/uploads\/2023\/05\/logo-lymphoma.jpg","contentUrl":"https:\/\/www.lymphoma.ca\/wp-content\/uploads\/2023\/05\/logo-lymphoma.jpg","width":343,"height":343,"caption":"Lymphoma Canada"},"image":{"@id":"https:\/\/www.lymphoma.ca\/fr\/#\/schema\/logo\/image\/"},"sameAs":["https:\/\/www.facebook.com\/LymphomaCanada","https:\/\/x.com\/lymphomacanada","https:\/\/www.linkedin.com\/company\/lymphoma-canada\/","http:\/\/instagram.com\/lymphomacanada","http:\/\/www.youtube.com\/user\/LymphomaTV"]}]}},"_links":{"self":[{"href":"https:\/\/www.lymphoma.ca\/fr\/wp-json\/wp\/v2\/pages\/663","targetHints":{"allow":["GET"]}}],"collection":[{"href":"https:\/\/www.lymphoma.ca\/fr\/wp-json\/wp\/v2\/pages"}],"about":[{"href":"https:\/\/www.lymphoma.ca\/fr\/wp-json\/wp\/v2\/types\/page"}],"author":[{"embeddable":true,"href":"https:\/\/www.lymphoma.ca\/fr\/wp-json\/wp\/v2\/users\/6"}],"replies":[{"embeddable":true,"href":"https:\/\/www.lymphoma.ca\/fr\/wp-json\/wp\/v2\/comments?post=663"}],"version-history":[{"count":1,"href":"https:\/\/www.lymphoma.ca\/fr\/wp-json\/wp\/v2\/pages\/663\/revisions"}],"predecessor-version":[{"id":3228,"href":"https:\/\/www.lymphoma.ca\/fr\/wp-json\/wp\/v2\/pages\/663\/revisions\/3228"}],"up":[{"embeddable":true,"href":"https:\/\/www.lymphoma.ca\/fr\/wp-json\/wp\/v2\/pages\/654"}],"wp:featuredmedia":[{"embeddable":true,"href":"https:\/\/www.lymphoma.ca\/fr\/wp-json\/wp\/v2\/media\/577"}],"wp:attachment":[{"href":"https:\/\/www.lymphoma.ca\/fr\/wp-json\/wp\/v2\/media?parent=663"}],"wp:term":[{"taxonomy":"category","embeddable":true,"href":"https:\/\/www.lymphoma.ca\/fr\/wp-json\/wp\/v2\/categories?post=663"},{"taxonomy":"post_tag","embeddable":true,"href":"https:\/\/www.lymphoma.ca\/fr\/wp-json\/wp\/v2\/tags?post=663"}],"curies":[{"name":"wp","href":"https:\/\/api.w.org\/{rel}","templated":true}]}}