{"id":6632,"date":"2020-04-25T22:08:36","date_gmt":"2020-04-25T22:08:36","guid":{"rendered":"https:\/\/www.lymphoma.ca\/?page_id=6632"},"modified":"2020-07-12T21:14:59","modified_gmt":"2020-07-12T21:14:59","slug":"organisez-un-evenement","status":"publish","type":"page","link":"https:\/\/www.lymphoma.ca\/fr\/organisez-un-evenement\/","title":{"rendered":"Organisez un \u00e9v\u00e9nement"},"content":{"rendered":"<p>Que ce soit une petite r\u00e9ception, une vente de p\u00e2tisseries ou un \u00e9v\u00e9nement sportif, l\u2019organisation d\u2019une collecte de fonds au profit de Lymphome Canada peut aider \u00e0 fournir des activit\u00e9s \u00e9ducatives, des services de soutien et des ressources pour les patients atteints d\u2019un lymphome.<\/p>\n<p><span style=\"text-decoration: underline;\"><a href=\"https:\/\/secure.e2rm.com\/p2p\/event\/302313\/fr-CA\" target=\"_blank\" rel=\"noopener noreferrer\"><strong>ORGANISEZ <\/strong><strong>UN \u00c9V\u00c9NEMENT DANS VOTRE COMMUNAUT\u00c9<\/strong><\/a><\/span><\/p>\n<p>Si vous ne trouvez pas d\u2019\u00e9v\u00e9nement \u00e0 soutenir dans votre communaut\u00e9, songez \u00e0 la possibilit\u00e9 d\u2019organiser le v\u00f4tre. D\u00e9couvrez comment Lymphome Canada peut vous aider et remplissez le formulaire de proposition d\u2019\u00e9v\u00e9nements ci-dessous pour enclencher le processus.<\/p>\n<p><strong><span style=\"text-decoration: underline;\"><a href=\"https:\/\/www.lymphoma.ca\/fr\/soutien-a-la-realisation-devenements\/\" target=\"_blank\" rel=\"noopener noreferrer\">COMMENT LYMPHOME CANADA PEUT VOUS AIDER<\/a><\/span> \u00a0\u00a0 \u00a0\u00a0 \u00a0\u00a0 \u00a0\u00a0 \u00a0<\/strong><span style=\"text-decoration: underline;\"><a href=\"https:\/\/www.lymphoma.ca\/fr\/formulaire-de-proposition-devenements\/\" target=\"_blank\" rel=\"noopener noreferrer\"><strong>FORMULAIRE DE PROPOSITION D\u2019\u00c9V\u00c9NEMENT<\/strong><\/a><strong>S<\/strong><\/span><\/p>\n","protected":false},"excerpt":{"rendered":"<p>Que ce soit une petite r\u00e9ception, une vente de p\u00e2tisseries ou un \u00e9v\u00e9nement sportif, l\u2019organisation d\u2019une collecte de fonds au profit de Lymphome Canada peut aider \u00e0 fournir des activit\u00e9s&#8230;<\/p>\n","protected":false},"author":6,"featured_media":0,"parent":0,"menu_order":41,"comment_status":"closed","ping_status":"closed","template":"page-sidebar.php","meta":{"_acf_changed":false,"footnotes":""},"categories":[],"tags":[],"class_list":["post-6632","page","type-page","status-publish"],"acf":[],"yoast_head":"<!-- This site is optimized with the Yoast SEO plugin v26.7 - https:\/\/yoast.com\/wordpress\/plugins\/seo\/ -->\n<title>Organisez un \u00e9v\u00e9nement - Lymphoma Canada<\/title>\n<meta name=\"robots\" content=\"index, follow, max-snippet:-1, max-image-preview:large, max-video-preview:-1\" \/>\n<link rel=\"canonical\" href=\"https:\/\/www.lymphoma.ca\/fr\/organisez-un-evenement\/\" \/>\n<meta property=\"og:locale\" content=\"fr_FR\" \/>\n<meta property=\"og:type\" content=\"article\" \/>\n<meta property=\"og:title\" content=\"Organisez un \u00e9v\u00e9nement - Lymphoma Canada\" \/>\n<meta property=\"og:description\" content=\"Que ce soit une petite r\u00e9ception, une vente de p\u00e2tisseries ou un \u00e9v\u00e9nement sportif, l\u2019organisation d\u2019une collecte de fonds au profit de Lymphome Canada peut aider \u00e0 fournir des activit\u00e9s...\" \/>\n<meta property=\"og:url\" content=\"https:\/\/www.lymphoma.ca\/fr\/organisez-un-evenement\/\" \/>\n<meta property=\"og:site_name\" content=\"Lymphoma Canada\" \/>\n<meta property=\"article:publisher\" content=\"https:\/\/www.facebook.com\/LymphomaCanada\" \/>\n<meta property=\"article:modified_time\" content=\"2020-07-12T21:14:59+00:00\" \/>\n<meta name=\"twitter:card\" content=\"summary_large_image\" \/>\n<meta name=\"twitter:site\" content=\"@lymphomacanada\" \/>\n<meta name=\"twitter:label1\" content=\"Dur\u00e9e de lecture estim\u00e9e\" \/>\n\t<meta name=\"twitter:data1\" content=\"1 minute\" \/>\n<script type=\"application\/ld+json\" class=\"yoast-schema-graph\">{\"@context\":\"https:\/\/schema.org\",\"@graph\":[{\"@type\":\"WebPage\",\"@id\":\"https:\/\/www.lymphoma.ca\/fr\/organisez-un-evenement\/\",\"url\":\"https:\/\/www.lymphoma.ca\/fr\/organisez-un-evenement\/\",\"name\":\"Organisez un \u00e9v\u00e9nement - Lymphoma Canada\",\"isPartOf\":{\"@id\":\"https:\/\/www.lymphoma.ca\/fr\/#website\"},\"datePublished\":\"2020-04-25T22:08:36+00:00\",\"dateModified\":\"2020-07-12T21:14:59+00:00\",\"breadcrumb\":{\"@id\":\"https:\/\/www.lymphoma.ca\/fr\/organisez-un-evenement\/#breadcrumb\"},\"inLanguage\":\"fr-FR\",\"potentialAction\":[{\"@type\":\"ReadAction\",\"target\":[\"https:\/\/www.lymphoma.ca\/fr\/organisez-un-evenement\/\"]}]},{\"@type\":\"BreadcrumbList\",\"@id\":\"https:\/\/www.lymphoma.ca\/fr\/organisez-un-evenement\/#breadcrumb\",\"itemListElement\":[{\"@type\":\"ListItem\",\"position\":1,\"name\":\"Home\",\"item\":\"https:\/\/www.lymphoma.ca\/fr\/\"},{\"@type\":\"ListItem\",\"position\":2,\"name\":\"Organisez un \u00e9v\u00e9nement\"}]},{\"@type\":\"WebSite\",\"@id\":\"https:\/\/www.lymphoma.ca\/fr\/#website\",\"url\":\"https:\/\/www.lymphoma.ca\/fr\/\",\"name\":\"Lymphoma Canada\",\"description\":\"Information. Help. Hope.\",\"publisher\":{\"@id\":\"https:\/\/www.lymphoma.ca\/fr\/#organization\"},\"potentialAction\":[{\"@type\":\"SearchAction\",\"target\":{\"@type\":\"EntryPoint\",\"urlTemplate\":\"https:\/\/www.lymphoma.ca\/fr\/?s={search_term_string}\"},\"query-input\":{\"@type\":\"PropertyValueSpecification\",\"valueRequired\":true,\"valueName\":\"search_term_string\"}}],\"inLanguage\":\"fr-FR\"},{\"@type\":\"Organization\",\"@id\":\"https:\/\/www.lymphoma.ca\/fr\/#organization\",\"name\":\"Lymphoma Canada\",\"url\":\"https:\/\/www.lymphoma.ca\/fr\/\",\"logo\":{\"@type\":\"ImageObject\",\"inLanguage\":\"fr-FR\",\"@id\":\"https:\/\/www.lymphoma.ca\/fr\/#\/schema\/logo\/image\/\",\"url\":\"https:\/\/www.lymphoma.ca\/wp-content\/uploads\/2023\/05\/logo-lymphoma.jpg\",\"contentUrl\":\"https:\/\/www.lymphoma.ca\/wp-content\/uploads\/2023\/05\/logo-lymphoma.jpg\",\"width\":343,\"height\":343,\"caption\":\"Lymphoma Canada\"},\"image\":{\"@id\":\"https:\/\/www.lymphoma.ca\/fr\/#\/schema\/logo\/image\/\"},\"sameAs\":[\"https:\/\/www.facebook.com\/LymphomaCanada\",\"https:\/\/x.com\/lymphomacanada\",\"https:\/\/www.linkedin.com\/company\/lymphoma-canada\/\",\"http:\/\/instagram.com\/lymphomacanada\",\"http:\/\/www.youtube.com\/user\/LymphomaTV\"]}]}<\/script>\n<!-- \/ Yoast SEO plugin. -->","yoast_head_json":{"title":"Organisez un \u00e9v\u00e9nement - Lymphoma Canada","robots":{"index":"index","follow":"follow","max-snippet":"max-snippet:-1","max-image-preview":"max-image-preview:large","max-video-preview":"max-video-preview:-1"},"canonical":"https:\/\/www.lymphoma.ca\/fr\/organisez-un-evenement\/","og_locale":"fr_FR","og_type":"article","og_title":"Organisez un \u00e9v\u00e9nement - Lymphoma Canada","og_description":"Que ce soit une petite r\u00e9ception, une vente de p\u00e2tisseries ou un \u00e9v\u00e9nement sportif, l\u2019organisation d\u2019une collecte de fonds au profit de Lymphome Canada peut aider \u00e0 fournir des activit\u00e9s...","og_url":"https:\/\/www.lymphoma.ca\/fr\/organisez-un-evenement\/","og_site_name":"Lymphoma Canada","article_publisher":"https:\/\/www.facebook.com\/LymphomaCanada","article_modified_time":"2020-07-12T21:14:59+00:00","twitter_card":"summary_large_image","twitter_site":"@lymphomacanada","twitter_misc":{"Dur\u00e9e de lecture estim\u00e9e":"1 minute"},"schema":{"@context":"https:\/\/schema.org","@graph":[{"@type":"WebPage","@id":"https:\/\/www.lymphoma.ca\/fr\/organisez-un-evenement\/","url":"https:\/\/www.lymphoma.ca\/fr\/organisez-un-evenement\/","name":"Organisez un \u00e9v\u00e9nement - Lymphoma Canada","isPartOf":{"@id":"https:\/\/www.lymphoma.ca\/fr\/#website"},"datePublished":"2020-04-25T22:08:36+00:00","dateModified":"2020-07-12T21:14:59+00:00","breadcrumb":{"@id":"https:\/\/www.lymphoma.ca\/fr\/organisez-un-evenement\/#breadcrumb"},"inLanguage":"fr-FR","potentialAction":[{"@type":"ReadAction","target":["https:\/\/www.lymphoma.ca\/fr\/organisez-un-evenement\/"]}]},{"@type":"BreadcrumbList","@id":"https:\/\/www.lymphoma.ca\/fr\/organisez-un-evenement\/#breadcrumb","itemListElement":[{"@type":"ListItem","position":1,"name":"Home","item":"https:\/\/www.lymphoma.ca\/fr\/"},{"@type":"ListItem","position":2,"name":"Organisez un \u00e9v\u00e9nement"}]},{"@type":"WebSite","@id":"https:\/\/www.lymphoma.ca\/fr\/#website","url":"https:\/\/www.lymphoma.ca\/fr\/","name":"Lymphoma Canada","description":"Information. Help. Hope.","publisher":{"@id":"https:\/\/www.lymphoma.ca\/fr\/#organization"},"potentialAction":[{"@type":"SearchAction","target":{"@type":"EntryPoint","urlTemplate":"https:\/\/www.lymphoma.ca\/fr\/?s={search_term_string}"},"query-input":{"@type":"PropertyValueSpecification","valueRequired":true,"valueName":"search_term_string"}}],"inLanguage":"fr-FR"},{"@type":"Organization","@id":"https:\/\/www.lymphoma.ca\/fr\/#organization","name":"Lymphoma Canada","url":"https:\/\/www.lymphoma.ca\/fr\/","logo":{"@type":"ImageObject","inLanguage":"fr-FR","@id":"https:\/\/www.lymphoma.ca\/fr\/#\/schema\/logo\/image\/","url":"https:\/\/www.lymphoma.ca\/wp-content\/uploads\/2023\/05\/logo-lymphoma.jpg","contentUrl":"https:\/\/www.lymphoma.ca\/wp-content\/uploads\/2023\/05\/logo-lymphoma.jpg","width":343,"height":343,"caption":"Lymphoma Canada"},"image":{"@id":"https:\/\/www.lymphoma.ca\/fr\/#\/schema\/logo\/image\/"},"sameAs":["https:\/\/www.facebook.com\/LymphomaCanada","https:\/\/x.com\/lymphomacanada","https:\/\/www.linkedin.com\/company\/lymphoma-canada\/","http:\/\/instagram.com\/lymphomacanada","http:\/\/www.youtube.com\/user\/LymphomaTV"]}]}},"_links":{"self":[{"href":"https:\/\/www.lymphoma.ca\/fr\/wp-json\/wp\/v2\/pages\/6632","targetHints":{"allow":["GET"]}}],"collection":[{"href":"https:\/\/www.lymphoma.ca\/fr\/wp-json\/wp\/v2\/pages"}],"about":[{"href":"https:\/\/www.lymphoma.ca\/fr\/wp-json\/wp\/v2\/types\/page"}],"author":[{"embeddable":true,"href":"https:\/\/www.lymphoma.ca\/fr\/wp-json\/wp\/v2\/users\/6"}],"replies":[{"embeddable":true,"href":"https:\/\/www.lymphoma.ca\/fr\/wp-json\/wp\/v2\/comments?post=6632"}],"version-history":[{"count":8,"href":"https:\/\/www.lymphoma.ca\/fr\/wp-json\/wp\/v2\/pages\/6632\/revisions"}],"predecessor-version":[{"id":8060,"href":"https:\/\/www.lymphoma.ca\/fr\/wp-json\/wp\/v2\/pages\/6632\/revisions\/8060"}],"wp:attachment":[{"href":"https:\/\/www.lymphoma.ca\/fr\/wp-json\/wp\/v2\/media?parent=6632"}],"wp:term":[{"taxonomy":"category","embeddable":true,"href":"https:\/\/www.lymphoma.ca\/fr\/wp-json\/wp\/v2\/categories?post=6632"},{"taxonomy":"post_tag","embeddable":true,"href":"https:\/\/www.lymphoma.ca\/fr\/wp-json\/wp\/v2\/tags?post=6632"}],"curies":[{"name":"wp","href":"https:\/\/api.w.org\/{rel}","templated":true}]}}