{"id":6639,"date":"2020-04-25T22:55:00","date_gmt":"2020-04-25T22:55:00","guid":{"rendered":"https:\/\/www.lymphoma.ca\/?page_id=6639"},"modified":"2020-07-12T21:24:02","modified_gmt":"2020-07-12T21:24:02","slug":"augmentez-vos-revenus-de-collecte-de-fonds","status":"publish","type":"page","link":"https:\/\/www.lymphoma.ca\/fr\/participez\/organisation-dun-evenement-benefice\/augmentez-vos-revenus-de-collecte-de-fonds\/","title":{"rendered":"Conseils et outils de collecte de fonds"},"content":{"rendered":"<p>Votre soutien est tr\u00e8s important et nous sommes l\u00e0 pour vous aider \u00e0 atteindre votre objectif de collecte de fonds!<\/p>\n<p>Parfois, demander aux autres des dons peut \u00eatre difficile. Gardez \u00e0 l&rsquo;esprit la raison pour laquelle vous \u00eates impliqu\u00e9 dans cette collecte de fonds. Par exemple, vous pouvez avoir un membre de la famille, un ami ou un coll\u00e8gue qui a \u00e9t\u00e9 atteint d&rsquo;un lymphome, ou vous \u00eates un survivant du lymphome, et \/ ou avez \u00e9t\u00e9 touch\u00e9 par un cancer et souhaitez redonner. Sachez que quelle que soit la raison de votre collecte de fonds, vos contributions aident \u00e0 soutenir la communaut\u00e9 du lymphome.<\/p>\n<h4>PLUS VOUS \u00caTES ENGAG\u00c9 DANS VOTRE CAMPAGNE, PLUS VOUS ATTIREREZ DE DONATEURS.<\/h4>\n<p>Cr\u00e9ez un \u00e9v\u00e9nement en ligne ou une page de collecte de fonds personnalis\u00e9e &#8211; \u00e0 venir.<\/p>\n<h3>1. Personnalisez une page personnelle<\/h3>\n<ul>\n<li>Racontez votre histoire; qu&rsquo;est-ce qui vous a inspir\u00e9 pour collecter des fonds?<\/li>\n<li>Incluez des photos ou des vid\u00e9os de vous-m\u00eame, ajoutez des faits amusants sur vous-m\u00eame ou votre \u00e9v\u00e9nement.<\/li>\n<li>Utilisez la vid\u00e9o de pr\u00e9sentation du lymphome pour montrer l&rsquo;impact des dons.<\/li>\n<li>Faites savoir aux gens qu&rsquo;ils recevront un re\u00e7u aux fins de l&rsquo;imp\u00f4t pour les dons de plus de 10,00 $. Si vous effectuez une collecte de fonds en personne, assurez-vous d&rsquo;enregistrer le nom du donateur, son adresse postale et le montant du don \u00e0 des fins de r\u00e9ception.<\/li>\n<li>Lymphome Canada peut vous fournir une page de collecte de fonds personnelle que vous pouvez personnaliser. <a href=\"https:\/\/www.lymphoma.ca\/fr\/participez\/organisation-dun-evenement-benefice\/\" target=\"_blank\" rel=\"noopener noreferrer\">Faites-nous part de votre \u00e9v\u00e9nement et nous pouvons vous aider \u00e0 d\u00e9marrer.<\/a><\/li>\n<\/ul>\n<h3>2. Tendez la main \u00e0 votre r\u00e9seau<\/h3>\n<ul>\n<li>Utilisez la <a href=\"https:\/\/www.lymphoma.ca\/fr\/participez\/organisation-dun-evenement-benefice\/batir-votre-reseau-de-donateurs-et-y-faire-appel\/\"><span style=\"text-decoration: underline;\">liste de contr\u00f4le des donateurs<\/span><\/a> et envoyez une demande de don par e-mail ou invitez \u00e0 votre \u00e9v\u00e9nement \u00e0 toutes les personnes que vous connaissez. Vous ne savez jamais dont la vie a pu \u00eatre affect\u00e9e par un lymphome ou d&rsquo;autres cancers.<\/li>\n<li>Faites un suivi personnel avec autant de personnes que possible.<\/li>\n<li>Engagez leur soutien en leur demandant de transmettre votre demande de don \u00e0 leurs amis et leurs familles.<\/li>\n<li>Certaines entreprises proposent des programmes de dons correspondants pour les dons des employ\u00e9s \u00e0 des \u0153uvres de bienfaisance. Demandez \u00e0 votre entreprise si elle ferait un don d&rsquo;entreprise pour soutenir vos efforts.<\/li>\n<\/ul>\n<h3>3. Inclure des faits sur le lymphome<\/h3>\n<ul>\n<li>Partagez des informations importantes sur le lymphome lorsque vous demandez un don.<\/li>\n<li>Le lymphome est le cinqui\u00e8me cancer le plus fr\u00e9quent au Canada, le cancer le plus fr\u00e9quent chez les adolescents et les jeunes adultes de 15 \u00e0 29 ans et le cancer le plus r\u00e9pandu chez les enfants.<\/li>\n<li>Toutes les 45 minutes, un lymphome est diagnostiqu\u00e9. Le lymphome frappe al\u00e9atoirement.<\/li>\n<\/ul>\n<h3>4. Restez en contact et soyez pers\u00e9v\u00e9rant<\/h3>\n<ul>\n<li>Tout le monde est occup\u00e9. Par cons\u00e9quent, si vous n\u2019entendez pas de r\u00e9ponse imm\u00e9diatement \u00e0 une personne \u00e0 qui vous avez demand\u00e9 un don, assurez-vous de faire un suivi et de fournir des rappels. Cela peut prendre jusqu&rsquo;\u00e0 trois ou quatre courriels avant que quelqu&rsquo;un fasse un don.<\/li>\n<li>Essayez d&rsquo;utiliser l&rsquo;ancienne m\u00e9thode &#8211; prenez le t\u00e9l\u00e9phone et connectez-vous en direct avec vos donateurs.<\/li>\n<\/ul>\n<h3>5. Utilisez les outils de <a href=\"https:\/\/www.lymphoma.ca\/fr\/participez\/collecte-de-dons\/mettez-le-sur-les-medias-sociaux\/\"><span style=\"text-decoration: underline;\">m\u00e9dias sociaux<\/span><\/a> pour cr\u00e9er un buzz<\/h3>\n<ul>\n<li>Partagez votre voyage, fournissez des mises \u00e0 jour d&rsquo;\u00e9v\u00e9nements, t\u00e9l\u00e9chargez des photos pour encourager les autres \u00e0 vous soutenir.<\/li>\n<\/ul>\n<p><strong>Liez votre page personnelle et \/ ou \u00e9v\u00e9nementielle \u00e0 votre compte Facebook. Cr\u00e9ez un compte d&rsquo;\u00e9v\u00e9nement Twitter.<\/strong><\/p>\n<h3>6. Pr\u00e8s de votre objectif et coinc\u00e9?<\/h3>\n<ul>\n<li>C&rsquo;est juste avant votre \u00e9v\u00e9nement ou votre date limite de collecte de fonds personnelle et vous devez atteindre votre objectif; la collecte de fonds ou l&rsquo;inscription a ralenti. Envoyez un eBlast demandant \u00e0 votre r\u00e9seau un suppl\u00e9ment de 5 $ ou 10 $ pour vous aider \u00e0 atteindre votre objectif de collecte de fonds ou pour informer vos amis et votre famille que c&rsquo;est leur derni\u00e8re chance de rejoindre votre \u00e9v\u00e9nement.<\/li>\n<li>Offrez d&rsquo;envoyer une photo de vous en train de faire quelque chose de dr\u00f4le ou de fou, quand quelqu&rsquo;un fait un don de 50 $.<\/li>\n<li>Faire preuve de cr\u00e9ativit\u00e9; demandez \u00e0 votre coiffeur, manucure ou caf\u00e9 pr\u00e9f\u00e9r\u00e9 de faire don d&rsquo;une partie de leurs ventes \u00e0 votre campagne, peut-\u00eatre le jour de votre anniversaire.<\/li>\n<li>Si vous n&rsquo;avez pas essay\u00e9 d&rsquo;utiliser les m\u00e9dias sociaux pour demander des dons, essayez-vous, que pouvez-vous perdre?<\/li>\n<\/ul>\n<h3>7. Plus on est de fous &#8211; Cr\u00e9er une \u00e9quipe de collecte de fonds &#8211;<br \/>\nENSEMBLE, TOUT LE MONDE OBTIENT PLUS.<\/h3>\n<p>Il existe diff\u00e9rents types d&rsquo;\u00e9quipes: famille et \/ ou amis et entreprises.<\/p>\n<h3>8. Vous avez atteint votre objectif, quelle est la prochaine \u00e9tape?<\/h3>\n<ul>\n<li>Faites passer votre objectif de collecte de fonds au niveau sup\u00e9rieur<\/li>\n<li>Faites un suivi aupr\u00e8s des personnes qui n&rsquo;ont pas encore donn\u00e9 \u00e0 votre campagne<\/li>\n<li>Faites un don personnel \u00e0 vous-m\u00eame<\/li>\n<li>Demandez \u00e0 vos amis et coll\u00e8gues des id\u00e9es pour collecter plus de fonds<\/li>\n<\/ul>\n<h3>9. \u00c9tiquette de collecte de fonds<\/h3>\n<h4>ENVOYER UN MERCI PAR COURRIEL<\/h4>\n<ul>\n<li>Il est important d&rsquo;envoyer un merci \u00e0 tous les donateurs pour leur soutien; envoyer une note de remerciement personnalis\u00e9e une fois le don re\u00e7u et faire le point sur les progr\u00e8s de la collecte de fonds.<\/li>\n<li>N&rsquo;attend pas. Au fil du temps, il est facile d&rsquo;oublier cette \u00e9tape. Faites savoir \u00e0 votre r\u00e9seau de donateurs que vous appr\u00e9ciez leur contribution.<\/li>\n<\/ul>\n<h3>Pour une assistance suppl\u00e9mentaire, veuillez envoyer un courriel \u00e0 <a href=\"mailto:renseignement@lymphoma.ca\">renseignement@lymphoma.ca<\/a><\/h3>\n","protected":false},"excerpt":{"rendered":"<p>Votre soutien est tr\u00e8s important et nous sommes l\u00e0 pour vous aider \u00e0 atteindre votre objectif de collecte de fonds! Parfois, demander aux autres des dons peut \u00eatre difficile. Gardez&#8230;<\/p>\n","protected":false},"author":6,"featured_media":0,"parent":8025,"menu_order":2,"comment_status":"closed","ping_status":"closed","template":"page-sidebar.php","meta":{"_acf_changed":false,"footnotes":""},"categories":[],"tags":[],"class_list":["post-6639","page","type-page","status-publish"],"acf":[],"yoast_head":"<!-- This site is optimized with the Yoast SEO plugin v26.7 - https:\/\/yoast.com\/wordpress\/plugins\/seo\/ -->\n<title>Conseils et outils de collecte de fonds - Lymphoma Canada<\/title>\n<meta name=\"robots\" content=\"index, follow, max-snippet:-1, max-image-preview:large, max-video-preview:-1\" \/>\n<link rel=\"canonical\" href=\"https:\/\/www.lymphoma.ca\/fr\/participez\/organisation-dun-evenement-benefice\/augmentez-vos-revenus-de-collecte-de-fonds\/\" \/>\n<meta property=\"og:locale\" content=\"fr_FR\" \/>\n<meta property=\"og:type\" content=\"article\" \/>\n<meta property=\"og:title\" content=\"Conseils et outils de collecte de fonds - Lymphoma Canada\" \/>\n<meta property=\"og:description\" content=\"Votre soutien est tr\u00e8s important et nous sommes l\u00e0 pour vous aider \u00e0 atteindre votre objectif de collecte de fonds! Parfois, demander aux autres des dons peut \u00eatre difficile. Gardez...\" \/>\n<meta property=\"og:url\" content=\"https:\/\/www.lymphoma.ca\/fr\/participez\/organisation-dun-evenement-benefice\/augmentez-vos-revenus-de-collecte-de-fonds\/\" \/>\n<meta property=\"og:site_name\" content=\"Lymphoma Canada\" \/>\n<meta property=\"article:publisher\" content=\"https:\/\/www.facebook.com\/LymphomaCanada\" \/>\n<meta property=\"article:modified_time\" content=\"2020-07-12T21:24:02+00:00\" \/>\n<meta name=\"twitter:card\" content=\"summary_large_image\" \/>\n<meta name=\"twitter:site\" content=\"@lymphomacanada\" \/>\n<meta name=\"twitter:label1\" content=\"Dur\u00e9e de lecture estim\u00e9e\" \/>\n\t<meta name=\"twitter:data1\" content=\"4 minutes\" \/>\n<script type=\"application\/ld+json\" class=\"yoast-schema-graph\">{\"@context\":\"https:\/\/schema.org\",\"@graph\":[{\"@type\":\"WebPage\",\"@id\":\"https:\/\/www.lymphoma.ca\/fr\/participez\/organisation-dun-evenement-benefice\/augmentez-vos-revenus-de-collecte-de-fonds\/\",\"url\":\"https:\/\/www.lymphoma.ca\/fr\/participez\/organisation-dun-evenement-benefice\/augmentez-vos-revenus-de-collecte-de-fonds\/\",\"name\":\"Conseils et outils de collecte de fonds - Lymphoma Canada\",\"isPartOf\":{\"@id\":\"https:\/\/www.lymphoma.ca\/fr\/#website\"},\"datePublished\":\"2020-04-25T22:55:00+00:00\",\"dateModified\":\"2020-07-12T21:24:02+00:00\",\"breadcrumb\":{\"@id\":\"https:\/\/www.lymphoma.ca\/fr\/participez\/organisation-dun-evenement-benefice\/augmentez-vos-revenus-de-collecte-de-fonds\/#breadcrumb\"},\"inLanguage\":\"fr-FR\",\"potentialAction\":[{\"@type\":\"ReadAction\",\"target\":[\"https:\/\/www.lymphoma.ca\/fr\/participez\/organisation-dun-evenement-benefice\/augmentez-vos-revenus-de-collecte-de-fonds\/\"]}]},{\"@type\":\"BreadcrumbList\",\"@id\":\"https:\/\/www.lymphoma.ca\/fr\/participez\/organisation-dun-evenement-benefice\/augmentez-vos-revenus-de-collecte-de-fonds\/#breadcrumb\",\"itemListElement\":[{\"@type\":\"ListItem\",\"position\":1,\"name\":\"Home\",\"item\":\"https:\/\/www.lymphoma.ca\/fr\/\"},{\"@type\":\"ListItem\",\"position\":2,\"name\":\"Participez\",\"item\":\"https:\/\/www.lymphoma.ca\/fr\/participez\/\"},{\"@type\":\"ListItem\",\"position\":3,\"name\":\"Organisation d\u2019un \u00e9v\u00e9nement-b\u00e9n\u00e9fice\",\"item\":\"https:\/\/www.lymphoma.ca\/fr\/participez\/organisation-dun-evenement-benefice\/\"},{\"@type\":\"ListItem\",\"position\":4,\"name\":\"Conseils et outils de collecte de fonds\"}]},{\"@type\":\"WebSite\",\"@id\":\"https:\/\/www.lymphoma.ca\/fr\/#website\",\"url\":\"https:\/\/www.lymphoma.ca\/fr\/\",\"name\":\"Lymphoma Canada\",\"description\":\"Information. Help. Hope.\",\"publisher\":{\"@id\":\"https:\/\/www.lymphoma.ca\/fr\/#organization\"},\"potentialAction\":[{\"@type\":\"SearchAction\",\"target\":{\"@type\":\"EntryPoint\",\"urlTemplate\":\"https:\/\/www.lymphoma.ca\/fr\/?s={search_term_string}\"},\"query-input\":{\"@type\":\"PropertyValueSpecification\",\"valueRequired\":true,\"valueName\":\"search_term_string\"}}],\"inLanguage\":\"fr-FR\"},{\"@type\":\"Organization\",\"@id\":\"https:\/\/www.lymphoma.ca\/fr\/#organization\",\"name\":\"Lymphoma Canada\",\"url\":\"https:\/\/www.lymphoma.ca\/fr\/\",\"logo\":{\"@type\":\"ImageObject\",\"inLanguage\":\"fr-FR\",\"@id\":\"https:\/\/www.lymphoma.ca\/fr\/#\/schema\/logo\/image\/\",\"url\":\"https:\/\/www.lymphoma.ca\/wp-content\/uploads\/2023\/05\/logo-lymphoma.jpg\",\"contentUrl\":\"https:\/\/www.lymphoma.ca\/wp-content\/uploads\/2023\/05\/logo-lymphoma.jpg\",\"width\":343,\"height\":343,\"caption\":\"Lymphoma Canada\"},\"image\":{\"@id\":\"https:\/\/www.lymphoma.ca\/fr\/#\/schema\/logo\/image\/\"},\"sameAs\":[\"https:\/\/www.facebook.com\/LymphomaCanada\",\"https:\/\/x.com\/lymphomacanada\",\"https:\/\/www.linkedin.com\/company\/lymphoma-canada\/\",\"http:\/\/instagram.com\/lymphomacanada\",\"http:\/\/www.youtube.com\/user\/LymphomaTV\"]}]}<\/script>\n<!-- \/ Yoast SEO plugin. -->","yoast_head_json":{"title":"Conseils et outils de collecte de fonds - Lymphoma Canada","robots":{"index":"index","follow":"follow","max-snippet":"max-snippet:-1","max-image-preview":"max-image-preview:large","max-video-preview":"max-video-preview:-1"},"canonical":"https:\/\/www.lymphoma.ca\/fr\/participez\/organisation-dun-evenement-benefice\/augmentez-vos-revenus-de-collecte-de-fonds\/","og_locale":"fr_FR","og_type":"article","og_title":"Conseils et outils de collecte de fonds - Lymphoma Canada","og_description":"Votre soutien est tr\u00e8s important et nous sommes l\u00e0 pour vous aider \u00e0 atteindre votre objectif de collecte de fonds! Parfois, demander aux autres des dons peut \u00eatre difficile. Gardez...","og_url":"https:\/\/www.lymphoma.ca\/fr\/participez\/organisation-dun-evenement-benefice\/augmentez-vos-revenus-de-collecte-de-fonds\/","og_site_name":"Lymphoma Canada","article_publisher":"https:\/\/www.facebook.com\/LymphomaCanada","article_modified_time":"2020-07-12T21:24:02+00:00","twitter_card":"summary_large_image","twitter_site":"@lymphomacanada","twitter_misc":{"Dur\u00e9e de lecture estim\u00e9e":"4 minutes"},"schema":{"@context":"https:\/\/schema.org","@graph":[{"@type":"WebPage","@id":"https:\/\/www.lymphoma.ca\/fr\/participez\/organisation-dun-evenement-benefice\/augmentez-vos-revenus-de-collecte-de-fonds\/","url":"https:\/\/www.lymphoma.ca\/fr\/participez\/organisation-dun-evenement-benefice\/augmentez-vos-revenus-de-collecte-de-fonds\/","name":"Conseils et outils de collecte de fonds - Lymphoma Canada","isPartOf":{"@id":"https:\/\/www.lymphoma.ca\/fr\/#website"},"datePublished":"2020-04-25T22:55:00+00:00","dateModified":"2020-07-12T21:24:02+00:00","breadcrumb":{"@id":"https:\/\/www.lymphoma.ca\/fr\/participez\/organisation-dun-evenement-benefice\/augmentez-vos-revenus-de-collecte-de-fonds\/#breadcrumb"},"inLanguage":"fr-FR","potentialAction":[{"@type":"ReadAction","target":["https:\/\/www.lymphoma.ca\/fr\/participez\/organisation-dun-evenement-benefice\/augmentez-vos-revenus-de-collecte-de-fonds\/"]}]},{"@type":"BreadcrumbList","@id":"https:\/\/www.lymphoma.ca\/fr\/participez\/organisation-dun-evenement-benefice\/augmentez-vos-revenus-de-collecte-de-fonds\/#breadcrumb","itemListElement":[{"@type":"ListItem","position":1,"name":"Home","item":"https:\/\/www.lymphoma.ca\/fr\/"},{"@type":"ListItem","position":2,"name":"Participez","item":"https:\/\/www.lymphoma.ca\/fr\/participez\/"},{"@type":"ListItem","position":3,"name":"Organisation d\u2019un \u00e9v\u00e9nement-b\u00e9n\u00e9fice","item":"https:\/\/www.lymphoma.ca\/fr\/participez\/organisation-dun-evenement-benefice\/"},{"@type":"ListItem","position":4,"name":"Conseils et outils de collecte de fonds"}]},{"@type":"WebSite","@id":"https:\/\/www.lymphoma.ca\/fr\/#website","url":"https:\/\/www.lymphoma.ca\/fr\/","name":"Lymphoma Canada","description":"Information. Help. Hope.","publisher":{"@id":"https:\/\/www.lymphoma.ca\/fr\/#organization"},"potentialAction":[{"@type":"SearchAction","target":{"@type":"EntryPoint","urlTemplate":"https:\/\/www.lymphoma.ca\/fr\/?s={search_term_string}"},"query-input":{"@type":"PropertyValueSpecification","valueRequired":true,"valueName":"search_term_string"}}],"inLanguage":"fr-FR"},{"@type":"Organization","@id":"https:\/\/www.lymphoma.ca\/fr\/#organization","name":"Lymphoma Canada","url":"https:\/\/www.lymphoma.ca\/fr\/","logo":{"@type":"ImageObject","inLanguage":"fr-FR","@id":"https:\/\/www.lymphoma.ca\/fr\/#\/schema\/logo\/image\/","url":"https:\/\/www.lymphoma.ca\/wp-content\/uploads\/2023\/05\/logo-lymphoma.jpg","contentUrl":"https:\/\/www.lymphoma.ca\/wp-content\/uploads\/2023\/05\/logo-lymphoma.jpg","width":343,"height":343,"caption":"Lymphoma Canada"},"image":{"@id":"https:\/\/www.lymphoma.ca\/fr\/#\/schema\/logo\/image\/"},"sameAs":["https:\/\/www.facebook.com\/LymphomaCanada","https:\/\/x.com\/lymphomacanada","https:\/\/www.linkedin.com\/company\/lymphoma-canada\/","http:\/\/instagram.com\/lymphomacanada","http:\/\/www.youtube.com\/user\/LymphomaTV"]}]}},"_links":{"self":[{"href":"https:\/\/www.lymphoma.ca\/fr\/wp-json\/wp\/v2\/pages\/6639","targetHints":{"allow":["GET"]}}],"collection":[{"href":"https:\/\/www.lymphoma.ca\/fr\/wp-json\/wp\/v2\/pages"}],"about":[{"href":"https:\/\/www.lymphoma.ca\/fr\/wp-json\/wp\/v2\/types\/page"}],"author":[{"embeddable":true,"href":"https:\/\/www.lymphoma.ca\/fr\/wp-json\/wp\/v2\/users\/6"}],"replies":[{"embeddable":true,"href":"https:\/\/www.lymphoma.ca\/fr\/wp-json\/wp\/v2\/comments?post=6639"}],"version-history":[{"count":7,"href":"https:\/\/www.lymphoma.ca\/fr\/wp-json\/wp\/v2\/pages\/6639\/revisions"}],"predecessor-version":[{"id":8064,"href":"https:\/\/www.lymphoma.ca\/fr\/wp-json\/wp\/v2\/pages\/6639\/revisions\/8064"}],"up":[{"embeddable":true,"href":"https:\/\/www.lymphoma.ca\/fr\/wp-json\/wp\/v2\/pages\/8025"}],"wp:attachment":[{"href":"https:\/\/www.lymphoma.ca\/fr\/wp-json\/wp\/v2\/media?parent=6639"}],"wp:term":[{"taxonomy":"category","embeddable":true,"href":"https:\/\/www.lymphoma.ca\/fr\/wp-json\/wp\/v2\/categories?post=6639"},{"taxonomy":"post_tag","embeddable":true,"href":"https:\/\/www.lymphoma.ca\/fr\/wp-json\/wp\/v2\/tags?post=6639"}],"curies":[{"name":"wp","href":"https:\/\/api.w.org\/{rel}","templated":true}]}}