{"id":6665,"date":"2020-04-26T02:42:47","date_gmt":"2020-04-26T02:42:47","guid":{"rendered":"https:\/\/www.lymphoma.ca\/?page_id=6665"},"modified":"2020-04-26T03:59:17","modified_gmt":"2020-04-26T03:59:17","slug":"joignez-vous-a-nous","status":"publish","type":"page","link":"https:\/\/www.lymphoma.ca\/fr\/participez\/joignez-vous-a-nous\/","title":{"rendered":"Joignez-vous \u00e0 nous"},"content":{"rendered":"<p id=\"tw-target-text\" class=\"tw-data-text tw-text-large tw-ta\" dir=\"ltr\" data-placeholder=\"Translation\"><span lang=\"fr\">Abonnez-vous \u00e0 notre bulletin \u00e9lectronique pour recevoir des communications trimestrielles, ainsi que des mises \u00e0 jour sur les groupes de soutien, les \u00e9v\u00e9nements \u00e9ducatifs, les nouvelles th\u00e9rapies et bien plus encore.<\/span><\/p>\n<p><a class=\"btn\" href=\"mhttps:\/\/www.lymphoma.ca\/resources\/newsletter\/\">Inscrivez-vous<\/a><\/p>\n<h4>Patient et soignant<\/h4>\n<p>Nous menons des sondages en ligne pour recueillir des informations sur les exp\u00e9riences des patients et des soignants avec le lymphome. Souvent, cette r\u00e9troaction comprendra vos commentaires sur les th\u00e9rapies en cours d&rsquo;examen pour le financement provincial. Ensemble, nous contribuons \u00e0 la Revue pancanadienne des m\u00e9dicaments oncologiques (pCODR) et \u00e0 l&rsquo;Institut national d&rsquo;excellence en sant\u00e9 et services sociaux (INESSS), les m\u00e9canismes importants par lesquels les personnes les plus touch\u00e9es par ces d\u00e9cisions d&rsquo;approbation de m\u00e9dicaments peuvent \u00eatre entendues. .<\/p>\n<p>Chez Lymphoma Canada (LC), nous reconnaissons l&rsquo;importance de la confidentialit\u00e9 et nous nous engageons \u00e0 maintenir l&rsquo;exactitude, la confidentialit\u00e9 et la s\u00e9curit\u00e9 de vos renseignements personnels. Cette <a href=\"https:\/\/www.lymphoma.ca\/fr\/politique-de-confidentialite\/\"><span style=\"text-decoration: underline;\">politique de confidentialit\u00e9<\/span><\/a> d\u00e9crit les informations personnelles que LC collecte, comment nous g\u00e9rons et prot\u00e9geons ces informations et les circonstances dans lesquelles nous pouvons divulguer ces informations.<\/p>\n<p>Cliquez <a href=\"https:\/\/www.lymphoma.ca\/fr\/ressources\/archive-des-bulletins\/\"><span style=\"text-decoration: underline;\">ici<\/span><\/a>\u00a0pour consulter les bulletins \u00e9lectroniques pr\u00e9c\u00e9dents.<\/p>\n<p>T\u00e9moignages de patients<\/p>\n<p>Le partage d&rsquo;exp\u00e9riences peut \u00eatre cathartique, \u00e9ducatif et inspirant pour les patients atteints de lymphome. Pour voir d&rsquo;autres exp\u00e9riences de lymphome chez des patients et des soignants, ou pour partager votre propre histoire, veuillez visiter les liens ci-dessous.<\/p>\n<p><span style=\"text-decoration: underline;\">Voir les t\u00e9moignages de patients<\/span><\/p>\n<p><span style=\"text-decoration: underline;\">Partagez votre histoire de patient<\/span><\/p>\n","protected":false},"excerpt":{"rendered":"<p>Abonnez-vous \u00e0 notre bulletin \u00e9lectronique pour recevoir des communications trimestrielles, ainsi que des mises \u00e0 jour sur les groupes de soutien, les \u00e9v\u00e9nements \u00e9ducatifs, les nouvelles th\u00e9rapies et bien plus&#8230;<\/p>\n","protected":false},"author":6,"featured_media":0,"parent":416,"menu_order":13,"comment_status":"closed","ping_status":"closed","template":"page-sidebar.php","meta":{"_acf_changed":false,"footnotes":""},"categories":[],"tags":[],"class_list":["post-6665","page","type-page","status-publish"],"acf":[],"yoast_head":"<!-- This site is optimized with the Yoast SEO plugin v26.7 - https:\/\/yoast.com\/wordpress\/plugins\/seo\/ -->\n<title>Joignez-vous \u00e0 nous - Lymphoma Canada<\/title>\n<meta name=\"robots\" content=\"index, follow, max-snippet:-1, max-image-preview:large, max-video-preview:-1\" \/>\n<link rel=\"canonical\" href=\"https:\/\/www.lymphoma.ca\/fr\/participez\/joignez-vous-a-nous\/\" \/>\n<meta property=\"og:locale\" content=\"fr_FR\" \/>\n<meta property=\"og:type\" content=\"article\" \/>\n<meta property=\"og:title\" content=\"Joignez-vous \u00e0 nous - Lymphoma Canada\" \/>\n<meta property=\"og:description\" content=\"Abonnez-vous \u00e0 notre bulletin \u00e9lectronique pour recevoir des communications trimestrielles, ainsi que des mises \u00e0 jour sur les groupes de soutien, les \u00e9v\u00e9nements \u00e9ducatifs, les nouvelles th\u00e9rapies et bien plus...\" \/>\n<meta property=\"og:url\" content=\"https:\/\/www.lymphoma.ca\/fr\/participez\/joignez-vous-a-nous\/\" \/>\n<meta property=\"og:site_name\" content=\"Lymphoma Canada\" \/>\n<meta property=\"article:publisher\" content=\"https:\/\/www.facebook.com\/LymphomaCanada\" \/>\n<meta property=\"article:modified_time\" content=\"2020-04-26T03:59:17+00:00\" \/>\n<meta name=\"twitter:card\" content=\"summary_large_image\" \/>\n<meta name=\"twitter:site\" content=\"@lymphomacanada\" \/>\n<meta name=\"twitter:label1\" content=\"Dur\u00e9e de lecture estim\u00e9e\" \/>\n\t<meta name=\"twitter:data1\" content=\"1 minute\" \/>\n<script type=\"application\/ld+json\" class=\"yoast-schema-graph\">{\"@context\":\"https:\/\/schema.org\",\"@graph\":[{\"@type\":\"WebPage\",\"@id\":\"https:\/\/www.lymphoma.ca\/fr\/participez\/joignez-vous-a-nous\/\",\"url\":\"https:\/\/www.lymphoma.ca\/fr\/participez\/joignez-vous-a-nous\/\",\"name\":\"Joignez-vous \u00e0 nous - Lymphoma Canada\",\"isPartOf\":{\"@id\":\"https:\/\/www.lymphoma.ca\/fr\/#website\"},\"datePublished\":\"2020-04-26T02:42:47+00:00\",\"dateModified\":\"2020-04-26T03:59:17+00:00\",\"breadcrumb\":{\"@id\":\"https:\/\/www.lymphoma.ca\/fr\/participez\/joignez-vous-a-nous\/#breadcrumb\"},\"inLanguage\":\"fr-FR\",\"potentialAction\":[{\"@type\":\"ReadAction\",\"target\":[\"https:\/\/www.lymphoma.ca\/fr\/participez\/joignez-vous-a-nous\/\"]}]},{\"@type\":\"BreadcrumbList\",\"@id\":\"https:\/\/www.lymphoma.ca\/fr\/participez\/joignez-vous-a-nous\/#breadcrumb\",\"itemListElement\":[{\"@type\":\"ListItem\",\"position\":1,\"name\":\"Home\",\"item\":\"https:\/\/www.lymphoma.ca\/fr\/\"},{\"@type\":\"ListItem\",\"position\":2,\"name\":\"Participez\",\"item\":\"https:\/\/www.lymphoma.ca\/fr\/participez\/\"},{\"@type\":\"ListItem\",\"position\":3,\"name\":\"Joignez-vous \u00e0 nous\"}]},{\"@type\":\"WebSite\",\"@id\":\"https:\/\/www.lymphoma.ca\/fr\/#website\",\"url\":\"https:\/\/www.lymphoma.ca\/fr\/\",\"name\":\"Lymphoma Canada\",\"description\":\"Information. Help. Hope.\",\"publisher\":{\"@id\":\"https:\/\/www.lymphoma.ca\/fr\/#organization\"},\"potentialAction\":[{\"@type\":\"SearchAction\",\"target\":{\"@type\":\"EntryPoint\",\"urlTemplate\":\"https:\/\/www.lymphoma.ca\/fr\/?s={search_term_string}\"},\"query-input\":{\"@type\":\"PropertyValueSpecification\",\"valueRequired\":true,\"valueName\":\"search_term_string\"}}],\"inLanguage\":\"fr-FR\"},{\"@type\":\"Organization\",\"@id\":\"https:\/\/www.lymphoma.ca\/fr\/#organization\",\"name\":\"Lymphoma Canada\",\"url\":\"https:\/\/www.lymphoma.ca\/fr\/\",\"logo\":{\"@type\":\"ImageObject\",\"inLanguage\":\"fr-FR\",\"@id\":\"https:\/\/www.lymphoma.ca\/fr\/#\/schema\/logo\/image\/\",\"url\":\"https:\/\/www.lymphoma.ca\/wp-content\/uploads\/2023\/05\/logo-lymphoma.jpg\",\"contentUrl\":\"https:\/\/www.lymphoma.ca\/wp-content\/uploads\/2023\/05\/logo-lymphoma.jpg\",\"width\":343,\"height\":343,\"caption\":\"Lymphoma Canada\"},\"image\":{\"@id\":\"https:\/\/www.lymphoma.ca\/fr\/#\/schema\/logo\/image\/\"},\"sameAs\":[\"https:\/\/www.facebook.com\/LymphomaCanada\",\"https:\/\/x.com\/lymphomacanada\",\"https:\/\/www.linkedin.com\/company\/lymphoma-canada\/\",\"http:\/\/instagram.com\/lymphomacanada\",\"http:\/\/www.youtube.com\/user\/LymphomaTV\"]}]}<\/script>\n<!-- \/ Yoast SEO plugin. -->","yoast_head_json":{"title":"Joignez-vous \u00e0 nous - Lymphoma Canada","robots":{"index":"index","follow":"follow","max-snippet":"max-snippet:-1","max-image-preview":"max-image-preview:large","max-video-preview":"max-video-preview:-1"},"canonical":"https:\/\/www.lymphoma.ca\/fr\/participez\/joignez-vous-a-nous\/","og_locale":"fr_FR","og_type":"article","og_title":"Joignez-vous \u00e0 nous - Lymphoma Canada","og_description":"Abonnez-vous \u00e0 notre bulletin \u00e9lectronique pour recevoir des communications trimestrielles, ainsi que des mises \u00e0 jour sur les groupes de soutien, les \u00e9v\u00e9nements \u00e9ducatifs, les nouvelles th\u00e9rapies et bien plus...","og_url":"https:\/\/www.lymphoma.ca\/fr\/participez\/joignez-vous-a-nous\/","og_site_name":"Lymphoma Canada","article_publisher":"https:\/\/www.facebook.com\/LymphomaCanada","article_modified_time":"2020-04-26T03:59:17+00:00","twitter_card":"summary_large_image","twitter_site":"@lymphomacanada","twitter_misc":{"Dur\u00e9e de lecture estim\u00e9e":"1 minute"},"schema":{"@context":"https:\/\/schema.org","@graph":[{"@type":"WebPage","@id":"https:\/\/www.lymphoma.ca\/fr\/participez\/joignez-vous-a-nous\/","url":"https:\/\/www.lymphoma.ca\/fr\/participez\/joignez-vous-a-nous\/","name":"Joignez-vous \u00e0 nous - Lymphoma Canada","isPartOf":{"@id":"https:\/\/www.lymphoma.ca\/fr\/#website"},"datePublished":"2020-04-26T02:42:47+00:00","dateModified":"2020-04-26T03:59:17+00:00","breadcrumb":{"@id":"https:\/\/www.lymphoma.ca\/fr\/participez\/joignez-vous-a-nous\/#breadcrumb"},"inLanguage":"fr-FR","potentialAction":[{"@type":"ReadAction","target":["https:\/\/www.lymphoma.ca\/fr\/participez\/joignez-vous-a-nous\/"]}]},{"@type":"BreadcrumbList","@id":"https:\/\/www.lymphoma.ca\/fr\/participez\/joignez-vous-a-nous\/#breadcrumb","itemListElement":[{"@type":"ListItem","position":1,"name":"Home","item":"https:\/\/www.lymphoma.ca\/fr\/"},{"@type":"ListItem","position":2,"name":"Participez","item":"https:\/\/www.lymphoma.ca\/fr\/participez\/"},{"@type":"ListItem","position":3,"name":"Joignez-vous \u00e0 nous"}]},{"@type":"WebSite","@id":"https:\/\/www.lymphoma.ca\/fr\/#website","url":"https:\/\/www.lymphoma.ca\/fr\/","name":"Lymphoma Canada","description":"Information. Help. Hope.","publisher":{"@id":"https:\/\/www.lymphoma.ca\/fr\/#organization"},"potentialAction":[{"@type":"SearchAction","target":{"@type":"EntryPoint","urlTemplate":"https:\/\/www.lymphoma.ca\/fr\/?s={search_term_string}"},"query-input":{"@type":"PropertyValueSpecification","valueRequired":true,"valueName":"search_term_string"}}],"inLanguage":"fr-FR"},{"@type":"Organization","@id":"https:\/\/www.lymphoma.ca\/fr\/#organization","name":"Lymphoma Canada","url":"https:\/\/www.lymphoma.ca\/fr\/","logo":{"@type":"ImageObject","inLanguage":"fr-FR","@id":"https:\/\/www.lymphoma.ca\/fr\/#\/schema\/logo\/image\/","url":"https:\/\/www.lymphoma.ca\/wp-content\/uploads\/2023\/05\/logo-lymphoma.jpg","contentUrl":"https:\/\/www.lymphoma.ca\/wp-content\/uploads\/2023\/05\/logo-lymphoma.jpg","width":343,"height":343,"caption":"Lymphoma Canada"},"image":{"@id":"https:\/\/www.lymphoma.ca\/fr\/#\/schema\/logo\/image\/"},"sameAs":["https:\/\/www.facebook.com\/LymphomaCanada","https:\/\/x.com\/lymphomacanada","https:\/\/www.linkedin.com\/company\/lymphoma-canada\/","http:\/\/instagram.com\/lymphomacanada","http:\/\/www.youtube.com\/user\/LymphomaTV"]}]}},"_links":{"self":[{"href":"https:\/\/www.lymphoma.ca\/fr\/wp-json\/wp\/v2\/pages\/6665","targetHints":{"allow":["GET"]}}],"collection":[{"href":"https:\/\/www.lymphoma.ca\/fr\/wp-json\/wp\/v2\/pages"}],"about":[{"href":"https:\/\/www.lymphoma.ca\/fr\/wp-json\/wp\/v2\/types\/page"}],"author":[{"embeddable":true,"href":"https:\/\/www.lymphoma.ca\/fr\/wp-json\/wp\/v2\/users\/6"}],"replies":[{"embeddable":true,"href":"https:\/\/www.lymphoma.ca\/fr\/wp-json\/wp\/v2\/comments?post=6665"}],"version-history":[{"count":4,"href":"https:\/\/www.lymphoma.ca\/fr\/wp-json\/wp\/v2\/pages\/6665\/revisions"}],"predecessor-version":[{"id":6676,"href":"https:\/\/www.lymphoma.ca\/fr\/wp-json\/wp\/v2\/pages\/6665\/revisions\/6676"}],"up":[{"embeddable":true,"href":"https:\/\/www.lymphoma.ca\/fr\/wp-json\/wp\/v2\/pages\/416"}],"wp:attachment":[{"href":"https:\/\/www.lymphoma.ca\/fr\/wp-json\/wp\/v2\/media?parent=6665"}],"wp:term":[{"taxonomy":"category","embeddable":true,"href":"https:\/\/www.lymphoma.ca\/fr\/wp-json\/wp\/v2\/categories?post=6665"},{"taxonomy":"post_tag","embeddable":true,"href":"https:\/\/www.lymphoma.ca\/fr\/wp-json\/wp\/v2\/tags?post=6665"}],"curies":[{"name":"wp","href":"https:\/\/api.w.org\/{rel}","templated":true}]}}