{"id":6719,"date":"2020-04-26T21:24:38","date_gmt":"2020-04-26T21:24:38","guid":{"rendered":"https:\/\/www.lymphoma.ca\/?page_id=6719"},"modified":"2022-01-14T19:07:38","modified_gmt":"2022-01-14T19:07:38","slug":"gala-danniversaire-du-10e-une-nuit-a-retenir-stewart-zaracoff","status":"publish","type":"page","link":"https:\/\/www.lymphoma.ca\/fr\/gala-danniversaire-du-10e-une-nuit-a-retenir-stewart-zaracoff\/","title":{"rendered":"Gala d\u2019anniversaire du 10E &#8211; Une nuit \u00e0 retenir Stewart Zaracoff"},"content":{"rendered":"<p>En 2020, la famille Zaracoff organise son deuxi\u00e8me gala pour amasser des fonds pour la recherche vitale sur les lymphomes et les ressources des patients. Il s\u2019agit d\u2019une ann\u00e9e sp\u00e9ciale car elle marque le 10e anniversaire du d\u00e9c\u00e8s de Stewart Zaracoff. Une partie des profits du Gala sera vers\u00e9e \u00e0 Lymphoma Canada.<\/p>\n<p><strong>S\u2019il vous pla\u00eet \u00eatre inform\u00e9 que cet \u00e9v\u00e9nement aura lieu en anglais.<\/strong><\/p>\n<p><img loading=\"lazy\" decoding=\"async\" class=\"alignnone size-full wp-image-902\" src=\"https:\/\/www.lymphoma.ca\/wp-content\/uploads\/2019\/09\/thumb_10th_anniversary_gala_-_stewart_zaracoff.png\" alt=\"\" width=\"100\" height=\"100\" \/><\/p>\n<p>Quand<\/p>\n<p>17h00 &#8211; 1h00<\/p>\n<p>Le 4 octobre 2020<\/p>\n<p>O\u00f9<\/p>\n<p>Centre d\u2019\u00e9v\u00e9nements Fontana Primavera &#8211; Salon D,<\/p>\n<p>77 Woodstream Blvd., Vaughn (Ontario)<\/p>\n<p>&nbsp;<\/p>\n<h3>REGISTRE<\/h3>\n<p>Veuillez contacter Jordyn Zaracoff \u00e0 <a href=\"mailto:JORDY_Z_8@hotmail.com\">JORDY_Z_8@hotmail.com<\/a> pour acheter vos billets de gala d\u00e8s aujourd\u2019hui.<\/p>\n<p><a class=\"btn\" href=\"https:\/\/secure.e2rm.com\/registrant\/startup.aspx?eventid=278470\" target=\"_blank\" rel=\"noopener noreferrer\">Faites un don maintenant<\/a><\/p>\n<p>Envisagez de faire un don aujourd\u2019hui \u00e0 Lymphoma Canada pour fournir un soutien indispensable aux patients atteints de lymphome.<\/p>\n","protected":false},"excerpt":{"rendered":"<p>En 2020, la famille Zaracoff organise son deuxi\u00e8me gala pour amasser des fonds pour la recherche vitale sur les lymphomes et les ressources des patients. Il s\u2019agit d\u2019une ann\u00e9e sp\u00e9ciale&#8230;<\/p>\n","protected":false},"author":6,"featured_media":0,"parent":0,"menu_order":30,"comment_status":"closed","ping_status":"closed","template":"","meta":{"_acf_changed":false,"footnotes":""},"categories":[],"tags":[],"class_list":["post-6719","page","type-page","status-publish"],"acf":[],"yoast_head":"<!-- This site is optimized with the Yoast SEO plugin v26.7 - https:\/\/yoast.com\/wordpress\/plugins\/seo\/ -->\n<title>Gala d\u2019anniversaire du 10E - Une nuit \u00e0 retenir Stewart Zaracoff - Lymphoma Canada<\/title>\n<meta name=\"robots\" content=\"index, follow, max-snippet:-1, max-image-preview:large, max-video-preview:-1\" \/>\n<link rel=\"canonical\" href=\"https:\/\/www.lymphoma.ca\/fr\/gala-danniversaire-du-10e-une-nuit-a-retenir-stewart-zaracoff\/\" \/>\n<meta property=\"og:locale\" content=\"fr_FR\" \/>\n<meta property=\"og:type\" content=\"article\" \/>\n<meta property=\"og:title\" content=\"Gala d\u2019anniversaire du 10E - Une nuit \u00e0 retenir Stewart Zaracoff - Lymphoma Canada\" \/>\n<meta property=\"og:description\" content=\"En 2020, la famille Zaracoff organise son deuxi\u00e8me gala pour amasser des fonds pour la recherche vitale sur les lymphomes et les ressources des patients. Il s\u2019agit d\u2019une ann\u00e9e sp\u00e9ciale...\" \/>\n<meta property=\"og:url\" content=\"https:\/\/www.lymphoma.ca\/fr\/gala-danniversaire-du-10e-une-nuit-a-retenir-stewart-zaracoff\/\" \/>\n<meta property=\"og:site_name\" content=\"Lymphoma Canada\" \/>\n<meta property=\"article:publisher\" content=\"https:\/\/www.facebook.com\/LymphomaCanada\" \/>\n<meta property=\"article:modified_time\" content=\"2022-01-14T19:07:38+00:00\" \/>\n<meta property=\"og:image\" content=\"https:\/\/www.lymphoma.ca\/wp-content\/uploads\/2019\/09\/thumb_10th_anniversary_gala_-_stewart_zaracoff.png\" \/>\n<meta name=\"twitter:card\" content=\"summary_large_image\" \/>\n<meta name=\"twitter:site\" content=\"@lymphomacanada\" \/>\n<meta name=\"twitter:label1\" content=\"Dur\u00e9e de lecture estim\u00e9e\" \/>\n\t<meta name=\"twitter:data1\" content=\"1 minute\" \/>\n<script type=\"application\/ld+json\" class=\"yoast-schema-graph\">{\"@context\":\"https:\/\/schema.org\",\"@graph\":[{\"@type\":\"WebPage\",\"@id\":\"https:\/\/www.lymphoma.ca\/fr\/gala-danniversaire-du-10e-une-nuit-a-retenir-stewart-zaracoff\/\",\"url\":\"https:\/\/www.lymphoma.ca\/fr\/gala-danniversaire-du-10e-une-nuit-a-retenir-stewart-zaracoff\/\",\"name\":\"Gala d\u2019anniversaire du 10E - Une nuit \u00e0 retenir Stewart Zaracoff - Lymphoma Canada\",\"isPartOf\":{\"@id\":\"https:\/\/www.lymphoma.ca\/fr\/#website\"},\"primaryImageOfPage\":{\"@id\":\"https:\/\/www.lymphoma.ca\/fr\/gala-danniversaire-du-10e-une-nuit-a-retenir-stewart-zaracoff\/#primaryimage\"},\"image\":{\"@id\":\"https:\/\/www.lymphoma.ca\/fr\/gala-danniversaire-du-10e-une-nuit-a-retenir-stewart-zaracoff\/#primaryimage\"},\"thumbnailUrl\":\"https:\/\/www.lymphoma.ca\/wp-content\/uploads\/2019\/09\/thumb_10th_anniversary_gala_-_stewart_zaracoff.png\",\"datePublished\":\"2020-04-26T21:24:38+00:00\",\"dateModified\":\"2022-01-14T19:07:38+00:00\",\"breadcrumb\":{\"@id\":\"https:\/\/www.lymphoma.ca\/fr\/gala-danniversaire-du-10e-une-nuit-a-retenir-stewart-zaracoff\/#breadcrumb\"},\"inLanguage\":\"fr-FR\",\"potentialAction\":[{\"@type\":\"ReadAction\",\"target\":[\"https:\/\/www.lymphoma.ca\/fr\/gala-danniversaire-du-10e-une-nuit-a-retenir-stewart-zaracoff\/\"]}]},{\"@type\":\"ImageObject\",\"inLanguage\":\"fr-FR\",\"@id\":\"https:\/\/www.lymphoma.ca\/fr\/gala-danniversaire-du-10e-une-nuit-a-retenir-stewart-zaracoff\/#primaryimage\",\"url\":\"https:\/\/www.lymphoma.ca\/wp-content\/uploads\/2019\/09\/thumb_10th_anniversary_gala_-_stewart_zaracoff.png\",\"contentUrl\":\"https:\/\/www.lymphoma.ca\/wp-content\/uploads\/2019\/09\/thumb_10th_anniversary_gala_-_stewart_zaracoff.png\"},{\"@type\":\"BreadcrumbList\",\"@id\":\"https:\/\/www.lymphoma.ca\/fr\/gala-danniversaire-du-10e-une-nuit-a-retenir-stewart-zaracoff\/#breadcrumb\",\"itemListElement\":[{\"@type\":\"ListItem\",\"position\":1,\"name\":\"Home\",\"item\":\"https:\/\/www.lymphoma.ca\/fr\/\"},{\"@type\":\"ListItem\",\"position\":2,\"name\":\"Gala d\u2019anniversaire du 10E &#8211; Une nuit \u00e0 retenir Stewart Zaracoff\"}]},{\"@type\":\"WebSite\",\"@id\":\"https:\/\/www.lymphoma.ca\/fr\/#website\",\"url\":\"https:\/\/www.lymphoma.ca\/fr\/\",\"name\":\"Lymphoma Canada\",\"description\":\"Information. Help. Hope.\",\"publisher\":{\"@id\":\"https:\/\/www.lymphoma.ca\/fr\/#organization\"},\"potentialAction\":[{\"@type\":\"SearchAction\",\"target\":{\"@type\":\"EntryPoint\",\"urlTemplate\":\"https:\/\/www.lymphoma.ca\/fr\/?s={search_term_string}\"},\"query-input\":{\"@type\":\"PropertyValueSpecification\",\"valueRequired\":true,\"valueName\":\"search_term_string\"}}],\"inLanguage\":\"fr-FR\"},{\"@type\":\"Organization\",\"@id\":\"https:\/\/www.lymphoma.ca\/fr\/#organization\",\"name\":\"Lymphoma Canada\",\"url\":\"https:\/\/www.lymphoma.ca\/fr\/\",\"logo\":{\"@type\":\"ImageObject\",\"inLanguage\":\"fr-FR\",\"@id\":\"https:\/\/www.lymphoma.ca\/fr\/#\/schema\/logo\/image\/\",\"url\":\"https:\/\/www.lymphoma.ca\/wp-content\/uploads\/2023\/05\/logo-lymphoma.jpg\",\"contentUrl\":\"https:\/\/www.lymphoma.ca\/wp-content\/uploads\/2023\/05\/logo-lymphoma.jpg\",\"width\":343,\"height\":343,\"caption\":\"Lymphoma Canada\"},\"image\":{\"@id\":\"https:\/\/www.lymphoma.ca\/fr\/#\/schema\/logo\/image\/\"},\"sameAs\":[\"https:\/\/www.facebook.com\/LymphomaCanada\",\"https:\/\/x.com\/lymphomacanada\",\"https:\/\/www.linkedin.com\/company\/lymphoma-canada\/\",\"http:\/\/instagram.com\/lymphomacanada\",\"http:\/\/www.youtube.com\/user\/LymphomaTV\"]}]}<\/script>\n<!-- \/ Yoast SEO plugin. -->","yoast_head_json":{"title":"Gala d\u2019anniversaire du 10E - Une nuit \u00e0 retenir Stewart Zaracoff - Lymphoma Canada","robots":{"index":"index","follow":"follow","max-snippet":"max-snippet:-1","max-image-preview":"max-image-preview:large","max-video-preview":"max-video-preview:-1"},"canonical":"https:\/\/www.lymphoma.ca\/fr\/gala-danniversaire-du-10e-une-nuit-a-retenir-stewart-zaracoff\/","og_locale":"fr_FR","og_type":"article","og_title":"Gala d\u2019anniversaire du 10E - Une nuit \u00e0 retenir Stewart Zaracoff - Lymphoma Canada","og_description":"En 2020, la famille Zaracoff organise son deuxi\u00e8me gala pour amasser des fonds pour la recherche vitale sur les lymphomes et les ressources des patients. Il s\u2019agit d\u2019une ann\u00e9e sp\u00e9ciale...","og_url":"https:\/\/www.lymphoma.ca\/fr\/gala-danniversaire-du-10e-une-nuit-a-retenir-stewart-zaracoff\/","og_site_name":"Lymphoma Canada","article_publisher":"https:\/\/www.facebook.com\/LymphomaCanada","article_modified_time":"2022-01-14T19:07:38+00:00","og_image":[{"url":"https:\/\/www.lymphoma.ca\/wp-content\/uploads\/2019\/09\/thumb_10th_anniversary_gala_-_stewart_zaracoff.png","type":"","width":"","height":""}],"twitter_card":"summary_large_image","twitter_site":"@lymphomacanada","twitter_misc":{"Dur\u00e9e de lecture estim\u00e9e":"1 minute"},"schema":{"@context":"https:\/\/schema.org","@graph":[{"@type":"WebPage","@id":"https:\/\/www.lymphoma.ca\/fr\/gala-danniversaire-du-10e-une-nuit-a-retenir-stewart-zaracoff\/","url":"https:\/\/www.lymphoma.ca\/fr\/gala-danniversaire-du-10e-une-nuit-a-retenir-stewart-zaracoff\/","name":"Gala d\u2019anniversaire du 10E - Une nuit \u00e0 retenir Stewart Zaracoff - Lymphoma Canada","isPartOf":{"@id":"https:\/\/www.lymphoma.ca\/fr\/#website"},"primaryImageOfPage":{"@id":"https:\/\/www.lymphoma.ca\/fr\/gala-danniversaire-du-10e-une-nuit-a-retenir-stewart-zaracoff\/#primaryimage"},"image":{"@id":"https:\/\/www.lymphoma.ca\/fr\/gala-danniversaire-du-10e-une-nuit-a-retenir-stewart-zaracoff\/#primaryimage"},"thumbnailUrl":"https:\/\/www.lymphoma.ca\/wp-content\/uploads\/2019\/09\/thumb_10th_anniversary_gala_-_stewart_zaracoff.png","datePublished":"2020-04-26T21:24:38+00:00","dateModified":"2022-01-14T19:07:38+00:00","breadcrumb":{"@id":"https:\/\/www.lymphoma.ca\/fr\/gala-danniversaire-du-10e-une-nuit-a-retenir-stewart-zaracoff\/#breadcrumb"},"inLanguage":"fr-FR","potentialAction":[{"@type":"ReadAction","target":["https:\/\/www.lymphoma.ca\/fr\/gala-danniversaire-du-10e-une-nuit-a-retenir-stewart-zaracoff\/"]}]},{"@type":"ImageObject","inLanguage":"fr-FR","@id":"https:\/\/www.lymphoma.ca\/fr\/gala-danniversaire-du-10e-une-nuit-a-retenir-stewart-zaracoff\/#primaryimage","url":"https:\/\/www.lymphoma.ca\/wp-content\/uploads\/2019\/09\/thumb_10th_anniversary_gala_-_stewart_zaracoff.png","contentUrl":"https:\/\/www.lymphoma.ca\/wp-content\/uploads\/2019\/09\/thumb_10th_anniversary_gala_-_stewart_zaracoff.png"},{"@type":"BreadcrumbList","@id":"https:\/\/www.lymphoma.ca\/fr\/gala-danniversaire-du-10e-une-nuit-a-retenir-stewart-zaracoff\/#breadcrumb","itemListElement":[{"@type":"ListItem","position":1,"name":"Home","item":"https:\/\/www.lymphoma.ca\/fr\/"},{"@type":"ListItem","position":2,"name":"Gala d\u2019anniversaire du 10E &#8211; Une nuit \u00e0 retenir Stewart Zaracoff"}]},{"@type":"WebSite","@id":"https:\/\/www.lymphoma.ca\/fr\/#website","url":"https:\/\/www.lymphoma.ca\/fr\/","name":"Lymphoma Canada","description":"Information. Help. Hope.","publisher":{"@id":"https:\/\/www.lymphoma.ca\/fr\/#organization"},"potentialAction":[{"@type":"SearchAction","target":{"@type":"EntryPoint","urlTemplate":"https:\/\/www.lymphoma.ca\/fr\/?s={search_term_string}"},"query-input":{"@type":"PropertyValueSpecification","valueRequired":true,"valueName":"search_term_string"}}],"inLanguage":"fr-FR"},{"@type":"Organization","@id":"https:\/\/www.lymphoma.ca\/fr\/#organization","name":"Lymphoma Canada","url":"https:\/\/www.lymphoma.ca\/fr\/","logo":{"@type":"ImageObject","inLanguage":"fr-FR","@id":"https:\/\/www.lymphoma.ca\/fr\/#\/schema\/logo\/image\/","url":"https:\/\/www.lymphoma.ca\/wp-content\/uploads\/2023\/05\/logo-lymphoma.jpg","contentUrl":"https:\/\/www.lymphoma.ca\/wp-content\/uploads\/2023\/05\/logo-lymphoma.jpg","width":343,"height":343,"caption":"Lymphoma Canada"},"image":{"@id":"https:\/\/www.lymphoma.ca\/fr\/#\/schema\/logo\/image\/"},"sameAs":["https:\/\/www.facebook.com\/LymphomaCanada","https:\/\/x.com\/lymphomacanada","https:\/\/www.linkedin.com\/company\/lymphoma-canada\/","http:\/\/instagram.com\/lymphomacanada","http:\/\/www.youtube.com\/user\/LymphomaTV"]}]}},"_links":{"self":[{"href":"https:\/\/www.lymphoma.ca\/fr\/wp-json\/wp\/v2\/pages\/6719","targetHints":{"allow":["GET"]}}],"collection":[{"href":"https:\/\/www.lymphoma.ca\/fr\/wp-json\/wp\/v2\/pages"}],"about":[{"href":"https:\/\/www.lymphoma.ca\/fr\/wp-json\/wp\/v2\/types\/page"}],"author":[{"embeddable":true,"href":"https:\/\/www.lymphoma.ca\/fr\/wp-json\/wp\/v2\/users\/6"}],"replies":[{"embeddable":true,"href":"https:\/\/www.lymphoma.ca\/fr\/wp-json\/wp\/v2\/comments?post=6719"}],"version-history":[{"count":3,"href":"https:\/\/www.lymphoma.ca\/fr\/wp-json\/wp\/v2\/pages\/6719\/revisions"}],"predecessor-version":[{"id":11307,"href":"https:\/\/www.lymphoma.ca\/fr\/wp-json\/wp\/v2\/pages\/6719\/revisions\/11307"}],"wp:attachment":[{"href":"https:\/\/www.lymphoma.ca\/fr\/wp-json\/wp\/v2\/media?parent=6719"}],"wp:term":[{"taxonomy":"category","embeddable":true,"href":"https:\/\/www.lymphoma.ca\/fr\/wp-json\/wp\/v2\/categories?post=6719"},{"taxonomy":"post_tag","embeddable":true,"href":"https:\/\/www.lymphoma.ca\/fr\/wp-json\/wp\/v2\/tags?post=6719"}],"curies":[{"name":"wp","href":"https:\/\/api.w.org\/{rel}","templated":true}]}}