{"id":801,"date":"2018-05-24T20:07:16","date_gmt":"2018-05-24T20:07:16","guid":{"rendered":"https:\/\/www.lymphoma.ca\/?page_id=801"},"modified":"2020-04-27T18:49:30","modified_gmt":"2020-04-27T18:49:30","slug":"strangers-in-the-night-gala-au-profit-de-lymphoma-canada","status":"publish","type":"page","link":"https:\/\/www.lymphoma.ca\/fr\/strangers-in-the-night-gala-au-profit-de-lymphoma-canada\/","title":{"rendered":"Strangers in the Night Gala &#8211; au profit de Lymphoma Canada"},"content":{"rendered":"<p><img loading=\"lazy\" decoding=\"async\" class=\" size-full wp-image-798\" src=\"https:\/\/www.lymphoma.ca\/wp-content\/uploads\/2018\/05\/strangers-in-the-night.jpg\" alt=\"Strangers in the Night\" width=\"740\" height=\"398\" srcset=\"https:\/\/www.lymphoma.ca\/wp-content\/uploads\/2018\/05\/strangers-in-the-night.jpg 740w, https:\/\/www.lymphoma.ca\/wp-content\/uploads\/2018\/05\/strangers-in-the-night-300x161.jpg 300w\" sizes=\"auto, (max-width: 740px) 100vw, 740px\" \/><\/p>\n<div class=\"et_pb_column et_pb_column_1_2 et_pb_column_1 et_pb_css_mix_blend_mode_passthrough et-last-child\">\n<div class=\"et_pb_module et_pb_text et_pb_text_0 et_pb_bg_layout_light et_pb_text_align_left\">\n<div class=\"et_pb_text_inner\">\n<p>Cet \u00e9t\u00e9, venez vivre une exp\u00e9rience gastronomique avec vos amis lors du 14e gala annuel de Strangers in the Night.\u00a0Performance en direct de la superstar des ann\u00e9e 80, <strong>Boy George &amp; Culture Club<\/strong>, plus la nourriture des meilleurs restaurants de Montr\u00e9al!<\/p>\n<h4 class=\"et_pb_module_header\">O\u00f9?<\/h4>\n<p><strong>La Mairie de l\u2019arrondissement de Pierrefonds-Roxboro<\/strong><br \/>\n<span class=\"section-info-text\"><span class=\"widget-pane-link\">13665 Pierrefonds Blvd, Pierrefonds, QC H9A 2Z4<\/span><\/span><\/p>\n<p>La Mairie de l\u2019arrondissement de Pierrefonds-Roxboro sera transform\u00e9e en une salle virtuelle sous les \u00e9toiles, o\u00f9 plus de 200 tables seront plac\u00e9es sous d\u2019\u00e9normes chapiteaux.<\/p>\n<h4 class=\"et_pb_module_header\">Quand?<\/h4>\n<p>Marquez vos calendriers! Le <strong>samedi 25 ao\u00fbt 2018<\/strong> est la date. Les billets pour les arriv\u00e9es h\u00e2tives vous donnent acc\u00e8s au site \u00e0 compter de <strong>16 heures<\/strong> et la f\u00eate continue jusqu\u2019aux petites heures du matin!<\/p>\n<h4>POURQUOI?<\/h4>\n<\/div>\n<\/div>\n<p>&nbsp;<\/p>\n<p>Pour acheter votre table ou vos si\u00e8ges, veuillez visiter <a href=\"http:\/\/www.strangersinthenight.ca\/fra\/billets-montreal-gala\/\">Strangers in the Night<\/a>.<\/p>\n<\/div>\n","protected":false},"excerpt":{"rendered":"<p>Cet \u00e9t\u00e9, venez vivre une exp\u00e9rience gastronomique avec vos amis lors du 14e gala annuel de Strangers in the Night.\u00a0Performance en direct de la superstar des ann\u00e9e 80, Boy George&#8230;<\/p>\n","protected":false},"author":6,"featured_media":799,"parent":0,"menu_order":119,"comment_status":"closed","ping_status":"closed","template":"","meta":{"_acf_changed":false,"footnotes":""},"categories":[],"tags":[],"class_list":["post-801","page","type-page","status-publish","has-post-thumbnail"],"acf":[],"yoast_head":"<!-- This site is optimized with the Yoast SEO plugin v26.7 - https:\/\/yoast.com\/wordpress\/plugins\/seo\/ -->\n<title>Strangers in the Night Gala - au profit de Lymphoma Canada - Lymphoma Canada<\/title>\n<meta name=\"robots\" content=\"index, follow, max-snippet:-1, max-image-preview:large, max-video-preview:-1\" \/>\n<link rel=\"canonical\" href=\"https:\/\/www.lymphoma.ca\/strangers-in-the-night-gala-benefiting-lymphoma-canada\/\" \/>\n<meta property=\"og:locale\" content=\"fr_FR\" \/>\n<meta property=\"og:type\" content=\"article\" \/>\n<meta property=\"og:title\" content=\"Strangers in the Night Gala - au profit de Lymphoma Canada - Lymphoma Canada\" \/>\n<meta property=\"og:description\" content=\"Cet \u00e9t\u00e9, venez vivre une exp\u00e9rience gastronomique avec vos amis lors du 14e gala annuel de Strangers in the Night.\u00a0Performance en direct de la superstar des ann\u00e9e 80, Boy George...\" \/>\n<meta property=\"og:url\" content=\"https:\/\/www.lymphoma.ca\/strangers-in-the-night-gala-benefiting-lymphoma-canada\/\" \/>\n<meta property=\"og:site_name\" content=\"Lymphoma Canada\" \/>\n<meta property=\"article:publisher\" content=\"https:\/\/www.facebook.com\/LymphomaCanada\" \/>\n<meta property=\"article:modified_time\" content=\"2020-04-27T18:49:30+00:00\" \/>\n<meta property=\"og:image\" content=\"https:\/\/www.lymphoma.ca\/wp-content\/uploads\/2018\/05\/strangers-in-the-night.jpg\" \/>\n\t<meta property=\"og:image:width\" content=\"740\" \/>\n\t<meta property=\"og:image:height\" content=\"398\" \/>\n\t<meta property=\"og:image:type\" content=\"image\/jpeg\" \/>\n<meta name=\"twitter:card\" content=\"summary_large_image\" \/>\n<meta name=\"twitter:site\" content=\"@lymphomacanada\" \/>\n<meta name=\"twitter:label1\" content=\"Dur\u00e9e de lecture estim\u00e9e\" \/>\n\t<meta name=\"twitter:data1\" content=\"1 minute\" \/>\n<script type=\"application\/ld+json\" class=\"yoast-schema-graph\">{\"@context\":\"https:\/\/schema.org\",\"@graph\":[{\"@type\":\"WebPage\",\"@id\":\"https:\/\/www.lymphoma.ca\/strangers-in-the-night-gala-benefiting-lymphoma-canada\/\",\"url\":\"https:\/\/www.lymphoma.ca\/strangers-in-the-night-gala-benefiting-lymphoma-canada\/\",\"name\":\"Strangers in the Night Gala - au profit de Lymphoma Canada - Lymphoma Canada\",\"isPartOf\":{\"@id\":\"https:\/\/www.lymphoma.ca\/fr\/#website\"},\"primaryImageOfPage\":{\"@id\":\"https:\/\/www.lymphoma.ca\/strangers-in-the-night-gala-benefiting-lymphoma-canada\/#primaryimage\"},\"image\":{\"@id\":\"https:\/\/www.lymphoma.ca\/strangers-in-the-night-gala-benefiting-lymphoma-canada\/#primaryimage\"},\"thumbnailUrl\":\"https:\/\/www.lymphoma.ca\/wp-content\/uploads\/2018\/05\/strangers-in-the-night.jpg\",\"datePublished\":\"2018-05-24T20:07:16+00:00\",\"dateModified\":\"2020-04-27T18:49:30+00:00\",\"breadcrumb\":{\"@id\":\"https:\/\/www.lymphoma.ca\/strangers-in-the-night-gala-benefiting-lymphoma-canada\/#breadcrumb\"},\"inLanguage\":\"fr-FR\",\"potentialAction\":[{\"@type\":\"ReadAction\",\"target\":[\"https:\/\/www.lymphoma.ca\/strangers-in-the-night-gala-benefiting-lymphoma-canada\/\"]}]},{\"@type\":\"ImageObject\",\"inLanguage\":\"fr-FR\",\"@id\":\"https:\/\/www.lymphoma.ca\/strangers-in-the-night-gala-benefiting-lymphoma-canada\/#primaryimage\",\"url\":\"https:\/\/www.lymphoma.ca\/wp-content\/uploads\/2018\/05\/strangers-in-the-night.jpg\",\"contentUrl\":\"https:\/\/www.lymphoma.ca\/wp-content\/uploads\/2018\/05\/strangers-in-the-night.jpg\",\"width\":740,\"height\":398},{\"@type\":\"BreadcrumbList\",\"@id\":\"https:\/\/www.lymphoma.ca\/strangers-in-the-night-gala-benefiting-lymphoma-canada\/#breadcrumb\",\"itemListElement\":[{\"@type\":\"ListItem\",\"position\":1,\"name\":\"Home\",\"item\":\"https:\/\/www.lymphoma.ca\/fr\/\"},{\"@type\":\"ListItem\",\"position\":2,\"name\":\"Strangers in the Night Gala &#8211; au profit de Lymphoma Canada\"}]},{\"@type\":\"WebSite\",\"@id\":\"https:\/\/www.lymphoma.ca\/fr\/#website\",\"url\":\"https:\/\/www.lymphoma.ca\/fr\/\",\"name\":\"Lymphoma Canada\",\"description\":\"Information. Help. Hope.\",\"publisher\":{\"@id\":\"https:\/\/www.lymphoma.ca\/fr\/#organization\"},\"potentialAction\":[{\"@type\":\"SearchAction\",\"target\":{\"@type\":\"EntryPoint\",\"urlTemplate\":\"https:\/\/www.lymphoma.ca\/fr\/?s={search_term_string}\"},\"query-input\":{\"@type\":\"PropertyValueSpecification\",\"valueRequired\":true,\"valueName\":\"search_term_string\"}}],\"inLanguage\":\"fr-FR\"},{\"@type\":\"Organization\",\"@id\":\"https:\/\/www.lymphoma.ca\/fr\/#organization\",\"name\":\"Lymphoma Canada\",\"url\":\"https:\/\/www.lymphoma.ca\/fr\/\",\"logo\":{\"@type\":\"ImageObject\",\"inLanguage\":\"fr-FR\",\"@id\":\"https:\/\/www.lymphoma.ca\/fr\/#\/schema\/logo\/image\/\",\"url\":\"https:\/\/www.lymphoma.ca\/wp-content\/uploads\/2023\/05\/logo-lymphoma.jpg\",\"contentUrl\":\"https:\/\/www.lymphoma.ca\/wp-content\/uploads\/2023\/05\/logo-lymphoma.jpg\",\"width\":343,\"height\":343,\"caption\":\"Lymphoma Canada\"},\"image\":{\"@id\":\"https:\/\/www.lymphoma.ca\/fr\/#\/schema\/logo\/image\/\"},\"sameAs\":[\"https:\/\/www.facebook.com\/LymphomaCanada\",\"https:\/\/x.com\/lymphomacanada\",\"https:\/\/www.linkedin.com\/company\/lymphoma-canada\/\",\"http:\/\/instagram.com\/lymphomacanada\",\"http:\/\/www.youtube.com\/user\/LymphomaTV\"]}]}<\/script>\n<!-- \/ Yoast SEO plugin. -->","yoast_head_json":{"title":"Strangers in the Night Gala - au profit de Lymphoma Canada - Lymphoma Canada","robots":{"index":"index","follow":"follow","max-snippet":"max-snippet:-1","max-image-preview":"max-image-preview:large","max-video-preview":"max-video-preview:-1"},"canonical":"https:\/\/www.lymphoma.ca\/strangers-in-the-night-gala-benefiting-lymphoma-canada\/","og_locale":"fr_FR","og_type":"article","og_title":"Strangers in the Night Gala - au profit de Lymphoma Canada - Lymphoma Canada","og_description":"Cet \u00e9t\u00e9, venez vivre une exp\u00e9rience gastronomique avec vos amis lors du 14e gala annuel de Strangers in the Night.\u00a0Performance en direct de la superstar des ann\u00e9e 80, Boy George...","og_url":"https:\/\/www.lymphoma.ca\/strangers-in-the-night-gala-benefiting-lymphoma-canada\/","og_site_name":"Lymphoma Canada","article_publisher":"https:\/\/www.facebook.com\/LymphomaCanada","article_modified_time":"2020-04-27T18:49:30+00:00","og_image":[{"width":740,"height":398,"url":"https:\/\/www.lymphoma.ca\/wp-content\/uploads\/2018\/05\/strangers-in-the-night.jpg","type":"image\/jpeg"}],"twitter_card":"summary_large_image","twitter_site":"@lymphomacanada","twitter_misc":{"Dur\u00e9e de lecture estim\u00e9e":"1 minute"},"schema":{"@context":"https:\/\/schema.org","@graph":[{"@type":"WebPage","@id":"https:\/\/www.lymphoma.ca\/strangers-in-the-night-gala-benefiting-lymphoma-canada\/","url":"https:\/\/www.lymphoma.ca\/strangers-in-the-night-gala-benefiting-lymphoma-canada\/","name":"Strangers in the Night Gala - au profit de Lymphoma Canada - Lymphoma Canada","isPartOf":{"@id":"https:\/\/www.lymphoma.ca\/fr\/#website"},"primaryImageOfPage":{"@id":"https:\/\/www.lymphoma.ca\/strangers-in-the-night-gala-benefiting-lymphoma-canada\/#primaryimage"},"image":{"@id":"https:\/\/www.lymphoma.ca\/strangers-in-the-night-gala-benefiting-lymphoma-canada\/#primaryimage"},"thumbnailUrl":"https:\/\/www.lymphoma.ca\/wp-content\/uploads\/2018\/05\/strangers-in-the-night.jpg","datePublished":"2018-05-24T20:07:16+00:00","dateModified":"2020-04-27T18:49:30+00:00","breadcrumb":{"@id":"https:\/\/www.lymphoma.ca\/strangers-in-the-night-gala-benefiting-lymphoma-canada\/#breadcrumb"},"inLanguage":"fr-FR","potentialAction":[{"@type":"ReadAction","target":["https:\/\/www.lymphoma.ca\/strangers-in-the-night-gala-benefiting-lymphoma-canada\/"]}]},{"@type":"ImageObject","inLanguage":"fr-FR","@id":"https:\/\/www.lymphoma.ca\/strangers-in-the-night-gala-benefiting-lymphoma-canada\/#primaryimage","url":"https:\/\/www.lymphoma.ca\/wp-content\/uploads\/2018\/05\/strangers-in-the-night.jpg","contentUrl":"https:\/\/www.lymphoma.ca\/wp-content\/uploads\/2018\/05\/strangers-in-the-night.jpg","width":740,"height":398},{"@type":"BreadcrumbList","@id":"https:\/\/www.lymphoma.ca\/strangers-in-the-night-gala-benefiting-lymphoma-canada\/#breadcrumb","itemListElement":[{"@type":"ListItem","position":1,"name":"Home","item":"https:\/\/www.lymphoma.ca\/fr\/"},{"@type":"ListItem","position":2,"name":"Strangers in the Night Gala &#8211; au profit de Lymphoma Canada"}]},{"@type":"WebSite","@id":"https:\/\/www.lymphoma.ca\/fr\/#website","url":"https:\/\/www.lymphoma.ca\/fr\/","name":"Lymphoma Canada","description":"Information. Help. Hope.","publisher":{"@id":"https:\/\/www.lymphoma.ca\/fr\/#organization"},"potentialAction":[{"@type":"SearchAction","target":{"@type":"EntryPoint","urlTemplate":"https:\/\/www.lymphoma.ca\/fr\/?s={search_term_string}"},"query-input":{"@type":"PropertyValueSpecification","valueRequired":true,"valueName":"search_term_string"}}],"inLanguage":"fr-FR"},{"@type":"Organization","@id":"https:\/\/www.lymphoma.ca\/fr\/#organization","name":"Lymphoma Canada","url":"https:\/\/www.lymphoma.ca\/fr\/","logo":{"@type":"ImageObject","inLanguage":"fr-FR","@id":"https:\/\/www.lymphoma.ca\/fr\/#\/schema\/logo\/image\/","url":"https:\/\/www.lymphoma.ca\/wp-content\/uploads\/2023\/05\/logo-lymphoma.jpg","contentUrl":"https:\/\/www.lymphoma.ca\/wp-content\/uploads\/2023\/05\/logo-lymphoma.jpg","width":343,"height":343,"caption":"Lymphoma Canada"},"image":{"@id":"https:\/\/www.lymphoma.ca\/fr\/#\/schema\/logo\/image\/"},"sameAs":["https:\/\/www.facebook.com\/LymphomaCanada","https:\/\/x.com\/lymphomacanada","https:\/\/www.linkedin.com\/company\/lymphoma-canada\/","http:\/\/instagram.com\/lymphomacanada","http:\/\/www.youtube.com\/user\/LymphomaTV"]}]}},"_links":{"self":[{"href":"https:\/\/www.lymphoma.ca\/fr\/wp-json\/wp\/v2\/pages\/801","targetHints":{"allow":["GET"]}}],"collection":[{"href":"https:\/\/www.lymphoma.ca\/fr\/wp-json\/wp\/v2\/pages"}],"about":[{"href":"https:\/\/www.lymphoma.ca\/fr\/wp-json\/wp\/v2\/types\/page"}],"author":[{"embeddable":true,"href":"https:\/\/www.lymphoma.ca\/fr\/wp-json\/wp\/v2\/users\/6"}],"replies":[{"embeddable":true,"href":"https:\/\/www.lymphoma.ca\/fr\/wp-json\/wp\/v2\/comments?post=801"}],"version-history":[{"count":1,"href":"https:\/\/www.lymphoma.ca\/fr\/wp-json\/wp\/v2\/pages\/801\/revisions"}],"predecessor-version":[{"id":6883,"href":"https:\/\/www.lymphoma.ca\/fr\/wp-json\/wp\/v2\/pages\/801\/revisions\/6883"}],"wp:featuredmedia":[{"embeddable":true,"href":"https:\/\/www.lymphoma.ca\/fr\/wp-json\/wp\/v2\/media\/799"}],"wp:attachment":[{"href":"https:\/\/www.lymphoma.ca\/fr\/wp-json\/wp\/v2\/media?parent=801"}],"wp:term":[{"taxonomy":"category","embeddable":true,"href":"https:\/\/www.lymphoma.ca\/fr\/wp-json\/wp\/v2\/categories?post=801"},{"taxonomy":"post_tag","embeddable":true,"href":"https:\/\/www.lymphoma.ca\/fr\/wp-json\/wp\/v2\/tags?post=801"}],"curies":[{"name":"wp","href":"https:\/\/api.w.org\/{rel}","templated":true}]}}