{"id":8034,"date":"2020-07-10T20:56:12","date_gmt":"2020-07-10T20:56:12","guid":{"rendered":"https:\/\/www.lymphoma.ca\/?page_id=8034"},"modified":"2020-07-12T20:48:21","modified_gmt":"2020-07-12T20:48:21","slug":"soutien-a-la-realisation-devenements","status":"publish","type":"page","link":"https:\/\/www.lymphoma.ca\/fr\/soutien-a-la-realisation-devenements\/","title":{"rendered":"Soutien \u00e0 la r\u00e9alisation d\u2019\u00e9v\u00e9nements"},"content":{"rendered":"[vc_row type=\u00a0\u00bbin_container\u00a0\u00bb full_screen_row_position=\u00a0\u00bbmiddle\u00a0\u00bb column_margin=\u00a0\u00bbdefault\u00a0\u00bb scene_position=\u00a0\u00bbcenter\u00a0\u00bb text_color=\u00a0\u00bbdark\u00a0\u00bb text_align=\u00a0\u00bbleft\u00a0\u00bb overlay_strength=\u00a0\u00bb0.3&Prime; shape_divider_position=\u00a0\u00bbbottom\u00a0\u00bb bg_image_animation=\u00a0\u00bbnone\u00a0\u00bb][vc_column column_padding=\u00a0\u00bbno-extra-padding\u00a0\u00bb column_padding_position=\u00a0\u00bball\u00a0\u00bb background_color_opacity=\u00a0\u00bb1&Prime; background_hover_color_opacity=\u00a0\u00bb1&Prime; column_link_target=\u00a0\u00bb_self\u00a0\u00bb column_shadow=\u00a0\u00bbnone\u00a0\u00bb column_border_radius=\u00a0\u00bbnone\u00a0\u00bb width=\u00a0\u00bb1\/1&Prime; tablet_width_inherit=\u00a0\u00bbdefault\u00a0\u00bb tablet_text_alignment=\u00a0\u00bbdefault\u00a0\u00bb phone_text_alignment=\u00a0\u00bbdefault\u00a0\u00bb overlay_strength=\u00a0\u00bb0.3&Prime; column_border_width=\u00a0\u00bbnone\u00a0\u00bb column_border_style=\u00a0\u00bbsolid\u00a0\u00bb bg_image_animation=\u00a0\u00bbnone\u00a0\u00bb][vc_column_text]Nous vous remercions d\u2019avoir choisi de faire de Lymphome Canada un b\u00e9n\u00e9ficiaire de votre \u00e9v\u00e9nement tiers. Ce type d\u2019initiatives est la cl\u00e9 de notre succ\u00e8s, et nous reconnaissons les efforts que les tiers doivent d\u00e9ployer pour organiser et r\u00e9aliser leurs activit\u00e9s de financement.<\/p>\n<p>Afin d\u2019assurer le bon d\u00e9roulement de votre \u00e9v\u00e9nement, nous avons cr\u00e9\u00e9 des lignes directrices concernant les collectes de fonds organis\u00e9es au nom de Lymphome Canada. Veuillez les lire attentivement avant de remplir le formulaire de proposition d\u2019\u00e9v\u00e9nements et de commencer vos activit\u00e9s de collecte de fonds. Nous vous demandons d\u2019inscrire votre \u00e9v\u00e9nement \u00e0 l\u2019aide de notre\u00a0<a href=\"https:\/\/www.lymphoma.ca\/event-proposal-form\/\"><strong>Formulaire<\/strong><\/a><strong> de proposition d\u2019\u00e9v\u00e9nements<\/strong>. Les \u00e9v\u00e9nements seront approuv\u00e9s au cas par cas. Les demandeurs doivent pr\u00e9senter une nouvelle demande d\u2019approbation chaque ann\u00e9e.<\/p>\n<p><strong>Lymphome Canada\u00a0peut vous aider de diff\u00e9rentes fa\u00e7ons :<\/strong><\/p>\n<ul>\n<li>Vous fournir une page de collecte de fonds en ligne pour votre \u00e9v\u00e9nement.<\/li>\n<li>Vous aider \u00e0 orienter vos efforts de collecte de fonds en discutant avec vous d\u2019id\u00e9es d\u2019un \u00e9v\u00e9nement.<\/li>\n<li>Vous aider \u00e0 promouvoir l\u2019\u00e9v\u00e9nement en l\u2019inscrivant sur les plateformes de r\u00e9seaux sociaux de Lymphome Canada.<\/li>\n<li>Envoyer un repr\u00e9sentant de Lymphome Canada pour assister \u00e0 votre \u00e9v\u00e9nement, si cette personne est disponible.<\/li>\n<li>Vous fournir les ressources de Lymphome Canada (brochures et autres documents con\u00e7us pour les patients).<\/li>\n<li>D\u00e9livrer des re\u00e7us officiels,\u00a0<u>selon les lignes directrices de l\u2019Agence du revenu du Canada<\/u>. Veuillez consulter les <strong>Lignes directrices pour re\u00e7us officiels de dons.<\/strong><\/li>\n<li>Autoriser l\u2019utilisation de notre nom et de notre logo pour votre activit\u00e9 de financement au profit de Lymphome Canada.<\/li>\n<\/ul>\n<p><strong>Lymphome Canada\u00a0ne peut pas faire ce qui suit :<\/strong><\/p>\n<ul>\n<li>Rembourser ou financer un \u00e9v\u00e9nement, quel qu\u2019il soit.<\/li>\n<li>Fournir une liste de donateurs ou de commanditaires.<\/li>\n<li>Faire une demande pour un permis de jeux pour votre \u00e9v\u00e9nement. Exemples\u00a0: tirages, alcool ou assurances.<\/li>\n<li>Garantir la pr\u00e9sence de notre personnel ou de b\u00e9n\u00e9voles \u00e0 votre \u00e9v\u00e9nement.<\/li>\n<li>Solliciter des dons, des commandites ou des dons en nature pour la tenue de ventes aux ench\u00e8res ou de tirages au sort en votre nom. L\u2019organisateur de l\u2019\u00e9v\u00e9nement est responsable de toute activit\u00e9 de sollicitation.<\/li>\n<li>Fournir des re\u00e7us officiels pour des dons en esp\u00e8ces ou en nature qui n\u2019ont pas \u00e9t\u00e9 directement re\u00e7us par Lymphome Canada.<\/li>\n<\/ul>\n<p><strong>Lignes directrices pour re\u00e7us officiels de dons<\/strong><\/p>\n<ul>\n<li>Lymphome Canada n\u2019est autoris\u00e9 \u00e0 d\u00e9livrer des re\u00e7us officiels qu\u2019aux personnes qui font un don sans recevoir d\u2019articles tangibles ou d\u2019avantages en retour.<\/li>\n<li>Lymphome Canada ne peut d\u00e9livrer des re\u00e7us officiels que pour le montant du don que l\u2019organisme a re\u00e7u.<\/li>\n<li>Les re\u00e7us officiels ne peuvent pas \u00eatre d\u00e9livr\u00e9s pour les fonds utilis\u00e9s pour couvrir les co\u00fbts de l\u2019\u00e9v\u00e9nement ou d\u2019autres frais administratifs engag\u00e9s par l\u2019organisateur ind\u00e9pendant.<\/li>\n<li>Les re\u00e7us officiels seront d\u00e9livr\u00e9s par Lymphome Canada une fois que les fonds nets auront \u00e9t\u00e9 vers\u00e9s avec une liste des noms des donateurs, leur adresse et les montants des dons individuels.<\/li>\n<\/ul>\n<p><strong>Pour plus d\u2019informations, visitez :\u00a0<\/strong><a href=\"https:\/\/www.canada.ca\/fr\/agence-revenu\/services\/organismes-bienfaisance-dons\/organismes-bienfaisance\/exploitation-organisme-bienfaisance-enregistre\/remise-recus\/activites-financement-remettre-recus.html\">https:\/\/www.canada.ca\/fr\/agence-revenu\/services\/organismes-bienfaisance-dons\/organismes-bienfaisance\/exploitation-organisme-bienfaisance-enregistre\/remise-recus\/activites-financement-remettre-recus.html<\/a><\/p>\n<p><strong>Lymphome Canada n\u2019autorise PAS les types de collectes de fonds suivants effectu\u00e9s par des tiers :<\/strong><\/p>\n<ul>\n<li>Les programmes de collectes de fonds avec commission.<\/li>\n<li>Les \u00e9v\u00e9nements non conformes \u00e0 la mission de Lymphome Canada ou aux activit\u00e9s de ses programmes.<\/li>\n<li>Les \u00e9v\u00e9nements associ\u00e9s \u00e0 la promotion ou au soutien d\u2019un parti politique ou d\u2019un candidat, ou ceux qui semblent appuyer une activit\u00e9 politique.<\/li>\n<li>La sollicitation directe (y compris, mais sans s\u2019y limiter : porte \u00e0 porte ou t\u00e9l\u00e9marketing)<\/li>\n<\/ul>\n<p><strong>Ce que demande Lymphome Canada aux tiers solliciteurs de fonds :<\/strong><\/p>\n<ul>\n<li>Enregistrer les nouvelles initiatives ou informer Lymphome Canada des \u00e9v\u00e9nements ou des promotions en cours. Il est important que notre bureau soit au courant des \u00e9v\u00e9nements organis\u00e9s au profit de nos programmes.<\/li>\n<li>Il revient \u00e0 l\u2019organisateur de faire savoir aux commanditaires, aux participants et au grand public que Lymphome Canada n\u2019organise pas l\u2019\u00e9v\u00e9nement ou la promotion, mais qu\u2019il en est le b\u00e9n\u00e9ficiaire.<\/li>\n<\/ul>\n[\/vc_column_text][\/vc_column][\/vc_row][vc_row type=\u00a0\u00bbin_container\u00a0\u00bb full_screen_row_position=\u00a0\u00bbmiddle\u00a0\u00bb column_margin=\u00a0\u00bbdefault\u00a0\u00bb scene_position=\u00a0\u00bbcenter\u00a0\u00bb text_color=\u00a0\u00bbdark\u00a0\u00bb text_align=\u00a0\u00bbleft\u00a0\u00bb overlay_strength=\u00a0\u00bb0.3&Prime; shape_divider_position=\u00a0\u00bbbottom\u00a0\u00bb bg_image_animation=\u00a0\u00bbnone\u00a0\u00bb][vc_column column_padding=\u00a0\u00bbno-extra-padding\u00a0\u00bb column_padding_position=\u00a0\u00bball\u00a0\u00bb background_color_opacity=\u00a0\u00bb1&Prime; background_hover_color_opacity=\u00a0\u00bb1&Prime; column_link_target=\u00a0\u00bb_self\u00a0\u00bb column_shadow=\u00a0\u00bbnone\u00a0\u00bb column_border_radius=\u00a0\u00bbnone\u00a0\u00bb width=\u00a0\u00bb1\/1&Prime; tablet_width_inherit=\u00a0\u00bbdefault\u00a0\u00bb tablet_text_alignment=\u00a0\u00bbdefault\u00a0\u00bb phone_text_alignment=\u00a0\u00bbdefault\u00a0\u00bb overlay_strength=\u00a0\u00bb0.3&Prime; column_border_width=\u00a0\u00bbnone\u00a0\u00bb column_border_style=\u00a0\u00bbsolid\u00a0\u00bb bg_image_animation=\u00a0\u00bbnone\u00a0\u00bb][nectar_btn size=\u00a0\u00bblarge\u00a0\u00bb button_style=\u00a0\u00bbregular\u00a0\u00bb button_color_2=\u00a0\u00bbAccent-Color\u00a0\u00bb icon_family=\u00a0\u00bbnone\u00a0\u00bb text=\u00a0\u00bbDirectives concernant les activit\u00e9s de financement\u00a0\u00bb url=\u00a0\u00bbhttps:\/\/www.lymphoma.ca\/fr\/participez\/organisation-dun-evenement-benefice\/directives-concernant-les-activites-de-financement\/\u00a0\u00bb][\/vc_column][\/vc_row]\n","protected":false},"excerpt":{"rendered":"<p>[vc_row type=\u00a0\u00bbin_container\u00a0\u00bb full_screen_row_position=\u00a0\u00bbmiddle\u00a0\u00bb column_margin=\u00a0\u00bbdefault\u00a0\u00bb scene_position=\u00a0\u00bbcenter\u00a0\u00bb text_color=\u00a0\u00bbdark\u00a0\u00bb text_align=\u00a0\u00bbleft\u00a0\u00bb overlay_strength=\u00a0\u00bb0.3&Prime; shape_divider_position=\u00a0\u00bbbottom\u00a0\u00bb bg_image_animation=\u00a0\u00bbnone\u00a0\u00bb][vc_column column_padding=\u00a0\u00bbno-extra-padding\u00a0\u00bb column_padding_position=\u00a0\u00bball\u00a0\u00bb background_color_opacity=\u00a0\u00bb1&Prime; background_hover_color_opacity=\u00a0\u00bb1&Prime; column_link_target=\u00a0\u00bb_self\u00a0\u00bb column_shadow=\u00a0\u00bbnone\u00a0\u00bb column_border_radius=\u00a0\u00bbnone\u00a0\u00bb width=\u00a0\u00bb1\/1&Prime; tablet_width_inherit=\u00a0\u00bbdefault\u00a0\u00bb tablet_text_alignment=\u00a0\u00bbdefault\u00a0\u00bb phone_text_alignment=\u00a0\u00bbdefault\u00a0\u00bb overlay_strength=\u00a0\u00bb0.3&Prime; column_border_width=\u00a0\u00bbnone\u00a0\u00bb column_border_style=\u00a0\u00bbsolid\u00a0\u00bb bg_image_animation=\u00a0\u00bbnone\u00a0\u00bb][vc_column_text]Nous vous remercions d\u2019avoir choisi de&#8230;<\/p>\n","protected":false},"author":6,"featured_media":0,"parent":0,"menu_order":34,"comment_status":"closed","ping_status":"closed","template":"page-sidebar.php","meta":{"_acf_changed":false,"footnotes":""},"categories":[],"tags":[],"class_list":["post-8034","page","type-page","status-publish"],"acf":[],"yoast_head":"<!-- This site is optimized with the Yoast SEO plugin v26.7 - https:\/\/yoast.com\/wordpress\/plugins\/seo\/ -->\n<title>Soutien \u00e0 la r\u00e9alisation d\u2019\u00e9v\u00e9nements - Lymphoma Canada<\/title>\n<meta name=\"robots\" content=\"index, follow, max-snippet:-1, max-image-preview:large, max-video-preview:-1\" \/>\n<link rel=\"canonical\" href=\"https:\/\/www.lymphoma.ca\/fr\/soutien-a-la-realisation-devenements\/\" \/>\n<meta property=\"og:locale\" content=\"fr_FR\" \/>\n<meta property=\"og:type\" content=\"article\" \/>\n<meta property=\"og:title\" content=\"Soutien \u00e0 la r\u00e9alisation d\u2019\u00e9v\u00e9nements - Lymphoma Canada\" \/>\n<meta property=\"og:description\" content=\"[vc_row type=\u00a0\u00bbin_container\u00a0\u00bb full_screen_row_position=\u00a0\u00bbmiddle\u00a0\u00bb column_margin=\u00a0\u00bbdefault\u00a0\u00bb scene_position=\u00a0\u00bbcenter\u00a0\u00bb text_color=\u00a0\u00bbdark\u00a0\u00bb text_align=\u00a0\u00bbleft\u00a0\u00bb overlay_strength=\u00a0\u00bb0.3&Prime; shape_divider_position=\u00a0\u00bbbottom\u00a0\u00bb bg_image_animation=\u00a0\u00bbnone\u00a0\u00bb][vc_column column_padding=\u00a0\u00bbno-extra-padding\u00a0\u00bb column_padding_position=\u00a0\u00bball\u00a0\u00bb background_color_opacity=\u00a0\u00bb1&Prime; background_hover_color_opacity=\u00a0\u00bb1&Prime; column_link_target=\u00a0\u00bb_self\u00a0\u00bb column_shadow=\u00a0\u00bbnone\u00a0\u00bb column_border_radius=\u00a0\u00bbnone\u00a0\u00bb width=\u00a0\u00bb1\/1&Prime; tablet_width_inherit=\u00a0\u00bbdefault\u00a0\u00bb tablet_text_alignment=\u00a0\u00bbdefault\u00a0\u00bb phone_text_alignment=\u00a0\u00bbdefault\u00a0\u00bb overlay_strength=\u00a0\u00bb0.3&Prime; column_border_width=\u00a0\u00bbnone\u00a0\u00bb column_border_style=\u00a0\u00bbsolid\u00a0\u00bb bg_image_animation=\u00a0\u00bbnone\u00a0\u00bb][vc_column_text]Nous vous remercions d\u2019avoir choisi de...\" \/>\n<meta property=\"og:url\" content=\"https:\/\/www.lymphoma.ca\/fr\/soutien-a-la-realisation-devenements\/\" \/>\n<meta property=\"og:site_name\" content=\"Lymphoma Canada\" \/>\n<meta property=\"article:publisher\" content=\"https:\/\/www.facebook.com\/LymphomaCanada\" \/>\n<meta property=\"article:modified_time\" content=\"2020-07-12T20:48:21+00:00\" \/>\n<meta name=\"twitter:card\" content=\"summary_large_image\" \/>\n<meta name=\"twitter:site\" content=\"@lymphomacanada\" \/>\n<meta name=\"twitter:label1\" content=\"Dur\u00e9e de lecture estim\u00e9e\" \/>\n\t<meta name=\"twitter:data1\" content=\"5 minutes\" \/>\n<script type=\"application\/ld+json\" class=\"yoast-schema-graph\">{\"@context\":\"https:\/\/schema.org\",\"@graph\":[{\"@type\":\"WebPage\",\"@id\":\"https:\/\/www.lymphoma.ca\/fr\/soutien-a-la-realisation-devenements\/\",\"url\":\"https:\/\/www.lymphoma.ca\/fr\/soutien-a-la-realisation-devenements\/\",\"name\":\"Soutien \u00e0 la r\u00e9alisation d\u2019\u00e9v\u00e9nements - Lymphoma Canada\",\"isPartOf\":{\"@id\":\"https:\/\/www.lymphoma.ca\/fr\/#website\"},\"datePublished\":\"2020-07-10T20:56:12+00:00\",\"dateModified\":\"2020-07-12T20:48:21+00:00\",\"breadcrumb\":{\"@id\":\"https:\/\/www.lymphoma.ca\/fr\/soutien-a-la-realisation-devenements\/#breadcrumb\"},\"inLanguage\":\"fr-FR\",\"potentialAction\":[{\"@type\":\"ReadAction\",\"target\":[\"https:\/\/www.lymphoma.ca\/fr\/soutien-a-la-realisation-devenements\/\"]}]},{\"@type\":\"BreadcrumbList\",\"@id\":\"https:\/\/www.lymphoma.ca\/fr\/soutien-a-la-realisation-devenements\/#breadcrumb\",\"itemListElement\":[{\"@type\":\"ListItem\",\"position\":1,\"name\":\"Home\",\"item\":\"https:\/\/www.lymphoma.ca\/fr\/\"},{\"@type\":\"ListItem\",\"position\":2,\"name\":\"Soutien \u00e0 la r\u00e9alisation d\u2019\u00e9v\u00e9nements\"}]},{\"@type\":\"WebSite\",\"@id\":\"https:\/\/www.lymphoma.ca\/fr\/#website\",\"url\":\"https:\/\/www.lymphoma.ca\/fr\/\",\"name\":\"Lymphoma Canada\",\"description\":\"Information. Help. Hope.\",\"publisher\":{\"@id\":\"https:\/\/www.lymphoma.ca\/fr\/#organization\"},\"potentialAction\":[{\"@type\":\"SearchAction\",\"target\":{\"@type\":\"EntryPoint\",\"urlTemplate\":\"https:\/\/www.lymphoma.ca\/fr\/?s={search_term_string}\"},\"query-input\":{\"@type\":\"PropertyValueSpecification\",\"valueRequired\":true,\"valueName\":\"search_term_string\"}}],\"inLanguage\":\"fr-FR\"},{\"@type\":\"Organization\",\"@id\":\"https:\/\/www.lymphoma.ca\/fr\/#organization\",\"name\":\"Lymphoma Canada\",\"url\":\"https:\/\/www.lymphoma.ca\/fr\/\",\"logo\":{\"@type\":\"ImageObject\",\"inLanguage\":\"fr-FR\",\"@id\":\"https:\/\/www.lymphoma.ca\/fr\/#\/schema\/logo\/image\/\",\"url\":\"https:\/\/www.lymphoma.ca\/wp-content\/uploads\/2023\/05\/logo-lymphoma.jpg\",\"contentUrl\":\"https:\/\/www.lymphoma.ca\/wp-content\/uploads\/2023\/05\/logo-lymphoma.jpg\",\"width\":343,\"height\":343,\"caption\":\"Lymphoma Canada\"},\"image\":{\"@id\":\"https:\/\/www.lymphoma.ca\/fr\/#\/schema\/logo\/image\/\"},\"sameAs\":[\"https:\/\/www.facebook.com\/LymphomaCanada\",\"https:\/\/x.com\/lymphomacanada\",\"https:\/\/www.linkedin.com\/company\/lymphoma-canada\/\",\"http:\/\/instagram.com\/lymphomacanada\",\"http:\/\/www.youtube.com\/user\/LymphomaTV\"]}]}<\/script>\n<!-- \/ Yoast SEO plugin. -->","yoast_head_json":{"title":"Soutien \u00e0 la r\u00e9alisation d\u2019\u00e9v\u00e9nements - Lymphoma Canada","robots":{"index":"index","follow":"follow","max-snippet":"max-snippet:-1","max-image-preview":"max-image-preview:large","max-video-preview":"max-video-preview:-1"},"canonical":"https:\/\/www.lymphoma.ca\/fr\/soutien-a-la-realisation-devenements\/","og_locale":"fr_FR","og_type":"article","og_title":"Soutien \u00e0 la r\u00e9alisation d\u2019\u00e9v\u00e9nements - Lymphoma Canada","og_description":"[vc_row type=\u00a0\u00bbin_container\u00a0\u00bb full_screen_row_position=\u00a0\u00bbmiddle\u00a0\u00bb column_margin=\u00a0\u00bbdefault\u00a0\u00bb scene_position=\u00a0\u00bbcenter\u00a0\u00bb text_color=\u00a0\u00bbdark\u00a0\u00bb text_align=\u00a0\u00bbleft\u00a0\u00bb overlay_strength=\u00a0\u00bb0.3&Prime; shape_divider_position=\u00a0\u00bbbottom\u00a0\u00bb bg_image_animation=\u00a0\u00bbnone\u00a0\u00bb][vc_column column_padding=\u00a0\u00bbno-extra-padding\u00a0\u00bb column_padding_position=\u00a0\u00bball\u00a0\u00bb background_color_opacity=\u00a0\u00bb1&Prime; background_hover_color_opacity=\u00a0\u00bb1&Prime; column_link_target=\u00a0\u00bb_self\u00a0\u00bb column_shadow=\u00a0\u00bbnone\u00a0\u00bb column_border_radius=\u00a0\u00bbnone\u00a0\u00bb width=\u00a0\u00bb1\/1&Prime; tablet_width_inherit=\u00a0\u00bbdefault\u00a0\u00bb tablet_text_alignment=\u00a0\u00bbdefault\u00a0\u00bb phone_text_alignment=\u00a0\u00bbdefault\u00a0\u00bb overlay_strength=\u00a0\u00bb0.3&Prime; column_border_width=\u00a0\u00bbnone\u00a0\u00bb column_border_style=\u00a0\u00bbsolid\u00a0\u00bb bg_image_animation=\u00a0\u00bbnone\u00a0\u00bb][vc_column_text]Nous vous remercions d\u2019avoir choisi de...","og_url":"https:\/\/www.lymphoma.ca\/fr\/soutien-a-la-realisation-devenements\/","og_site_name":"Lymphoma Canada","article_publisher":"https:\/\/www.facebook.com\/LymphomaCanada","article_modified_time":"2020-07-12T20:48:21+00:00","twitter_card":"summary_large_image","twitter_site":"@lymphomacanada","twitter_misc":{"Dur\u00e9e de lecture estim\u00e9e":"5 minutes"},"schema":{"@context":"https:\/\/schema.org","@graph":[{"@type":"WebPage","@id":"https:\/\/www.lymphoma.ca\/fr\/soutien-a-la-realisation-devenements\/","url":"https:\/\/www.lymphoma.ca\/fr\/soutien-a-la-realisation-devenements\/","name":"Soutien \u00e0 la r\u00e9alisation d\u2019\u00e9v\u00e9nements - Lymphoma Canada","isPartOf":{"@id":"https:\/\/www.lymphoma.ca\/fr\/#website"},"datePublished":"2020-07-10T20:56:12+00:00","dateModified":"2020-07-12T20:48:21+00:00","breadcrumb":{"@id":"https:\/\/www.lymphoma.ca\/fr\/soutien-a-la-realisation-devenements\/#breadcrumb"},"inLanguage":"fr-FR","potentialAction":[{"@type":"ReadAction","target":["https:\/\/www.lymphoma.ca\/fr\/soutien-a-la-realisation-devenements\/"]}]},{"@type":"BreadcrumbList","@id":"https:\/\/www.lymphoma.ca\/fr\/soutien-a-la-realisation-devenements\/#breadcrumb","itemListElement":[{"@type":"ListItem","position":1,"name":"Home","item":"https:\/\/www.lymphoma.ca\/fr\/"},{"@type":"ListItem","position":2,"name":"Soutien \u00e0 la r\u00e9alisation d\u2019\u00e9v\u00e9nements"}]},{"@type":"WebSite","@id":"https:\/\/www.lymphoma.ca\/fr\/#website","url":"https:\/\/www.lymphoma.ca\/fr\/","name":"Lymphoma Canada","description":"Information. Help. Hope.","publisher":{"@id":"https:\/\/www.lymphoma.ca\/fr\/#organization"},"potentialAction":[{"@type":"SearchAction","target":{"@type":"EntryPoint","urlTemplate":"https:\/\/www.lymphoma.ca\/fr\/?s={search_term_string}"},"query-input":{"@type":"PropertyValueSpecification","valueRequired":true,"valueName":"search_term_string"}}],"inLanguage":"fr-FR"},{"@type":"Organization","@id":"https:\/\/www.lymphoma.ca\/fr\/#organization","name":"Lymphoma Canada","url":"https:\/\/www.lymphoma.ca\/fr\/","logo":{"@type":"ImageObject","inLanguage":"fr-FR","@id":"https:\/\/www.lymphoma.ca\/fr\/#\/schema\/logo\/image\/","url":"https:\/\/www.lymphoma.ca\/wp-content\/uploads\/2023\/05\/logo-lymphoma.jpg","contentUrl":"https:\/\/www.lymphoma.ca\/wp-content\/uploads\/2023\/05\/logo-lymphoma.jpg","width":343,"height":343,"caption":"Lymphoma Canada"},"image":{"@id":"https:\/\/www.lymphoma.ca\/fr\/#\/schema\/logo\/image\/"},"sameAs":["https:\/\/www.facebook.com\/LymphomaCanada","https:\/\/x.com\/lymphomacanada","https:\/\/www.linkedin.com\/company\/lymphoma-canada\/","http:\/\/instagram.com\/lymphomacanada","http:\/\/www.youtube.com\/user\/LymphomaTV"]}]}},"_links":{"self":[{"href":"https:\/\/www.lymphoma.ca\/fr\/wp-json\/wp\/v2\/pages\/8034","targetHints":{"allow":["GET"]}}],"collection":[{"href":"https:\/\/www.lymphoma.ca\/fr\/wp-json\/wp\/v2\/pages"}],"about":[{"href":"https:\/\/www.lymphoma.ca\/fr\/wp-json\/wp\/v2\/types\/page"}],"author":[{"embeddable":true,"href":"https:\/\/www.lymphoma.ca\/fr\/wp-json\/wp\/v2\/users\/6"}],"replies":[{"embeddable":true,"href":"https:\/\/www.lymphoma.ca\/fr\/wp-json\/wp\/v2\/comments?post=8034"}],"version-history":[{"count":3,"href":"https:\/\/www.lymphoma.ca\/fr\/wp-json\/wp\/v2\/pages\/8034\/revisions"}],"predecessor-version":[{"id":8046,"href":"https:\/\/www.lymphoma.ca\/fr\/wp-json\/wp\/v2\/pages\/8034\/revisions\/8046"}],"wp:attachment":[{"href":"https:\/\/www.lymphoma.ca\/fr\/wp-json\/wp\/v2\/media?parent=8034"}],"wp:term":[{"taxonomy":"category","embeddable":true,"href":"https:\/\/www.lymphoma.ca\/fr\/wp-json\/wp\/v2\/categories?post=8034"},{"taxonomy":"post_tag","embeddable":true,"href":"https:\/\/www.lymphoma.ca\/fr\/wp-json\/wp\/v2\/tags?post=8034"}],"curies":[{"name":"wp","href":"https:\/\/api.w.org\/{rel}","templated":true}]}}