{"id":9046,"date":"2020-12-21T23:45:47","date_gmt":"2020-12-21T23:45:47","guid":{"rendered":"https:\/\/www.lymphoma.ca\/?page_id=9046"},"modified":"2020-12-21T23:49:37","modified_gmt":"2020-12-21T23:49:37","slug":"lacces-a-la-therapie-car-t-cell","status":"publish","type":"page","link":"https:\/\/www.lymphoma.ca\/fr\/lacces-a-la-therapie-car-t-cell\/","title":{"rendered":"L\u2019acc\u00e8s \u00e0 la th\u00e9rapie CAR T-cell"},"content":{"rendered":"<p>&nbsp;<\/p>\n<p>La th\u00e9rapie par lymphocytes T porteurs de r\u00e9cepteurs antig\u00e9niques chim\u00e9riques, ou th\u00e9rapie CAR T-cell, est une nouvelle option de traitement pour les patients atteints d\u2019un lymphome. Ce type d\u2019immunoth\u00e9rapie am\u00e9liore l\u2019efficacit\u00e9 des cellules T d\u2019un patient, lesquelles jouent un r\u00f4le primordial dans la r\u00e9ponse immunitaire en reconnaissant les cellules sp\u00e9cifiques du cancer dans l\u2019organisme pour les attaquer et les d\u00e9truire.<\/p>\n<p>L\u2019utilisation de la CAR T-cell est actuellement autoris\u00e9e au Canada pour traiter le lymphome diffus \u00e0 grandes cellules B r\u00e9cidivant ou r\u00e9fractaire. Cette th\u00e9rapie, apte \u00e0 changer la vie des patients, leur apporte de l\u2019espoir lorsque leurs options th\u00e9rapeutiques sont limit\u00e9es. Or, saviez-vous que la CAR T-cell ne fait pas l\u2019objet de financement dans toutes les provinces canadiennes? Cela signifie que certaines personnes sont incapables de recevoir ce traitement. \u00c0 l\u2019heure actuelle, la th\u00e9rapie CAR T-cell, uniquement financ\u00e9e en Ontario et au Qu\u00e9bec, a \u00e9t\u00e9 approuv\u00e9e en Alberta. Son accessibilit\u00e9 se limite \u00e9galement \u00e0 certains centres dans chaque province. De plus, seul un nombre limit\u00e9 de patients peut recevoir ce traitement sur une base mensuelle, retardant ainsi leur acc\u00e8s au traitement. Les patients dont le lymphome est \u00e0 un stade avanc\u00e9 doivent non seulement attendre qu\u2019une place se lib\u00e8re, mais ils doivent en plus se rendre dans une autre province ou parfois m\u00eame aux \u00c9tats-Unis pour recevoir leur traitement. Le fardeau financier li\u00e9 aux frais de d\u00e9placement et d\u2019h\u00e9bergement pour b\u00e9n\u00e9ficier de cette th\u00e9rapie, rendue encore plus difficile d\u2019acc\u00e8s pour les patients immunod\u00e9prim\u00e9s durant la pand\u00e9mie de la COVID-19, complique davantage les d\u00e9placements vers les centres de traitements.<\/p>\n<p><a href=\"https:\/\/theprovince.com\/opinion\/op-ed\/sharlene-smith-promising-new-cancer-treatment-not-available-in-b-c\/wcm\/b93d7790-717f-4816-b1cb-2cf8b06911de\/\" target=\"_blank\" rel=\"noopener\">Un article, r\u00e9dig\u00e9 par l\u2019ancienne pr\u00e9sidente du conseil d\u2019administration de Lymphome Canada, souligne les in\u00e9galit\u00e9s auxquelles se heurtent les Canadiens atteints d\u2019un lymphome qui cherchent \u00e0 obtenir cette th\u00e9rapie innovante et susceptible d\u2019am\u00e9liorer leur qualit\u00e9 de vie.<\/a> L\u2019acc\u00e8s \u00e0 la th\u00e9rapie CAR T-cell en Colombie-Britannique aurait pu changer le cours du traitement du mari de notre ancienne pr\u00e9sidente et donner au couple la perspective d\u2019un avenir diff\u00e9rent. Il est inacceptable de voir tant de patients, dont l\u2019avenir aurait pu \u00eatre diff\u00e9rent gr\u00e2ce \u00e0 cette th\u00e9rapie, en \u00eatre priv\u00e9s \u00e0 cause des contraintes financi\u00e8res provinciales et du manque de disponibilit\u00e9 du traitement.<\/p>\n<p>\u00c0 Lymphome Canada, nous sommes conscients de la complexit\u00e9 du processus de d\u00e9cision li\u00e9 \u00e0 la cr\u00e9ation de nouvelles infrastructures pour administrer un nouveau type de th\u00e9rapie contre le cancer. Mais il est \u00e9vident que les processus actuels ne r\u00e9pondent pas aux besoins des Canadiens, partout au pays, car ce traitement reste largement hors de leur port\u00e9e.<\/p>\n<p>Veuillez vous joindre \u00e0 nous en \u00e9crivant au ministre de la Sant\u00e9 de votre province pour plaider en faveur de l\u2019acc\u00e8s \u00e0 la th\u00e9rapie CAR T-cell. Il s\u2019agit l\u00e0 d\u2019une \u00e9tape importante dans la r\u00e9alisation de la vision de Lymphome Canada, celle d\u2019une vie non limit\u00e9e par le lymphome.<\/p>\n<p>&nbsp;<\/p>\n","protected":false},"excerpt":{"rendered":"<p>&nbsp; La th\u00e9rapie par lymphocytes T porteurs de r\u00e9cepteurs antig\u00e9niques chim\u00e9riques, ou th\u00e9rapie CAR T-cell, est une nouvelle option de traitement pour les patients atteints d\u2019un lymphome. Ce type d\u2019immunoth\u00e9rapie&#8230;<\/p>\n","protected":false},"author":6,"featured_media":9027,"parent":0,"menu_order":33,"comment_status":"closed","ping_status":"closed","template":"","meta":{"_acf_changed":false,"footnotes":""},"categories":[],"tags":[],"class_list":["post-9046","page","type-page","status-publish","has-post-thumbnail"],"acf":[],"yoast_head":"<!-- This site is optimized with the Yoast SEO plugin v26.7 - https:\/\/yoast.com\/wordpress\/plugins\/seo\/ -->\n<title>L\u2019acc\u00e8s \u00e0 la th\u00e9rapie CAR T-cell - Lymphoma Canada<\/title>\n<meta name=\"robots\" content=\"index, follow, max-snippet:-1, max-image-preview:large, max-video-preview:-1\" \/>\n<link rel=\"canonical\" href=\"https:\/\/www.lymphoma.ca\/fr\/lacces-a-la-therapie-car-t-cell\/\" \/>\n<meta property=\"og:locale\" content=\"fr_FR\" \/>\n<meta property=\"og:type\" content=\"article\" \/>\n<meta property=\"og:title\" content=\"L\u2019acc\u00e8s \u00e0 la th\u00e9rapie CAR T-cell - Lymphoma Canada\" \/>\n<meta property=\"og:description\" content=\"&nbsp; La th\u00e9rapie par lymphocytes T porteurs de r\u00e9cepteurs antig\u00e9niques chim\u00e9riques, ou th\u00e9rapie CAR T-cell, est une nouvelle option de traitement pour les patients atteints d\u2019un lymphome. Ce type d\u2019immunoth\u00e9rapie...\" \/>\n<meta property=\"og:url\" content=\"https:\/\/www.lymphoma.ca\/fr\/lacces-a-la-therapie-car-t-cell\/\" \/>\n<meta property=\"og:site_name\" content=\"Lymphoma Canada\" \/>\n<meta property=\"article:publisher\" content=\"https:\/\/www.facebook.com\/LymphomaCanada\" \/>\n<meta property=\"article:modified_time\" content=\"2020-12-21T23:49:37+00:00\" \/>\n<meta property=\"og:image\" content=\"https:\/\/www.lymphoma.ca\/wp-content\/uploads\/2020\/12\/iStock-951668074-T-Cell-immune-system.jpg\" \/>\n\t<meta property=\"og:image:width\" content=\"2309\" \/>\n\t<meta property=\"og:image:height\" content=\"1299\" \/>\n\t<meta property=\"og:image:type\" content=\"image\/jpeg\" \/>\n<meta name=\"twitter:card\" content=\"summary_large_image\" \/>\n<meta name=\"twitter:site\" content=\"@lymphomacanada\" \/>\n<meta name=\"twitter:label1\" content=\"Dur\u00e9e de lecture estim\u00e9e\" \/>\n\t<meta name=\"twitter:data1\" content=\"3 minutes\" \/>\n<script type=\"application\/ld+json\" class=\"yoast-schema-graph\">{\"@context\":\"https:\/\/schema.org\",\"@graph\":[{\"@type\":\"WebPage\",\"@id\":\"https:\/\/www.lymphoma.ca\/fr\/lacces-a-la-therapie-car-t-cell\/\",\"url\":\"https:\/\/www.lymphoma.ca\/fr\/lacces-a-la-therapie-car-t-cell\/\",\"name\":\"L\u2019acc\u00e8s \u00e0 la th\u00e9rapie CAR T-cell - Lymphoma Canada\",\"isPartOf\":{\"@id\":\"https:\/\/www.lymphoma.ca\/fr\/#website\"},\"primaryImageOfPage\":{\"@id\":\"https:\/\/www.lymphoma.ca\/fr\/lacces-a-la-therapie-car-t-cell\/#primaryimage\"},\"image\":{\"@id\":\"https:\/\/www.lymphoma.ca\/fr\/lacces-a-la-therapie-car-t-cell\/#primaryimage\"},\"thumbnailUrl\":\"https:\/\/www.lymphoma.ca\/wp-content\/uploads\/2020\/12\/iStock-951668074-T-Cell-immune-system.jpg\",\"datePublished\":\"2020-12-21T23:45:47+00:00\",\"dateModified\":\"2020-12-21T23:49:37+00:00\",\"breadcrumb\":{\"@id\":\"https:\/\/www.lymphoma.ca\/fr\/lacces-a-la-therapie-car-t-cell\/#breadcrumb\"},\"inLanguage\":\"fr-FR\",\"potentialAction\":[{\"@type\":\"ReadAction\",\"target\":[\"https:\/\/www.lymphoma.ca\/fr\/lacces-a-la-therapie-car-t-cell\/\"]}]},{\"@type\":\"ImageObject\",\"inLanguage\":\"fr-FR\",\"@id\":\"https:\/\/www.lymphoma.ca\/fr\/lacces-a-la-therapie-car-t-cell\/#primaryimage\",\"url\":\"https:\/\/www.lymphoma.ca\/wp-content\/uploads\/2020\/12\/iStock-951668074-T-Cell-immune-system.jpg\",\"contentUrl\":\"https:\/\/www.lymphoma.ca\/wp-content\/uploads\/2020\/12\/iStock-951668074-T-Cell-immune-system.jpg\",\"width\":2309,\"height\":1299,\"caption\":\"immune cell in action\"},{\"@type\":\"BreadcrumbList\",\"@id\":\"https:\/\/www.lymphoma.ca\/fr\/lacces-a-la-therapie-car-t-cell\/#breadcrumb\",\"itemListElement\":[{\"@type\":\"ListItem\",\"position\":1,\"name\":\"Home\",\"item\":\"https:\/\/www.lymphoma.ca\/fr\/\"},{\"@type\":\"ListItem\",\"position\":2,\"name\":\"L\u2019acc\u00e8s \u00e0 la th\u00e9rapie CAR T-cell\"}]},{\"@type\":\"WebSite\",\"@id\":\"https:\/\/www.lymphoma.ca\/fr\/#website\",\"url\":\"https:\/\/www.lymphoma.ca\/fr\/\",\"name\":\"Lymphoma Canada\",\"description\":\"Information. Help. Hope.\",\"publisher\":{\"@id\":\"https:\/\/www.lymphoma.ca\/fr\/#organization\"},\"potentialAction\":[{\"@type\":\"SearchAction\",\"target\":{\"@type\":\"EntryPoint\",\"urlTemplate\":\"https:\/\/www.lymphoma.ca\/fr\/?s={search_term_string}\"},\"query-input\":{\"@type\":\"PropertyValueSpecification\",\"valueRequired\":true,\"valueName\":\"search_term_string\"}}],\"inLanguage\":\"fr-FR\"},{\"@type\":\"Organization\",\"@id\":\"https:\/\/www.lymphoma.ca\/fr\/#organization\",\"name\":\"Lymphoma Canada\",\"url\":\"https:\/\/www.lymphoma.ca\/fr\/\",\"logo\":{\"@type\":\"ImageObject\",\"inLanguage\":\"fr-FR\",\"@id\":\"https:\/\/www.lymphoma.ca\/fr\/#\/schema\/logo\/image\/\",\"url\":\"https:\/\/www.lymphoma.ca\/wp-content\/uploads\/2023\/05\/logo-lymphoma.jpg\",\"contentUrl\":\"https:\/\/www.lymphoma.ca\/wp-content\/uploads\/2023\/05\/logo-lymphoma.jpg\",\"width\":343,\"height\":343,\"caption\":\"Lymphoma Canada\"},\"image\":{\"@id\":\"https:\/\/www.lymphoma.ca\/fr\/#\/schema\/logo\/image\/\"},\"sameAs\":[\"https:\/\/www.facebook.com\/LymphomaCanada\",\"https:\/\/x.com\/lymphomacanada\",\"https:\/\/www.linkedin.com\/company\/lymphoma-canada\/\",\"http:\/\/instagram.com\/lymphomacanada\",\"http:\/\/www.youtube.com\/user\/LymphomaTV\"]}]}<\/script>\n<!-- \/ Yoast SEO plugin. -->","yoast_head_json":{"title":"L\u2019acc\u00e8s \u00e0 la th\u00e9rapie CAR T-cell - Lymphoma Canada","robots":{"index":"index","follow":"follow","max-snippet":"max-snippet:-1","max-image-preview":"max-image-preview:large","max-video-preview":"max-video-preview:-1"},"canonical":"https:\/\/www.lymphoma.ca\/fr\/lacces-a-la-therapie-car-t-cell\/","og_locale":"fr_FR","og_type":"article","og_title":"L\u2019acc\u00e8s \u00e0 la th\u00e9rapie CAR T-cell - Lymphoma Canada","og_description":"&nbsp; La th\u00e9rapie par lymphocytes T porteurs de r\u00e9cepteurs antig\u00e9niques chim\u00e9riques, ou th\u00e9rapie CAR T-cell, est une nouvelle option de traitement pour les patients atteints d\u2019un lymphome. Ce type d\u2019immunoth\u00e9rapie...","og_url":"https:\/\/www.lymphoma.ca\/fr\/lacces-a-la-therapie-car-t-cell\/","og_site_name":"Lymphoma Canada","article_publisher":"https:\/\/www.facebook.com\/LymphomaCanada","article_modified_time":"2020-12-21T23:49:37+00:00","og_image":[{"width":2309,"height":1299,"url":"https:\/\/www.lymphoma.ca\/wp-content\/uploads\/2020\/12\/iStock-951668074-T-Cell-immune-system.jpg","type":"image\/jpeg"}],"twitter_card":"summary_large_image","twitter_site":"@lymphomacanada","twitter_misc":{"Dur\u00e9e de lecture estim\u00e9e":"3 minutes"},"schema":{"@context":"https:\/\/schema.org","@graph":[{"@type":"WebPage","@id":"https:\/\/www.lymphoma.ca\/fr\/lacces-a-la-therapie-car-t-cell\/","url":"https:\/\/www.lymphoma.ca\/fr\/lacces-a-la-therapie-car-t-cell\/","name":"L\u2019acc\u00e8s \u00e0 la th\u00e9rapie CAR T-cell - Lymphoma Canada","isPartOf":{"@id":"https:\/\/www.lymphoma.ca\/fr\/#website"},"primaryImageOfPage":{"@id":"https:\/\/www.lymphoma.ca\/fr\/lacces-a-la-therapie-car-t-cell\/#primaryimage"},"image":{"@id":"https:\/\/www.lymphoma.ca\/fr\/lacces-a-la-therapie-car-t-cell\/#primaryimage"},"thumbnailUrl":"https:\/\/www.lymphoma.ca\/wp-content\/uploads\/2020\/12\/iStock-951668074-T-Cell-immune-system.jpg","datePublished":"2020-12-21T23:45:47+00:00","dateModified":"2020-12-21T23:49:37+00:00","breadcrumb":{"@id":"https:\/\/www.lymphoma.ca\/fr\/lacces-a-la-therapie-car-t-cell\/#breadcrumb"},"inLanguage":"fr-FR","potentialAction":[{"@type":"ReadAction","target":["https:\/\/www.lymphoma.ca\/fr\/lacces-a-la-therapie-car-t-cell\/"]}]},{"@type":"ImageObject","inLanguage":"fr-FR","@id":"https:\/\/www.lymphoma.ca\/fr\/lacces-a-la-therapie-car-t-cell\/#primaryimage","url":"https:\/\/www.lymphoma.ca\/wp-content\/uploads\/2020\/12\/iStock-951668074-T-Cell-immune-system.jpg","contentUrl":"https:\/\/www.lymphoma.ca\/wp-content\/uploads\/2020\/12\/iStock-951668074-T-Cell-immune-system.jpg","width":2309,"height":1299,"caption":"immune cell in action"},{"@type":"BreadcrumbList","@id":"https:\/\/www.lymphoma.ca\/fr\/lacces-a-la-therapie-car-t-cell\/#breadcrumb","itemListElement":[{"@type":"ListItem","position":1,"name":"Home","item":"https:\/\/www.lymphoma.ca\/fr\/"},{"@type":"ListItem","position":2,"name":"L\u2019acc\u00e8s \u00e0 la th\u00e9rapie CAR T-cell"}]},{"@type":"WebSite","@id":"https:\/\/www.lymphoma.ca\/fr\/#website","url":"https:\/\/www.lymphoma.ca\/fr\/","name":"Lymphoma Canada","description":"Information. Help. Hope.","publisher":{"@id":"https:\/\/www.lymphoma.ca\/fr\/#organization"},"potentialAction":[{"@type":"SearchAction","target":{"@type":"EntryPoint","urlTemplate":"https:\/\/www.lymphoma.ca\/fr\/?s={search_term_string}"},"query-input":{"@type":"PropertyValueSpecification","valueRequired":true,"valueName":"search_term_string"}}],"inLanguage":"fr-FR"},{"@type":"Organization","@id":"https:\/\/www.lymphoma.ca\/fr\/#organization","name":"Lymphoma Canada","url":"https:\/\/www.lymphoma.ca\/fr\/","logo":{"@type":"ImageObject","inLanguage":"fr-FR","@id":"https:\/\/www.lymphoma.ca\/fr\/#\/schema\/logo\/image\/","url":"https:\/\/www.lymphoma.ca\/wp-content\/uploads\/2023\/05\/logo-lymphoma.jpg","contentUrl":"https:\/\/www.lymphoma.ca\/wp-content\/uploads\/2023\/05\/logo-lymphoma.jpg","width":343,"height":343,"caption":"Lymphoma Canada"},"image":{"@id":"https:\/\/www.lymphoma.ca\/fr\/#\/schema\/logo\/image\/"},"sameAs":["https:\/\/www.facebook.com\/LymphomaCanada","https:\/\/x.com\/lymphomacanada","https:\/\/www.linkedin.com\/company\/lymphoma-canada\/","http:\/\/instagram.com\/lymphomacanada","http:\/\/www.youtube.com\/user\/LymphomaTV"]}]}},"_links":{"self":[{"href":"https:\/\/www.lymphoma.ca\/fr\/wp-json\/wp\/v2\/pages\/9046","targetHints":{"allow":["GET"]}}],"collection":[{"href":"https:\/\/www.lymphoma.ca\/fr\/wp-json\/wp\/v2\/pages"}],"about":[{"href":"https:\/\/www.lymphoma.ca\/fr\/wp-json\/wp\/v2\/types\/page"}],"author":[{"embeddable":true,"href":"https:\/\/www.lymphoma.ca\/fr\/wp-json\/wp\/v2\/users\/6"}],"replies":[{"embeddable":true,"href":"https:\/\/www.lymphoma.ca\/fr\/wp-json\/wp\/v2\/comments?post=9046"}],"version-history":[{"count":4,"href":"https:\/\/www.lymphoma.ca\/fr\/wp-json\/wp\/v2\/pages\/9046\/revisions"}],"predecessor-version":[{"id":9050,"href":"https:\/\/www.lymphoma.ca\/fr\/wp-json\/wp\/v2\/pages\/9046\/revisions\/9050"}],"wp:featuredmedia":[{"embeddable":true,"href":"https:\/\/www.lymphoma.ca\/fr\/wp-json\/wp\/v2\/media\/9027"}],"wp:attachment":[{"href":"https:\/\/www.lymphoma.ca\/fr\/wp-json\/wp\/v2\/media?parent=9046"}],"wp:term":[{"taxonomy":"category","embeddable":true,"href":"https:\/\/www.lymphoma.ca\/fr\/wp-json\/wp\/v2\/categories?post=9046"},{"taxonomy":"post_tag","embeddable":true,"href":"https:\/\/www.lymphoma.ca\/fr\/wp-json\/wp\/v2\/tags?post=9046"}],"curies":[{"name":"wp","href":"https:\/\/api.w.org\/{rel}","templated":true}]}}